{"id":661,"date":"2025-08-24T21:25:20","date_gmt":"2025-08-24T19:25:20","guid":{"rendered":"https:\/\/naturalpar.hu\/?page_id=661"},"modified":"2025-09-01T22:04:46","modified_gmt":"2025-09-01T20:04:46","slug":"vertragsanbau","status":"publish","type":"page","link":"https:\/\/naturalpar.hu\/de\/vertragsanbau\/","title":{"rendered":"Vertragsanbau"},"content":{"rendered":"<div data-elementor-type=\"wp-page\" data-elementor-id=\"661\" class=\"elementor elementor-661\" data-elementor-post-type=\"page\">\n\t\t\t\t<div class=\"elementor-element elementor-element-1742530 e-flex e-con-boxed e-con e-parent\" data-id=\"1742530\" data-element_type=\"container\">\n\t\t\t\t\t<div class=\"e-con-inner\">\n\t\t<div class=\"elementor-element elementor-element-b6a6bdf e-con-full e-flex e-con e-child\" data-id=\"b6a6bdf\" data-element_type=\"container\">\n\t\t\t\t<div class=\"elementor-element elementor-element-1efdcd7 elementor-widget elementor-widget-heading\" data-id=\"1efdcd7\" data-element_type=\"widget\" data-widget_type=\"heading.default\">\n\t\t\t\t\t<span class=\"elementor-heading-title elementor-size-default\">Vertragsanbau \u2013 Hochwertige Rohstoffe, zuverl\u00e4ssige Lieferantenbeziehungen<\/span>\t\t\t\t<\/div>\n\t\t\t\t<div class=\"elementor-element elementor-element-66ed259 elementor-widget elementor-widget-heading\" data-id=\"66ed259\" data-element_type=\"widget\" data-widget_type=\"heading.default\">\n\t\t\t\t\t<h1 class=\"elementor-heading-title elementor-size-default\">Integrierter Vertragsanbau f\u00fcr die Hervorragende Qualit\u00e4t<\/h1>\t\t\t\t<\/div>\n\t\t\t\t<div class=\"elementor-element elementor-element-3dc67e8 elementor-widget elementor-widget-text-editor\" data-id=\"3dc67e8\" data-element_type=\"widget\" data-widget_type=\"text-editor.default\">\n\t\t\t\t\t\t\t\t\t<p>Naturalp\u00e1r Kft. bezieht die f\u00fcr die Produktion von Paprikagew\u00fcrz ben\u00f6tigten Rohstoffe direkt von landwirtschaftlichen Erzeugern und Unternehmern im Rahmen eines integrierten Vertragsanbausystems. Diese enge Zusammenarbeit gew\u00e4hrleistet, dass ausschlie\u00dflich Rohstoffe bester Qualit\u00e4t verarbeitet werden, w\u00e4hrend die Erzeuger einen stabilen Markt und planbare Absatzm\u00f6glichkeiten erhalten.<\/p>\t\t\t\t\t\t\t\t<\/div>\n\t\t\t\t<div class=\"elementor-element elementor-element-d289f11 elementor-widget elementor-widget-button\" data-id=\"d289f11\" data-element_type=\"widget\" data-widget_type=\"button.default\">\n\t\t\t\t\t\t\t\t\t\t<a class=\"elementor-button elementor-button-link elementor-size-sm\" href=\"https:\/\/naturalpar.hu\/de\/kontakt\/\">\n\t\t\t\t\t\t<span class=\"elementor-button-content-wrapper\">\n\t\t\t\t\t\t<span class=\"elementor-button-icon\">\n\t\t\t\t<svg aria-hidden=\"true\" class=\"e-font-icon-svg e-fas-chevron-right\" viewbox=\"0 0 320 512\" xmlns=\"http:\/\/www.w3.org\/2000\/svg\"><path d=\"M285.476 272.971L91.132 467.314c-9.373 9.373-24.569 9.373-33.941 0l-22.667-22.667c-9.357-9.357-9.375-24.522-.04-33.901L188.505 256 34.484 101.255c-9.335-9.379-9.317-24.544.04-33.901l22.667-22.667c9.373-9.373 24.569-9.373 33.941 0L285.475 239.03c9.373 9.372 9.373 24.568.001 33.941z\"><\/path><\/svg>\t\t\t<\/span>\n\t\t\t\t\t\t\t\t\t<span class=\"elementor-button-text\">Angebotsanfrage<\/span>\n\t\t\t\t\t<\/span>\n\t\t\t\t\t<\/a>\n\t\t\t\t\t\t\t\t<\/div>\n\t\t\t\t<\/div>\n\t\t<div class=\"elementor-element elementor-element-7e52e92 e-con-full e-flex e-con e-child\" data-id=\"7e52e92\" data-element_type=\"container\">\n\t\t\t\t<div class=\"elementor-element elementor-element-2da9150 elementor-widget elementor-widget-image\" data-id=\"2da9150\" data-element_type=\"widget\" data-widget_type=\"image.default\">\n\t\t\t\t\t\t\t\t\t\t\t\t\t\t\t<img decoding=\"async\" src=\"https:\/\/naturalpar.hu\/wp-content\/uploads\/2025\/08\/termeltetes-1.jpg\" title=\"termeltetes.jpg\" alt=\"termeltetes.jpg\" loading=\"lazy\" \/>\t\t\t\t\t\t\t\t\t\t\t\t\t\t\t<\/div>\n\t\t\t\t<\/div>\n\t\t\t\t\t<\/div>\n\t\t\t\t<\/div>\n\t\t<div class=\"elementor-element elementor-element-84d12d2 e-flex e-con-boxed e-con e-parent\" data-id=\"84d12d2\" data-element_type=\"container\">\n\t\t\t\t\t<div class=\"e-con-inner\">\n\t\t\t\t<div class=\"elementor-element elementor-element-4e834cf elementor-widget elementor-widget-heading\" data-id=\"4e834cf\" data-element_type=\"widget\" data-widget_type=\"heading.default\">\n\t\t\t\t\t<h2 class=\"elementor-heading-title elementor-size-default\">Warum ist integrierter Vertragsanbau wichtig?<\/h2>\t\t\t\t<\/div>\n\t\t<div class=\"elementor-element elementor-element-80f43e9 e-con-full e-flex e-con e-child\" data-id=\"80f43e9\" data-element_type=\"container\">\n\t\t<div class=\"elementor-element elementor-element-ffe36a6 e-con-full e-flex e-con e-child\" data-id=\"ffe36a6\" data-element_type=\"container\">\n\t\t\t\t<div class=\"elementor-element elementor-element-8dd913e elementor-position-left elementor-vertical-align-middle elementor-widget elementor-widget-image-box\" data-id=\"8dd913e\" data-element_type=\"widget\" data-widget_type=\"image-box.default\">\n\t\t\t\t\t<div class=\"elementor-image-box-wrapper\"><figure class=\"elementor-image-box-img\"><img decoding=\"async\" src=\"https:\/\/naturalpar.hu\/wp-content\/uploads\/2025\/08\/aroma.svg\" class=\"attachment-full size-full wp-image-760\" alt=\"Aroma\" \/><\/figure><div class=\"elementor-image-box-content\"><span class=\"elementor-image-box-title\">Hochwertige Rohstoffe<\/span><\/div><\/div>\t\t\t\t<\/div>\n\t\t\t\t<div class=\"elementor-element elementor-element-d6a7cb4 elementor-widget elementor-widget-text-editor\" data-id=\"d6a7cb4\" data-element_type=\"widget\" data-widget_type=\"text-editor.default\">\n\t\t\t\t\t\t\t\t\t<p>Durch den direkten Ankauf wird ausschlie\u00dflich kontrolliertes und hochwertiges Paprikagew\u00fcrz verarbeitet.<\/p>\t\t\t\t\t\t\t\t<\/div>\n\t\t\t\t<\/div>\n\t\t<div class=\"elementor-element elementor-element-1971f68 e-con-full e-flex e-con e-child\" data-id=\"1971f68\" data-element_type=\"container\">\n\t\t\t\t<div class=\"elementor-element elementor-element-94ebe4b elementor-position-left elementor-vertical-align-middle elementor-widget elementor-widget-image-box\" data-id=\"94ebe4b\" data-element_type=\"widget\" data-widget_type=\"image-box.default\">\n\t\t\t\t\t<div class=\"elementor-image-box-wrapper\"><figure class=\"elementor-image-box-img\"><img decoding=\"async\" src=\"https:\/\/naturalpar.hu\/wp-content\/uploads\/2025\/08\/biztonsag.svg\" class=\"attachment-full size-full wp-image-633\" alt=\"Sicherheit\" \/><\/figure><div class=\"elementor-image-box-content\"><span class=\"elementor-image-box-title\">Erzeugertreue und Zuverl\u00e4ssigkeit<\/span><\/div><\/div>\t\t\t\t<\/div>\n\t\t\t\t<div class=\"elementor-element elementor-element-7f5823e elementor-widget elementor-widget-text-editor\" data-id=\"7f5823e\" data-element_type=\"widget\" data-widget_type=\"text-editor.default\">\n\t\t\t\t\t\t\t\t\t<p>Langfristige Zusammenarbeit mit den Erzeugern.<\/p>\t\t\t\t\t\t\t\t<\/div>\n\t\t\t\t<\/div>\n\t\t<div class=\"elementor-element elementor-element-f5e69a3 e-con-full e-flex e-con e-child\" data-id=\"f5e69a3\" data-element_type=\"container\">\n\t\t\t\t<div class=\"elementor-element elementor-element-da9d9ea elementor-position-left elementor-vertical-align-middle elementor-widget elementor-widget-image-box\" data-id=\"da9d9ea\" data-element_type=\"widget\" data-widget_type=\"image-box.default\">\n\t\t\t\t\t<div class=\"elementor-image-box-wrapper\"><figure class=\"elementor-image-box-img\"><img decoding=\"async\" src=\"https:\/\/naturalpar.hu\/wp-content\/uploads\/2025\/08\/rugalmassag.svg\" class=\"attachment-full size-full wp-image-763\" alt=\"Flexibilit\u00e4t\" \/><\/figure><div class=\"elementor-image-box-content\"><span class=\"elementor-image-box-title\">Nachhaltige und planbare Produktion<\/span><\/div><\/div>\t\t\t\t<\/div>\n\t\t\t\t<div class=\"elementor-element elementor-element-efcbef8 elementor-widget elementor-widget-text-editor\" data-id=\"efcbef8\" data-element_type=\"widget\" data-widget_type=\"text-editor.default\">\n\t\t\t\t\t\t\t\t\t<p>Planbare Beschaffungs- und Lieferkette.<\/p>\t\t\t\t\t\t\t\t<\/div>\n\t\t\t\t<\/div>\n\t\t<div class=\"elementor-element elementor-element-6f55a4b e-con-full e-flex e-con e-child\" data-id=\"6f55a4b\" data-element_type=\"container\">\n\t\t\t\t<div class=\"elementor-element elementor-element-8470d40 elementor-position-left elementor-vertical-align-middle elementor-widget elementor-widget-image-box\" data-id=\"8470d40\" data-element_type=\"widget\" data-widget_type=\"image-box.default\">\n\t\t\t\t\t<div class=\"elementor-image-box-wrapper\"><figure class=\"elementor-image-box-img\"><img decoding=\"async\" src=\"https:\/\/naturalpar.hu\/wp-content\/uploads\/2025\/08\/egyuttmukodes.svg\" class=\"attachment-full size-full wp-image-841\" alt=\"\" \/><\/figure><div class=\"elementor-image-box-content\"><span class=\"elementor-image-box-title\">Gemeinsames Qualit\u00e4tsmanagement<\/span><\/div><\/div>\t\t\t\t<\/div>\n\t\t\t\t<div class=\"elementor-element elementor-element-d2ce8c7 elementor-widget elementor-widget-text-editor\" data-id=\"d2ce8c7\" data-element_type=\"widget\" data-widget_type=\"text-editor.default\">\n\t\t\t\t\t\t\t\t\t<p>Die enge Kooperation zwischen den Erzeugern und dem Verarbeitungsbetrieb gew\u00e4hrleistet eine gleichbleibende Qualit\u00e4t.<\/p>\t\t\t\t\t\t\t\t<\/div>\n\t\t\t\t<\/div>\n\t\t\t\t<\/div>\n\t\t\t\t\t<\/div>\n\t\t\t\t<\/div>\n\t\t<div class=\"elementor-element elementor-element-9f179fd e-flex e-con-boxed e-con e-parent\" data-id=\"9f179fd\" data-element_type=\"container\">\n\t\t\t\t\t<div class=\"e-con-inner\">\n\t\t<div class=\"elementor-element elementor-element-7eb5250 e-con-full e-flex e-con e-child\" data-id=\"7eb5250\" data-element_type=\"container\">\n\t\t\t\t<div class=\"elementor-element elementor-element-d379806 elementor-widget elementor-widget-image\" data-id=\"d379806\" data-element_type=\"widget\" data-widget_type=\"image.default\">\n\t\t\t\t\t\t\t\t\t\t\t\t\t\t\t<img fetchpriority=\"high\" decoding=\"async\" width=\"1200\" height=\"801\" src=\"https:\/\/naturalpar.hu\/wp-content\/uploads\/2025\/08\/termletetes2.jpg\" class=\"attachment-full size-full wp-image-898\" alt=\"\" srcset=\"https:\/\/naturalpar.hu\/wp-content\/uploads\/2025\/08\/termletetes2.jpg 1200w, https:\/\/naturalpar.hu\/wp-content\/uploads\/2025\/08\/termletetes2-700x467.jpg 700w, https:\/\/naturalpar.hu\/wp-content\/uploads\/2025\/08\/termletetes2-1024x684.jpg 1024w, https:\/\/naturalpar.hu\/wp-content\/uploads\/2025\/08\/termletetes2-768x513.jpg 768w\" sizes=\"(max-width: 1200px) 100vw, 1200px\" \/>\t\t\t\t\t\t\t\t\t\t\t\t\t\t\t<\/div>\n\t\t\t\t<\/div>\n\t\t<div class=\"elementor-element elementor-element-220aed1 e-con-full e-flex e-con e-child\" data-id=\"220aed1\" data-element_type=\"container\">\n\t\t\t\t<div class=\"elementor-element elementor-element-cda62e7 elementor-widget elementor-widget-heading\" data-id=\"cda62e7\" data-element_type=\"widget\" data-widget_type=\"heading.default\">\n\t\t\t\t\t<h2 class=\"elementor-heading-title elementor-size-default\">Vertragsanbau \u2013 Sicherheit und Rentabilit\u00e4t<\/h2>\t\t\t\t<\/div>\n\t\t\t\t<div class=\"elementor-element elementor-element-a08f349 elementor-widget elementor-widget-text-editor\" data-id=\"a08f349\" data-element_type=\"widget\" data-widget_type=\"text-editor.default\">\n\t\t\t\t\t\t\t\t\t<p>Naturalp\u00e1r arbeitet mit den Erzeugern in vertraglicher Form zusammen, was:<\/p><ul><li><strong>Die Verwirklichung gemeinsamer Interessen sicherstellt<\/strong>und so f\u00fcr alle Parteien vorteilhafte Bedingungen garantiert.<\/li><li><strong>Den Erzeugern planbare Marktchancen bietet<\/strong> und dadurch die Rentabilit\u00e4t der investierten Arbeit sichert.<\/li><li><strong>Unterst\u00fctzungsm\u00f6glichkeiten<\/strong> auf Basis pers\u00f6nlicher Abstimmung bietet, um die Effizienz und Stabilit\u00e4t des Anbaus zu f\u00f6rdern.<\/li><\/ul>\t\t\t\t\t\t\t\t<\/div>\n\t\t\t\t<\/div>\n\t\t\t\t\t<\/div>\n\t\t\t\t<\/div>\n\t\t<div class=\"elementor-element elementor-element-3546c90 e-flex e-con-boxed e-con e-parent\" data-id=\"3546c90\" data-element_type=\"container\" data-settings=\"{&quot;background_background&quot;:&quot;classic&quot;}\">\n\t\t\t\t\t<div class=\"e-con-inner\">\n\t\t\t\t<div class=\"elementor-element elementor-element-7585cfc elementor-widget elementor-widget-heading\" data-id=\"7585cfc\" data-element_type=\"widget\" data-widget_type=\"heading.default\">\n\t\t\t\t\t<h2 class=\"elementor-heading-title elementor-size-default\">Kontakt und Zusammenarbeit<\/h2>\t\t\t\t<\/div>\n\t\t\t\t<div class=\"elementor-element elementor-element-26ea64c elementor-widget__width-initial elementor-widget elementor-widget-text-editor\" data-id=\"26ea64c\" data-element_type=\"widget\" data-widget_type=\"text-editor.default\">\n\t\t\t\t\t\t\t\t\t<p>Wenn auch Du an einer stabilen, langfristigen Zusammenarbeit teilnehmen und einen sicheren Markt f\u00fcr Deine Paprikagew\u00fcrzproduktion finden m\u00f6chtest, nimm Kontakt mit uns auf!<br \/><strong>Kontaktiere uns jetzt und werde Teil unseres zuverl\u00e4ssigen Erzeugernetzwerks!<\/strong><\/p>\t\t\t\t\t\t\t\t<\/div>\n\t\t\t\t<div class=\"elementor-element elementor-element-e28cd16 elementor-align-center elementor-widget elementor-widget-button\" data-id=\"e28cd16\" data-element_type=\"widget\" data-widget_type=\"button.default\">\n\t\t\t\t\t\t\t\t\t\t<a class=\"elementor-button elementor-button-link elementor-size-sm\" href=\"https:\/\/naturalpar.hu\/de\/kontakt\/\">\n\t\t\t\t\t\t<span class=\"elementor-button-content-wrapper\">\n\t\t\t\t\t\t<span class=\"elementor-button-icon\">\n\t\t\t\t<svg aria-hidden=\"true\" class=\"e-font-icon-svg e-fas-chevron-right\" viewbox=\"0 0 320 512\" xmlns=\"http:\/\/www.w3.org\/2000\/svg\"><path d=\"M285.476 272.971L91.132 467.314c-9.373 9.373-24.569 9.373-33.941 0l-22.667-22.667c-9.357-9.357-9.375-24.522-.04-33.901L188.505 256 34.484 101.255c-9.335-9.379-9.317-24.544.04-33.901l22.667-22.667c9.373-9.373 24.569-9.373 33.941 0L285.475 239.03c9.373 9.372 9.373 24.568.001 33.941z\"><\/path><\/svg>\t\t\t<\/span>\n\t\t\t\t\t\t\t\t\t<span class=\"elementor-button-text\">Angebotsanfrage<\/span>\n\t\t\t\t\t<\/span>\n\t\t\t\t\t<\/a>\n\t\t\t\t\t\t\t\t<\/div>\n\t\t\t\t\t<\/div>\n\t\t\t\t<\/div>\n\t\t\t\t<\/div>","protected":false},"excerpt":{"rendered":"<p>Termeltet\u00e9s &#8211; Min\u0151s\u00e9gi Alapanyag, Megb\u00edzhat\u00f3 Besz\u00e1ll\u00edt\u00f3i Kapcsolatok Integr\u00e1lt Termeltet\u00e9s a Kiv\u00e1l\u00f3 Min\u0151s\u00e9g\u00e9rt A Naturalp\u00e1r Kft. a f\u0171szerpaprika gy\u00e1rt\u00e1s\u00e1hoz sz\u00fcks\u00e9ges alapanyagot k\u00f6zvetlen\u00fcl \u0151stermel\u0151kt\u0151l \u00e9s v\u00e1llalkoz\u00f3kt\u00f3l szerzi be integr\u00e1lt termeltet\u00e9si rendszerben. Ez a szoros egy\u00fcttm\u0171k\u00f6d\u00e9s biztos\u00edtja, hogy kiz\u00e1r\u00f3lag a legjobb min\u0151s\u00e9g\u0171 alapanyag ker\u00fcl feldolgoz\u00e1sra, mik\u00f6zben a termel\u0151k is stabil piacot \u00e9s kisz\u00e1m\u00edthat\u00f3 \u00e9rt\u00e9kes\u00edt\u00e9si lehet\u0151s\u00e9get kapnak. aj\u00e1nlatk\u00e9r\u00e9s Mi\u00e9rt [&hellip;]<\/p>","protected":false},"author":1,"featured_media":924,"parent":0,"menu_order":0,"comment_status":"closed","ping_status":"closed","template":"","meta":{"footnotes":""},"class_list":["post-661","page","type-page","status-publish","has-post-thumbnail","hentry"],"yoast_head":"<!-- This site is optimized with the Yoast SEO plugin v26.8 - https:\/\/yoast.com\/product\/yoast-seo-wordpress\/ -->\n<title>Termeltet\u00e9s - Naturalp\u00e1r<\/title>\n<meta name=\"description\" content=\"A Naturalp\u00e1r Kft. a f\u0171szerpaprika gy\u00e1rt\u00e1s\u00e1hoz sz\u00fcks\u00e9ges alapanyagot k\u00f6zvetlen\u00fcl \u0151stermel\u0151kt\u0151l \u00e9s v\u00e1llalkoz\u00f3kt\u00f3l szerzi be integr\u00e1lt termeltet\u00e9si rendszerben.\" \/>\n<meta name=\"robots\" content=\"index, follow, max-snippet:-1, max-image-preview:large, max-video-preview:-1\" \/>\n<link rel=\"canonical\" href=\"https:\/\/naturalpar.hu\/de\/vertragsanbau\/\" \/>\n<meta property=\"og:locale\" content=\"de_DE\" \/>\n<meta property=\"og:type\" content=\"article\" \/>\n<meta property=\"og:title\" content=\"Termeltet\u00e9s - Naturalp\u00e1r\" \/>\n<meta property=\"og:description\" content=\"A Naturalp\u00e1r Kft. a f\u0171szerpaprika gy\u00e1rt\u00e1s\u00e1hoz sz\u00fcks\u00e9ges alapanyagot k\u00f6zvetlen\u00fcl \u0151stermel\u0151kt\u0151l \u00e9s v\u00e1llalkoz\u00f3kt\u00f3l szerzi be integr\u00e1lt termeltet\u00e9si rendszerben.\" \/>\n<meta property=\"og:url\" content=\"https:\/\/naturalpar.hu\/de\/vertragsanbau\/\" \/>\n<meta property=\"og:site_name\" content=\"Naturalp\u00e1r\" \/>\n<meta property=\"article:publisher\" content=\"https:\/\/www.facebook.com\/naturalpar\" \/>\n<meta property=\"article:modified_time\" content=\"2025-09-01T20:04:46+00:00\" \/>\n<meta property=\"og:image\" content=\"https:\/\/naturalpar.hu\/wp-content\/uploads\/2025\/08\/Naturalpar-Thumbnail.jpg\" \/>\n\t<meta property=\"og:image:width\" content=\"1280\" \/>\n\t<meta property=\"og:image:height\" content=\"720\" \/>\n\t<meta property=\"og:image:type\" content=\"image\/jpeg\" \/>\n<meta name=\"twitter:card\" content=\"summary_large_image\" \/>\n<meta name=\"twitter:label1\" content=\"Gesch\u00e4tzte Lesezeit\" \/>\n\t<meta name=\"twitter:data1\" content=\"3\u00a0Minuten\" \/>\n<script type=\"application\/ld+json\" class=\"yoast-schema-graph\">{\"@context\":\"https:\/\/schema.org\",\"@graph\":[{\"@type\":\"WebPage\",\"@id\":\"https:\/\/naturalpar.hu\/termeltetes\/\",\"url\":\"https:\/\/naturalpar.hu\/termeltetes\/\",\"name\":\"Termeltet\u00e9s - Naturalp\u00e1r\",\"isPartOf\":{\"@id\":\"https:\/\/naturalpar.hu\/#website\"},\"primaryImageOfPage\":{\"@id\":\"https:\/\/naturalpar.hu\/termeltetes\/#primaryimage\"},\"image\":{\"@id\":\"https:\/\/naturalpar.hu\/termeltetes\/#primaryimage\"},\"thumbnailUrl\":\"https:\/\/naturalpar.hu\/wp-content\/uploads\/2025\/08\/Naturalpar-Thumbnail.jpg\",\"datePublished\":\"2025-08-24T19:25:20+00:00\",\"dateModified\":\"2025-09-01T20:04:46+00:00\",\"description\":\"A Naturalp\u00e1r Kft. a f\u0171szerpaprika gy\u00e1rt\u00e1s\u00e1hoz sz\u00fcks\u00e9ges alapanyagot k\u00f6zvetlen\u00fcl \u0151stermel\u0151kt\u0151l \u00e9s v\u00e1llalkoz\u00f3kt\u00f3l szerzi be integr\u00e1lt termeltet\u00e9si rendszerben.\",\"breadcrumb\":{\"@id\":\"https:\/\/naturalpar.hu\/termeltetes\/#breadcrumb\"},\"inLanguage\":\"de\",\"potentialAction\":[{\"@type\":\"ReadAction\",\"target\":[\"https:\/\/naturalpar.hu\/termeltetes\/\"]}]},{\"@type\":\"ImageObject\",\"inLanguage\":\"de\",\"@id\":\"https:\/\/naturalpar.hu\/termeltetes\/#primaryimage\",\"url\":\"https:\/\/naturalpar.hu\/wp-content\/uploads\/2025\/08\/Naturalpar-Thumbnail.jpg\",\"contentUrl\":\"https:\/\/naturalpar.hu\/wp-content\/uploads\/2025\/08\/Naturalpar-Thumbnail.jpg\",\"width\":1280,\"height\":720,\"caption\":\"Naturalpar-Thumbnail\"},{\"@type\":\"BreadcrumbList\",\"@id\":\"https:\/\/naturalpar.hu\/termeltetes\/#breadcrumb\",\"itemListElement\":[{\"@type\":\"ListItem\",\"position\":1,\"name\":\"Kezd\u0151lap\",\"item\":\"https:\/\/naturalpar.hu\/\"},{\"@type\":\"ListItem\",\"position\":2,\"name\":\"Termeltet\u00e9s\"}]},{\"@type\":\"WebSite\",\"@id\":\"https:\/\/naturalpar.hu\/#website\",\"url\":\"https:\/\/naturalpar.hu\/\",\"name\":\"Naturalp\u00e1r\",\"description\":\"H\u0151kezel\u00e9s, Steriliz\u00e1l\u00e1s, P\u00f6rk\u00f6l\u00e9s Egyszer\u0171en\",\"publisher\":{\"@id\":\"https:\/\/naturalpar.hu\/#organization\"},\"potentialAction\":[{\"@type\":\"SearchAction\",\"target\":{\"@type\":\"EntryPoint\",\"urlTemplate\":\"https:\/\/naturalpar.hu\/?s={search_term_string}\"},\"query-input\":{\"@type\":\"PropertyValueSpecification\",\"valueRequired\":true,\"valueName\":\"search_term_string\"}}],\"inLanguage\":\"de\"},{\"@type\":\"Organization\",\"@id\":\"https:\/\/naturalpar.hu\/#organization\",\"name\":\"Naturalp\u00e1r Kft.\",\"url\":\"https:\/\/naturalpar.hu\/\",\"logo\":{\"@type\":\"ImageObject\",\"inLanguage\":\"de\",\"@id\":\"https:\/\/naturalpar.hu\/#\/schema\/logo\/image\/\",\"url\":\"https:\/\/naturalpar.hu\/wp-content\/uploads\/2025\/08\/cropped-Naturalpar-logo-300dpi-rgb-scaled-1.png\",\"contentUrl\":\"https:\/\/naturalpar.hu\/wp-content\/uploads\/2025\/08\/cropped-Naturalpar-logo-300dpi-rgb-scaled-1.png\",\"width\":512,\"height\":512,\"caption\":\"Naturalp\u00e1r Kft.\"},\"image\":{\"@id\":\"https:\/\/naturalpar.hu\/#\/schema\/logo\/image\/\"},\"sameAs\":[\"https:\/\/www.facebook.com\/naturalpar\"]}]}<\/script>\n<!-- \/ Yoast SEO plugin. -->","yoast_head_json":{"title":"Vertragsanbau - Naturalp\u00e1r","description":"Naturalp\u00e1r Kft. bezieht die f\u00fcr die Produktion von Paprikagew\u00fcrz ben\u00f6tigten Rohstoffe direkt von landwirtschaftlichen Erzeugern und Unternehmern im Rahmen eines integrierten Vertragsanbausystems.","robots":{"index":"index","follow":"follow","max-snippet":"max-snippet:-1","max-image-preview":"max-image-preview:large","max-video-preview":"max-video-preview:-1"},"canonical":"https:\/\/naturalpar.hu\/de\/vertragsanbau\/","og_locale":"de_DE","og_type":"article","og_title":"Termeltet\u00e9s - Naturalp\u00e1r","og_description":"A Naturalp\u00e1r Kft. a f\u0171szerpaprika gy\u00e1rt\u00e1s\u00e1hoz sz\u00fcks\u00e9ges alapanyagot k\u00f6zvetlen\u00fcl \u0151stermel\u0151kt\u0151l \u00e9s v\u00e1llalkoz\u00f3kt\u00f3l szerzi be integr\u00e1lt termeltet\u00e9si rendszerben.","og_url":"https:\/\/naturalpar.hu\/de\/vertragsanbau\/","og_site_name":"Naturalp\u00e1r","article_publisher":"https:\/\/www.facebook.com\/naturalpar","article_modified_time":"2025-09-01T20:04:46+00:00","og_image":[{"width":1280,"height":720,"url":"https:\/\/naturalpar.hu\/wp-content\/uploads\/2025\/08\/Naturalpar-Thumbnail.jpg","type":"image\/jpeg"}],"twitter_card":"summary_large_image","twitter_misc":{"Gesch\u00e4tzte Lesezeit":"3\u00a0Minuten"},"schema":{"@context":"https:\/\/schema.org","@graph":[{"@type":"WebPage","@id":"https:\/\/naturalpar.hu\/termeltetes\/","url":"https:\/\/naturalpar.hu\/termeltetes\/","name":"Vertragsanbau - Naturalp\u00e1r","isPartOf":{"@id":"https:\/\/naturalpar.hu\/#website"},"primaryImageOfPage":{"@id":"https:\/\/naturalpar.hu\/termeltetes\/#primaryimage"},"image":{"@id":"https:\/\/naturalpar.hu\/termeltetes\/#primaryimage"},"thumbnailUrl":"https:\/\/naturalpar.hu\/wp-content\/uploads\/2025\/08\/Naturalpar-Thumbnail.jpg","datePublished":"2025-08-24T19:25:20+00:00","dateModified":"2025-09-01T20:04:46+00:00","description":"Naturalp\u00e1r Kft. bezieht die f\u00fcr die Produktion von Paprikagew\u00fcrz ben\u00f6tigten Rohstoffe direkt von landwirtschaftlichen Erzeugern und Unternehmern im Rahmen eines integrierten Vertragsanbausystems.","breadcrumb":{"@id":"https:\/\/naturalpar.hu\/termeltetes\/#breadcrumb"},"inLanguage":"de","potentialAction":[{"@type":"ReadAction","target":["https:\/\/naturalpar.hu\/termeltetes\/"]}]},{"@type":"ImageObject","inLanguage":"de","@id":"https:\/\/naturalpar.hu\/termeltetes\/#primaryimage","url":"https:\/\/naturalpar.hu\/wp-content\/uploads\/2025\/08\/Naturalpar-Thumbnail.jpg","contentUrl":"https:\/\/naturalpar.hu\/wp-content\/uploads\/2025\/08\/Naturalpar-Thumbnail.jpg","width":1280,"height":720,"caption":"Naturalpar-Thumbnail"},{"@type":"BreadcrumbList","@id":"https:\/\/naturalpar.hu\/termeltetes\/#breadcrumb","itemListElement":[{"@type":"ListItem","position":1,"name":"Kezd\u0151lap","item":"https:\/\/naturalpar.hu\/"},{"@type":"ListItem","position":2,"name":"Termeltet\u00e9s"}]},{"@type":"WebSite","@id":"https:\/\/naturalpar.hu\/#website","url":"https:\/\/naturalpar.hu\/","name":"Naturalp\u00e1r","description":"Hitzebehandlung, Sterilisation, R\u00f6sten \u2013 einfach gemacht","publisher":{"@id":"https:\/\/naturalpar.hu\/#organization"},"potentialAction":[{"@type":"SearchAction","target":{"@type":"EntryPoint","urlTemplate":"https:\/\/naturalpar.hu\/?s={search_term_string}"},"query-input":{"@type":"PropertyValueSpecification","valueRequired":true,"valueName":"search_term_string"}}],"inLanguage":"de"},{"@type":"Organization","@id":"https:\/\/naturalpar.hu\/#organization","name":"Naturalp\u00e1r Kft.","url":"https:\/\/naturalpar.hu\/","logo":{"@type":"ImageObject","inLanguage":"de","@id":"https:\/\/naturalpar.hu\/#\/schema\/logo\/image\/","url":"https:\/\/naturalpar.hu\/wp-content\/uploads\/2025\/08\/cropped-Naturalpar-logo-300dpi-rgb-scaled-1.png","contentUrl":"https:\/\/naturalpar.hu\/wp-content\/uploads\/2025\/08\/cropped-Naturalpar-logo-300dpi-rgb-scaled-1.png","width":512,"height":512,"caption":"Naturalp\u00e1r Kft."},"image":{"@id":"https:\/\/naturalpar.hu\/#\/schema\/logo\/image\/"},"sameAs":["https:\/\/www.facebook.com\/naturalpar"]}]}},"_links":{"self":[{"href":"https:\/\/naturalpar.hu\/de\/wp-json\/wp\/v2\/pages\/661","targetHints":{"allow":["GET"]}}],"collection":[{"href":"https:\/\/naturalpar.hu\/de\/wp-json\/wp\/v2\/pages"}],"about":[{"href":"https:\/\/naturalpar.hu\/de\/wp-json\/wp\/v2\/types\/page"}],"author":[{"embeddable":true,"href":"https:\/\/naturalpar.hu\/de\/wp-json\/wp\/v2\/users\/1"}],"replies":[{"embeddable":true,"href":"https:\/\/naturalpar.hu\/de\/wp-json\/wp\/v2\/comments?post=661"}],"version-history":[{"count":4,"href":"https:\/\/naturalpar.hu\/de\/wp-json\/wp\/v2\/pages\/661\/revisions"}],"predecessor-version":[{"id":901,"href":"https:\/\/naturalpar.hu\/de\/wp-json\/wp\/v2\/pages\/661\/revisions\/901"}],"wp:featuredmedia":[{"embeddable":true,"href":"https:\/\/naturalpar.hu\/de\/wp-json\/wp\/v2\/media\/924"}],"wp:attachment":[{"href":"https:\/\/naturalpar.hu\/de\/wp-json\/wp\/v2\/media?parent=661"}],"curies":[{"name":"wp","href":"https:\/\/api.w.org\/{rel}","templated":true}]}}