{"id":675,"date":"2025-08-24T21:27:18","date_gmt":"2025-08-24T19:27:18","guid":{"rendered":"https:\/\/naturalpar.hu\/?page_id=675"},"modified":"2025-08-24T21:32:35","modified_gmt":"2025-08-24T19:32:35","slug":"palyazatok","status":"publish","type":"page","link":"https:\/\/naturalpar.hu\/de\/palyazatok\/","title":{"rendered":"P\u00e1ly\u00e1zatok"},"content":{"rendered":"<div data-elementor-type=\"wp-page\" data-elementor-id=\"675\" class=\"elementor elementor-675\" data-elementor-post-type=\"page\">\n\t\t\t\t<div class=\"elementor-element elementor-element-a90708d e-flex e-con-boxed e-con e-parent\" data-id=\"a90708d\" data-element_type=\"container\">\n\t\t\t\t\t<div class=\"e-con-inner\">\n\t\t<div class=\"elementor-element elementor-element-78cadbe e-con-full e-flex e-con e-child\" data-id=\"78cadbe\" data-element_type=\"container\">\n\t\t\t\t<div class=\"elementor-element elementor-element-8d830ab elementor-widget elementor-widget-heading\" data-id=\"8d830ab\" data-element_type=\"widget\" data-widget_type=\"heading.default\">\n\t\t\t\t\t<h1 class=\"elementor-heading-title elementor-size-default\">P\u00e1ly\u00e1zatok<\/h1>\t\t\t\t<\/div>\n\t\t\t\t<div class=\"elementor-element elementor-element-4b0cfd7 elementor-widget elementor-widget-heading\" data-id=\"4b0cfd7\" data-element_type=\"widget\" data-widget_type=\"heading.default\">\n\t\t\t\t\t<p class=\"elementor-heading-title elementor-size-default\">C\u00e9g\u00fcnk az \u00daj Sz\u00e9chenyi Terv p\u00e1ly\u00e1zat keret\u00e9nben 123,72 milli\u00f3 forintos t\u00e1mogat\u00e1st nyert!<\/p>\t\t\t\t<\/div>\n\t\t\t\t<\/div>\n\t\t<div class=\"elementor-element elementor-element-904048a e-con-full e-flex e-con e-child\" data-id=\"904048a\" data-element_type=\"container\">\n\t\t\t\t<div class=\"elementor-element elementor-element-594c8f0 elementor-widget elementor-widget-image\" data-id=\"594c8f0\" data-element_type=\"widget\" data-widget_type=\"image.default\">\n\t\t\t\t\t\t\t\t\t\t\t\t\t\t\t<img fetchpriority=\"high\" decoding=\"async\" width=\"400\" height=\"277\" src=\"https:\/\/naturalpar.hu\/wp-content\/uploads\/2025\/08\/szechenyi-1-1.jpg\" class=\"attachment-large size-large wp-image-706\" alt=\"\" \/>\t\t\t\t\t\t\t\t\t\t\t\t\t\t\t<\/div>\n\t\t\t\t<\/div>\n\t\t\t\t\t<\/div>\n\t\t\t\t<\/div>\n\t\t<div class=\"elementor-element elementor-element-c085877 e-flex e-con-boxed e-con e-parent\" data-id=\"c085877\" data-element_type=\"container\">\n\t\t\t\t\t<div class=\"e-con-inner\">\n\t\t\t\t<div class=\"elementor-element elementor-element-5765eb6 elementor-widget elementor-widget-text-editor\" data-id=\"5765eb6\" data-element_type=\"widget\" data-widget_type=\"text-editor.default\">\n\t\t\t\t\t\t\t\t\t<p><strong>Felh\u00edv\u00e1s c\u00edme:<\/strong><br \/>Mez\u0151gazdas\u00e1gi term\u00e9kek \u00e9rt\u00e9kn\u00f6vel\u00e9se \u00e9s er\u0151forr\u00e1s-hat\u00e9konys\u00e1g\u00e1nak el\u0151seg\u00edt\u00e9se a feldolgoz\u00e1sban<br \/>A felh\u00edv\u00e1s k\u00f3dsz\u00e1ma: VP-3-4.2.1-15<br \/>\u201e\u00c9p\u00fclet tervez\u00e9se \u00e9s \u00e9p\u00edt\u00e9se v\u00e1llalkoz\u00e1si szerz\u0151d\u00e9s alapj\u00e1n\u201d<br \/>\u201eKomplett h\u0151kezel\u0151 berendez\u00e9s gy\u00f3gyn\u00f6v\u00e9nyek \u00e9s f\u0171szerek h\u0151kezel\u00e9s\u00e9hez, valamint k\u00fcl\u00f6nb\u00f6z\u0151 di\u00f3k, magvak, gabonaf\u00e9l\u00e9k p\u00f6rk\u00f6l\u00e9s\u00e9hez beszerz\u00e9se ad\u00e1sv\u00e9teli szerz\u0151d\u00e9s keret\u00e9ben\u201d<\/p><p><strong>Le\u00edr\u00e1s:<\/strong><br \/>A Naturalp\u00e1r Kft. a VP-3-4.2.1-15 sz\u00e1m\u00fa projekt keret\u00e9n bel\u00fcl egy 997 m 2 befogad\u00f3 m\u00e9ret\u0171 \u00fczemcsarnok l\u00e9tes\u00fcl, mely \u00f6n\u00e1ll\u00f3 csarnokk\u00e9nt \u00fczemel.<br \/>A v\u00e1llalkoz\u00e1s egy Revtech gy\u00e1rtm\u00e1ny\u00fa cs\u00edramentes\u00edt\u0151 berendez\u00e9ssel is b\u0151v\u00fcl, mely lehet\u0151v\u00e9 teszi a c\u00e9g piac\u00e1nak megtart\u00e1s\u00e1t, illetve b\u0151v\u00edt\u00e9s\u00e9t a term\u00e9kek mikrobiol\u00f3giai \u00e9rt\u00e9k\u00e9nek javul\u00e1s\u00e1val.<br \/>A Revtech technol\u00f3gia szabadalommal v\u00e9dett, egyedi gy\u00e1rt\u00e1s\u00fa berendez\u00e9s. A h\u0151kezel\u00e9s sor\u00e1n az alapanyag egy \u00e1lland\u00f3 \u00e1raml\u00e1si sebess\u00e9get biztos\u00edt\u00f3 rozsdamentes, spir\u00e1lis cs\u0151be ker\u00fcl beadagol\u00e1sra, amelyben vibr\u00e1ci\u00f3 seg\u00edts\u00e9g\u00e9vel halad felfel\u00e9. Az elektromos indukci\u00f3s egys\u00e9g seg\u00edts\u00e9g\u00e9vel f\u0171t\u00f6tt cs\u0151 k\u00f6zvetlen\u00fcl \u00e9rintkezik a term\u00e9kkel \u00e9s azt a k\u00edv\u00e1nt h\u0151m\u00e9rs\u00e9kletre felhev\u00edti, mik\u00f6zben a vibr\u00e1ci\u00f3 miatt k\u00f6rbeforog benne a term\u00e9k ez\u00e1ltal biztos\u00edtva a teljesk\u00f6r\u0171 h\u0151kezel\u00e9st. Az egy\u00e9b technol\u00f3gi\u00e1kt\u00f3l elt\u00e9r\u0151en nagyon kis mennyis\u00e9g\u0171 (3 \u2013 10 %) g\u0151zt juttat a cs\u0151be, ami nagym\u00e9rt\u00e9kben cs\u00f6kkenti a mikroorganizmusok mennyis\u00e9g\u00e9t, meg\u0151rizve a term\u00e9kek \u00e9rz\u00e9kszervi tulajdons\u00e1gait.<br \/>Az projekt keretein bel\u00fcl megval\u00f3sul egy 40 kW-os napelemrendszer telep\u00edt\u00e9s is.<\/p><p><strong>Kedvezm\u00e9nyezett neve \u00e9s el\u00e9rhet\u0151s\u00e9ge:<\/strong><br \/>Naturalp\u00e1r Iparis Szolg\u00e1ltat\u00f3 \u00e9s Kereskedelmi Kft.<br \/>6066 Tiszaalp\u00e1r, K\u00e1tai sor 41.<br \/>Tel.: +36 76 424 854<\/p><p><strong>K\u00f6lts\u00e9gek bemutat\u00e1sa:<\/strong><br \/>Projekt teljes k\u00f6lts\u00e9ge (Ft): 253.193.663.-<br \/>Projekt elsz\u00e1molhat\u00f3 k\u00f6lts\u00e9ge (Ft): 253.193.663.-<br \/>Forr\u00e1sok bemutat\u00e1sa:<br \/>Ig\u00e9nyelt t\u00e1mogat\u00e1s (Ft): 126.103.514.-<br \/>\u00d6ner\u0151 (Ft): 127.090.149.-<br \/>Id\u0151pontokra vonatkoz\u00f3 inform\u00e1ci\u00f3k:<br \/>Projekt megval\u00f3s\u00edt\u00e1s\u00e1nak tervezett kezdete: 2016. 08. 01.<br \/>Projekt megval\u00f3s\u00edt\u00e1s\u00e1nak tervezett fizikai befejez\u00e9se: 2017. 07. 31.<\/p>\t\t\t\t\t\t\t\t<\/div>\n\t\t\t\t\t<\/div>\n\t\t\t\t<\/div>\n\t\t\t\t<\/div>","protected":false},"excerpt":{"rendered":"<p>P\u00e1ly\u00e1zatok C\u00e9g\u00fcnk az \u00daj Sz\u00e9chenyi Terv p\u00e1ly\u00e1zat keret\u00e9nben 123,72 milli\u00f3 forintos t\u00e1mogat\u00e1st nyert! Felh\u00edv\u00e1s c\u00edme:Mez\u0151gazdas\u00e1gi term\u00e9kek \u00e9rt\u00e9kn\u00f6vel\u00e9se \u00e9s er\u0151forr\u00e1s-hat\u00e9konys\u00e1g\u00e1nak el\u0151seg\u00edt\u00e9se a feldolgoz\u00e1sbanA felh\u00edv\u00e1s k\u00f3dsz\u00e1ma: VP-3-4.2.1-15\u201e\u00c9p\u00fclet tervez\u00e9se \u00e9s \u00e9p\u00edt\u00e9se v\u00e1llalkoz\u00e1si szerz\u0151d\u00e9s alapj\u00e1n\u201d\u201eKomplett h\u0151kezel\u0151 berendez\u00e9s gy\u00f3gyn\u00f6v\u00e9nyek \u00e9s f\u0171szerek h\u0151kezel\u00e9s\u00e9hez, valamint k\u00fcl\u00f6nb\u00f6z\u0151 di\u00f3k, magvak, gabonaf\u00e9l\u00e9k p\u00f6rk\u00f6l\u00e9s\u00e9hez beszerz\u00e9se ad\u00e1sv\u00e9teli szerz\u0151d\u00e9s keret\u00e9ben\u201d Le\u00edr\u00e1s:A Naturalp\u00e1r Kft. a VP-3-4.2.1-15 sz\u00e1m\u00fa projekt keret\u00e9n [&hellip;]<\/p>","protected":false},"author":1,"featured_media":0,"parent":0,"menu_order":0,"comment_status":"closed","ping_status":"closed","template":"","meta":{"footnotes":""},"class_list":["post-675","page","type-page","status-publish","hentry"],"yoast_head":"<!-- This site is optimized with the Yoast SEO plugin v26.8 - https:\/\/yoast.com\/product\/yoast-seo-wordpress\/ -->\n<title>P\u00e1ly\u00e1zatok - Naturalp\u00e1r<\/title>\n<meta name=\"robots\" content=\"index, follow, max-snippet:-1, max-image-preview:large, max-video-preview:-1\" \/>\n<link rel=\"canonical\" href=\"https:\/\/naturalpar.hu\/de\/palyazatok\/\" \/>\n<meta property=\"og:locale\" content=\"de_DE\" \/>\n<meta property=\"og:type\" content=\"article\" \/>\n<meta property=\"og:title\" content=\"P\u00e1ly\u00e1zatok - Naturalp\u00e1r\" \/>\n<meta property=\"og:description\" content=\"P\u00e1ly\u00e1zatok C\u00e9g\u00fcnk az \u00daj Sz\u00e9chenyi Terv p\u00e1ly\u00e1zat keret\u00e9nben 123,72 milli\u00f3 forintos t\u00e1mogat\u00e1st nyert! Felh\u00edv\u00e1s c\u00edme:Mez\u0151gazdas\u00e1gi term\u00e9kek \u00e9rt\u00e9kn\u00f6vel\u00e9se \u00e9s er\u0151forr\u00e1s-hat\u00e9konys\u00e1g\u00e1nak el\u0151seg\u00edt\u00e9se a feldolgoz\u00e1sbanA felh\u00edv\u00e1s k\u00f3dsz\u00e1ma: VP-3-4.2.1-15\u201e\u00c9p\u00fclet tervez\u00e9se \u00e9s \u00e9p\u00edt\u00e9se v\u00e1llalkoz\u00e1si szerz\u0151d\u00e9s alapj\u00e1n\u201d\u201eKomplett h\u0151kezel\u0151 berendez\u00e9s gy\u00f3gyn\u00f6v\u00e9nyek \u00e9s f\u0171szerek h\u0151kezel\u00e9s\u00e9hez, valamint k\u00fcl\u00f6nb\u00f6z\u0151 di\u00f3k, magvak, gabonaf\u00e9l\u00e9k p\u00f6rk\u00f6l\u00e9s\u00e9hez beszerz\u00e9se ad\u00e1sv\u00e9teli szerz\u0151d\u00e9s keret\u00e9ben\u201d Le\u00edr\u00e1s:A Naturalp\u00e1r Kft. a VP-3-4.2.1-15 sz\u00e1m\u00fa projekt keret\u00e9n [&hellip;]\" \/>\n<meta property=\"og:url\" content=\"https:\/\/naturalpar.hu\/de\/palyazatok\/\" \/>\n<meta property=\"og:site_name\" content=\"Naturalp\u00e1r\" \/>\n<meta property=\"article:publisher\" content=\"https:\/\/www.facebook.com\/naturalpar\" \/>\n<meta property=\"article:modified_time\" content=\"2025-08-24T19:32:35+00:00\" \/>\n<meta property=\"og:image\" content=\"http:\/\/naturalpar.hu\/wp-content\/uploads\/2025\/08\/szechenyi-1-1.jpg\" \/>\n<meta name=\"twitter:card\" content=\"summary_large_image\" \/>\n<meta name=\"twitter:label1\" content=\"Gesch\u00e4tzte Lesezeit\" \/>\n\t<meta name=\"twitter:data1\" content=\"2\u00a0Minuten\" \/>\n<script type=\"application\/ld+json\" class=\"yoast-schema-graph\">{\"@context\":\"https:\/\/schema.org\",\"@graph\":[{\"@type\":\"WebPage\",\"@id\":\"https:\/\/naturalpar.hu\/palyazatok\/\",\"url\":\"https:\/\/naturalpar.hu\/palyazatok\/\",\"name\":\"P\u00e1ly\u00e1zatok - Naturalp\u00e1r\",\"isPartOf\":{\"@id\":\"https:\/\/naturalpar.hu\/#website\"},\"primaryImageOfPage\":{\"@id\":\"https:\/\/naturalpar.hu\/palyazatok\/#primaryimage\"},\"image\":{\"@id\":\"https:\/\/naturalpar.hu\/palyazatok\/#primaryimage\"},\"thumbnailUrl\":\"http:\/\/naturalpar.hu\/wp-content\/uploads\/2025\/08\/szechenyi-1-1.jpg\",\"datePublished\":\"2025-08-24T19:27:18+00:00\",\"dateModified\":\"2025-08-24T19:32:35+00:00\",\"breadcrumb\":{\"@id\":\"https:\/\/naturalpar.hu\/palyazatok\/#breadcrumb\"},\"inLanguage\":\"de\",\"potentialAction\":[{\"@type\":\"ReadAction\",\"target\":[\"https:\/\/naturalpar.hu\/palyazatok\/\"]}]},{\"@type\":\"ImageObject\",\"inLanguage\":\"de\",\"@id\":\"https:\/\/naturalpar.hu\/palyazatok\/#primaryimage\",\"url\":\"http:\/\/naturalpar.hu\/wp-content\/uploads\/2025\/08\/szechenyi-1-1.jpg\",\"contentUrl\":\"http:\/\/naturalpar.hu\/wp-content\/uploads\/2025\/08\/szechenyi-1-1.jpg\"},{\"@type\":\"BreadcrumbList\",\"@id\":\"https:\/\/naturalpar.hu\/palyazatok\/#breadcrumb\",\"itemListElement\":[{\"@type\":\"ListItem\",\"position\":1,\"name\":\"Kezd\u0151lap\",\"item\":\"https:\/\/naturalpar.hu\/\"},{\"@type\":\"ListItem\",\"position\":2,\"name\":\"P\u00e1ly\u00e1zatok\"}]},{\"@type\":\"WebSite\",\"@id\":\"https:\/\/naturalpar.hu\/#website\",\"url\":\"https:\/\/naturalpar.hu\/\",\"name\":\"Naturalp\u00e1r\",\"description\":\"H\u0151kezel\u00e9s, Steriliz\u00e1l\u00e1s, P\u00f6rk\u00f6l\u00e9s Egyszer\u0171en\",\"publisher\":{\"@id\":\"https:\/\/naturalpar.hu\/#organization\"},\"potentialAction\":[{\"@type\":\"SearchAction\",\"target\":{\"@type\":\"EntryPoint\",\"urlTemplate\":\"https:\/\/naturalpar.hu\/?s={search_term_string}\"},\"query-input\":{\"@type\":\"PropertyValueSpecification\",\"valueRequired\":true,\"valueName\":\"search_term_string\"}}],\"inLanguage\":\"de\"},{\"@type\":\"Organization\",\"@id\":\"https:\/\/naturalpar.hu\/#organization\",\"name\":\"Naturalp\u00e1r Kft.\",\"url\":\"https:\/\/naturalpar.hu\/\",\"logo\":{\"@type\":\"ImageObject\",\"inLanguage\":\"de\",\"@id\":\"https:\/\/naturalpar.hu\/#\/schema\/logo\/image\/\",\"url\":\"https:\/\/naturalpar.hu\/wp-content\/uploads\/2025\/08\/cropped-Naturalpar-logo-300dpi-rgb-scaled-1.png\",\"contentUrl\":\"https:\/\/naturalpar.hu\/wp-content\/uploads\/2025\/08\/cropped-Naturalpar-logo-300dpi-rgb-scaled-1.png\",\"width\":512,\"height\":512,\"caption\":\"Naturalp\u00e1r Kft.\"},\"image\":{\"@id\":\"https:\/\/naturalpar.hu\/#\/schema\/logo\/image\/\"},\"sameAs\":[\"https:\/\/www.facebook.com\/naturalpar\"]}]}<\/script>\n<!-- \/ Yoast SEO plugin. -->","yoast_head_json":{"title":"P\u00e1ly\u00e1zatok - Naturalp\u00e1r","robots":{"index":"index","follow":"follow","max-snippet":"max-snippet:-1","max-image-preview":"max-image-preview:large","max-video-preview":"max-video-preview:-1"},"canonical":"https:\/\/naturalpar.hu\/de\/palyazatok\/","og_locale":"de_DE","og_type":"article","og_title":"P\u00e1ly\u00e1zatok - Naturalp\u00e1r","og_description":"P\u00e1ly\u00e1zatok C\u00e9g\u00fcnk az \u00daj Sz\u00e9chenyi Terv p\u00e1ly\u00e1zat keret\u00e9nben 123,72 milli\u00f3 forintos t\u00e1mogat\u00e1st nyert! Felh\u00edv\u00e1s c\u00edme:Mez\u0151gazdas\u00e1gi term\u00e9kek \u00e9rt\u00e9kn\u00f6vel\u00e9se \u00e9s er\u0151forr\u00e1s-hat\u00e9konys\u00e1g\u00e1nak el\u0151seg\u00edt\u00e9se a feldolgoz\u00e1sbanA felh\u00edv\u00e1s k\u00f3dsz\u00e1ma: VP-3-4.2.1-15\u201e\u00c9p\u00fclet tervez\u00e9se \u00e9s \u00e9p\u00edt\u00e9se v\u00e1llalkoz\u00e1si szerz\u0151d\u00e9s alapj\u00e1n\u201d\u201eKomplett h\u0151kezel\u0151 berendez\u00e9s gy\u00f3gyn\u00f6v\u00e9nyek \u00e9s f\u0171szerek h\u0151kezel\u00e9s\u00e9hez, valamint k\u00fcl\u00f6nb\u00f6z\u0151 di\u00f3k, magvak, gabonaf\u00e9l\u00e9k p\u00f6rk\u00f6l\u00e9s\u00e9hez beszerz\u00e9se ad\u00e1sv\u00e9teli szerz\u0151d\u00e9s keret\u00e9ben\u201d Le\u00edr\u00e1s:A Naturalp\u00e1r Kft. a VP-3-4.2.1-15 sz\u00e1m\u00fa projekt keret\u00e9n [&hellip;]","og_url":"https:\/\/naturalpar.hu\/de\/palyazatok\/","og_site_name":"Naturalp\u00e1r","article_publisher":"https:\/\/www.facebook.com\/naturalpar","article_modified_time":"2025-08-24T19:32:35+00:00","og_image":[{"url":"http:\/\/naturalpar.hu\/wp-content\/uploads\/2025\/08\/szechenyi-1-1.jpg","type":"","width":"","height":""}],"twitter_card":"summary_large_image","twitter_misc":{"Gesch\u00e4tzte Lesezeit":"2\u00a0Minuten"},"schema":{"@context":"https:\/\/schema.org","@graph":[{"@type":"WebPage","@id":"https:\/\/naturalpar.hu\/palyazatok\/","url":"https:\/\/naturalpar.hu\/palyazatok\/","name":"P\u00e1ly\u00e1zatok - Naturalp\u00e1r","isPartOf":{"@id":"https:\/\/naturalpar.hu\/#website"},"primaryImageOfPage":{"@id":"https:\/\/naturalpar.hu\/palyazatok\/#primaryimage"},"image":{"@id":"https:\/\/naturalpar.hu\/palyazatok\/#primaryimage"},"thumbnailUrl":"http:\/\/naturalpar.hu\/wp-content\/uploads\/2025\/08\/szechenyi-1-1.jpg","datePublished":"2025-08-24T19:27:18+00:00","dateModified":"2025-08-24T19:32:35+00:00","breadcrumb":{"@id":"https:\/\/naturalpar.hu\/palyazatok\/#breadcrumb"},"inLanguage":"de","potentialAction":[{"@type":"ReadAction","target":["https:\/\/naturalpar.hu\/palyazatok\/"]}]},{"@type":"ImageObject","inLanguage":"de","@id":"https:\/\/naturalpar.hu\/palyazatok\/#primaryimage","url":"http:\/\/naturalpar.hu\/wp-content\/uploads\/2025\/08\/szechenyi-1-1.jpg","contentUrl":"http:\/\/naturalpar.hu\/wp-content\/uploads\/2025\/08\/szechenyi-1-1.jpg"},{"@type":"BreadcrumbList","@id":"https:\/\/naturalpar.hu\/palyazatok\/#breadcrumb","itemListElement":[{"@type":"ListItem","position":1,"name":"Kezd\u0151lap","item":"https:\/\/naturalpar.hu\/"},{"@type":"ListItem","position":2,"name":"P\u00e1ly\u00e1zatok"}]},{"@type":"WebSite","@id":"https:\/\/naturalpar.hu\/#website","url":"https:\/\/naturalpar.hu\/","name":"Naturalp\u00e1r","description":"Hitzebehandlung, Sterilisation, R\u00f6sten \u2013 einfach gemacht","publisher":{"@id":"https:\/\/naturalpar.hu\/#organization"},"potentialAction":[{"@type":"SearchAction","target":{"@type":"EntryPoint","urlTemplate":"https:\/\/naturalpar.hu\/?s={search_term_string}"},"query-input":{"@type":"PropertyValueSpecification","valueRequired":true,"valueName":"search_term_string"}}],"inLanguage":"de"},{"@type":"Organization","@id":"https:\/\/naturalpar.hu\/#organization","name":"Naturalp\u00e1r Kft.","url":"https:\/\/naturalpar.hu\/","logo":{"@type":"ImageObject","inLanguage":"de","@id":"https:\/\/naturalpar.hu\/#\/schema\/logo\/image\/","url":"https:\/\/naturalpar.hu\/wp-content\/uploads\/2025\/08\/cropped-Naturalpar-logo-300dpi-rgb-scaled-1.png","contentUrl":"https:\/\/naturalpar.hu\/wp-content\/uploads\/2025\/08\/cropped-Naturalpar-logo-300dpi-rgb-scaled-1.png","width":512,"height":512,"caption":"Naturalp\u00e1r Kft."},"image":{"@id":"https:\/\/naturalpar.hu\/#\/schema\/logo\/image\/"},"sameAs":["https:\/\/www.facebook.com\/naturalpar"]}]}},"_links":{"self":[{"href":"https:\/\/naturalpar.hu\/de\/wp-json\/wp\/v2\/pages\/675","targetHints":{"allow":["GET"]}}],"collection":[{"href":"https:\/\/naturalpar.hu\/de\/wp-json\/wp\/v2\/pages"}],"about":[{"href":"https:\/\/naturalpar.hu\/de\/wp-json\/wp\/v2\/types\/page"}],"author":[{"embeddable":true,"href":"https:\/\/naturalpar.hu\/de\/wp-json\/wp\/v2\/users\/1"}],"replies":[{"embeddable":true,"href":"https:\/\/naturalpar.hu\/de\/wp-json\/wp\/v2\/comments?post=675"}],"version-history":[{"count":4,"href":"https:\/\/naturalpar.hu\/de\/wp-json\/wp\/v2\/pages\/675\/revisions"}],"predecessor-version":[{"id":709,"href":"https:\/\/naturalpar.hu\/de\/wp-json\/wp\/v2\/pages\/675\/revisions\/709"}],"wp:attachment":[{"href":"https:\/\/naturalpar.hu\/de\/wp-json\/wp\/v2\/media?parent=675"}],"curies":[{"name":"wp","href":"https:\/\/api.w.org\/{rel}","templated":true}]}}