{"id":679,"date":"2025-08-24T21:27:50","date_gmt":"2025-08-24T19:27:50","guid":{"rendered":"https:\/\/naturalpar.hu\/?page_id=679"},"modified":"2025-09-01T22:00:39","modified_gmt":"2025-09-01T20:00:39","slug":"verarbeitung-von-mohn-und-senfkornern","status":"publish","type":"page","link":"https:\/\/naturalpar.hu\/de\/verarbeitung-von-mohn-und-senfkornern\/","title":{"rendered":"M\u00e1k \u00e9s Must\u00e1rmag Feldolgoz\u00e1sa"},"content":{"rendered":"<div data-elementor-type=\"wp-page\" data-elementor-id=\"679\" class=\"elementor elementor-679\" data-elementor-post-type=\"page\">\n\t\t\t\t<div class=\"elementor-element elementor-element-9801424 e-flex e-con-boxed e-con e-parent\" data-id=\"9801424\" data-element_type=\"container\">\n\t\t\t\t\t<div class=\"e-con-inner\">\n\t\t<div class=\"elementor-element elementor-element-f079a8d e-con-full e-flex e-con e-child\" data-id=\"f079a8d\" data-element_type=\"container\">\n\t\t\t\t<div class=\"elementor-element elementor-element-d902956 elementor-widget elementor-widget-heading\" data-id=\"d902956\" data-element_type=\"widget\" data-widget_type=\"heading.default\">\n\t\t\t\t\t<span class=\"elementor-heading-title elementor-size-default\">Verarbeitung von Mohn und Senfk\u00f6rnern \u2013 Komplette Technologische L\u00f6sungen<\/span>\t\t\t\t<\/div>\n\t\t\t\t<div class=\"elementor-element elementor-element-0773685 elementor-widget elementor-widget-heading\" data-id=\"0773685\" data-element_type=\"widget\" data-widget_type=\"heading.default\">\n\t\t\t\t\t<h1 class=\"elementor-heading-title elementor-size-default\">Innovative Hitzebehandlung f\u00fcr die Sichere Verarbeitung von Mohn und Senfk\u00f6rnern<\/h1>\t\t\t\t<\/div>\n\t\t\t\t<div class=\"elementor-element elementor-element-ed7d346 elementor-widget elementor-widget-text-editor\" data-id=\"ed7d346\" data-element_type=\"widget\" data-widget_type=\"text-editor.default\">\n\t\t\t\t\t\t\t\t\t<p>Die REVTECH-Technologie von Naturalp\u00e1r erm\u00f6glicht eine sichere und effiziente Verarbeitung von Mohn und Senfk\u00f6rnern. Die einzigartige Technologie kombiniert Vibrationsf\u00f6rderung und elektrisch impedanzgesteuert beheizte Edelstahlrohr-Oberfl\u00e4che und garantiert so Keimreduktion, Enzyminaktivierung und Produktstabilisierung.<\/p>\t\t\t\t\t\t\t\t<\/div>\n\t\t\t\t<div class=\"elementor-element elementor-element-60bee91 elementor-widget elementor-widget-button\" data-id=\"60bee91\" data-element_type=\"widget\" data-widget_type=\"button.default\">\n\t\t\t\t\t\t\t\t\t\t<a class=\"elementor-button elementor-button-link elementor-size-sm\" href=\"https:\/\/naturalpar.hu\/de\/kontakt\/\">\n\t\t\t\t\t\t<span class=\"elementor-button-content-wrapper\">\n\t\t\t\t\t\t<span class=\"elementor-button-icon\">\n\t\t\t\t<svg aria-hidden=\"true\" class=\"e-font-icon-svg e-fas-chevron-right\" viewbox=\"0 0 320 512\" xmlns=\"http:\/\/www.w3.org\/2000\/svg\"><path d=\"M285.476 272.971L91.132 467.314c-9.373 9.373-24.569 9.373-33.941 0l-22.667-22.667c-9.357-9.357-9.375-24.522-.04-33.901L188.505 256 34.484 101.255c-9.335-9.379-9.317-24.544.04-33.901l22.667-22.667c9.373-9.373 24.569-9.373 33.941 0L285.475 239.03c9.373 9.372 9.373 24.568.001 33.941z\"><\/path><\/svg>\t\t\t<\/span>\n\t\t\t\t\t\t\t\t\t<span class=\"elementor-button-text\">Angebotsanfrage<\/span>\n\t\t\t\t\t<\/span>\n\t\t\t\t\t<\/a>\n\t\t\t\t\t\t\t\t<\/div>\n\t\t\t\t<\/div>\n\t\t<div class=\"elementor-element elementor-element-b3eb027 e-con-full e-flex e-con e-child\" data-id=\"b3eb027\" data-element_type=\"container\">\n\t\t\t\t<div class=\"elementor-element elementor-element-9081808 elementor-widget elementor-widget-image\" data-id=\"9081808\" data-element_type=\"widget\" data-widget_type=\"image.default\">\n\t\t\t\t\t\t\t\t\t\t\t\t\t\t\t<img fetchpriority=\"high\" decoding=\"async\" width=\"1024\" height=\"682\" src=\"https:\/\/naturalpar.hu\/wp-content\/uploads\/2025\/08\/makvirag.jpg\" class=\"attachment-full size-full wp-image-845\" alt=\"\" srcset=\"https:\/\/naturalpar.hu\/wp-content\/uploads\/2025\/08\/makvirag.jpg 1024w, https:\/\/naturalpar.hu\/wp-content\/uploads\/2025\/08\/makvirag-700x466.jpg 700w, https:\/\/naturalpar.hu\/wp-content\/uploads\/2025\/08\/makvirag-768x512.jpg 768w\" sizes=\"(max-width: 1024px) 100vw, 1024px\" \/>\t\t\t\t\t\t\t\t\t\t\t\t\t\t\t<\/div>\n\t\t\t\t<\/div>\n\t\t\t\t\t<\/div>\n\t\t\t\t<\/div>\n\t\t<div class=\"elementor-element elementor-element-0fbbde8 e-flex e-con-boxed e-con e-parent\" data-id=\"0fbbde8\" data-element_type=\"container\">\n\t\t\t\t\t<div class=\"e-con-inner\">\n\t\t<div class=\"elementor-element elementor-element-aaa2ec7 e-con-full e-flex e-con e-child\" data-id=\"aaa2ec7\" data-element_type=\"container\">\n\t\t\t\t<div class=\"elementor-element elementor-element-c15674a elementor-widget elementor-widget-image\" data-id=\"c15674a\" data-element_type=\"widget\" data-widget_type=\"image.default\">\n\t\t\t\t\t\t\t\t\t\t\t\t\t\t\t<img decoding=\"async\" width=\"1200\" height=\"800\" src=\"https:\/\/naturalpar.hu\/wp-content\/uploads\/2025\/08\/makesmustarmag.jpg\" class=\"attachment-full size-full wp-image-846\" alt=\"\" srcset=\"https:\/\/naturalpar.hu\/wp-content\/uploads\/2025\/08\/makesmustarmag.jpg 1200w, https:\/\/naturalpar.hu\/wp-content\/uploads\/2025\/08\/makesmustarmag-700x467.jpg 700w, https:\/\/naturalpar.hu\/wp-content\/uploads\/2025\/08\/makesmustarmag-1024x683.jpg 1024w, https:\/\/naturalpar.hu\/wp-content\/uploads\/2025\/08\/makesmustarmag-768x512.jpg 768w\" sizes=\"(max-width: 1200px) 100vw, 1200px\" \/>\t\t\t\t\t\t\t\t\t\t\t\t\t\t\t<\/div>\n\t\t\t\t<\/div>\n\t\t<div class=\"elementor-element elementor-element-61a9621 e-con-full e-flex e-con e-child\" data-id=\"61a9621\" data-element_type=\"container\">\n\t\t\t\t<div class=\"elementor-element elementor-element-3d8c793 elementor-widget elementor-widget-heading\" data-id=\"3d8c793\" data-element_type=\"widget\" data-widget_type=\"heading.default\">\n\t\t\t\t\t<h2 class=\"elementor-heading-title elementor-size-default\">Anwendungsbereiche der Technologie<\/h2>\t\t\t\t<\/div>\n\t\t\t\t<div class=\"elementor-element elementor-element-55b7861 elementor-widget elementor-widget-text-editor\" data-id=\"55b7861\" data-element_type=\"widget\" data-widget_type=\"text-editor.default\">\n\t\t\t\t\t\t\t\t\t<ul><li><strong>Reinigung und Sterilisation von Mohn<\/strong> Im Verlauf des Prozesses kann der Morphingehalt im Mohn reduziert und ein keimfreier Zustand sichergestellt werden.<\/li><li><strong>Hydrothermale Behandlung<\/strong> \u2013 Enzyminaktivierung und Stabilisierung von Mohn und Senfk\u00f6rnern durch Hitzebehandlung.<\/li><li><strong>Sterilisation und Lebensmittelsicherheit<\/strong> \u2013 Die Technologie garantiert die mikrobiologische Sicherheit des Produkts und eine l\u00e4ngere Haltbarkeit.<\/li><\/ul>\t\t\t\t\t\t\t\t<\/div>\n\t\t\t\t<\/div>\n\t\t\t\t\t<\/div>\n\t\t\t\t<\/div>\n\t\t<div class=\"elementor-element elementor-element-9f77463 e-flex e-con-boxed e-con e-parent\" data-id=\"9f77463\" data-element_type=\"container\">\n\t\t\t\t\t<div class=\"e-con-inner\">\n\t\t\t\t<div class=\"elementor-element elementor-element-98782fa elementor-widget elementor-widget-heading\" data-id=\"98782fa\" data-element_type=\"widget\" data-widget_type=\"heading.default\">\n\t\t\t\t\t<h2 class=\"elementor-heading-title elementor-size-default\">Vorteile der Technologie<\/h2>\t\t\t\t<\/div>\n\t\t<div class=\"elementor-element elementor-element-c20ead8 e-con-full e-flex e-con e-child\" data-id=\"c20ead8\" data-element_type=\"container\">\n\t\t<div class=\"elementor-element elementor-element-8fce87a e-con-full e-flex e-con e-child\" data-id=\"8fce87a\" data-element_type=\"container\">\n\t\t\t\t<div class=\"elementor-element elementor-element-8f830b8 elementor-position-left elementor-vertical-align-middle elementor-widget elementor-widget-image-box\" data-id=\"8f830b8\" data-element_type=\"widget\" data-widget_type=\"image-box.default\">\n\t\t\t\t\t<div class=\"elementor-image-box-wrapper\"><figure class=\"elementor-image-box-img\"><img decoding=\"async\" src=\"https:\/\/naturalpar.hu\/wp-content\/uploads\/2025\/08\/szetvalogatas.svg\" class=\"attachment-full size-full wp-image-762\" alt=\"Sortierung\" \/><\/figure><div class=\"elementor-image-box-content\"><span class=\"elementor-image-box-title\">Mehrere technologische Schritte in einem einzigen Prozess<\/span><\/div><\/div>\t\t\t\t<\/div>\n\t\t\t\t<div class=\"elementor-element elementor-element-0511c80 elementor-widget elementor-widget-text-editor\" data-id=\"0511c80\" data-element_type=\"widget\" data-widget_type=\"text-editor.default\">\n\t\t\t\t\t\t\t\t\t<p>Morphingehalt-Reduktion, Sterilisation und Enzyminaktivierung in einem Schritt.<\/p>\t\t\t\t\t\t\t\t<\/div>\n\t\t\t\t<\/div>\n\t\t<div class=\"elementor-element elementor-element-0d230d0 e-con-full e-flex e-con e-child\" data-id=\"0d230d0\" data-element_type=\"container\">\n\t\t\t\t<div class=\"elementor-element elementor-element-5dde28a elementor-position-left elementor-vertical-align-middle elementor-widget elementor-widget-image-box\" data-id=\"5dde28a\" data-element_type=\"widget\" data-widget_type=\"image-box.default\">\n\t\t\t\t\t<div class=\"elementor-image-box-wrapper\"><figure class=\"elementor-image-box-img\"><img decoding=\"async\" src=\"https:\/\/naturalpar.hu\/wp-content\/uploads\/2025\/08\/rugalmassag.svg\" class=\"attachment-full size-full wp-image-763\" alt=\"Flexibilit\u00e4t\" \/><\/figure><div class=\"elementor-image-box-content\"><span class=\"elementor-image-box-title\">Kontinuierliche und vollautomatisierte Funktion<\/span><\/div><\/div>\t\t\t\t<\/div>\n\t\t\t\t<div class=\"elementor-element elementor-element-ab2819f elementor-widget elementor-widget-text-editor\" data-id=\"ab2819f\" data-element_type=\"widget\" data-widget_type=\"text-editor.default\">\n\t\t\t\t\t\t\t\t\t<p>Gro\u00dfvolumige Verarbeitung mit stabilen und homogenen Ergebnissen.<\/p>\t\t\t\t\t\t\t\t<\/div>\n\t\t\t\t<\/div>\n\t\t<div class=\"elementor-element elementor-element-1bb837d e-con-full e-flex e-con e-child\" data-id=\"1bb837d\" data-element_type=\"container\">\n\t\t\t\t<div class=\"elementor-element elementor-element-7645418 elementor-position-left elementor-vertical-align-middle elementor-widget elementor-widget-image-box\" data-id=\"7645418\" data-element_type=\"widget\" data-widget_type=\"image-box.default\">\n\t\t\t\t\t<div class=\"elementor-image-box-wrapper\"><figure class=\"elementor-image-box-img\"><img decoding=\"async\" src=\"https:\/\/naturalpar.hu\/wp-content\/uploads\/2025\/08\/Homersekletszabalyozas.svg\" class=\"attachment-full size-full wp-image-779\" alt=\"Temperaturkontrolle\" \/><\/figure><div class=\"elementor-image-box-content\"><span class=\"elementor-image-box-title\">Pr\u00e4zise Temperaturregelung<\/span><\/div><\/div>\t\t\t\t<\/div>\n\t\t\t\t<div class=\"elementor-element elementor-element-b3730fb elementor-widget elementor-widget-text-editor\" data-id=\"b3730fb\" data-element_type=\"widget\" data-widget_type=\"text-editor.default\">\n\t\t\t\t\t\t\t\t\t<p>Gew\u00e4hrleistung einer optimalen Behandlung zur Wahrung der Produktqualit\u00e4t.<\/p>\t\t\t\t\t\t\t\t<\/div>\n\t\t\t\t<\/div>\n\t\t\t\t<\/div>\n\t\t<div class=\"elementor-element elementor-element-ab9abb5 e-con-full e-flex e-con e-child\" data-id=\"ab9abb5\" data-element_type=\"container\">\n\t\t<div class=\"elementor-element elementor-element-e459a48 e-con-full e-flex e-con e-child\" data-id=\"e459a48\" data-element_type=\"container\">\n\t\t\t\t<div class=\"elementor-element elementor-element-a5a6bbd elementor-position-left elementor-vertical-align-middle elementor-widget elementor-widget-image-box\" data-id=\"a5a6bbd\" data-element_type=\"widget\" data-widget_type=\"image-box.default\">\n\t\t\t\t\t<div class=\"elementor-image-box-wrapper\"><figure class=\"elementor-image-box-img\"><img decoding=\"async\" src=\"https:\/\/naturalpar.hu\/wp-content\/uploads\/2025\/08\/biztonsag.svg\" class=\"attachment-full size-full wp-image-633\" alt=\"Sicherheit\" \/><\/figure><div class=\"elementor-image-box-content\"><span class=\"elementor-image-box-title\">Mikrobiologische Sicherheit<\/span><\/div><\/div>\t\t\t\t<\/div>\n\t\t\t\t<div class=\"elementor-element elementor-element-bec66bf elementor-widget elementor-widget-text-editor\" data-id=\"bec66bf\" data-element_type=\"widget\" data-widget_type=\"text-editor.default\">\n\t\t\t\t\t\t\t\t\t<p>Vollst\u00e4ndige Entfernung von Krankheitserregern, garantiert keimfreies Produkt.<\/p>\t\t\t\t\t\t\t\t<\/div>\n\t\t\t\t<\/div>\n\t\t<div class=\"elementor-element elementor-element-01932a3 e-con-full e-flex e-con e-child\" data-id=\"01932a3\" data-element_type=\"container\">\n\t\t\t\t<div class=\"elementor-element elementor-element-fa98008 elementor-position-left elementor-vertical-align-middle elementor-widget elementor-widget-image-box\" data-id=\"fa98008\" data-element_type=\"widget\" data-widget_type=\"image-box.default\">\n\t\t\t\t\t<div class=\"elementor-image-box-wrapper\"><figure class=\"elementor-image-box-img\"><img decoding=\"async\" src=\"https:\/\/naturalpar.hu\/wp-content\/uploads\/2025\/08\/szakertelem.svg\" class=\"attachment-full size-full wp-image-636\" alt=\"Sachverstand\" \/><\/figure><div class=\"elementor-image-box-content\"><span class=\"elementor-image-box-title\">Produktstabilisierung und l\u00e4ngere Haltbarkeit<\/span><\/div><\/div>\t\t\t\t<\/div>\n\t\t\t\t<div class=\"elementor-element elementor-element-6a323f2 elementor-widget elementor-widget-text-editor\" data-id=\"6a323f2\" data-element_type=\"widget\" data-widget_type=\"text-editor.default\">\n\t\t\t\t\t\t\t\t\t<p>Die hydrothermale Behandlung gew\u00e4hrleistet die Bewahrung der N\u00e4hrwerte des Produkts.<\/p>\t\t\t\t\t\t\t\t<\/div>\n\t\t\t\t<\/div>\n\t\t\t\t<\/div>\n\t\t\t\t\t<\/div>\n\t\t\t\t<\/div>\n\t\t<div class=\"elementor-element elementor-element-7168293 e-flex e-con-boxed e-con e-parent\" data-id=\"7168293\" data-element_type=\"container\" data-settings=\"{&quot;background_background&quot;:&quot;classic&quot;}\">\n\t\t\t\t\t<div class=\"e-con-inner\">\n\t\t\t\t<div class=\"elementor-element elementor-element-2f61d9a elementor-widget elementor-widget-heading\" data-id=\"2f61d9a\" data-element_type=\"widget\" data-widget_type=\"heading.default\">\n\t\t\t\t\t<h2 class=\"elementor-heading-title elementor-size-default\">Kontakt und Angebotsanfrage<\/h2>\t\t\t\t<\/div>\n\t\t\t\t<div class=\"elementor-element elementor-element-3147ced elementor-widget__width-initial elementor-widget elementor-widget-text-editor\" data-id=\"3147ced\" data-element_type=\"widget\" data-widget_type=\"text-editor.default\">\n\t\t\t\t\t\t\t\t\t<p>Wenn Du eine professionelle und sichere L\u00f6sung f\u00fcr die Verarbeitung von Mohn oder Senfk\u00f6rnern suchst, nimm Kontakt mit uns auf!<br \/><strong>Fordere jetzt ein Angebot an und sichere die hervorragende Qualit\u00e4t und Lebensmittelsicherheit Deiner Produkte!<\/strong><\/p>\t\t\t\t\t\t\t\t<\/div>\n\t\t\t\t<div class=\"elementor-element elementor-element-4ac172a elementor-align-center elementor-widget elementor-widget-button\" data-id=\"4ac172a\" data-element_type=\"widget\" data-widget_type=\"button.default\">\n\t\t\t\t\t\t\t\t\t\t<a class=\"elementor-button elementor-button-link elementor-size-sm\" href=\"https:\/\/naturalpar.hu\/de\/kontakt\/\">\n\t\t\t\t\t\t<span class=\"elementor-button-content-wrapper\">\n\t\t\t\t\t\t<span class=\"elementor-button-icon\">\n\t\t\t\t<svg aria-hidden=\"true\" class=\"e-font-icon-svg e-fas-chevron-right\" viewbox=\"0 0 320 512\" xmlns=\"http:\/\/www.w3.org\/2000\/svg\"><path d=\"M285.476 272.971L91.132 467.314c-9.373 9.373-24.569 9.373-33.941 0l-22.667-22.667c-9.357-9.357-9.375-24.522-.04-33.901L188.505 256 34.484 101.255c-9.335-9.379-9.317-24.544.04-33.901l22.667-22.667c9.373-9.373 24.569-9.373 33.941 0L285.475 239.03c9.373 9.372 9.373 24.568.001 33.941z\"><\/path><\/svg>\t\t\t<\/span>\n\t\t\t\t\t\t\t\t\t<span class=\"elementor-button-text\">Angebotsanfrage<\/span>\n\t\t\t\t\t<\/span>\n\t\t\t\t\t<\/a>\n\t\t\t\t\t\t\t\t<\/div>\n\t\t\t\t\t<\/div>\n\t\t\t\t<\/div>\n\t\t\t\t<\/div>","protected":false},"excerpt":{"rendered":"<p>M\u00e1k \u00e9s Must\u00e1rmag Feldolgoz\u00e1sa &#8211; Komplett Technol\u00f3giai Megold\u00e1sok Innovat\u00edv H\u0151kezel\u00e9s a M\u00e1k \u00e9s Must\u00e1rmag Biztons\u00e1gos Feldolgoz\u00e1s\u00e1hoz A Naturalp\u00e1r REVTECH technol\u00f3gi\u00e1ja lehet\u0151v\u00e9 teszi a m\u00e1k \u00e9s must\u00e1rmag biztons\u00e1gos \u00e9s hat\u00e9kony feldolgoz\u00e1s\u00e1t. Az egyed\u00fcl\u00e1ll\u00f3 technol\u00f3gia \u00f6tv\u00f6zi a vibr\u00e1ci\u00f3s sz\u00e1ll\u00edt\u00e1st \u00e9s az elektromos impedanci\u00e1val f\u0171t\u00f6tt rozsdamentes cs\u0151fel\u00fcletet, \u00edgy garant\u00e1lva a cs\u00edramentes\u00edt\u00e9st, az enzim inaktiv\u00e1l\u00e1s\u00e1t \u00e9s a term\u00e9k stabiliz\u00e1l\u00e1s\u00e1t. [&hellip;]<\/p>","protected":false},"author":1,"featured_media":924,"parent":0,"menu_order":0,"comment_status":"closed","ping_status":"closed","template":"","meta":{"footnotes":""},"class_list":["post-679","page","type-page","status-publish","has-post-thumbnail","hentry"],"yoast_head":"<!-- This site is optimized with the Yoast SEO plugin v26.8 - https:\/\/yoast.com\/product\/yoast-seo-wordpress\/ -->\n<title>M\u00e1k \u00e9s Must\u00e1rmag Feldolgoz\u00e1sa - Naturalp\u00e1r<\/title>\n<meta name=\"description\" content=\"A Naturalp\u00e1r REVTECH technol\u00f3gi\u00e1ja lehet\u0151v\u00e9 teszi a m\u00e1k \u00e9s must\u00e1rmag biztons\u00e1gos \u00e9s hat\u00e9kony feldolgoz\u00e1s\u00e1t.\" \/>\n<meta name=\"robots\" content=\"index, follow, max-snippet:-1, max-image-preview:large, max-video-preview:-1\" \/>\n<link rel=\"canonical\" href=\"https:\/\/naturalpar.hu\/de\/verarbeitung-von-mohn-und-senfkornern\/\" \/>\n<meta property=\"og:locale\" content=\"de_DE\" \/>\n<meta property=\"og:type\" content=\"article\" \/>\n<meta property=\"og:title\" content=\"M\u00e1k \u00e9s Must\u00e1rmag Feldolgoz\u00e1sa - Naturalp\u00e1r\" \/>\n<meta property=\"og:description\" content=\"A Naturalp\u00e1r REVTECH technol\u00f3gi\u00e1ja lehet\u0151v\u00e9 teszi a m\u00e1k \u00e9s must\u00e1rmag biztons\u00e1gos \u00e9s hat\u00e9kony feldolgoz\u00e1s\u00e1t.\" \/>\n<meta property=\"og:url\" content=\"https:\/\/naturalpar.hu\/de\/verarbeitung-von-mohn-und-senfkornern\/\" \/>\n<meta property=\"og:site_name\" content=\"Naturalp\u00e1r\" \/>\n<meta property=\"article:publisher\" content=\"https:\/\/www.facebook.com\/naturalpar\" \/>\n<meta property=\"article:modified_time\" content=\"2025-09-01T20:00:39+00:00\" \/>\n<meta property=\"og:image\" content=\"https:\/\/naturalpar.hu\/wp-content\/uploads\/2025\/08\/Naturalpar-Thumbnail.jpg\" \/>\n\t<meta property=\"og:image:width\" content=\"1280\" \/>\n\t<meta property=\"og:image:height\" content=\"720\" \/>\n\t<meta property=\"og:image:type\" content=\"image\/jpeg\" \/>\n<meta name=\"twitter:card\" content=\"summary_large_image\" \/>\n<meta name=\"twitter:label1\" content=\"Gesch\u00e4tzte Lesezeit\" \/>\n\t<meta name=\"twitter:data1\" content=\"3\u00a0Minuten\" \/>\n<script type=\"application\/ld+json\" class=\"yoast-schema-graph\">{\"@context\":\"https:\/\/schema.org\",\"@graph\":[{\"@type\":\"WebPage\",\"@id\":\"https:\/\/naturalpar.hu\/mak-es-mustarmag-feldolgozasa\/\",\"url\":\"https:\/\/naturalpar.hu\/mak-es-mustarmag-feldolgozasa\/\",\"name\":\"M\u00e1k \u00e9s Must\u00e1rmag Feldolgoz\u00e1sa - Naturalp\u00e1r\",\"isPartOf\":{\"@id\":\"https:\/\/naturalpar.hu\/#website\"},\"primaryImageOfPage\":{\"@id\":\"https:\/\/naturalpar.hu\/mak-es-mustarmag-feldolgozasa\/#primaryimage\"},\"image\":{\"@id\":\"https:\/\/naturalpar.hu\/mak-es-mustarmag-feldolgozasa\/#primaryimage\"},\"thumbnailUrl\":\"https:\/\/naturalpar.hu\/wp-content\/uploads\/2025\/08\/Naturalpar-Thumbnail.jpg\",\"datePublished\":\"2025-08-24T19:27:50+00:00\",\"dateModified\":\"2025-09-01T20:00:39+00:00\",\"description\":\"A Naturalp\u00e1r REVTECH technol\u00f3gi\u00e1ja lehet\u0151v\u00e9 teszi a m\u00e1k \u00e9s must\u00e1rmag biztons\u00e1gos \u00e9s hat\u00e9kony feldolgoz\u00e1s\u00e1t.\",\"breadcrumb\":{\"@id\":\"https:\/\/naturalpar.hu\/mak-es-mustarmag-feldolgozasa\/#breadcrumb\"},\"inLanguage\":\"de\",\"potentialAction\":[{\"@type\":\"ReadAction\",\"target\":[\"https:\/\/naturalpar.hu\/mak-es-mustarmag-feldolgozasa\/\"]}]},{\"@type\":\"ImageObject\",\"inLanguage\":\"de\",\"@id\":\"https:\/\/naturalpar.hu\/mak-es-mustarmag-feldolgozasa\/#primaryimage\",\"url\":\"https:\/\/naturalpar.hu\/wp-content\/uploads\/2025\/08\/Naturalpar-Thumbnail.jpg\",\"contentUrl\":\"https:\/\/naturalpar.hu\/wp-content\/uploads\/2025\/08\/Naturalpar-Thumbnail.jpg\",\"width\":1280,\"height\":720,\"caption\":\"Naturalpar-Thumbnail\"},{\"@type\":\"BreadcrumbList\",\"@id\":\"https:\/\/naturalpar.hu\/mak-es-mustarmag-feldolgozasa\/#breadcrumb\",\"itemListElement\":[{\"@type\":\"ListItem\",\"position\":1,\"name\":\"Kezd\u0151lap\",\"item\":\"https:\/\/naturalpar.hu\/\"},{\"@type\":\"ListItem\",\"position\":2,\"name\":\"M\u00e1k \u00e9s Must\u00e1rmag Feldolgoz\u00e1sa\"}]},{\"@type\":\"WebSite\",\"@id\":\"https:\/\/naturalpar.hu\/#website\",\"url\":\"https:\/\/naturalpar.hu\/\",\"name\":\"Naturalp\u00e1r\",\"description\":\"H\u0151kezel\u00e9s, Steriliz\u00e1l\u00e1s, P\u00f6rk\u00f6l\u00e9s Egyszer\u0171en\",\"publisher\":{\"@id\":\"https:\/\/naturalpar.hu\/#organization\"},\"potentialAction\":[{\"@type\":\"SearchAction\",\"target\":{\"@type\":\"EntryPoint\",\"urlTemplate\":\"https:\/\/naturalpar.hu\/?s={search_term_string}\"},\"query-input\":{\"@type\":\"PropertyValueSpecification\",\"valueRequired\":true,\"valueName\":\"search_term_string\"}}],\"inLanguage\":\"de\"},{\"@type\":\"Organization\",\"@id\":\"https:\/\/naturalpar.hu\/#organization\",\"name\":\"Naturalp\u00e1r Kft.\",\"url\":\"https:\/\/naturalpar.hu\/\",\"logo\":{\"@type\":\"ImageObject\",\"inLanguage\":\"de\",\"@id\":\"https:\/\/naturalpar.hu\/#\/schema\/logo\/image\/\",\"url\":\"https:\/\/naturalpar.hu\/wp-content\/uploads\/2025\/08\/cropped-Naturalpar-logo-300dpi-rgb-scaled-1.png\",\"contentUrl\":\"https:\/\/naturalpar.hu\/wp-content\/uploads\/2025\/08\/cropped-Naturalpar-logo-300dpi-rgb-scaled-1.png\",\"width\":512,\"height\":512,\"caption\":\"Naturalp\u00e1r Kft.\"},\"image\":{\"@id\":\"https:\/\/naturalpar.hu\/#\/schema\/logo\/image\/\"},\"sameAs\":[\"https:\/\/www.facebook.com\/naturalpar\"]}]}<\/script>\n<!-- \/ Yoast SEO plugin. -->","yoast_head_json":{"title":"Verarbeitung von Mohn und Senfk\u00f6rnern - Naturalp\u00e1r","description":"Die REVTECH-Technologie von Naturalp\u00e1r erm\u00f6glicht eine sichere und effiziente Verarbeitung von Mohn und Senfk\u00f6rnern.","robots":{"index":"index","follow":"follow","max-snippet":"max-snippet:-1","max-image-preview":"max-image-preview:large","max-video-preview":"max-video-preview:-1"},"canonical":"https:\/\/naturalpar.hu\/de\/verarbeitung-von-mohn-und-senfkornern\/","og_locale":"de_DE","og_type":"article","og_title":"M\u00e1k \u00e9s Must\u00e1rmag Feldolgoz\u00e1sa - Naturalp\u00e1r","og_description":"A Naturalp\u00e1r REVTECH technol\u00f3gi\u00e1ja lehet\u0151v\u00e9 teszi a m\u00e1k \u00e9s must\u00e1rmag biztons\u00e1gos \u00e9s hat\u00e9kony feldolgoz\u00e1s\u00e1t.","og_url":"https:\/\/naturalpar.hu\/de\/verarbeitung-von-mohn-und-senfkornern\/","og_site_name":"Naturalp\u00e1r","article_publisher":"https:\/\/www.facebook.com\/naturalpar","article_modified_time":"2025-09-01T20:00:39+00:00","og_image":[{"width":1280,"height":720,"url":"https:\/\/naturalpar.hu\/wp-content\/uploads\/2025\/08\/Naturalpar-Thumbnail.jpg","type":"image\/jpeg"}],"twitter_card":"summary_large_image","twitter_misc":{"Gesch\u00e4tzte Lesezeit":"3\u00a0Minuten"},"schema":{"@context":"https:\/\/schema.org","@graph":[{"@type":"WebPage","@id":"https:\/\/naturalpar.hu\/mak-es-mustarmag-feldolgozasa\/","url":"https:\/\/naturalpar.hu\/mak-es-mustarmag-feldolgozasa\/","name":"Verarbeitung von Mohn und Senfk\u00f6rnern - Naturalp\u00e1r","isPartOf":{"@id":"https:\/\/naturalpar.hu\/#website"},"primaryImageOfPage":{"@id":"https:\/\/naturalpar.hu\/mak-es-mustarmag-feldolgozasa\/#primaryimage"},"image":{"@id":"https:\/\/naturalpar.hu\/mak-es-mustarmag-feldolgozasa\/#primaryimage"},"thumbnailUrl":"https:\/\/naturalpar.hu\/wp-content\/uploads\/2025\/08\/Naturalpar-Thumbnail.jpg","datePublished":"2025-08-24T19:27:50+00:00","dateModified":"2025-09-01T20:00:39+00:00","description":"Die REVTECH-Technologie von Naturalp\u00e1r erm\u00f6glicht eine sichere und effiziente Verarbeitung von Mohn und Senfk\u00f6rnern.","breadcrumb":{"@id":"https:\/\/naturalpar.hu\/mak-es-mustarmag-feldolgozasa\/#breadcrumb"},"inLanguage":"de","potentialAction":[{"@type":"ReadAction","target":["https:\/\/naturalpar.hu\/mak-es-mustarmag-feldolgozasa\/"]}]},{"@type":"ImageObject","inLanguage":"de","@id":"https:\/\/naturalpar.hu\/mak-es-mustarmag-feldolgozasa\/#primaryimage","url":"https:\/\/naturalpar.hu\/wp-content\/uploads\/2025\/08\/Naturalpar-Thumbnail.jpg","contentUrl":"https:\/\/naturalpar.hu\/wp-content\/uploads\/2025\/08\/Naturalpar-Thumbnail.jpg","width":1280,"height":720,"caption":"Naturalpar-Thumbnail"},{"@type":"BreadcrumbList","@id":"https:\/\/naturalpar.hu\/mak-es-mustarmag-feldolgozasa\/#breadcrumb","itemListElement":[{"@type":"ListItem","position":1,"name":"Kezd\u0151lap","item":"https:\/\/naturalpar.hu\/"},{"@type":"ListItem","position":2,"name":"M\u00e1k \u00e9s Must\u00e1rmag Feldolgoz\u00e1sa"}]},{"@type":"WebSite","@id":"https:\/\/naturalpar.hu\/#website","url":"https:\/\/naturalpar.hu\/","name":"Naturalp\u00e1r","description":"Hitzebehandlung, Sterilisation, R\u00f6sten \u2013 einfach gemacht","publisher":{"@id":"https:\/\/naturalpar.hu\/#organization"},"potentialAction":[{"@type":"SearchAction","target":{"@type":"EntryPoint","urlTemplate":"https:\/\/naturalpar.hu\/?s={search_term_string}"},"query-input":{"@type":"PropertyValueSpecification","valueRequired":true,"valueName":"search_term_string"}}],"inLanguage":"de"},{"@type":"Organization","@id":"https:\/\/naturalpar.hu\/#organization","name":"Naturalp\u00e1r Kft.","url":"https:\/\/naturalpar.hu\/","logo":{"@type":"ImageObject","inLanguage":"de","@id":"https:\/\/naturalpar.hu\/#\/schema\/logo\/image\/","url":"https:\/\/naturalpar.hu\/wp-content\/uploads\/2025\/08\/cropped-Naturalpar-logo-300dpi-rgb-scaled-1.png","contentUrl":"https:\/\/naturalpar.hu\/wp-content\/uploads\/2025\/08\/cropped-Naturalpar-logo-300dpi-rgb-scaled-1.png","width":512,"height":512,"caption":"Naturalp\u00e1r Kft."},"image":{"@id":"https:\/\/naturalpar.hu\/#\/schema\/logo\/image\/"},"sameAs":["https:\/\/www.facebook.com\/naturalpar"]}]}},"_links":{"self":[{"href":"https:\/\/naturalpar.hu\/de\/wp-json\/wp\/v2\/pages\/679","targetHints":{"allow":["GET"]}}],"collection":[{"href":"https:\/\/naturalpar.hu\/de\/wp-json\/wp\/v2\/pages"}],"about":[{"href":"https:\/\/naturalpar.hu\/de\/wp-json\/wp\/v2\/types\/page"}],"author":[{"embeddable":true,"href":"https:\/\/naturalpar.hu\/de\/wp-json\/wp\/v2\/users\/1"}],"replies":[{"embeddable":true,"href":"https:\/\/naturalpar.hu\/de\/wp-json\/wp\/v2\/comments?post=679"}],"version-history":[{"count":4,"href":"https:\/\/naturalpar.hu\/de\/wp-json\/wp\/v2\/pages\/679\/revisions"}],"predecessor-version":[{"id":849,"href":"https:\/\/naturalpar.hu\/de\/wp-json\/wp\/v2\/pages\/679\/revisions\/849"}],"wp:featuredmedia":[{"embeddable":true,"href":"https:\/\/naturalpar.hu\/de\/wp-json\/wp\/v2\/media\/924"}],"wp:attachment":[{"href":"https:\/\/naturalpar.hu\/de\/wp-json\/wp\/v2\/media?parent=679"}],"curies":[{"name":"wp","href":"https:\/\/api.w.org\/{rel}","templated":true}]}}