{"id":687,"date":"2025-08-24T21:28:51","date_gmt":"2025-08-24T19:28:51","guid":{"rendered":"https:\/\/naturalpar.hu\/?page_id=687"},"modified":"2025-09-01T21:59:13","modified_gmt":"2025-09-01T19:59:13","slug":"behandlung-von-getreiden-mehlen-und-starken","status":"publish","type":"page","link":"https:\/\/naturalpar.hu\/de\/behandlung-von-getreiden-mehlen-und-starken\/","title":{"rendered":"Gabonaf\u00e9l\u00e9k, Lisztek \u00e9s Kem\u00e9ny\u00edt\u0151k Kezel\u00e9se"},"content":{"rendered":"<div data-elementor-type=\"wp-page\" data-elementor-id=\"687\" class=\"elementor elementor-687\" data-elementor-post-type=\"page\">\n\t\t\t\t<div class=\"elementor-element elementor-element-6ad6fa0 e-flex e-con-boxed e-con e-parent\" data-id=\"6ad6fa0\" data-element_type=\"container\">\n\t\t\t\t\t<div class=\"e-con-inner\">\n\t\t<div class=\"elementor-element elementor-element-1649c88 e-con-full e-flex e-con e-child\" data-id=\"1649c88\" data-element_type=\"container\">\n\t\t\t\t<div class=\"elementor-element elementor-element-cb0d356 elementor-widget elementor-widget-heading\" data-id=\"cb0d356\" data-element_type=\"widget\" data-widget_type=\"heading.default\">\n\t\t\t\t\t<span class=\"elementor-heading-title elementor-size-default\">Behandlung von Getreiden, Mehlen und St\u00e4rken \u2013 Pr\u00e4zise und Automatisierte Verarbeitung<\/span>\t\t\t\t<\/div>\n\t\t\t\t<div class=\"elementor-element elementor-element-4534893 elementor-widget elementor-widget-heading\" data-id=\"4534893\" data-element_type=\"widget\" data-widget_type=\"heading.default\">\n\t\t\t\t\t<h1 class=\"elementor-heading-title elementor-size-default\">Innovative Hitzebehandlungstechnologie f\u00fcr Getreide und Mehle<\/h1>\t\t\t\t<\/div>\n\t\t\t\t<div class=\"elementor-element elementor-element-0ced5d0 elementor-widget elementor-widget-text-editor\" data-id=\"0ced5d0\" data-element_type=\"widget\" data-widget_type=\"text-editor.default\">\n\t\t\t\t\t\t\t\t\t<p>Die REVTECH-Technologie von Naturalp\u00e1r vereint die Vibrationsf\u00f6rderung mit einer elektrisch impedanzgesteuert beheizte Edelstahlrohr-Oberfl\u00e4che und gew\u00e4hrleistet so eine effiziente und gleichm\u00e4\u00dfige Hitzebehandlung von Getreiden, Mehlen und St\u00e4rken. Der automatisierte Prozess garantiert hervorragende Qualit\u00e4t und vielf\u00e4ltige Einsatzm\u00f6glichkeiten.<\/p><p>Behandelbare Produkte: Saatgut (Sonnenblumenkerne, Sesam, Leinsamen, K\u00fcrbiskerne), Getreide (Gerste, Malz, Hafer, Roggen, Mais), Kleie und Keime, Mehl und St\u00e4rken<\/p>\t\t\t\t\t\t\t\t<\/div>\n\t\t\t\t<div class=\"elementor-element elementor-element-a87251c elementor-widget elementor-widget-button\" data-id=\"a87251c\" data-element_type=\"widget\" data-widget_type=\"button.default\">\n\t\t\t\t\t\t\t\t\t\t<a class=\"elementor-button elementor-button-link elementor-size-sm\" href=\"https:\/\/naturalpar.hu\/de\/kontakt\/\">\n\t\t\t\t\t\t<span class=\"elementor-button-content-wrapper\">\n\t\t\t\t\t\t<span class=\"elementor-button-icon\">\n\t\t\t\t<svg aria-hidden=\"true\" class=\"e-font-icon-svg e-fas-chevron-right\" viewbox=\"0 0 320 512\" xmlns=\"http:\/\/www.w3.org\/2000\/svg\"><path d=\"M285.476 272.971L91.132 467.314c-9.373 9.373-24.569 9.373-33.941 0l-22.667-22.667c-9.357-9.357-9.375-24.522-.04-33.901L188.505 256 34.484 101.255c-9.335-9.379-9.317-24.544.04-33.901l22.667-22.667c9.373-9.373 24.569-9.373 33.941 0L285.475 239.03c9.373 9.372 9.373 24.568.001 33.941z\"><\/path><\/svg>\t\t\t<\/span>\n\t\t\t\t\t\t\t\t\t<span class=\"elementor-button-text\">Angebotsanfrage<\/span>\n\t\t\t\t\t<\/span>\n\t\t\t\t\t<\/a>\n\t\t\t\t\t\t\t\t<\/div>\n\t\t\t\t<\/div>\n\t\t<div class=\"elementor-element elementor-element-27b5fb0 e-con-full e-flex e-con e-child\" data-id=\"27b5fb0\" data-element_type=\"container\">\n\t\t\t\t<div class=\"elementor-element elementor-element-15709d3 elementor-widget elementor-widget-image\" data-id=\"15709d3\" data-element_type=\"widget\" data-widget_type=\"image.default\">\n\t\t\t\t\t\t\t\t\t\t\t\t\t\t\t<img fetchpriority=\"high\" decoding=\"async\" width=\"1200\" height=\"800\" src=\"https:\/\/naturalpar.hu\/wp-content\/uploads\/2025\/08\/Gabonafelek.jpg\" class=\"attachment-full size-full wp-image-823\" alt=\"\" srcset=\"https:\/\/naturalpar.hu\/wp-content\/uploads\/2025\/08\/Gabonafelek.jpg 1200w, https:\/\/naturalpar.hu\/wp-content\/uploads\/2025\/08\/Gabonafelek-700x467.jpg 700w, https:\/\/naturalpar.hu\/wp-content\/uploads\/2025\/08\/Gabonafelek-1024x683.jpg 1024w, https:\/\/naturalpar.hu\/wp-content\/uploads\/2025\/08\/Gabonafelek-768x512.jpg 768w\" sizes=\"(max-width: 1200px) 100vw, 1200px\" \/>\t\t\t\t\t\t\t\t\t\t\t\t\t\t\t<\/div>\n\t\t\t\t<\/div>\n\t\t\t\t\t<\/div>\n\t\t\t\t<\/div>\n\t\t<div class=\"elementor-element elementor-element-310a26e e-flex e-con-boxed e-con e-parent\" data-id=\"310a26e\" data-element_type=\"container\">\n\t\t\t\t\t<div class=\"e-con-inner\">\n\t\t\t\t<div class=\"elementor-element elementor-element-8c55740 elementor-widget elementor-widget-heading\" data-id=\"8c55740\" data-element_type=\"widget\" data-widget_type=\"heading.default\">\n\t\t\t\t\t<h2 class=\"elementor-heading-title elementor-size-default\">Technologische M\u00f6glichkeiten und Vorteile<\/h2>\t\t\t\t<\/div>\n\t\t<div class=\"elementor-element elementor-element-91cfd05 e-con-full e-flex e-con e-child\" data-id=\"91cfd05\" data-element_type=\"container\">\n\t\t<div class=\"elementor-element elementor-element-9bdb330 e-con-full e-flex e-con e-child\" data-id=\"9bdb330\" data-element_type=\"container\">\n\t\t\t\t<div class=\"elementor-element elementor-element-e52c1bd elementor-position-left elementor-vertical-align-middle elementor-widget elementor-widget-image-box\" data-id=\"e52c1bd\" data-element_type=\"widget\" data-widget_type=\"image-box.default\">\n\t\t\t\t\t<div class=\"elementor-image-box-wrapper\"><figure class=\"elementor-image-box-img\"><img decoding=\"async\" src=\"https:\/\/naturalpar.hu\/wp-content\/uploads\/2025\/08\/rugalmassag.svg\" class=\"attachment-full size-full wp-image-763\" alt=\"Flexibilit\u00e4t\" \/><\/figure><div class=\"elementor-image-box-content\"><span class=\"elementor-image-box-title\">Kontinuierliches, automatisiertes Anr\u00f6sten und sanftes R\u00f6sten<\/span><\/div><\/div>\t\t\t\t<\/div>\n\t\t\t\t<div class=\"elementor-element elementor-element-07fc54f elementor-widget elementor-widget-text-editor\" data-id=\"07fc54f\" data-element_type=\"widget\" data-widget_type=\"text-editor.default\">\n\t\t\t\t\t\t\t\t\t<p>Gleichm\u00e4\u00dfige und pr\u00e4zise Verarbeitung f\u00fcr die konstante Qualit\u00e4t.<\/p>\t\t\t\t\t\t\t\t<\/div>\n\t\t\t\t<\/div>\n\t\t<div class=\"elementor-element elementor-element-5d629b7 e-con-full e-flex e-con e-child\" data-id=\"5d629b7\" data-element_type=\"container\">\n\t\t\t\t<div class=\"elementor-element elementor-element-00e6e2b elementor-position-left elementor-vertical-align-middle elementor-widget elementor-widget-image-box\" data-id=\"00e6e2b\" data-element_type=\"widget\" data-widget_type=\"image-box.default\">\n\t\t\t\t\t<div class=\"elementor-image-box-wrapper\"><figure class=\"elementor-image-box-img\"><img decoding=\"async\" src=\"https:\/\/naturalpar.hu\/wp-content\/uploads\/2025\/08\/biztonsag.svg\" class=\"attachment-full size-full wp-image-633\" alt=\"Sicherheit\" \/><\/figure><div class=\"elementor-image-box-content\"><span class=\"elementor-image-box-title\">Stabilisierung von protein- und ballaststoffhaltigen Mahlprodukten<\/span><\/div><\/div>\t\t\t\t<\/div>\n\t\t\t\t<div class=\"elementor-element elementor-element-6f422c6 elementor-widget elementor-widget-text-editor\" data-id=\"6f422c6\" data-element_type=\"widget\" data-widget_type=\"text-editor.default\">\n\t\t\t\t\t\t\t\t\t<p>Haltbarkeit durch Inaktivierung von Enzymen gesichert.<\/p>\t\t\t\t\t\t\t\t<\/div>\n\t\t\t\t<\/div>\n\t\t<div class=\"elementor-element elementor-element-c7d1052 e-con-full e-flex e-con e-child\" data-id=\"c7d1052\" data-element_type=\"container\">\n\t\t\t\t<div class=\"elementor-element elementor-element-d8ff9ea elementor-position-left elementor-vertical-align-middle elementor-widget elementor-widget-image-box\" data-id=\"d8ff9ea\" data-element_type=\"widget\" data-widget_type=\"image-box.default\">\n\t\t\t\t\t<div class=\"elementor-image-box-wrapper\"><figure class=\"elementor-image-box-img\"><img decoding=\"async\" src=\"https:\/\/naturalpar.hu\/wp-content\/uploads\/2025\/08\/elelem.svg\" class=\"attachment-full size-full wp-image-824\" alt=\"Essen\" \/><\/figure><div class=\"elementor-image-box-content\"><span class=\"elementor-image-box-title\">Modifikation rheologischer Eigenschaften<\/span><\/div><\/div>\t\t\t\t<\/div>\n\t\t\t\t<div class=\"elementor-element elementor-element-8dfab12 elementor-widget elementor-widget-text-editor\" data-id=\"8dfab12\" data-element_type=\"widget\" data-widget_type=\"text-editor.default\">\n\t\t\t\t\t\t\t\t\t<p>Rekristallisation von St\u00e4rken, Denaturierung von Proteinen f\u00fcr die optimale Konsistenz<\/p>\t\t\t\t\t\t\t\t<\/div>\n\t\t\t\t<\/div>\n\t\t\t\t<\/div>\n\t\t<div class=\"elementor-element elementor-element-0bd13a3 e-con-full e-flex e-con e-child\" data-id=\"0bd13a3\" data-element_type=\"container\">\n\t\t<div class=\"elementor-element elementor-element-f4c0d83 e-con-full e-flex e-con e-child\" data-id=\"f4c0d83\" data-element_type=\"container\">\n\t\t\t\t<div class=\"elementor-element elementor-element-bde4808 elementor-position-left elementor-vertical-align-middle elementor-widget elementor-widget-image-box\" data-id=\"bde4808\" data-element_type=\"widget\" data-widget_type=\"image-box.default\">\n\t\t\t\t\t<div class=\"elementor-image-box-wrapper\"><figure class=\"elementor-image-box-img\"><img decoding=\"async\" src=\"https:\/\/naturalpar.hu\/wp-content\/uploads\/2025\/08\/aroma.svg\" class=\"attachment-full size-full wp-image-760\" alt=\"Aroma\" \/><\/figure><div class=\"elementor-image-box-content\"><span class=\"elementor-image-box-title\">Intensives R\u00f6sten<\/span><\/div><\/div>\t\t\t\t<\/div>\n\t\t\t\t<div class=\"elementor-element elementor-element-84e6079 elementor-widget elementor-widget-text-editor\" data-id=\"84e6079\" data-element_type=\"widget\" data-widget_type=\"text-editor.default\">\n\t\t\t\t\t\t\t\t\t<p>Anpassung der Farbe und des Geschmacks von Getreiden und Mahlprodukten zur Verwendung als Farbstoffe und Aromen.<\/p>\t\t\t\t\t\t\t\t<\/div>\n\t\t\t\t<\/div>\n\t\t<div class=\"elementor-element elementor-element-57bcb76 e-con-full e-flex e-con e-child\" data-id=\"57bcb76\" data-element_type=\"container\">\n\t\t\t\t<div class=\"elementor-element elementor-element-8774465 elementor-position-left elementor-vertical-align-middle elementor-widget elementor-widget-image-box\" data-id=\"8774465\" data-element_type=\"widget\" data-widget_type=\"image-box.default\">\n\t\t\t\t\t<div class=\"elementor-image-box-wrapper\"><figure class=\"elementor-image-box-img\"><img decoding=\"async\" src=\"https:\/\/naturalpar.hu\/wp-content\/uploads\/2025\/08\/szakertelem.svg\" class=\"attachment-full size-full wp-image-636\" alt=\"Sachverstand\" \/><\/figure><div class=\"elementor-image-box-content\"><span class=\"elementor-image-box-title\">Physikalische Modifikation von St\u00e4rken im Trockenverfahren<\/span><\/div><\/div>\t\t\t\t<\/div>\n\t\t\t\t<div class=\"elementor-element elementor-element-110f8f8 elementor-widget elementor-widget-text-editor\" data-id=\"110f8f8\" data-element_type=\"widget\" data-widget_type=\"text-editor.default\">\n\t\t\t\t\t\t\t\t\t<p>Ideal f\u00fcr \u201eClean Label\u201c- und \u201eBio\u201c-Produkte sowie zur Herstellung von Ballaststoffen und resistenten St\u00e4rken geeignet.<\/p>\t\t\t\t\t\t\t\t<\/div>\n\t\t\t\t<\/div>\n\t\t<div class=\"elementor-element elementor-element-4f8dc7b e-con-full e-flex e-con e-child\" data-id=\"4f8dc7b\" data-element_type=\"container\">\n\t\t\t\t<div class=\"elementor-element elementor-element-1468149 elementor-position-left elementor-vertical-align-middle elementor-widget elementor-widget-image-box\" data-id=\"1468149\" data-element_type=\"widget\" data-widget_type=\"image-box.default\">\n\t\t\t\t\t<div class=\"elementor-image-box-wrapper\"><figure class=\"elementor-image-box-img\"><img decoding=\"async\" src=\"https:\/\/naturalpar.hu\/wp-content\/uploads\/2025\/08\/szetvalogatas.svg\" class=\"attachment-full size-full wp-image-762\" alt=\"Sortierung\" \/><\/figure><div class=\"elementor-image-box-content\"><span class=\"elementor-image-box-title\">Chemische Modifikation von St\u00e4rken im Trockenverfahren<\/span><\/div><\/div>\t\t\t\t<\/div>\n\t\t\t\t<div class=\"elementor-element elementor-element-168f3e9 elementor-widget elementor-widget-text-editor\" data-id=\"168f3e9\" data-element_type=\"widget\" data-widget_type=\"text-editor.default\">\n\t\t\t\t\t\t\t\t\t<p>Pr\u00e4zise geregelte Temperatur und Materialbewegung, neue M\u00f6glichkeiten f\u00fcr trockene chemische Behandlungen an Polysacchariden.<\/p>\t\t\t\t\t\t\t\t<\/div>\n\t\t\t\t<\/div>\n\t\t\t\t<\/div>\n\t\t\t\t\t<\/div>\n\t\t\t\t<\/div>\n\t\t<div class=\"elementor-element elementor-element-7ae9d4d e-flex e-con-boxed e-con e-parent\" data-id=\"7ae9d4d\" data-element_type=\"container\" data-settings=\"{&quot;background_background&quot;:&quot;classic&quot;}\">\n\t\t\t\t\t<div class=\"e-con-inner\">\n\t\t\t\t<div class=\"elementor-element elementor-element-ce9f335 elementor-widget elementor-widget-heading\" data-id=\"ce9f335\" data-element_type=\"widget\" data-widget_type=\"heading.default\">\n\t\t\t\t\t<h2 class=\"elementor-heading-title elementor-size-default\">Kontakt und Angebotsanfrage<\/h2>\t\t\t\t<\/div>\n\t\t\t\t<div class=\"elementor-element elementor-element-dbee5cd elementor-widget__width-initial elementor-widget elementor-widget-text-editor\" data-id=\"dbee5cd\" data-element_type=\"widget\" data-widget_type=\"text-editor.default\">\n\t\t\t\t\t\t\t\t\t<p>Wenn Du eine innovative Hitzebehandlung f\u00fcr Getreide, Mehle oder St\u00e4rken ben\u00f6tigst, nimm Kontakt mit uns auf!<br \/><strong>Fordere jetzt ein Angebot an und sichere die optimale Qualit\u00e4t Deiner Produkte!<\/strong><\/p>\t\t\t\t\t\t\t\t<\/div>\n\t\t\t\t<div class=\"elementor-element elementor-element-b21b454 elementor-align-center elementor-widget elementor-widget-button\" data-id=\"b21b454\" data-element_type=\"widget\" data-widget_type=\"button.default\">\n\t\t\t\t\t\t\t\t\t\t<a class=\"elementor-button elementor-button-link elementor-size-sm\" href=\"https:\/\/naturalpar.hu\/de\/kontakt\/\">\n\t\t\t\t\t\t<span class=\"elementor-button-content-wrapper\">\n\t\t\t\t\t\t<span class=\"elementor-button-icon\">\n\t\t\t\t<svg aria-hidden=\"true\" class=\"e-font-icon-svg e-fas-chevron-right\" viewbox=\"0 0 320 512\" xmlns=\"http:\/\/www.w3.org\/2000\/svg\"><path d=\"M285.476 272.971L91.132 467.314c-9.373 9.373-24.569 9.373-33.941 0l-22.667-22.667c-9.357-9.357-9.375-24.522-.04-33.901L188.505 256 34.484 101.255c-9.335-9.379-9.317-24.544.04-33.901l22.667-22.667c9.373-9.373 24.569-9.373 33.941 0L285.475 239.03c9.373 9.372 9.373 24.568.001 33.941z\"><\/path><\/svg>\t\t\t<\/span>\n\t\t\t\t\t\t\t\t\t<span class=\"elementor-button-text\">Angebotsanfrage<\/span>\n\t\t\t\t\t<\/span>\n\t\t\t\t\t<\/a>\n\t\t\t\t\t\t\t\t<\/div>\n\t\t\t\t\t<\/div>\n\t\t\t\t<\/div>\n\t\t\t\t<\/div>","protected":false},"excerpt":{"rendered":"<p>Gabonaf\u00e9l\u00e9k, Lisztek \u00e9s Kem\u00e9ny\u00edt\u0151k Kezel\u00e9se &#8211; Prec\u00edz \u00e9s Automatiz\u00e1lt Feldolgoz\u00e1s Innovat\u00edv H\u0151kezel\u00e9si Technol\u00f3gia Gabonaf\u00e9l\u00e9k \u00e9s Lisztek Sz\u00e1m\u00e1ra A Naturalp\u00e1r REVTECH technol\u00f3gi\u00e1ja egyes\u00edti a vibr\u00e1ci\u00f3s sz\u00e1ll\u00edt\u00e1st \u00e9s az elektromos impedanci\u00e1val f\u0171t\u00f6tt rozsdamentes cs\u0151fel\u00fcletet, biztos\u00edtva a gabonaf\u00e9l\u00e9k, lisztek \u00e9s kem\u00e9ny\u00edt\u0151k hat\u00e9kony \u00e9s egyenletes h\u0151kezel\u00e9s\u00e9t. Az automatiz\u00e1lt folyamat garant\u00e1lja a kiv\u00e1l\u00f3 min\u0151s\u00e9get \u00e9s a sz\u00e9lesk\u00f6r\u0171 felhaszn\u00e1lhat\u00f3s\u00e1got. Kezelhet\u0151 term\u00e9kek: [&hellip;]<\/p>","protected":false},"author":1,"featured_media":924,"parent":0,"menu_order":0,"comment_status":"closed","ping_status":"closed","template":"","meta":{"footnotes":""},"class_list":["post-687","page","type-page","status-publish","has-post-thumbnail","hentry"],"yoast_head":"<!-- This site is optimized with the Yoast SEO plugin v26.8 - https:\/\/yoast.com\/product\/yoast-seo-wordpress\/ -->\n<title>Gabonaf\u00e9l\u00e9k, Lisztek \u00e9s Kem\u00e9ny\u00edt\u0151k Kezel\u00e9se - Naturalp\u00e1r<\/title>\n<meta name=\"description\" content=\"Innovat\u00edv H\u0151kezel\u00e9si Technol\u00f3gia Gabonaf\u00e9l\u00e9k \u00e9s Lisztek Sz\u00e1m\u00e1ra. Gabonaf\u00e9l\u00e9k, Lisztek \u00e9s Kem\u00e9ny\u00edt\u0151k Kezel\u00e9se, Prec\u00edz \u00e9s Automatiz\u00e1lt Feldolgoz\u00e1s.\" \/>\n<meta name=\"robots\" content=\"index, follow, max-snippet:-1, max-image-preview:large, max-video-preview:-1\" \/>\n<link rel=\"canonical\" href=\"https:\/\/naturalpar.hu\/de\/behandlung-von-getreiden-mehlen-und-starken\/\" \/>\n<meta property=\"og:locale\" content=\"de_DE\" \/>\n<meta property=\"og:type\" content=\"article\" \/>\n<meta property=\"og:title\" content=\"Gabonaf\u00e9l\u00e9k, Lisztek \u00e9s Kem\u00e9ny\u00edt\u0151k Kezel\u00e9se - Naturalp\u00e1r\" \/>\n<meta property=\"og:description\" content=\"Innovat\u00edv H\u0151kezel\u00e9si Technol\u00f3gia Gabonaf\u00e9l\u00e9k \u00e9s Lisztek Sz\u00e1m\u00e1ra. Gabonaf\u00e9l\u00e9k, Lisztek \u00e9s Kem\u00e9ny\u00edt\u0151k Kezel\u00e9se, Prec\u00edz \u00e9s Automatiz\u00e1lt Feldolgoz\u00e1s.\" \/>\n<meta property=\"og:url\" content=\"https:\/\/naturalpar.hu\/de\/behandlung-von-getreiden-mehlen-und-starken\/\" \/>\n<meta property=\"og:site_name\" content=\"Naturalp\u00e1r\" \/>\n<meta property=\"article:publisher\" content=\"https:\/\/www.facebook.com\/naturalpar\" \/>\n<meta property=\"article:modified_time\" content=\"2025-09-01T19:59:13+00:00\" \/>\n<meta property=\"og:image\" content=\"https:\/\/naturalpar.hu\/wp-content\/uploads\/2025\/08\/Naturalpar-Thumbnail.jpg\" \/>\n\t<meta property=\"og:image:width\" content=\"1280\" \/>\n\t<meta property=\"og:image:height\" content=\"720\" \/>\n\t<meta property=\"og:image:type\" content=\"image\/jpeg\" \/>\n<meta name=\"twitter:card\" content=\"summary_large_image\" \/>\n<meta name=\"twitter:label1\" content=\"Gesch\u00e4tzte Lesezeit\" \/>\n\t<meta name=\"twitter:data1\" content=\"3\u00a0Minuten\" \/>\n<script type=\"application\/ld+json\" class=\"yoast-schema-graph\">{\"@context\":\"https:\/\/schema.org\",\"@graph\":[{\"@type\":\"WebPage\",\"@id\":\"https:\/\/naturalpar.hu\/gabonafelek-lisztek-es-kemenyitok-kezelese\/\",\"url\":\"https:\/\/naturalpar.hu\/gabonafelek-lisztek-es-kemenyitok-kezelese\/\",\"name\":\"Gabonaf\u00e9l\u00e9k, Lisztek \u00e9s Kem\u00e9ny\u00edt\u0151k Kezel\u00e9se - Naturalp\u00e1r\",\"isPartOf\":{\"@id\":\"https:\/\/naturalpar.hu\/#website\"},\"primaryImageOfPage\":{\"@id\":\"https:\/\/naturalpar.hu\/gabonafelek-lisztek-es-kemenyitok-kezelese\/#primaryimage\"},\"image\":{\"@id\":\"https:\/\/naturalpar.hu\/gabonafelek-lisztek-es-kemenyitok-kezelese\/#primaryimage\"},\"thumbnailUrl\":\"https:\/\/naturalpar.hu\/wp-content\/uploads\/2025\/08\/Naturalpar-Thumbnail.jpg\",\"datePublished\":\"2025-08-24T19:28:51+00:00\",\"dateModified\":\"2025-09-01T19:59:13+00:00\",\"description\":\"Innovat\u00edv H\u0151kezel\u00e9si Technol\u00f3gia Gabonaf\u00e9l\u00e9k \u00e9s Lisztek Sz\u00e1m\u00e1ra. Gabonaf\u00e9l\u00e9k, Lisztek \u00e9s Kem\u00e9ny\u00edt\u0151k Kezel\u00e9se, Prec\u00edz \u00e9s Automatiz\u00e1lt Feldolgoz\u00e1s.\",\"breadcrumb\":{\"@id\":\"https:\/\/naturalpar.hu\/gabonafelek-lisztek-es-kemenyitok-kezelese\/#breadcrumb\"},\"inLanguage\":\"de\",\"potentialAction\":[{\"@type\":\"ReadAction\",\"target\":[\"https:\/\/naturalpar.hu\/gabonafelek-lisztek-es-kemenyitok-kezelese\/\"]}]},{\"@type\":\"ImageObject\",\"inLanguage\":\"de\",\"@id\":\"https:\/\/naturalpar.hu\/gabonafelek-lisztek-es-kemenyitok-kezelese\/#primaryimage\",\"url\":\"https:\/\/naturalpar.hu\/wp-content\/uploads\/2025\/08\/Naturalpar-Thumbnail.jpg\",\"contentUrl\":\"https:\/\/naturalpar.hu\/wp-content\/uploads\/2025\/08\/Naturalpar-Thumbnail.jpg\",\"width\":1280,\"height\":720,\"caption\":\"Naturalpar-Thumbnail\"},{\"@type\":\"BreadcrumbList\",\"@id\":\"https:\/\/naturalpar.hu\/gabonafelek-lisztek-es-kemenyitok-kezelese\/#breadcrumb\",\"itemListElement\":[{\"@type\":\"ListItem\",\"position\":1,\"name\":\"Kezd\u0151lap\",\"item\":\"https:\/\/naturalpar.hu\/\"},{\"@type\":\"ListItem\",\"position\":2,\"name\":\"Gabonaf\u00e9l\u00e9k, Lisztek \u00e9s Kem\u00e9ny\u00edt\u0151k Kezel\u00e9se\"}]},{\"@type\":\"WebSite\",\"@id\":\"https:\/\/naturalpar.hu\/#website\",\"url\":\"https:\/\/naturalpar.hu\/\",\"name\":\"Naturalp\u00e1r\",\"description\":\"H\u0151kezel\u00e9s, Steriliz\u00e1l\u00e1s, P\u00f6rk\u00f6l\u00e9s Egyszer\u0171en\",\"publisher\":{\"@id\":\"https:\/\/naturalpar.hu\/#organization\"},\"potentialAction\":[{\"@type\":\"SearchAction\",\"target\":{\"@type\":\"EntryPoint\",\"urlTemplate\":\"https:\/\/naturalpar.hu\/?s={search_term_string}\"},\"query-input\":{\"@type\":\"PropertyValueSpecification\",\"valueRequired\":true,\"valueName\":\"search_term_string\"}}],\"inLanguage\":\"de\"},{\"@type\":\"Organization\",\"@id\":\"https:\/\/naturalpar.hu\/#organization\",\"name\":\"Naturalp\u00e1r Kft.\",\"url\":\"https:\/\/naturalpar.hu\/\",\"logo\":{\"@type\":\"ImageObject\",\"inLanguage\":\"de\",\"@id\":\"https:\/\/naturalpar.hu\/#\/schema\/logo\/image\/\",\"url\":\"https:\/\/naturalpar.hu\/wp-content\/uploads\/2025\/08\/cropped-Naturalpar-logo-300dpi-rgb-scaled-1.png\",\"contentUrl\":\"https:\/\/naturalpar.hu\/wp-content\/uploads\/2025\/08\/cropped-Naturalpar-logo-300dpi-rgb-scaled-1.png\",\"width\":512,\"height\":512,\"caption\":\"Naturalp\u00e1r Kft.\"},\"image\":{\"@id\":\"https:\/\/naturalpar.hu\/#\/schema\/logo\/image\/\"},\"sameAs\":[\"https:\/\/www.facebook.com\/naturalpar\"]}]}<\/script>\n<!-- \/ Yoast SEO plugin. -->","yoast_head_json":{"title":"Behandlung von Getreiden, Mehlen und St\u00e4rken - Naturalp\u00e1r","description":"Behandelbare Produkte: Saatgut (Sonnenblumenkerne, Sesam, Leinsamen, K\u00fcrbiskerne), Getreide (Gerste, Malz, Hafer, Roggen, Mais), Kleie und Keime, Mehl und St\u00e4rken","robots":{"index":"index","follow":"follow","max-snippet":"max-snippet:-1","max-image-preview":"max-image-preview:large","max-video-preview":"max-video-preview:-1"},"canonical":"https:\/\/naturalpar.hu\/de\/behandlung-von-getreiden-mehlen-und-starken\/","og_locale":"de_DE","og_type":"article","og_title":"Gabonaf\u00e9l\u00e9k, Lisztek \u00e9s Kem\u00e9ny\u00edt\u0151k Kezel\u00e9se - Naturalp\u00e1r","og_description":"Innovat\u00edv H\u0151kezel\u00e9si Technol\u00f3gia Gabonaf\u00e9l\u00e9k \u00e9s Lisztek Sz\u00e1m\u00e1ra. Gabonaf\u00e9l\u00e9k, Lisztek \u00e9s Kem\u00e9ny\u00edt\u0151k Kezel\u00e9se, Prec\u00edz \u00e9s Automatiz\u00e1lt Feldolgoz\u00e1s.","og_url":"https:\/\/naturalpar.hu\/de\/behandlung-von-getreiden-mehlen-und-starken\/","og_site_name":"Naturalp\u00e1r","article_publisher":"https:\/\/www.facebook.com\/naturalpar","article_modified_time":"2025-09-01T19:59:13+00:00","og_image":[{"width":1280,"height":720,"url":"https:\/\/naturalpar.hu\/wp-content\/uploads\/2025\/08\/Naturalpar-Thumbnail.jpg","type":"image\/jpeg"}],"twitter_card":"summary_large_image","twitter_misc":{"Gesch\u00e4tzte Lesezeit":"3\u00a0Minuten"},"schema":{"@context":"https:\/\/schema.org","@graph":[{"@type":"WebPage","@id":"https:\/\/naturalpar.hu\/gabonafelek-lisztek-es-kemenyitok-kezelese\/","url":"https:\/\/naturalpar.hu\/gabonafelek-lisztek-es-kemenyitok-kezelese\/","name":"Behandlung von Getreiden, Mehlen und St\u00e4rken - Naturalp\u00e1r","isPartOf":{"@id":"https:\/\/naturalpar.hu\/#website"},"primaryImageOfPage":{"@id":"https:\/\/naturalpar.hu\/gabonafelek-lisztek-es-kemenyitok-kezelese\/#primaryimage"},"image":{"@id":"https:\/\/naturalpar.hu\/gabonafelek-lisztek-es-kemenyitok-kezelese\/#primaryimage"},"thumbnailUrl":"https:\/\/naturalpar.hu\/wp-content\/uploads\/2025\/08\/Naturalpar-Thumbnail.jpg","datePublished":"2025-08-24T19:28:51+00:00","dateModified":"2025-09-01T19:59:13+00:00","description":"Behandelbare Produkte: Saatgut (Sonnenblumenkerne, Sesam, Leinsamen, K\u00fcrbiskerne), Getreide (Gerste, Malz, Hafer, Roggen, Mais), Kleie und Keime, Mehl und St\u00e4rken","breadcrumb":{"@id":"https:\/\/naturalpar.hu\/gabonafelek-lisztek-es-kemenyitok-kezelese\/#breadcrumb"},"inLanguage":"de","potentialAction":[{"@type":"ReadAction","target":["https:\/\/naturalpar.hu\/gabonafelek-lisztek-es-kemenyitok-kezelese\/"]}]},{"@type":"ImageObject","inLanguage":"de","@id":"https:\/\/naturalpar.hu\/gabonafelek-lisztek-es-kemenyitok-kezelese\/#primaryimage","url":"https:\/\/naturalpar.hu\/wp-content\/uploads\/2025\/08\/Naturalpar-Thumbnail.jpg","contentUrl":"https:\/\/naturalpar.hu\/wp-content\/uploads\/2025\/08\/Naturalpar-Thumbnail.jpg","width":1280,"height":720,"caption":"Naturalpar-Thumbnail"},{"@type":"BreadcrumbList","@id":"https:\/\/naturalpar.hu\/gabonafelek-lisztek-es-kemenyitok-kezelese\/#breadcrumb","itemListElement":[{"@type":"ListItem","position":1,"name":"Kezd\u0151lap","item":"https:\/\/naturalpar.hu\/"},{"@type":"ListItem","position":2,"name":"Gabonaf\u00e9l\u00e9k, Lisztek \u00e9s Kem\u00e9ny\u00edt\u0151k Kezel\u00e9se"}]},{"@type":"WebSite","@id":"https:\/\/naturalpar.hu\/#website","url":"https:\/\/naturalpar.hu\/","name":"Naturalp\u00e1r","description":"Hitzebehandlung, Sterilisation, R\u00f6sten \u2013 einfach gemacht","publisher":{"@id":"https:\/\/naturalpar.hu\/#organization"},"potentialAction":[{"@type":"SearchAction","target":{"@type":"EntryPoint","urlTemplate":"https:\/\/naturalpar.hu\/?s={search_term_string}"},"query-input":{"@type":"PropertyValueSpecification","valueRequired":true,"valueName":"search_term_string"}}],"inLanguage":"de"},{"@type":"Organization","@id":"https:\/\/naturalpar.hu\/#organization","name":"Naturalp\u00e1r Kft.","url":"https:\/\/naturalpar.hu\/","logo":{"@type":"ImageObject","inLanguage":"de","@id":"https:\/\/naturalpar.hu\/#\/schema\/logo\/image\/","url":"https:\/\/naturalpar.hu\/wp-content\/uploads\/2025\/08\/cropped-Naturalpar-logo-300dpi-rgb-scaled-1.png","contentUrl":"https:\/\/naturalpar.hu\/wp-content\/uploads\/2025\/08\/cropped-Naturalpar-logo-300dpi-rgb-scaled-1.png","width":512,"height":512,"caption":"Naturalp\u00e1r Kft."},"image":{"@id":"https:\/\/naturalpar.hu\/#\/schema\/logo\/image\/"},"sameAs":["https:\/\/www.facebook.com\/naturalpar"]}]}},"_links":{"self":[{"href":"https:\/\/naturalpar.hu\/de\/wp-json\/wp\/v2\/pages\/687","targetHints":{"allow":["GET"]}}],"collection":[{"href":"https:\/\/naturalpar.hu\/de\/wp-json\/wp\/v2\/pages"}],"about":[{"href":"https:\/\/naturalpar.hu\/de\/wp-json\/wp\/v2\/types\/page"}],"author":[{"embeddable":true,"href":"https:\/\/naturalpar.hu\/de\/wp-json\/wp\/v2\/users\/1"}],"replies":[{"embeddable":true,"href":"https:\/\/naturalpar.hu\/de\/wp-json\/wp\/v2\/comments?post=687"}],"version-history":[{"count":4,"href":"https:\/\/naturalpar.hu\/de\/wp-json\/wp\/v2\/pages\/687\/revisions"}],"predecessor-version":[{"id":827,"href":"https:\/\/naturalpar.hu\/de\/wp-json\/wp\/v2\/pages\/687\/revisions\/827"}],"wp:featuredmedia":[{"embeddable":true,"href":"https:\/\/naturalpar.hu\/de\/wp-json\/wp\/v2\/media\/924"}],"wp:attachment":[{"href":"https:\/\/naturalpar.hu\/de\/wp-json\/wp\/v2\/media?parent=687"}],"curies":[{"name":"wp","href":"https:\/\/api.w.org\/{rel}","templated":true}]}}