{"id":688,"date":"2025-08-24T21:29:01","date_gmt":"2025-08-24T19:29:01","guid":{"rendered":"https:\/\/naturalpar.hu\/?page_id=688"},"modified":"2025-09-01T21:58:57","modified_gmt":"2025-09-01T19:58:57","slug":"verarbeitung-und-verkauf-von-paprikagewurz","status":"publish","type":"page","link":"https:\/\/naturalpar.hu\/de\/verarbeitung-und-verkauf-von-paprikagewurz\/","title":{"rendered":"Verarbeitung und Verkauf von Paprikagew\u00fcrz"},"content":{"rendered":"<div data-elementor-type=\"wp-page\" data-elementor-id=\"688\" class=\"elementor elementor-688\" data-elementor-post-type=\"page\">\n\t\t\t\t<div class=\"elementor-element elementor-element-bce57b5 e-flex e-con-boxed e-con e-parent\" data-id=\"bce57b5\" data-element_type=\"container\">\n\t\t\t\t\t<div class=\"e-con-inner\">\n\t\t<div class=\"elementor-element elementor-element-f89348b e-con-full e-flex e-con e-child\" data-id=\"f89348b\" data-element_type=\"container\">\n\t\t\t\t<div class=\"elementor-element elementor-element-deff413 elementor-widget elementor-widget-heading\" data-id=\"deff413\" data-element_type=\"widget\" data-widget_type=\"heading.default\">\n\t\t\t\t\t<span class=\"elementor-heading-title elementor-size-default\">Verarbeitung und Verkauf von Paprikagew\u00fcrz<\/span>\t\t\t\t<\/div>\n\t\t\t\t<div class=\"elementor-element elementor-element-3666f02 elementor-widget elementor-widget-heading\" data-id=\"3666f02\" data-element_type=\"widget\" data-widget_type=\"heading.default\">\n\t\t\t\t\t<h1 class=\"elementor-heading-title elementor-size-default\">Hochwertiges Paprikapulver Direkt vom Hersteller<\/h1>\t\t\t\t<\/div>\n\t\t\t\t<div class=\"elementor-element elementor-element-f607b43 elementor-widget elementor-widget-text-editor\" data-id=\"f607b43\" data-element_type=\"widget\" data-widget_type=\"text-editor.default\">\n\t\t\t\t\t\t\t\t\t<p>Naturalp\u00e1r bietet mit jahrzehntelanger Erfahrung hochwertiges Paprikapulver an, das Du direkt aus unserem Werk bestellen kannst. Die verschiedenen Qualit\u00e4tskategorien und Verpackungsoptionen erm\u00f6glichen es sowohl Einzel- als auch Gro\u00dfh\u00e4ndlern, das f\u00fcr sie \nideale Produkt zu finden.<\/p>\t\t\t\t\t\t\t\t<\/div>\n\t\t\t\t<div class=\"elementor-element elementor-element-69bfcd5 elementor-widget elementor-widget-button\" data-id=\"69bfcd5\" data-element_type=\"widget\" data-widget_type=\"button.default\">\n\t\t\t\t\t\t\t\t\t\t<a class=\"elementor-button elementor-button-link elementor-size-sm\" href=\"https:\/\/naturalpar.hu\/de\/kontakt\/\">\n\t\t\t\t\t\t<span class=\"elementor-button-content-wrapper\">\n\t\t\t\t\t\t<span class=\"elementor-button-icon\">\n\t\t\t\t<svg aria-hidden=\"true\" class=\"e-font-icon-svg e-fas-chevron-right\" viewbox=\"0 0 320 512\" xmlns=\"http:\/\/www.w3.org\/2000\/svg\"><path d=\"M285.476 272.971L91.132 467.314c-9.373 9.373-24.569 9.373-33.941 0l-22.667-22.667c-9.357-9.357-9.375-24.522-.04-33.901L188.505 256 34.484 101.255c-9.335-9.379-9.317-24.544.04-33.901l22.667-22.667c9.373-9.373 24.569-9.373 33.941 0L285.475 239.03c9.373 9.372 9.373 24.568.001 33.941z\"><\/path><\/svg>\t\t\t<\/span>\n\t\t\t\t\t\t\t\t\t<span class=\"elementor-button-text\">Angebotsanfrage<\/span>\n\t\t\t\t\t<\/span>\n\t\t\t\t\t<\/a>\n\t\t\t\t\t\t\t\t<\/div>\n\t\t\t\t<\/div>\n\t\t<div class=\"elementor-element elementor-element-15283d1 e-con-full e-flex e-con e-child\" data-id=\"15283d1\" data-element_type=\"container\">\n\t\t\t\t<div class=\"elementor-element elementor-element-d0ed295 elementor-widget elementor-widget-image\" data-id=\"d0ed295\" data-element_type=\"widget\" data-widget_type=\"image.default\">\n\t\t\t\t\t\t\t\t\t\t\t\t\t\t\t<img fetchpriority=\"high\" decoding=\"async\" width=\"1800\" height=\"1275\" src=\"https:\/\/naturalpar.hu\/wp-content\/uploads\/2025\/08\/Termek-vegyes.jpg\" class=\"attachment-full size-full wp-image-817\" alt=\"\" srcset=\"https:\/\/naturalpar.hu\/wp-content\/uploads\/2025\/08\/Termek-vegyes.jpg 1800w, https:\/\/naturalpar.hu\/wp-content\/uploads\/2025\/08\/Termek-vegyes-700x496.jpg 700w, https:\/\/naturalpar.hu\/wp-content\/uploads\/2025\/08\/Termek-vegyes-1024x725.jpg 1024w, https:\/\/naturalpar.hu\/wp-content\/uploads\/2025\/08\/Termek-vegyes-768x544.jpg 768w, https:\/\/naturalpar.hu\/wp-content\/uploads\/2025\/08\/Termek-vegyes-1536x1088.jpg 1536w\" sizes=\"(max-width: 1800px) 100vw, 1800px\" \/>\t\t\t\t\t\t\t\t\t\t\t\t\t\t\t<\/div>\n\t\t\t\t<\/div>\n\t\t\t\t\t<\/div>\n\t\t\t\t<\/div>\n\t\t<div class=\"elementor-element elementor-element-bd7b0e4 e-flex e-con-boxed e-con e-parent\" data-id=\"bd7b0e4\" data-element_type=\"container\">\n\t\t\t\t\t<div class=\"e-con-inner\">\n\t\t\t\t<div class=\"elementor-element elementor-element-2b0ec2a elementor-widget elementor-widget-heading\" data-id=\"2b0ec2a\" data-element_type=\"widget\" data-widget_type=\"heading.default\">\n\t\t\t\t\t<h2 class=\"elementor-heading-title elementor-size-default\">Warum solltest Du Paprikagew\u00fcrz von Naturalp\u00e1r w\u00e4hlen?<\/h2>\t\t\t\t<\/div>\n\t\t<div class=\"elementor-element elementor-element-6b362bf e-con-full e-flex e-con e-child\" data-id=\"6b362bf\" data-element_type=\"container\">\n\t\t<div class=\"elementor-element elementor-element-0e59f69 e-con-full e-flex e-con e-child\" data-id=\"0e59f69\" data-element_type=\"container\">\n\t\t\t\t<div class=\"elementor-element elementor-element-5517b66 elementor-position-left elementor-vertical-align-middle elementor-widget elementor-widget-image-box\" data-id=\"5517b66\" data-element_type=\"widget\" data-widget_type=\"image-box.default\">\n\t\t\t\t\t<div class=\"elementor-image-box-wrapper\"><figure class=\"elementor-image-box-img\"><img decoding=\"async\" src=\"https:\/\/naturalpar.hu\/wp-content\/uploads\/2025\/08\/biztonsag.svg\" class=\"attachment-full size-full wp-image-633\" alt=\"Sicherheit\" \/><\/figure><div class=\"elementor-image-box-content\"><span class=\"elementor-image-box-title\">Garantierte Qualit\u00e4t<\/span><\/div><\/div>\t\t\t\t<\/div>\n\t\t\t\t<div class=\"elementor-element elementor-element-6a39ee6 elementor-widget elementor-widget-text-editor\" data-id=\"6a39ee6\" data-element_type=\"widget\" data-widget_type=\"text-editor.default\">\n\t\t\t\t\t\t\t\t\t<p>Aus sorgf\u00e4ltig ausgew\u00e4hlten Rohstoffen, unter kontrollierten Verarbeitungsbedingungen.<\/p>\t\t\t\t\t\t\t\t<\/div>\n\t\t\t\t<\/div>\n\t\t<div class=\"elementor-element elementor-element-a7a5c33 e-con-full e-flex e-con e-child\" data-id=\"a7a5c33\" data-element_type=\"container\">\n\t\t\t\t<div class=\"elementor-element elementor-element-6b06194 elementor-position-left elementor-vertical-align-middle elementor-widget elementor-widget-image-box\" data-id=\"6b06194\" data-element_type=\"widget\" data-widget_type=\"image-box.default\">\n\t\t\t\t\t<div class=\"elementor-image-box-wrapper\"><figure class=\"elementor-image-box-img\"><img decoding=\"async\" src=\"https:\/\/naturalpar.hu\/wp-content\/uploads\/2025\/08\/termekek.svg\" class=\"attachment-full size-full wp-image-785\" alt=\"terme\u0301kek\" \/><\/figure><div class=\"elementor-image-box-content\"><span class=\"elementor-image-box-title\">Gro\u00dfe Auswahl<\/span><\/div><\/div>\t\t\t\t<\/div>\n\t\t\t\t<div class=\"elementor-element elementor-element-87ba649 elementor-widget elementor-widget-text-editor\" data-id=\"87ba649\" data-element_type=\"widget\" data-widget_type=\"text-editor.default\">\n\t\t\t\t\t\t\t\t\t<p>Verschiedene Qualit\u00e4tsklassen und Verpackungen.<\/p>\t\t\t\t\t\t\t\t<\/div>\n\t\t\t\t<\/div>\n\t\t<div class=\"elementor-element elementor-element-abe73fa e-con-full e-flex e-con e-child\" data-id=\"abe73fa\" data-element_type=\"container\">\n\t\t\t\t<div class=\"elementor-element elementor-element-bb12122 elementor-position-left elementor-vertical-align-middle elementor-widget elementor-widget-image-box\" data-id=\"bb12122\" data-element_type=\"widget\" data-widget_type=\"image-box.default\">\n\t\t\t\t\t<div class=\"elementor-image-box-wrapper\"><figure class=\"elementor-image-box-img\"><img decoding=\"async\" src=\"https:\/\/naturalpar.hu\/wp-content\/uploads\/2025\/08\/versenykepes-arak.svg\" class=\"attachment-full size-full wp-image-786\" alt=\"versenyke\u0301pes a\u0301rak\" \/><\/figure><div class=\"elementor-image-box-content\"><span class=\"elementor-image-box-title\">Wettbewerbsf\u00e4hige Preise<\/span><\/div><\/div>\t\t\t\t<\/div>\n\t\t\t\t<div class=\"elementor-element elementor-element-5ec2a69 elementor-widget elementor-widget-text-editor\" data-id=\"5ec2a69\" data-element_type=\"widget\" data-widget_type=\"text-editor.default\">\n\t\t\t\t\t\t\t\t\t<p>Direkt vom Hersteller, ohne unn\u00f6tige Zwischenh\u00e4ndler.<\/p>\t\t\t\t\t\t\t\t<\/div>\n\t\t\t\t<\/div>\n\t\t<div class=\"elementor-element elementor-element-7319592 e-con-full e-flex e-con e-child\" data-id=\"7319592\" data-element_type=\"container\">\n\t\t\t\t<div class=\"elementor-element elementor-element-13f74e7 elementor-position-left elementor-vertical-align-middle elementor-widget elementor-widget-image-box\" data-id=\"13f74e7\" data-element_type=\"widget\" data-widget_type=\"image-box.default\">\n\t\t\t\t\t<div class=\"elementor-image-box-wrapper\"><figure class=\"elementor-image-box-img\"><img decoding=\"async\" src=\"https:\/\/naturalpar.hu\/wp-content\/uploads\/2025\/08\/aroma.svg\" class=\"attachment-full size-full wp-image-760\" alt=\"Aroma\" \/><\/figure><div class=\"elementor-image-box-content\"><span class=\"elementor-image-box-title\">Langanhaltendes, intensives Aroma<\/span><\/div><\/div>\t\t\t\t<\/div>\n\t\t\t\t<div class=\"elementor-element elementor-element-7eaabe3 elementor-widget elementor-widget-text-editor\" data-id=\"7eaabe3\" data-element_type=\"widget\" data-widget_type=\"text-editor.default\">\n\t\t\t\t\t\t\t\t\t<p>Bewahrt den urspr\u00fcnglichen Geschmack und die Farbe des Paprikas.<\/p>\t\t\t\t\t\t\t\t<\/div>\n\t\t\t\t<\/div>\n\t\t\t\t<\/div>\n\t\t\t\t\t<\/div>\n\t\t\t\t<\/div>\n\t\t<div class=\"elementor-element elementor-element-73aa066 e-flex e-con-boxed e-con e-parent\" data-id=\"73aa066\" data-element_type=\"container\">\n\t\t\t\t\t<div class=\"e-con-inner\">\n\t\t\t\t<div class=\"elementor-element elementor-element-2b2c5ce elementor-widget__width-initial elementor-widget elementor-widget-heading\" data-id=\"2b2c5ce\" data-element_type=\"widget\" data-widget_type=\"heading.default\">\n\t\t\t\t\t<h2 class=\"elementor-heading-title elementor-size-default\">Paprikapulver in verschiedenen Qualit\u00e4ten und Verpackungen!<\/h2>\t\t\t\t<\/div>\n\t\t\t\t<div class=\"elementor-element elementor-element-09fb46a elementor-widget elementor-widget-gallery\" data-id=\"09fb46a\" data-element_type=\"widget\" data-settings=\"{&quot;columns&quot;:3,&quot;gap&quot;:{&quot;unit&quot;:&quot;px&quot;,&quot;size&quot;:24,&quot;sizes&quot;:[]},&quot;aspect_ratio&quot;:&quot;1:1&quot;,&quot;columns_tablet&quot;:3,&quot;columns_mobile&quot;:2,&quot;lazyload&quot;:&quot;yes&quot;,&quot;gallery_layout&quot;:&quot;grid&quot;,&quot;gap_laptop&quot;:{&quot;unit&quot;:&quot;px&quot;,&quot;size&quot;:10,&quot;sizes&quot;:[]},&quot;gap_tablet&quot;:{&quot;unit&quot;:&quot;px&quot;,&quot;size&quot;:10,&quot;sizes&quot;:[]},&quot;gap_mobile&quot;:{&quot;unit&quot;:&quot;px&quot;,&quot;size&quot;:10,&quot;sizes&quot;:[]},&quot;overlay_background&quot;:&quot;yes&quot;,&quot;content_hover_animation&quot;:&quot;fade-in&quot;}\" data-widget_type=\"gallery.default\">\n\t\t\t\t\t\t\t<div class=\"elementor-gallery__container\">\n\t\t\t\t\t\t\t<div class=\"e-gallery-item elementor-gallery-item elementor-animated-content\">\n\t\t\t\t\t<div class=\"e-gallery-image elementor-gallery-item__image\" data-thumbnail=\"https:\/\/naturalpar.hu\/wp-content\/uploads\/2025\/08\/Termek-dizscsomag.jpg\" data-width=\"1800\" data-height=\"1200\" aria-label=\"\" role=\"img\" ><\/div>\n\t\t\t\t\t\t\t\t\t\t\t<div class=\"elementor-gallery-item__overlay\"><\/div>\n\t\t\t\t\t\t\t\t\t\t\t\t\t\t<\/div>\n\t\t\t\t\t\t\t<div class=\"e-gallery-item elementor-gallery-item elementor-animated-content\">\n\t\t\t\t\t<div class=\"e-gallery-image elementor-gallery-item__image\" data-thumbnail=\"https:\/\/naturalpar.hu\/wp-content\/uploads\/2025\/08\/Termek-gepi-csomagolt.jpg\" data-width=\"1800\" data-height=\"1271\" aria-label=\"\" role=\"img\" ><\/div>\n\t\t\t\t\t\t\t\t\t\t\t<div class=\"elementor-gallery-item__overlay\"><\/div>\n\t\t\t\t\t\t\t\t\t\t\t\t\t\t<\/div>\n\t\t\t\t\t\t\t<div class=\"e-gallery-item elementor-gallery-item elementor-animated-content\">\n\t\t\t\t\t<div class=\"e-gallery-image elementor-gallery-item__image\" data-thumbnail=\"https:\/\/naturalpar.hu\/wp-content\/uploads\/2025\/08\/Termek-vegyes.jpg\" data-width=\"1800\" data-height=\"1275\" aria-label=\"\" role=\"img\" ><\/div>\n\t\t\t\t\t\t\t\t\t\t\t<div class=\"elementor-gallery-item__overlay\"><\/div>\n\t\t\t\t\t\t\t\t\t\t\t\t\t\t<\/div>\n\t\t\t\t\t<\/div>\n\t\t\t\t\t<\/div>\n\t\t\t\t\t<\/div>\n\t\t\t\t<\/div>\n\t\t<div class=\"elementor-element elementor-element-424d44f e-flex e-con-boxed e-con e-parent\" data-id=\"424d44f\" data-element_type=\"container\" data-settings=\"{&quot;background_background&quot;:&quot;classic&quot;}\">\n\t\t\t\t\t<div class=\"e-con-inner\">\n\t\t\t\t<div class=\"elementor-element elementor-element-eb9ec93 elementor-widget elementor-widget-heading\" data-id=\"eb9ec93\" data-element_type=\"widget\" data-widget_type=\"heading.default\">\n\t\t\t\t\t<h2 class=\"elementor-heading-title elementor-size-default\">Kontakt und Angebotsanfrage<\/h2>\t\t\t\t<\/div>\n\t\t\t\t<div class=\"elementor-element elementor-element-645d2f9 elementor-widget__width-initial elementor-widget elementor-widget-text-editor\" data-id=\"645d2f9\" data-element_type=\"widget\" data-widget_type=\"text-editor.default\">\n\t\t\t\t\t\t\t\t\t<p>Nimm Kontakt mit uns auf, wenn Du hochwertiges Paprikapulver in kleinen oder gro\u00dfen Mengen suchst!<br \/><strong>Fordere jetzt ein Angebot an und sichere dir Paprikagew\u00fcrz in bester Qualit\u00e4t!<\/strong><\/p>\t\t\t\t\t\t\t\t<\/div>\n\t\t\t\t<div class=\"elementor-element elementor-element-fc2a64e elementor-align-center elementor-widget elementor-widget-button\" data-id=\"fc2a64e\" data-element_type=\"widget\" data-widget_type=\"button.default\">\n\t\t\t\t\t\t\t\t\t\t<a class=\"elementor-button elementor-button-link elementor-size-sm\" href=\"https:\/\/naturalpar.hu\/de\/kontakt\/\">\n\t\t\t\t\t\t<span class=\"elementor-button-content-wrapper\">\n\t\t\t\t\t\t<span class=\"elementor-button-icon\">\n\t\t\t\t<svg aria-hidden=\"true\" class=\"e-font-icon-svg e-fas-chevron-right\" viewbox=\"0 0 320 512\" xmlns=\"http:\/\/www.w3.org\/2000\/svg\"><path d=\"M285.476 272.971L91.132 467.314c-9.373 9.373-24.569 9.373-33.941 0l-22.667-22.667c-9.357-9.357-9.375-24.522-.04-33.901L188.505 256 34.484 101.255c-9.335-9.379-9.317-24.544.04-33.901l22.667-22.667c9.373-9.373 24.569-9.373 33.941 0L285.475 239.03c9.373 9.372 9.373 24.568.001 33.941z\"><\/path><\/svg>\t\t\t<\/span>\n\t\t\t\t\t\t\t\t\t<span class=\"elementor-button-text\">Angebotsanfrage<\/span>\n\t\t\t\t\t<\/span>\n\t\t\t\t\t<\/a>\n\t\t\t\t\t\t\t\t<\/div>\n\t\t\t\t\t<\/div>\n\t\t\t\t<\/div>\n\t\t\t\t<\/div>","protected":false},"excerpt":{"rendered":"<p>F\u0171szerpaprika Feldolgoz\u00e1s \u00e9s \u00c9rt\u00e9kes\u00edt\u00e9s Min\u0151s\u00e9gi F\u0171szerpaprika \u0150rlem\u00e9ny K\u00f6zvetlen\u00fcl a Gy\u00e1rt\u00f3t\u00f3l A Naturalp\u00e1r t\u00f6bb \u00e9vtizedes tapasztalattal k\u00edn\u00e1l min\u0151s\u00e9gi f\u0171szerpaprika \u0151rlem\u00e9nyt, amelyet k\u00f6zvetlen\u00fcl \u00fczem\u00fcnkb\u0151l rendelhet meg. A k\u00fcl\u00f6nb\u00f6z\u0151 min\u0151s\u00e9gi kateg\u00f3ri\u00e1k \u00e9s kiszerel\u00e9si lehet\u0151s\u00e9gek lehet\u0151v\u00e9 teszik, hogy kis- \u00e9s nagykeresked\u0151k egyar\u00e1nt megtal\u00e1lj\u00e1k a sz\u00e1mukra ide\u00e1lis term\u00e9ket. aj\u00e1nlatk\u00e9r\u00e9s Mi\u00e9rt v\u00e1laszd a Naturalp\u00e1r f\u0171szerpaprik\u00e1t? Garant\u00e1lt min\u0151s\u00e9g Gondosan v\u00e1logatott alapanyagokb\u00f3l, ellen\u0151rz\u00f6tt [&hellip;]<\/p>","protected":false},"author":1,"featured_media":924,"parent":0,"menu_order":0,"comment_status":"closed","ping_status":"closed","template":"","meta":{"footnotes":""},"class_list":["post-688","page","type-page","status-publish","has-post-thumbnail","hentry"],"yoast_head":"<!-- This site is optimized with the Yoast SEO plugin v26.8 - https:\/\/yoast.com\/product\/yoast-seo-wordpress\/ -->\n<title>F\u0171szerpaprika Feldolgoz\u00e1s \u00e9s \u00c9rt\u00e9kes\u00edt\u00e9s - Naturalp\u00e1r<\/title>\n<meta name=\"description\" content=\"A Naturalp\u00e1r t\u00f6bb \u00e9vtizedes tapasztalattal k\u00edn\u00e1l min\u0151s\u00e9gi f\u0171szerpaprika \u0151rlem\u00e9nyt, amelyet k\u00f6zvetlen\u00fcl \u00fczem\u00fcnkb\u0151l rendelhet meg.\" \/>\n<meta name=\"robots\" content=\"index, follow, max-snippet:-1, max-image-preview:large, max-video-preview:-1\" \/>\n<link rel=\"canonical\" href=\"https:\/\/naturalpar.hu\/de\/verarbeitung-und-verkauf-von-paprikagewurz\/\" \/>\n<meta property=\"og:locale\" content=\"de_DE\" \/>\n<meta property=\"og:type\" content=\"article\" \/>\n<meta property=\"og:title\" content=\"F\u0171szerpaprika Feldolgoz\u00e1s \u00e9s \u00c9rt\u00e9kes\u00edt\u00e9s - Naturalp\u00e1r\" \/>\n<meta property=\"og:description\" content=\"A Naturalp\u00e1r t\u00f6bb \u00e9vtizedes tapasztalattal k\u00edn\u00e1l min\u0151s\u00e9gi f\u0171szerpaprika \u0151rlem\u00e9nyt, amelyet k\u00f6zvetlen\u00fcl \u00fczem\u00fcnkb\u0151l rendelhet meg.\" \/>\n<meta property=\"og:url\" content=\"https:\/\/naturalpar.hu\/de\/verarbeitung-und-verkauf-von-paprikagewurz\/\" \/>\n<meta property=\"og:site_name\" content=\"Naturalp\u00e1r\" \/>\n<meta property=\"article:publisher\" content=\"https:\/\/www.facebook.com\/naturalpar\" \/>\n<meta property=\"article:modified_time\" content=\"2025-09-01T19:58:57+00:00\" \/>\n<meta property=\"og:image\" content=\"https:\/\/naturalpar.hu\/wp-content\/uploads\/2025\/08\/Naturalpar-Thumbnail.jpg\" \/>\n\t<meta property=\"og:image:width\" content=\"1280\" \/>\n\t<meta property=\"og:image:height\" content=\"720\" \/>\n\t<meta property=\"og:image:type\" content=\"image\/jpeg\" \/>\n<meta name=\"twitter:card\" content=\"summary_large_image\" \/>\n<meta name=\"twitter:label1\" content=\"Gesch\u00e4tzte Lesezeit\" \/>\n\t<meta name=\"twitter:data1\" content=\"2\u00a0Minuten\" \/>\n<script type=\"application\/ld+json\" class=\"yoast-schema-graph\">{\"@context\":\"https:\/\/schema.org\",\"@graph\":[{\"@type\":\"WebPage\",\"@id\":\"https:\/\/naturalpar.hu\/fuszerpaprika-feldolgozas-es-ertekesites\/\",\"url\":\"https:\/\/naturalpar.hu\/fuszerpaprika-feldolgozas-es-ertekesites\/\",\"name\":\"F\u0171szerpaprika Feldolgoz\u00e1s \u00e9s \u00c9rt\u00e9kes\u00edt\u00e9s - Naturalp\u00e1r\",\"isPartOf\":{\"@id\":\"https:\/\/naturalpar.hu\/#website\"},\"primaryImageOfPage\":{\"@id\":\"https:\/\/naturalpar.hu\/fuszerpaprika-feldolgozas-es-ertekesites\/#primaryimage\"},\"image\":{\"@id\":\"https:\/\/naturalpar.hu\/fuszerpaprika-feldolgozas-es-ertekesites\/#primaryimage\"},\"thumbnailUrl\":\"https:\/\/naturalpar.hu\/wp-content\/uploads\/2025\/08\/Naturalpar-Thumbnail.jpg\",\"datePublished\":\"2025-08-24T19:29:01+00:00\",\"dateModified\":\"2025-09-01T19:58:57+00:00\",\"description\":\"A Naturalp\u00e1r t\u00f6bb \u00e9vtizedes tapasztalattal k\u00edn\u00e1l min\u0151s\u00e9gi f\u0171szerpaprika \u0151rlem\u00e9nyt, amelyet k\u00f6zvetlen\u00fcl \u00fczem\u00fcnkb\u0151l rendelhet meg.\",\"breadcrumb\":{\"@id\":\"https:\/\/naturalpar.hu\/fuszerpaprika-feldolgozas-es-ertekesites\/#breadcrumb\"},\"inLanguage\":\"de\",\"potentialAction\":[{\"@type\":\"ReadAction\",\"target\":[\"https:\/\/naturalpar.hu\/fuszerpaprika-feldolgozas-es-ertekesites\/\"]}]},{\"@type\":\"ImageObject\",\"inLanguage\":\"de\",\"@id\":\"https:\/\/naturalpar.hu\/fuszerpaprika-feldolgozas-es-ertekesites\/#primaryimage\",\"url\":\"https:\/\/naturalpar.hu\/wp-content\/uploads\/2025\/08\/Naturalpar-Thumbnail.jpg\",\"contentUrl\":\"https:\/\/naturalpar.hu\/wp-content\/uploads\/2025\/08\/Naturalpar-Thumbnail.jpg\",\"width\":1280,\"height\":720,\"caption\":\"Naturalpar-Thumbnail\"},{\"@type\":\"BreadcrumbList\",\"@id\":\"https:\/\/naturalpar.hu\/fuszerpaprika-feldolgozas-es-ertekesites\/#breadcrumb\",\"itemListElement\":[{\"@type\":\"ListItem\",\"position\":1,\"name\":\"Kezd\u0151lap\",\"item\":\"https:\/\/naturalpar.hu\/\"},{\"@type\":\"ListItem\",\"position\":2,\"name\":\"F\u0171szerpaprika Feldolgoz\u00e1s \u00e9s \u00c9rt\u00e9kes\u00edt\u00e9s\"}]},{\"@type\":\"WebSite\",\"@id\":\"https:\/\/naturalpar.hu\/#website\",\"url\":\"https:\/\/naturalpar.hu\/\",\"name\":\"Naturalp\u00e1r\",\"description\":\"H\u0151kezel\u00e9s, Steriliz\u00e1l\u00e1s, P\u00f6rk\u00f6l\u00e9s Egyszer\u0171en\",\"publisher\":{\"@id\":\"https:\/\/naturalpar.hu\/#organization\"},\"potentialAction\":[{\"@type\":\"SearchAction\",\"target\":{\"@type\":\"EntryPoint\",\"urlTemplate\":\"https:\/\/naturalpar.hu\/?s={search_term_string}\"},\"query-input\":{\"@type\":\"PropertyValueSpecification\",\"valueRequired\":true,\"valueName\":\"search_term_string\"}}],\"inLanguage\":\"de\"},{\"@type\":\"Organization\",\"@id\":\"https:\/\/naturalpar.hu\/#organization\",\"name\":\"Naturalp\u00e1r Kft.\",\"url\":\"https:\/\/naturalpar.hu\/\",\"logo\":{\"@type\":\"ImageObject\",\"inLanguage\":\"de\",\"@id\":\"https:\/\/naturalpar.hu\/#\/schema\/logo\/image\/\",\"url\":\"https:\/\/naturalpar.hu\/wp-content\/uploads\/2025\/08\/cropped-Naturalpar-logo-300dpi-rgb-scaled-1.png\",\"contentUrl\":\"https:\/\/naturalpar.hu\/wp-content\/uploads\/2025\/08\/cropped-Naturalpar-logo-300dpi-rgb-scaled-1.png\",\"width\":512,\"height\":512,\"caption\":\"Naturalp\u00e1r Kft.\"},\"image\":{\"@id\":\"https:\/\/naturalpar.hu\/#\/schema\/logo\/image\/\"},\"sameAs\":[\"https:\/\/www.facebook.com\/naturalpar\"]}]}<\/script>\n<!-- \/ Yoast SEO plugin. -->","yoast_head_json":{"title":"Verarbeitung und Verkauf von Paprikagew\u00fcrz - Naturalp\u00e1r","description":"Naturalp\u00e1r bietet mit jahrzehntelanger Erfahrung hochwertiges Paprikapulver an, das Du direkt aus unserem Werk bestellen kannst.","robots":{"index":"index","follow":"follow","max-snippet":"max-snippet:-1","max-image-preview":"max-image-preview:large","max-video-preview":"max-video-preview:-1"},"canonical":"https:\/\/naturalpar.hu\/de\/verarbeitung-und-verkauf-von-paprikagewurz\/","og_locale":"de_DE","og_type":"article","og_title":"F\u0171szerpaprika Feldolgoz\u00e1s \u00e9s \u00c9rt\u00e9kes\u00edt\u00e9s - Naturalp\u00e1r","og_description":"A Naturalp\u00e1r t\u00f6bb \u00e9vtizedes tapasztalattal k\u00edn\u00e1l min\u0151s\u00e9gi f\u0171szerpaprika \u0151rlem\u00e9nyt, amelyet k\u00f6zvetlen\u00fcl \u00fczem\u00fcnkb\u0151l rendelhet meg.","og_url":"https:\/\/naturalpar.hu\/de\/verarbeitung-und-verkauf-von-paprikagewurz\/","og_site_name":"Naturalp\u00e1r","article_publisher":"https:\/\/www.facebook.com\/naturalpar","article_modified_time":"2025-09-01T19:58:57+00:00","og_image":[{"width":1280,"height":720,"url":"https:\/\/naturalpar.hu\/wp-content\/uploads\/2025\/08\/Naturalpar-Thumbnail.jpg","type":"image\/jpeg"}],"twitter_card":"summary_large_image","twitter_misc":{"Gesch\u00e4tzte Lesezeit":"2\u00a0Minuten"},"schema":{"@context":"https:\/\/schema.org","@graph":[{"@type":"WebPage","@id":"https:\/\/naturalpar.hu\/fuszerpaprika-feldolgozas-es-ertekesites\/","url":"https:\/\/naturalpar.hu\/fuszerpaprika-feldolgozas-es-ertekesites\/","name":"Verarbeitung und Verkauf von Paprikagew\u00fcrz - Naturalp\u00e1r","isPartOf":{"@id":"https:\/\/naturalpar.hu\/#website"},"primaryImageOfPage":{"@id":"https:\/\/naturalpar.hu\/fuszerpaprika-feldolgozas-es-ertekesites\/#primaryimage"},"image":{"@id":"https:\/\/naturalpar.hu\/fuszerpaprika-feldolgozas-es-ertekesites\/#primaryimage"},"thumbnailUrl":"https:\/\/naturalpar.hu\/wp-content\/uploads\/2025\/08\/Naturalpar-Thumbnail.jpg","datePublished":"2025-08-24T19:29:01+00:00","dateModified":"2025-09-01T19:58:57+00:00","description":"Naturalp\u00e1r bietet mit jahrzehntelanger Erfahrung hochwertiges Paprikapulver an, das Du direkt aus unserem Werk bestellen kannst.","breadcrumb":{"@id":"https:\/\/naturalpar.hu\/fuszerpaprika-feldolgozas-es-ertekesites\/#breadcrumb"},"inLanguage":"de","potentialAction":[{"@type":"ReadAction","target":["https:\/\/naturalpar.hu\/fuszerpaprika-feldolgozas-es-ertekesites\/"]}]},{"@type":"ImageObject","inLanguage":"de","@id":"https:\/\/naturalpar.hu\/fuszerpaprika-feldolgozas-es-ertekesites\/#primaryimage","url":"https:\/\/naturalpar.hu\/wp-content\/uploads\/2025\/08\/Naturalpar-Thumbnail.jpg","contentUrl":"https:\/\/naturalpar.hu\/wp-content\/uploads\/2025\/08\/Naturalpar-Thumbnail.jpg","width":1280,"height":720,"caption":"Naturalpar-Thumbnail"},{"@type":"BreadcrumbList","@id":"https:\/\/naturalpar.hu\/fuszerpaprika-feldolgozas-es-ertekesites\/#breadcrumb","itemListElement":[{"@type":"ListItem","position":1,"name":"Kezd\u0151lap","item":"https:\/\/naturalpar.hu\/"},{"@type":"ListItem","position":2,"name":"F\u0171szerpaprika Feldolgoz\u00e1s \u00e9s \u00c9rt\u00e9kes\u00edt\u00e9s"}]},{"@type":"WebSite","@id":"https:\/\/naturalpar.hu\/#website","url":"https:\/\/naturalpar.hu\/","name":"Naturalp\u00e1r","description":"Hitzebehandlung, Sterilisation, R\u00f6sten \u2013 einfach gemacht","publisher":{"@id":"https:\/\/naturalpar.hu\/#organization"},"potentialAction":[{"@type":"SearchAction","target":{"@type":"EntryPoint","urlTemplate":"https:\/\/naturalpar.hu\/?s={search_term_string}"},"query-input":{"@type":"PropertyValueSpecification","valueRequired":true,"valueName":"search_term_string"}}],"inLanguage":"de"},{"@type":"Organization","@id":"https:\/\/naturalpar.hu\/#organization","name":"Naturalp\u00e1r Kft.","url":"https:\/\/naturalpar.hu\/","logo":{"@type":"ImageObject","inLanguage":"de","@id":"https:\/\/naturalpar.hu\/#\/schema\/logo\/image\/","url":"https:\/\/naturalpar.hu\/wp-content\/uploads\/2025\/08\/cropped-Naturalpar-logo-300dpi-rgb-scaled-1.png","contentUrl":"https:\/\/naturalpar.hu\/wp-content\/uploads\/2025\/08\/cropped-Naturalpar-logo-300dpi-rgb-scaled-1.png","width":512,"height":512,"caption":"Naturalp\u00e1r Kft."},"image":{"@id":"https:\/\/naturalpar.hu\/#\/schema\/logo\/image\/"},"sameAs":["https:\/\/www.facebook.com\/naturalpar"]}]}},"_links":{"self":[{"href":"https:\/\/naturalpar.hu\/de\/wp-json\/wp\/v2\/pages\/688","targetHints":{"allow":["GET"]}}],"collection":[{"href":"https:\/\/naturalpar.hu\/de\/wp-json\/wp\/v2\/pages"}],"about":[{"href":"https:\/\/naturalpar.hu\/de\/wp-json\/wp\/v2\/types\/page"}],"author":[{"embeddable":true,"href":"https:\/\/naturalpar.hu\/de\/wp-json\/wp\/v2\/users\/1"}],"replies":[{"embeddable":true,"href":"https:\/\/naturalpar.hu\/de\/wp-json\/wp\/v2\/comments?post=688"}],"version-history":[{"count":4,"href":"https:\/\/naturalpar.hu\/de\/wp-json\/wp\/v2\/pages\/688\/revisions"}],"predecessor-version":[{"id":822,"href":"https:\/\/naturalpar.hu\/de\/wp-json\/wp\/v2\/pages\/688\/revisions\/822"}],"wp:featuredmedia":[{"embeddable":true,"href":"https:\/\/naturalpar.hu\/de\/wp-json\/wp\/v2\/media\/924"}],"wp:attachment":[{"href":"https:\/\/naturalpar.hu\/de\/wp-json\/wp\/v2\/media?parent=688"}],"curies":[{"name":"wp","href":"https:\/\/api.w.org\/{rel}","templated":true}]}}