{"id":695,"date":"2025-08-24T21:29:53","date_gmt":"2025-08-24T19:29:53","guid":{"rendered":"https:\/\/naturalpar.hu\/?page_id=695"},"modified":"2025-09-01T21:55:56","modified_gmt":"2025-09-01T19:55:56","slug":"rosten-und-hitzebehandlung-von-biomasse","status":"publish","type":"page","link":"https:\/\/naturalpar.hu\/de\/rosten-und-hitzebehandlung-von-biomasse\/","title":{"rendered":"Biomassza P\u00f6rk\u00f6l\u00e9se \u00e9s H\u0151kezel\u00e9se"},"content":{"rendered":"<div data-elementor-type=\"wp-page\" data-elementor-id=\"695\" class=\"elementor elementor-695\" data-elementor-post-type=\"page\">\n\t\t\t\t<div class=\"elementor-element elementor-element-03d0cbf e-flex e-con-boxed e-con e-parent\" data-id=\"03d0cbf\" data-element_type=\"container\">\n\t\t\t\t\t<div class=\"e-con-inner\">\n\t\t<div class=\"elementor-element elementor-element-9a6f66f e-con-full e-flex e-con e-child\" data-id=\"9a6f66f\" data-element_type=\"container\">\n\t\t\t\t<div class=\"elementor-element elementor-element-d603169 elementor-widget elementor-widget-heading\" data-id=\"d603169\" data-element_type=\"widget\" data-widget_type=\"heading.default\">\n\t\t\t\t\t<span class=\"elementor-heading-title elementor-size-default\">R\u00f6sten und Hitzebehandlung von Biomasse \u2013 Effiziente und Nachhaltige Technologie<\/span>\t\t\t\t<\/div>\n\t\t\t\t<div class=\"elementor-element elementor-element-e934b54 elementor-widget elementor-widget-heading\" data-id=\"e934b54\" data-element_type=\"widget\" data-widget_type=\"heading.default\">\n\t\t\t\t\t<h1 class=\"elementor-heading-title elementor-size-default\">Spezielle Hitzebehandlungstechnologie f\u00fcr die Verarbeitung von Biomasse<\/h1>\t\t\t\t<\/div>\n\t\t\t\t<div class=\"elementor-element elementor-element-fe5f638 elementor-widget elementor-widget-text-editor\" data-id=\"fe5f638\" data-element_type=\"widget\" data-widget_type=\"text-editor.default\">\n\t\t\t\t\t\t\t\t\t<p>Die REVTECH-Technologie von Naturalp\u00e1r erm\u00f6glicht das effiziente und nachhaltige R\u00f6sten oder die Pyrolyse eines breiten Spektrums an Biomasse. Die Kombination aus Vibrationsf\u00f6rderung, elektrisch impedanzgesteuert beheizte Edelstahlrohr-Oberfl\u00e4che und geringer Dampfeinwirkung sorgt f\u00fcr eine kontrollierte und gleichm\u00e4\u00dfige Verarbeitung.<\/p><p>Behandelbare Biomasseprodukte: Holz (Holzsp\u00e4ne, S\u00e4gemehl usw.), landwirtschaftliche Abf\u00e4lle, Stroh, Getreideabf\u00e4lle, Pellets, Barrique-Chips, sonstige biomassebasierte Materialien.<\/p>\t\t\t\t\t\t\t\t<\/div>\n\t\t\t\t<div class=\"elementor-element elementor-element-a4305d6 elementor-widget elementor-widget-button\" data-id=\"a4305d6\" data-element_type=\"widget\" data-widget_type=\"button.default\">\n\t\t\t\t\t\t\t\t\t\t<a class=\"elementor-button elementor-button-link elementor-size-sm\" href=\"https:\/\/naturalpar.hu\/de\/kontakt\/\">\n\t\t\t\t\t\t<span class=\"elementor-button-content-wrapper\">\n\t\t\t\t\t\t<span class=\"elementor-button-icon\">\n\t\t\t\t<svg aria-hidden=\"true\" class=\"e-font-icon-svg e-fas-chevron-right\" viewbox=\"0 0 320 512\" xmlns=\"http:\/\/www.w3.org\/2000\/svg\"><path d=\"M285.476 272.971L91.132 467.314c-9.373 9.373-24.569 9.373-33.941 0l-22.667-22.667c-9.357-9.357-9.375-24.522-.04-33.901L188.505 256 34.484 101.255c-9.335-9.379-9.317-24.544.04-33.901l22.667-22.667c9.373-9.373 24.569-9.373 33.941 0L285.475 239.03c9.373 9.372 9.373 24.568.001 33.941z\"><\/path><\/svg>\t\t\t<\/span>\n\t\t\t\t\t\t\t\t\t<span class=\"elementor-button-text\">Angebotsanfrage<\/span>\n\t\t\t\t\t<\/span>\n\t\t\t\t\t<\/a>\n\t\t\t\t\t\t\t\t<\/div>\n\t\t\t\t<\/div>\n\t\t<div class=\"elementor-element elementor-element-c40d393 e-con-full e-flex e-con e-child\" data-id=\"c40d393\" data-element_type=\"container\">\n\t\t\t\t<div class=\"elementor-element elementor-element-031c84c elementor-widget elementor-widget-image\" data-id=\"031c84c\" data-element_type=\"widget\" data-widget_type=\"image.default\">\n\t\t\t\t\t\t\t\t\t\t\t\t\t\t\t<img fetchpriority=\"high\" decoding=\"async\" width=\"1200\" height=\"800\" src=\"https:\/\/naturalpar.hu\/wp-content\/uploads\/2025\/08\/fahancs-1.jpg\" class=\"attachment-full size-full wp-image-778\" alt=\"\" srcset=\"https:\/\/naturalpar.hu\/wp-content\/uploads\/2025\/08\/fahancs-1.jpg 1200w, https:\/\/naturalpar.hu\/wp-content\/uploads\/2025\/08\/fahancs-1-700x467.jpg 700w, https:\/\/naturalpar.hu\/wp-content\/uploads\/2025\/08\/fahancs-1-1024x683.jpg 1024w, https:\/\/naturalpar.hu\/wp-content\/uploads\/2025\/08\/fahancs-1-768x512.jpg 768w\" sizes=\"(max-width: 1200px) 100vw, 1200px\" \/>\t\t\t\t\t\t\t\t\t\t\t\t\t\t\t<\/div>\n\t\t\t\t<\/div>\n\t\t\t\t\t<\/div>\n\t\t\t\t<\/div>\n\t\t<div class=\"elementor-element elementor-element-9e91cc0 e-flex e-con-boxed e-con e-parent\" data-id=\"9e91cc0\" data-element_type=\"container\">\n\t\t\t\t\t<div class=\"e-con-inner\">\n\t\t\t\t<div class=\"elementor-element elementor-element-fc1bdb1 elementor-widget elementor-widget-heading\" data-id=\"fc1bdb1\" data-element_type=\"widget\" data-widget_type=\"heading.default\">\n\t\t\t\t\t<h2 class=\"elementor-heading-title elementor-size-default\">Vorteile der Technologie<\/h2>\t\t\t\t<\/div>\n\t\t<div class=\"elementor-element elementor-element-5a8bd67 e-con-full e-flex e-con e-child\" data-id=\"5a8bd67\" data-element_type=\"container\">\n\t\t<div class=\"elementor-element elementor-element-83e8084 e-con-full e-flex e-con e-child\" data-id=\"83e8084\" data-element_type=\"container\">\n\t\t\t\t<div class=\"elementor-element elementor-element-402dbf3 elementor-position-left elementor-vertical-align-middle elementor-widget elementor-widget-image-box\" data-id=\"402dbf3\" data-element_type=\"widget\" data-widget_type=\"image-box.default\">\n\t\t\t\t\t<div class=\"elementor-image-box-wrapper\"><figure class=\"elementor-image-box-img\"><img decoding=\"async\" src=\"https:\/\/naturalpar.hu\/wp-content\/uploads\/2025\/08\/rugalmassag.svg\" class=\"attachment-full size-full wp-image-763\" alt=\"Flexibilit\u00e4t\" \/><\/figure><div class=\"elementor-image-box-content\"><span class=\"elementor-image-box-title\">Kontinuierliche und automatisierte Funktion<\/span><\/div><\/div>\t\t\t\t<\/div>\n\t\t\t\t<div class=\"elementor-element elementor-element-d15e582 elementor-widget elementor-widget-text-editor\" data-id=\"d15e582\" data-element_type=\"widget\" data-widget_type=\"text-editor.default\">\n\t\t\t\t\t\t\t\t\t<p>Verarbeitung gro\u00dfer Mengen Biomasse auf stabile und effiziente Weise.<\/p>\t\t\t\t\t\t\t\t<\/div>\n\t\t\t\t<\/div>\n\t\t<div class=\"elementor-element elementor-element-0025012 e-con-full e-flex e-con e-child\" data-id=\"0025012\" data-element_type=\"container\">\n\t\t\t\t<div class=\"elementor-element elementor-element-54b15f0 elementor-position-left elementor-vertical-align-middle elementor-widget elementor-widget-image-box\" data-id=\"54b15f0\" data-element_type=\"widget\" data-widget_type=\"image-box.default\">\n\t\t\t\t\t<div class=\"elementor-image-box-wrapper\"><figure class=\"elementor-image-box-img\"><img decoding=\"async\" src=\"https:\/\/naturalpar.hu\/wp-content\/uploads\/2025\/08\/Homersekletszabalyozas.svg\" class=\"attachment-full size-full wp-image-779\" alt=\"Temperaturkontrolle\" \/><\/figure><div class=\"elementor-image-box-content\"><span class=\"elementor-image-box-title\">Gleichm\u00e4\u00dfige Hitzebehandlung und R\u00f6sten<\/span><\/div><\/div>\t\t\t\t<\/div>\n\t\t\t\t<div class=\"elementor-element elementor-element-5e4bc21 elementor-widget elementor-widget-text-editor\" data-id=\"5e4bc21\" data-element_type=\"widget\" data-widget_type=\"text-editor.default\">\n\t\t\t\t\t\t\t\t\t<p>Die Vibrationstechnologie gew\u00e4hrleistet eine gleichm\u00e4\u00dfige Verarbeitung und ein homogenes Endergebnis.<\/p>\t\t\t\t\t\t\t\t<\/div>\n\t\t\t\t<\/div>\n\t\t<div class=\"elementor-element elementor-element-e67365d e-con-full e-flex e-con e-child\" data-id=\"e67365d\" data-element_type=\"container\">\n\t\t\t\t<div class=\"elementor-element elementor-element-df8366c elementor-position-left elementor-vertical-align-middle elementor-widget elementor-widget-image-box\" data-id=\"df8366c\" data-element_type=\"widget\" data-widget_type=\"image-box.default\">\n\t\t\t\t\t<div class=\"elementor-image-box-wrapper\"><figure class=\"elementor-image-box-img\"><img decoding=\"async\" src=\"https:\/\/naturalpar.hu\/wp-content\/uploads\/2025\/08\/szakertelem.svg\" class=\"attachment-full size-full wp-image-636\" alt=\"Sachverstand\" \/><\/figure><div class=\"elementor-image-box-content\"><span class=\"elementor-image-box-title\">Vielseitige Einsatzm\u00f6glichkeiten<\/span><\/div><\/div>\t\t\t\t<\/div>\n\t\t\t\t<div class=\"elementor-element elementor-element-cd5225e elementor-widget elementor-widget-text-editor\" data-id=\"cd5225e\" data-element_type=\"widget\" data-widget_type=\"text-editor.default\">\n\t\t\t\t\t\t\t\t\t<p>Geeignet f\u00fcr die Behandlung und Pyrolyse verschiedenster Biomasse-Rohstoffe.\nPr\u00e4zise Temperaturregelung<\/p>\t\t\t\t\t\t\t\t<\/div>\n\t\t\t\t<\/div>\n\t\t\t\t<\/div>\n\t\t<div class=\"elementor-element elementor-element-4181f6a e-con-full e-flex e-con e-child\" data-id=\"4181f6a\" data-element_type=\"container\">\n\t\t<div class=\"elementor-element elementor-element-c1b5209 e-con-full e-flex e-con e-child\" data-id=\"c1b5209\" data-element_type=\"container\">\n\t\t\t\t<div class=\"elementor-element elementor-element-f007fee elementor-position-left elementor-vertical-align-middle elementor-widget elementor-widget-image-box\" data-id=\"f007fee\" data-element_type=\"widget\" data-widget_type=\"image-box.default\">\n\t\t\t\t\t<div class=\"elementor-image-box-wrapper\"><figure class=\"elementor-image-box-img\"><img decoding=\"async\" src=\"https:\/\/naturalpar.hu\/wp-content\/uploads\/2025\/08\/biztonsag.svg\" class=\"attachment-full size-full wp-image-633\" alt=\"Sicherheit\" \/><\/figure><div class=\"elementor-image-box-content\"><span class=\"elementor-image-box-title\">Nachhaltige und energieeffiziente L\u00f6sung<\/span><\/div><\/div>\t\t\t\t<\/div>\n\t\t\t\t<div class=\"elementor-element elementor-element-c42643e elementor-widget elementor-widget-text-editor\" data-id=\"c42643e\" data-element_type=\"widget\" data-widget_type=\"text-editor.default\">\n\t\t\t\t\t\t\t\t\t<p>Reduziert die Kosten der Abfallbehandlung und verbessert die Verwertbarkeit der Biomasse.<\/p>\t\t\t\t\t\t\t\t<\/div>\n\t\t\t\t<\/div>\n\t\t<div class=\"elementor-element elementor-element-0c04487 e-con-full e-flex e-con e-child\" data-id=\"0c04487\" data-element_type=\"container\">\n\t\t\t\t<div class=\"elementor-element elementor-element-b613aef elementor-position-left elementor-vertical-align-middle elementor-widget elementor-widget-image-box\" data-id=\"b613aef\" data-element_type=\"widget\" data-widget_type=\"image-box.default\">\n\t\t\t\t\t<div class=\"elementor-image-box-wrapper\"><figure class=\"elementor-image-box-img\"><img decoding=\"async\" src=\"https:\/\/naturalpar.hu\/wp-content\/uploads\/2025\/08\/ora.svg\" class=\"attachment-full size-full wp-image-634\" alt=\"uhr\" \/><\/figure><div class=\"elementor-image-box-content\"><span class=\"elementor-image-box-title\">Pr\u00e4zise Temperaturregelung<\/span><\/div><\/div>\t\t\t\t<\/div>\n\t\t\t\t<div class=\"elementor-element elementor-element-d9318ac elementor-widget elementor-widget-text-editor\" data-id=\"d9318ac\" data-element_type=\"widget\" data-widget_type=\"text-editor.default\">\n\t\t\t\t\t\t\t\t\t<p>Sicherstellung optimaler Verarbeitungsbedingungen je nach Materialtyp.<\/p>\t\t\t\t\t\t\t\t<\/div>\n\t\t\t\t<\/div>\n\t\t\t\t<\/div>\n\t\t\t\t\t<\/div>\n\t\t\t\t<\/div>\n\t\t<div class=\"elementor-element elementor-element-14224ce e-flex e-con-boxed e-con e-parent\" data-id=\"14224ce\" data-element_type=\"container\" data-settings=\"{&quot;background_background&quot;:&quot;classic&quot;}\">\n\t\t\t\t\t<div class=\"e-con-inner\">\n\t\t\t\t<div class=\"elementor-element elementor-element-5b4e841 elementor-widget elementor-widget-heading\" data-id=\"5b4e841\" data-element_type=\"widget\" data-widget_type=\"heading.default\">\n\t\t\t\t\t<h2 class=\"elementor-heading-title elementor-size-default\">Kontakt und Angebotsanfrage<\/h2>\t\t\t\t<\/div>\n\t\t\t\t<div class=\"elementor-element elementor-element-bbb3e9e elementor-widget__width-initial elementor-widget elementor-widget-text-editor\" data-id=\"bbb3e9e\" data-element_type=\"widget\" data-widget_type=\"text-editor.default\">\n\t\t\t\t\t\t\t\t\t<p>Wenn Du eine zuverl\u00e4ssige und effiziente L\u00f6sung f\u00fcr das R\u00f6sten oder die Hitzebehandlung von Biomasse suchst, nimm Kontakt mit uns auf!<br \/><strong>Fordere jetzt ein Angebot an und nutze die nachhaltigen und energieeffizienten Vorteile der REVTECH-Technologie!<\/strong><\/p>\t\t\t\t\t\t\t\t<\/div>\n\t\t\t\t<div class=\"elementor-element elementor-element-c78c704 elementor-align-center elementor-widget elementor-widget-button\" data-id=\"c78c704\" data-element_type=\"widget\" data-widget_type=\"button.default\">\n\t\t\t\t\t\t\t\t\t\t<a class=\"elementor-button elementor-button-link elementor-size-sm\" href=\"https:\/\/naturalpar.hu\/de\/kontakt\/\">\n\t\t\t\t\t\t<span class=\"elementor-button-content-wrapper\">\n\t\t\t\t\t\t<span class=\"elementor-button-icon\">\n\t\t\t\t<svg aria-hidden=\"true\" class=\"e-font-icon-svg e-fas-chevron-right\" viewbox=\"0 0 320 512\" xmlns=\"http:\/\/www.w3.org\/2000\/svg\"><path d=\"M285.476 272.971L91.132 467.314c-9.373 9.373-24.569 9.373-33.941 0l-22.667-22.667c-9.357-9.357-9.375-24.522-.04-33.901L188.505 256 34.484 101.255c-9.335-9.379-9.317-24.544.04-33.901l22.667-22.667c9.373-9.373 24.569-9.373 33.941 0L285.475 239.03c9.373 9.372 9.373 24.568.001 33.941z\"><\/path><\/svg>\t\t\t<\/span>\n\t\t\t\t\t\t\t\t\t<span class=\"elementor-button-text\">Angebotsanfrage<\/span>\n\t\t\t\t\t<\/span>\n\t\t\t\t\t<\/a>\n\t\t\t\t\t\t\t\t<\/div>\n\t\t\t\t\t<\/div>\n\t\t\t\t<\/div>\n\t\t\t\t<\/div>","protected":false},"excerpt":{"rendered":"<p>Biomassza P\u00f6rk\u00f6l\u00e9se \u00e9s H\u0151kezel\u00e9se &#8211; Hat\u00e9kony \u00e9s Fenntarthat\u00f3 Technol\u00f3gia Speci\u00e1lis H\u0151kezel\u00e9si Technol\u00f3gia Biomassza Feldolgoz\u00e1s\u00e1ra A Naturalp\u00e1r REVTECH technol\u00f3gi\u00e1ja lehet\u0151v\u00e9 teszi a biomassza sz\u00e9les k\u00f6r\u00e9nek hat\u00e9kony \u00e9s fenntarthat\u00f3 p\u00f6rk\u00f6l\u00e9s\u00e9t vagy pirol\u00edzis\u00e9t. A vibr\u00e1ci\u00f3s sz\u00e1ll\u00edt\u00e1s, az elektromos impedanci\u00e1val f\u0171t\u00f6tt rozsdamentes cs\u0151fel\u00fclet \u00e9s a kis mennyis\u00e9g\u0171 g\u0151z kombin\u00e1ci\u00f3ja biztos\u00edtja a kontroll\u00e1lt \u00e9s egyenletes feldolgoz\u00e1st- Kezelhet\u0151 Biomassza Term\u00e9kek: Fa [&hellip;]<\/p>","protected":false},"author":1,"featured_media":924,"parent":0,"menu_order":0,"comment_status":"closed","ping_status":"closed","template":"","meta":{"footnotes":""},"class_list":["post-695","page","type-page","status-publish","has-post-thumbnail","hentry"],"yoast_head":"<!-- This site is optimized with the Yoast SEO plugin v26.8 - https:\/\/yoast.com\/product\/yoast-seo-wordpress\/ -->\n<title>Biomassza P\u00f6rk\u00f6l\u00e9se \u00e9s H\u0151kezel\u00e9se - Naturalp\u00e1r<\/title>\n<meta name=\"description\" content=\"A Naturalp\u00e1r REVTECH technol\u00f3gi\u00e1ja lehet\u0151v\u00e9 teszi a biomassza sz\u00e9les k\u00f6r\u00e9nek hat\u00e9kony \u00e9s fenntarthat\u00f3 p\u00f6rk\u00f6l\u00e9s\u00e9t vagy pirol\u00edzis\u00e9t.\" \/>\n<meta name=\"robots\" content=\"index, follow, max-snippet:-1, max-image-preview:large, max-video-preview:-1\" \/>\n<link rel=\"canonical\" href=\"https:\/\/naturalpar.hu\/de\/rosten-und-hitzebehandlung-von-biomasse\/\" \/>\n<meta property=\"og:locale\" content=\"de_DE\" \/>\n<meta property=\"og:type\" content=\"article\" \/>\n<meta property=\"og:title\" content=\"Biomassza P\u00f6rk\u00f6l\u00e9se \u00e9s H\u0151kezel\u00e9se - Naturalp\u00e1r\" \/>\n<meta property=\"og:description\" content=\"A Naturalp\u00e1r REVTECH technol\u00f3gi\u00e1ja lehet\u0151v\u00e9 teszi a biomassza sz\u00e9les k\u00f6r\u00e9nek hat\u00e9kony \u00e9s fenntarthat\u00f3 p\u00f6rk\u00f6l\u00e9s\u00e9t vagy pirol\u00edzis\u00e9t.\" \/>\n<meta property=\"og:url\" content=\"https:\/\/naturalpar.hu\/de\/rosten-und-hitzebehandlung-von-biomasse\/\" \/>\n<meta property=\"og:site_name\" content=\"Naturalp\u00e1r\" \/>\n<meta property=\"article:publisher\" content=\"https:\/\/www.facebook.com\/naturalpar\" \/>\n<meta property=\"article:modified_time\" content=\"2025-09-01T19:55:56+00:00\" \/>\n<meta property=\"og:image\" content=\"https:\/\/naturalpar.hu\/wp-content\/uploads\/2025\/08\/Naturalpar-Thumbnail.jpg\" \/>\n\t<meta property=\"og:image:width\" content=\"1280\" \/>\n\t<meta property=\"og:image:height\" content=\"720\" \/>\n\t<meta property=\"og:image:type\" content=\"image\/jpeg\" \/>\n<meta name=\"twitter:card\" content=\"summary_large_image\" \/>\n<meta name=\"twitter:label1\" content=\"Gesch\u00e4tzte Lesezeit\" \/>\n\t<meta name=\"twitter:data1\" content=\"3\u00a0Minuten\" \/>\n<script type=\"application\/ld+json\" class=\"yoast-schema-graph\">{\"@context\":\"https:\/\/schema.org\",\"@graph\":[{\"@type\":\"WebPage\",\"@id\":\"https:\/\/naturalpar.hu\/biomassza-porkolese-es-hokezelese\/\",\"url\":\"https:\/\/naturalpar.hu\/biomassza-porkolese-es-hokezelese\/\",\"name\":\"Biomassza P\u00f6rk\u00f6l\u00e9se \u00e9s H\u0151kezel\u00e9se - Naturalp\u00e1r\",\"isPartOf\":{\"@id\":\"https:\/\/naturalpar.hu\/#website\"},\"primaryImageOfPage\":{\"@id\":\"https:\/\/naturalpar.hu\/biomassza-porkolese-es-hokezelese\/#primaryimage\"},\"image\":{\"@id\":\"https:\/\/naturalpar.hu\/biomassza-porkolese-es-hokezelese\/#primaryimage\"},\"thumbnailUrl\":\"https:\/\/naturalpar.hu\/wp-content\/uploads\/2025\/08\/Naturalpar-Thumbnail.jpg\",\"datePublished\":\"2025-08-24T19:29:53+00:00\",\"dateModified\":\"2025-09-01T19:55:56+00:00\",\"description\":\"A Naturalp\u00e1r REVTECH technol\u00f3gi\u00e1ja lehet\u0151v\u00e9 teszi a biomassza sz\u00e9les k\u00f6r\u00e9nek hat\u00e9kony \u00e9s fenntarthat\u00f3 p\u00f6rk\u00f6l\u00e9s\u00e9t vagy pirol\u00edzis\u00e9t.\",\"breadcrumb\":{\"@id\":\"https:\/\/naturalpar.hu\/biomassza-porkolese-es-hokezelese\/#breadcrumb\"},\"inLanguage\":\"de\",\"potentialAction\":[{\"@type\":\"ReadAction\",\"target\":[\"https:\/\/naturalpar.hu\/biomassza-porkolese-es-hokezelese\/\"]}]},{\"@type\":\"ImageObject\",\"inLanguage\":\"de\",\"@id\":\"https:\/\/naturalpar.hu\/biomassza-porkolese-es-hokezelese\/#primaryimage\",\"url\":\"https:\/\/naturalpar.hu\/wp-content\/uploads\/2025\/08\/Naturalpar-Thumbnail.jpg\",\"contentUrl\":\"https:\/\/naturalpar.hu\/wp-content\/uploads\/2025\/08\/Naturalpar-Thumbnail.jpg\",\"width\":1280,\"height\":720,\"caption\":\"Naturalpar-Thumbnail\"},{\"@type\":\"BreadcrumbList\",\"@id\":\"https:\/\/naturalpar.hu\/biomassza-porkolese-es-hokezelese\/#breadcrumb\",\"itemListElement\":[{\"@type\":\"ListItem\",\"position\":1,\"name\":\"Kezd\u0151lap\",\"item\":\"https:\/\/naturalpar.hu\/\"},{\"@type\":\"ListItem\",\"position\":2,\"name\":\"Biomassza P\u00f6rk\u00f6l\u00e9se \u00e9s H\u0151kezel\u00e9se\"}]},{\"@type\":\"WebSite\",\"@id\":\"https:\/\/naturalpar.hu\/#website\",\"url\":\"https:\/\/naturalpar.hu\/\",\"name\":\"Naturalp\u00e1r\",\"description\":\"H\u0151kezel\u00e9s, Steriliz\u00e1l\u00e1s, P\u00f6rk\u00f6l\u00e9s Egyszer\u0171en\",\"publisher\":{\"@id\":\"https:\/\/naturalpar.hu\/#organization\"},\"potentialAction\":[{\"@type\":\"SearchAction\",\"target\":{\"@type\":\"EntryPoint\",\"urlTemplate\":\"https:\/\/naturalpar.hu\/?s={search_term_string}\"},\"query-input\":{\"@type\":\"PropertyValueSpecification\",\"valueRequired\":true,\"valueName\":\"search_term_string\"}}],\"inLanguage\":\"de\"},{\"@type\":\"Organization\",\"@id\":\"https:\/\/naturalpar.hu\/#organization\",\"name\":\"Naturalp\u00e1r Kft.\",\"url\":\"https:\/\/naturalpar.hu\/\",\"logo\":{\"@type\":\"ImageObject\",\"inLanguage\":\"de\",\"@id\":\"https:\/\/naturalpar.hu\/#\/schema\/logo\/image\/\",\"url\":\"https:\/\/naturalpar.hu\/wp-content\/uploads\/2025\/08\/cropped-Naturalpar-logo-300dpi-rgb-scaled-1.png\",\"contentUrl\":\"https:\/\/naturalpar.hu\/wp-content\/uploads\/2025\/08\/cropped-Naturalpar-logo-300dpi-rgb-scaled-1.png\",\"width\":512,\"height\":512,\"caption\":\"Naturalp\u00e1r Kft.\"},\"image\":{\"@id\":\"https:\/\/naturalpar.hu\/#\/schema\/logo\/image\/\"},\"sameAs\":[\"https:\/\/www.facebook.com\/naturalpar\"]}]}<\/script>\n<!-- \/ Yoast SEO plugin. -->","yoast_head_json":{"title":"R\u00f6sten und Hitzebehandlung von Biomasse - Naturalp\u00e1r","description":"Die REVTECH-Technologie von Naturalp\u00e1r erm\u00f6glicht das effiziente und nachhaltige R\u00f6sten oder die Pyrolyse eines breiten Spektrums an Biomasse.","robots":{"index":"index","follow":"follow","max-snippet":"max-snippet:-1","max-image-preview":"max-image-preview:large","max-video-preview":"max-video-preview:-1"},"canonical":"https:\/\/naturalpar.hu\/de\/rosten-und-hitzebehandlung-von-biomasse\/","og_locale":"de_DE","og_type":"article","og_title":"Biomassza P\u00f6rk\u00f6l\u00e9se \u00e9s H\u0151kezel\u00e9se - Naturalp\u00e1r","og_description":"A Naturalp\u00e1r REVTECH technol\u00f3gi\u00e1ja lehet\u0151v\u00e9 teszi a biomassza sz\u00e9les k\u00f6r\u00e9nek hat\u00e9kony \u00e9s fenntarthat\u00f3 p\u00f6rk\u00f6l\u00e9s\u00e9t vagy pirol\u00edzis\u00e9t.","og_url":"https:\/\/naturalpar.hu\/de\/rosten-und-hitzebehandlung-von-biomasse\/","og_site_name":"Naturalp\u00e1r","article_publisher":"https:\/\/www.facebook.com\/naturalpar","article_modified_time":"2025-09-01T19:55:56+00:00","og_image":[{"width":1280,"height":720,"url":"https:\/\/naturalpar.hu\/wp-content\/uploads\/2025\/08\/Naturalpar-Thumbnail.jpg","type":"image\/jpeg"}],"twitter_card":"summary_large_image","twitter_misc":{"Gesch\u00e4tzte Lesezeit":"3\u00a0Minuten"},"schema":{"@context":"https:\/\/schema.org","@graph":[{"@type":"WebPage","@id":"https:\/\/naturalpar.hu\/biomassza-porkolese-es-hokezelese\/","url":"https:\/\/naturalpar.hu\/biomassza-porkolese-es-hokezelese\/","name":"R\u00f6sten und Hitzebehandlung von Biomasse - Naturalp\u00e1r","isPartOf":{"@id":"https:\/\/naturalpar.hu\/#website"},"primaryImageOfPage":{"@id":"https:\/\/naturalpar.hu\/biomassza-porkolese-es-hokezelese\/#primaryimage"},"image":{"@id":"https:\/\/naturalpar.hu\/biomassza-porkolese-es-hokezelese\/#primaryimage"},"thumbnailUrl":"https:\/\/naturalpar.hu\/wp-content\/uploads\/2025\/08\/Naturalpar-Thumbnail.jpg","datePublished":"2025-08-24T19:29:53+00:00","dateModified":"2025-09-01T19:55:56+00:00","description":"Die REVTECH-Technologie von Naturalp\u00e1r erm\u00f6glicht das effiziente und nachhaltige R\u00f6sten oder die Pyrolyse eines breiten Spektrums an Biomasse.","breadcrumb":{"@id":"https:\/\/naturalpar.hu\/biomassza-porkolese-es-hokezelese\/#breadcrumb"},"inLanguage":"de","potentialAction":[{"@type":"ReadAction","target":["https:\/\/naturalpar.hu\/biomassza-porkolese-es-hokezelese\/"]}]},{"@type":"ImageObject","inLanguage":"de","@id":"https:\/\/naturalpar.hu\/biomassza-porkolese-es-hokezelese\/#primaryimage","url":"https:\/\/naturalpar.hu\/wp-content\/uploads\/2025\/08\/Naturalpar-Thumbnail.jpg","contentUrl":"https:\/\/naturalpar.hu\/wp-content\/uploads\/2025\/08\/Naturalpar-Thumbnail.jpg","width":1280,"height":720,"caption":"Naturalpar-Thumbnail"},{"@type":"BreadcrumbList","@id":"https:\/\/naturalpar.hu\/biomassza-porkolese-es-hokezelese\/#breadcrumb","itemListElement":[{"@type":"ListItem","position":1,"name":"Kezd\u0151lap","item":"https:\/\/naturalpar.hu\/"},{"@type":"ListItem","position":2,"name":"Biomassza P\u00f6rk\u00f6l\u00e9se \u00e9s H\u0151kezel\u00e9se"}]},{"@type":"WebSite","@id":"https:\/\/naturalpar.hu\/#website","url":"https:\/\/naturalpar.hu\/","name":"Naturalp\u00e1r","description":"Hitzebehandlung, Sterilisation, R\u00f6sten \u2013 einfach gemacht","publisher":{"@id":"https:\/\/naturalpar.hu\/#organization"},"potentialAction":[{"@type":"SearchAction","target":{"@type":"EntryPoint","urlTemplate":"https:\/\/naturalpar.hu\/?s={search_term_string}"},"query-input":{"@type":"PropertyValueSpecification","valueRequired":true,"valueName":"search_term_string"}}],"inLanguage":"de"},{"@type":"Organization","@id":"https:\/\/naturalpar.hu\/#organization","name":"Naturalp\u00e1r Kft.","url":"https:\/\/naturalpar.hu\/","logo":{"@type":"ImageObject","inLanguage":"de","@id":"https:\/\/naturalpar.hu\/#\/schema\/logo\/image\/","url":"https:\/\/naturalpar.hu\/wp-content\/uploads\/2025\/08\/cropped-Naturalpar-logo-300dpi-rgb-scaled-1.png","contentUrl":"https:\/\/naturalpar.hu\/wp-content\/uploads\/2025\/08\/cropped-Naturalpar-logo-300dpi-rgb-scaled-1.png","width":512,"height":512,"caption":"Naturalp\u00e1r Kft."},"image":{"@id":"https:\/\/naturalpar.hu\/#\/schema\/logo\/image\/"},"sameAs":["https:\/\/www.facebook.com\/naturalpar"]}]}},"_links":{"self":[{"href":"https:\/\/naturalpar.hu\/de\/wp-json\/wp\/v2\/pages\/695","targetHints":{"allow":["GET"]}}],"collection":[{"href":"https:\/\/naturalpar.hu\/de\/wp-json\/wp\/v2\/pages"}],"about":[{"href":"https:\/\/naturalpar.hu\/de\/wp-json\/wp\/v2\/types\/page"}],"author":[{"embeddable":true,"href":"https:\/\/naturalpar.hu\/de\/wp-json\/wp\/v2\/users\/1"}],"replies":[{"embeddable":true,"href":"https:\/\/naturalpar.hu\/de\/wp-json\/wp\/v2\/comments?post=695"}],"version-history":[{"count":7,"href":"https:\/\/naturalpar.hu\/de\/wp-json\/wp\/v2\/pages\/695\/revisions"}],"predecessor-version":[{"id":798,"href":"https:\/\/naturalpar.hu\/de\/wp-json\/wp\/v2\/pages\/695\/revisions\/798"}],"wp:featuredmedia":[{"embeddable":true,"href":"https:\/\/naturalpar.hu\/de\/wp-json\/wp\/v2\/media\/924"}],"wp:attachment":[{"href":"https:\/\/naturalpar.hu\/de\/wp-json\/wp\/v2\/media?parent=695"}],"curies":[{"name":"wp","href":"https:\/\/api.w.org\/{rel}","templated":true}]}}