{"id":699,"date":"2025-08-24T21:30:09","date_gmt":"2025-08-24T19:30:09","guid":{"rendered":"https:\/\/naturalpar.hu\/?page_id=699"},"modified":"2025-09-22T22:39:49","modified_gmt":"2025-09-22T20:39:49","slug":"beschichtung-und-aromatisierung","status":"publish","type":"page","link":"https:\/\/naturalpar.hu\/de\/beschichtung-und-aromatisierung\/","title":{"rendered":"Bevonatol\u00e1s \u00e9s \u00cdzes\u00edt\u00e9s"},"content":{"rendered":"<div data-elementor-type=\"wp-page\" data-elementor-id=\"699\" class=\"elementor elementor-699\" data-elementor-post-type=\"page\">\n\t\t\t\t<div class=\"elementor-element elementor-element-90962e1 e-flex e-con-boxed e-con e-parent\" data-id=\"90962e1\" data-element_type=\"container\">\n\t\t\t\t\t<div class=\"e-con-inner\">\n\t\t<div class=\"elementor-element elementor-element-9bef78e e-con-full e-flex e-con e-child\" data-id=\"9bef78e\" data-element_type=\"container\">\n\t\t\t\t<div class=\"elementor-element elementor-element-b5140f7 elementor-widget elementor-widget-heading\" data-id=\"b5140f7\" data-element_type=\"widget\" data-widget_type=\"heading.default\">\n\t\t\t\t\t<span class=\"elementor-heading-title elementor-size-default\">Beschichtung und Aromatisierung\n\u2013 Gleichm\u00e4\u00dfige und Pr\u00e4zise Technologie<\/span>\t\t\t\t<\/div>\n\t\t\t\t<div class=\"elementor-element elementor-element-a1e76b1 elementor-widget elementor-widget-heading\" data-id=\"a1e76b1\" data-element_type=\"widget\" data-widget_type=\"heading.default\">\n\t\t\t\t\t<h1 class=\"elementor-heading-title elementor-size-default\">Innovative Beschichtungstechnologie f\u00fcr Gleichm\u00e4\u00dfigen Geschmack und Farbe<\/h1>\t\t\t\t<\/div>\n\t\t\t\t<div class=\"elementor-element elementor-element-3c30585 elementor-widget elementor-widget-text-editor\" data-id=\"3c30585\" data-element_type=\"widget\" data-widget_type=\"text-editor.default\">\n\t\t\t\t\t\t\t\t\t<p>Die REVTECH-Technologie von Naturalp\u00e1r erm\u00f6glicht eine gleichm\u00e4\u00dfige und pr\u00e4zise Beschichtung und Aromatisierung der Produkte. Das kontinuierlich automatisierte System kombiniert Vibrationsf\u00f6rderung, elektrisch impedanzgesteuert beheizte Edelstahlrohr-Oberfl\u00e4che und Hitzebehandlung mit geringer Dampfeinwirkung und garantiert so maximale Homogenit\u00e4t.<\/p>\t\t\t\t\t\t\t\t<\/div>\n\t\t\t\t<div class=\"elementor-element elementor-element-74f161d elementor-widget elementor-widget-button\" data-id=\"74f161d\" data-element_type=\"widget\" data-widget_type=\"button.default\">\n\t\t\t\t\t\t\t\t\t\t<a class=\"elementor-button elementor-button-link elementor-size-sm\" href=\"https:\/\/naturalpar.hu\/de\/kontakt\/\">\n\t\t\t\t\t\t<span class=\"elementor-button-content-wrapper\">\n\t\t\t\t\t\t<span class=\"elementor-button-icon\">\n\t\t\t\t<svg aria-hidden=\"true\" class=\"e-font-icon-svg e-fas-chevron-right\" viewbox=\"0 0 320 512\" xmlns=\"http:\/\/www.w3.org\/2000\/svg\"><path d=\"M285.476 272.971L91.132 467.314c-9.373 9.373-24.569 9.373-33.941 0l-22.667-22.667c-9.357-9.357-9.375-24.522-.04-33.901L188.505 256 34.484 101.255c-9.335-9.379-9.317-24.544.04-33.901l22.667-22.667c9.373-9.373 24.569-9.373 33.941 0L285.475 239.03c9.373 9.372 9.373 24.568.001 33.941z\"><\/path><\/svg>\t\t\t<\/span>\n\t\t\t\t\t\t\t\t\t<span class=\"elementor-button-text\">Angebotsanfrage<\/span>\n\t\t\t\t\t<\/span>\n\t\t\t\t\t<\/a>\n\t\t\t\t\t\t\t\t<\/div>\n\t\t\t\t<\/div>\n\t\t<div class=\"elementor-element elementor-element-6832a44 e-con-full e-flex e-con e-child\" data-id=\"6832a44\" data-element_type=\"container\">\n\t\t\t\t<div class=\"elementor-element elementor-element-47d1c0b elementor-widget elementor-widget-image\" data-id=\"47d1c0b\" data-element_type=\"widget\" data-widget_type=\"image.default\">\n\t\t\t\t\t\t\t\t\t\t\t\t\t\t\t<img fetchpriority=\"high\" decoding=\"async\" width=\"1200\" height=\"800\" src=\"https:\/\/naturalpar.hu\/wp-content\/uploads\/2025\/08\/csipsz.jpg\" class=\"attachment-full size-full wp-image-773\" alt=\"\" srcset=\"https:\/\/naturalpar.hu\/wp-content\/uploads\/2025\/08\/csipsz.jpg 1200w, https:\/\/naturalpar.hu\/wp-content\/uploads\/2025\/08\/csipsz-700x467.jpg 700w, https:\/\/naturalpar.hu\/wp-content\/uploads\/2025\/08\/csipsz-1024x683.jpg 1024w, https:\/\/naturalpar.hu\/wp-content\/uploads\/2025\/08\/csipsz-768x512.jpg 768w\" sizes=\"(max-width: 1200px) 100vw, 1200px\" \/>\t\t\t\t\t\t\t\t\t\t\t\t\t\t\t<\/div>\n\t\t\t\t<\/div>\n\t\t\t\t\t<\/div>\n\t\t\t\t<\/div>\n\t\t<div class=\"elementor-element elementor-element-1b255da e-flex e-con-boxed e-con e-parent\" data-id=\"1b255da\" data-element_type=\"container\">\n\t\t\t\t\t<div class=\"e-con-inner\">\n\t\t<div class=\"elementor-element elementor-element-a50abcb e-con-full e-flex e-con e-child\" data-id=\"a50abcb\" data-element_type=\"container\">\n\t\t\t\t<div class=\"elementor-element elementor-element-7905398 elementor-widget elementor-widget-image\" data-id=\"7905398\" data-element_type=\"widget\" data-widget_type=\"image.default\">\n\t\t\t\t\t\t\t\t\t\t\t\t\t\t\t<img decoding=\"async\" width=\"1200\" height=\"800\" src=\"https:\/\/naturalpar.hu\/wp-content\/uploads\/2025\/08\/bevonatolas.jpg\" class=\"attachment-full size-full wp-image-774\" alt=\"\" srcset=\"https:\/\/naturalpar.hu\/wp-content\/uploads\/2025\/08\/bevonatolas.jpg 1200w, https:\/\/naturalpar.hu\/wp-content\/uploads\/2025\/08\/bevonatolas-700x467.jpg 700w, https:\/\/naturalpar.hu\/wp-content\/uploads\/2025\/08\/bevonatolas-1024x683.jpg 1024w, https:\/\/naturalpar.hu\/wp-content\/uploads\/2025\/08\/bevonatolas-768x512.jpg 768w\" sizes=\"(max-width: 1200px) 100vw, 1200px\" \/>\t\t\t\t\t\t\t\t\t\t\t\t\t\t\t<\/div>\n\t\t\t\t<\/div>\n\t\t<div class=\"elementor-element elementor-element-bd1826c e-con-full e-flex e-con e-child\" data-id=\"bd1826c\" data-element_type=\"container\">\n\t\t\t\t<div class=\"elementor-element elementor-element-8938a89 elementor-widget elementor-widget-heading\" data-id=\"8938a89\" data-element_type=\"widget\" data-widget_type=\"heading.default\">\n\t\t\t\t\t<h2 class=\"elementor-heading-title elementor-size-default\">Funktionsweise der Technologie<\/h2>\t\t\t\t<\/div>\n\t\t\t\t<div class=\"elementor-element elementor-element-cbd1c3f elementor-widget elementor-widget-text-editor\" data-id=\"cbd1c3f\" data-element_type=\"widget\" data-widget_type=\"text-editor.default\">\n\t\t\t\t\t\t\t\t\t<p>Die im spiralf\u00f6rmigen Rohrsystem angebrachten \u00d6ffnungen erm\u00f6glichen:<\/p><ul><li><strong>Einleiten von Gasen und D\u00e4mpfen<\/strong>oder Absaugen der w\u00e4hrend der Behandlung entstehenden Gase.<\/li><li><strong>Einsatz einer speziellen Dosieranlage,<\/strong>die mit einer Zweistoffd\u00fcse fl\u00fcssige Beschichtungsl\u00f6sung, Dispersion oder Aroma- und Farbstoffemulsion auf das Produkt spr\u00fcht.<\/li><li><strong>Sicherstellung einer intensiven Bewegung und Durchmischung,<\/strong>die eine gleichm\u00e4\u00dfige Verteilung der Beschichtung auf der Produktoberfl\u00e4che garantiert.<\/li><\/ul>\t\t\t\t\t\t\t\t<\/div>\n\t\t\t\t<\/div>\n\t\t\t\t\t<\/div>\n\t\t\t\t<\/div>\n\t\t<div class=\"elementor-element elementor-element-975081d e-flex e-con-boxed e-con e-parent\" data-id=\"975081d\" data-element_type=\"container\">\n\t\t\t\t\t<div class=\"e-con-inner\">\n\t\t\t\t<div class=\"elementor-element elementor-element-e2b0147 elementor-widget elementor-widget-heading\" data-id=\"e2b0147\" data-element_type=\"widget\" data-widget_type=\"heading.default\">\n\t\t\t\t\t<h2 class=\"elementor-heading-title elementor-size-default\">Vorteile der Technologie<\/h2>\t\t\t\t<\/div>\n\t\t<div class=\"elementor-element elementor-element-ec00933 e-con-full e-flex e-con e-child\" data-id=\"ec00933\" data-element_type=\"container\">\n\t\t<div class=\"elementor-element elementor-element-d4266fb e-con-full e-flex e-con e-child\" data-id=\"d4266fb\" data-element_type=\"container\">\n\t\t\t\t<div class=\"elementor-element elementor-element-635196b elementor-position-left elementor-vertical-align-middle elementor-widget elementor-widget-image-box\" data-id=\"635196b\" data-element_type=\"widget\" data-widget_type=\"image-box.default\">\n\t\t\t\t\t<div class=\"elementor-image-box-wrapper\"><figure class=\"elementor-image-box-img\"><img decoding=\"async\" src=\"https:\/\/naturalpar.hu\/wp-content\/uploads\/2025\/08\/rugalmassag.svg\" class=\"attachment-full size-full wp-image-763\" alt=\"Flexibilit\u00e4t\" \/><\/figure><div class=\"elementor-image-box-content\"><span class=\"elementor-image-box-title\">Kontinuierlicher und vollautomatisierter Beschichtungsprozess<\/span><\/div><\/div>\t\t\t\t<\/div>\n\t\t\t\t<div class=\"elementor-element elementor-element-5672a1c elementor-widget elementor-widget-text-editor\" data-id=\"5672a1c\" data-element_type=\"widget\" data-widget_type=\"text-editor.default\">\n\t\t\t\t\t\t\t\t\t<p>Stabile und kontrollierte Verarbeitung.<\/p>\t\t\t\t\t\t\t\t<\/div>\n\t\t\t\t<\/div>\n\t\t<div class=\"elementor-element elementor-element-76f8f08 e-con-full e-flex e-con e-child\" data-id=\"76f8f08\" data-element_type=\"container\">\n\t\t\t\t<div class=\"elementor-element elementor-element-08cbc65 elementor-position-left elementor-vertical-align-middle elementor-widget elementor-widget-image-box\" data-id=\"08cbc65\" data-element_type=\"widget\" data-widget_type=\"image-box.default\">\n\t\t\t\t\t<div class=\"elementor-image-box-wrapper\"><figure class=\"elementor-image-box-img\"><img decoding=\"async\" src=\"https:\/\/naturalpar.hu\/wp-content\/uploads\/2025\/08\/szakertelem.svg\" class=\"attachment-full size-full wp-image-636\" alt=\"Sachverstand\" \/><\/figure><div class=\"elementor-image-box-content\"><span class=\"elementor-image-box-title\">Gleichm\u00e4\u00dfige Beschichtung<\/span><\/div><\/div>\t\t\t\t<\/div>\n\t\t\t\t<div class=\"elementor-element elementor-element-7052981 elementor-widget elementor-widget-text-editor\" data-id=\"7052981\" data-element_type=\"widget\" data-widget_type=\"text-editor.default\">\n\t\t\t\t\t\t\t\t\t<p>Die Vibrationsbewegung garantiert eine homogene Fl\u00fcssigkeitsverteilung.<\/p>\t\t\t\t\t\t\t\t<\/div>\n\t\t\t\t<\/div>\n\t\t<div class=\"elementor-element elementor-element-2567e0b e-con-full e-flex e-con e-child\" data-id=\"2567e0b\" data-element_type=\"container\">\n\t\t\t\t<div class=\"elementor-element elementor-element-6699f06 elementor-position-left elementor-vertical-align-middle elementor-widget elementor-widget-image-box\" data-id=\"6699f06\" data-element_type=\"widget\" data-widget_type=\"image-box.default\">\n\t\t\t\t\t<div class=\"elementor-image-box-wrapper\"><figure class=\"elementor-image-box-img\"><img decoding=\"async\" src=\"https:\/\/naturalpar.hu\/wp-content\/uploads\/2025\/08\/rugalmas-megoldasok.svg\" class=\"attachment-full size-full wp-image-635\" alt=\"flexible L\u00f6sungen\" \/><\/figure><div class=\"elementor-image-box-content\"><span class=\"elementor-image-box-title\">Flexible Einsatzm\u00f6glichkeiten<\/span><\/div><\/div>\t\t\t\t<\/div>\n\t\t\t\t<div class=\"elementor-element elementor-element-e195614 elementor-widget elementor-widget-text-editor\" data-id=\"e195614\" data-element_type=\"widget\" data-widget_type=\"text-editor.default\">\n\t\t\t\t\t\t\t\t\t<p>Geeignet f\u00fcr Aromatisierung, F\u00e4rbung und das Aufbringen spezieller Beschichtungen.<\/p>\t\t\t\t\t\t\t\t<\/div>\n\t\t\t\t<\/div>\n\t\t\t\t<\/div>\n\t\t<div class=\"elementor-element elementor-element-7b53ebf e-con-full e-flex e-con e-child\" data-id=\"7b53ebf\" data-element_type=\"container\">\n\t\t<div class=\"elementor-element elementor-element-73a323d e-con-full e-flex e-con e-child\" data-id=\"73a323d\" data-element_type=\"container\">\n\t\t\t\t<div class=\"elementor-element elementor-element-76dfa6f elementor-position-left elementor-vertical-align-middle elementor-widget elementor-widget-image-box\" data-id=\"76dfa6f\" data-element_type=\"widget\" data-widget_type=\"image-box.default\">\n\t\t\t\t\t<div class=\"elementor-image-box-wrapper\"><figure class=\"elementor-image-box-img\"><img decoding=\"async\" src=\"https:\/\/naturalpar.hu\/wp-content\/uploads\/2025\/08\/minimalis.svg\" class=\"attachment-full size-full wp-image-761\" alt=\"Minimum\" \/><\/figure><div class=\"elementor-image-box-content\"><span class=\"elementor-image-box-title\">Minimale Materialverluste<\/span><\/div><\/div>\t\t\t\t<\/div>\n\t\t\t\t<div class=\"elementor-element elementor-element-50f75ea elementor-widget elementor-widget-text-editor\" data-id=\"50f75ea\" data-element_type=\"widget\" data-widget_type=\"text-editor.default\">\n\t\t\t\t\t\t\t\t\t<p>Pr\u00e4zise Dosierung und kontrollierter Prozess.<\/p>\t\t\t\t\t\t\t\t<\/div>\n\t\t\t\t<\/div>\n\t\t<div class=\"elementor-element elementor-element-2199173 e-con-full e-flex e-con e-child\" data-id=\"2199173\" data-element_type=\"container\">\n\t\t\t\t<div class=\"elementor-element elementor-element-f9a0d30 elementor-position-left elementor-vertical-align-middle elementor-widget elementor-widget-image-box\" data-id=\"f9a0d30\" data-element_type=\"widget\" data-widget_type=\"image-box.default\">\n\t\t\t\t\t<div class=\"elementor-image-box-wrapper\"><figure class=\"elementor-image-box-img\"><img decoding=\"async\" src=\"https:\/\/naturalpar.hu\/wp-content\/uploads\/2025\/08\/szetvalogatas.svg\" class=\"attachment-full size-full wp-image-762\" alt=\"Sortierung\" \/><\/figure><div class=\"elementor-image-box-content\"><span class=\"elementor-image-box-title\">Mikrobiologische Sicherheit<\/span><\/div><\/div>\t\t\t\t<\/div>\n\t\t\t\t<div class=\"elementor-element elementor-element-cac6f42 elementor-widget elementor-widget-text-editor\" data-id=\"cac6f42\" data-element_type=\"widget\" data-widget_type=\"text-editor.default\">\n\t\t\t\t\t\t\t\t\t<p>W\u00e4hrend der Hitzebehandlung wird das Produkt garantiert keimfrei.<\/p>\t\t\t\t\t\t\t\t<\/div>\n\t\t\t\t<\/div>\n\t\t\t\t<\/div>\n\t\t\t\t\t<\/div>\n\t\t\t\t<\/div>\n\t\t<div class=\"elementor-element elementor-element-dd004a6 e-flex e-con-boxed e-con e-parent\" data-id=\"dd004a6\" data-element_type=\"container\" data-settings=\"{&quot;background_background&quot;:&quot;classic&quot;}\">\n\t\t\t\t\t<div class=\"e-con-inner\">\n\t\t\t\t<div class=\"elementor-element elementor-element-be06ec8 elementor-widget elementor-widget-heading\" data-id=\"be06ec8\" data-element_type=\"widget\" data-widget_type=\"heading.default\">\n\t\t\t\t\t<h2 class=\"elementor-heading-title elementor-size-default\">Kontakt und Angebotsanfrage<\/h2>\t\t\t\t<\/div>\n\t\t\t\t<div class=\"elementor-element elementor-element-f1ab3f2 elementor-widget__width-initial elementor-widget elementor-widget-text-editor\" data-id=\"f1ab3f2\" data-element_type=\"widget\" data-widget_type=\"text-editor.default\">\n\t\t\t\t\t\t\t\t\t<p>Wenn Du eine professionelle und gleichm\u00e4\u00dfige Beschichtungsl\u00f6sung suchst, nimm Kontakt mit uns auf!<br \/><strong>Fordere jetzt ein Angebot an und sichere die Premiumqualit\u00e4t und das Erscheinungsbild Deiner Produkte!<\/strong><\/p>\t\t\t\t\t\t\t\t<\/div>\n\t\t\t\t<div class=\"elementor-element elementor-element-dc56892 elementor-align-center elementor-widget elementor-widget-button\" data-id=\"dc56892\" data-element_type=\"widget\" data-widget_type=\"button.default\">\n\t\t\t\t\t\t\t\t\t\t<a class=\"elementor-button elementor-button-link elementor-size-sm\" href=\"https:\/\/naturalpar.hu\/de\/kontakt\/\">\n\t\t\t\t\t\t<span class=\"elementor-button-content-wrapper\">\n\t\t\t\t\t\t<span class=\"elementor-button-icon\">\n\t\t\t\t<svg aria-hidden=\"true\" class=\"e-font-icon-svg e-fas-chevron-right\" viewbox=\"0 0 320 512\" xmlns=\"http:\/\/www.w3.org\/2000\/svg\"><path d=\"M285.476 272.971L91.132 467.314c-9.373 9.373-24.569 9.373-33.941 0l-22.667-22.667c-9.357-9.357-9.375-24.522-.04-33.901L188.505 256 34.484 101.255c-9.335-9.379-9.317-24.544.04-33.901l22.667-22.667c9.373-9.373 24.569-9.373 33.941 0L285.475 239.03c9.373 9.372 9.373 24.568.001 33.941z\"><\/path><\/svg>\t\t\t<\/span>\n\t\t\t\t\t\t\t\t\t<span class=\"elementor-button-text\">Angebotsanfrage<\/span>\n\t\t\t\t\t<\/span>\n\t\t\t\t\t<\/a>\n\t\t\t\t\t\t\t\t<\/div>\n\t\t\t\t\t<\/div>\n\t\t\t\t<\/div>\n\t\t\t\t<\/div>","protected":false},"excerpt":{"rendered":"<p>Bevonatol\u00e1s \u00e9s \u00cdzes\u00edt\u00e9s &#8211; Egyenletes \u00e9s Prec\u00edz Technol\u00f3gia Innovat\u00edv Bevonatol\u00e1si Technol\u00f3gia az Egyenletes \u00cdz \u00e9s Sz\u00edn \u00c9rdek\u00e9ben A Naturalp\u00e1r REVTECH technol\u00f3gi\u00e1ja lehet\u0151v\u00e9 teszi a term\u00e9kek egyenletes \u00e9s prec\u00edz bevonatol\u00e1s\u00e1t, \u00edzes\u00edt\u00e9s\u00e9t. A folyamatosan automatiz\u00e1lt rendszer kombin\u00e1lja a vibr\u00e1ci\u00f3s sz\u00e1ll\u00edt\u00e1st, az elektromos impedanci\u00e1val f\u0171t\u00f6tt rozsdamentes cs\u0151felsz\u00ednt \u00e9s a kis mennyis\u00e9g\u0171 g\u0151zzel t\u00f6rt\u00e9n\u0151 h\u0151kezel\u00e9st, \u00edgy garant\u00e1lva a maxim\u00e1lis [&hellip;]<\/p>","protected":false},"author":1,"featured_media":924,"parent":0,"menu_order":0,"comment_status":"closed","ping_status":"closed","template":"","meta":{"footnotes":""},"class_list":["post-699","page","type-page","status-publish","has-post-thumbnail","hentry"],"yoast_head":"<!-- This site is optimized with the Yoast SEO plugin v26.8 - https:\/\/yoast.com\/product\/yoast-seo-wordpress\/ -->\n<title>Bevonatol\u00e1s \u00e9s \u00cdzes\u00edt\u00e9s - Naturalp\u00e1r<\/title>\n<meta name=\"description\" content=\"A Naturalp\u00e1r REVTECH technol\u00f3gi\u00e1ja lehet\u0151v\u00e9 teszi a term\u00e9kek egyenletes \u00e9s prec\u00edz bevonatol\u00e1s\u00e1t, \u00edzes\u00edt\u00e9s\u00e9t.\" \/>\n<meta name=\"robots\" content=\"index, follow, max-snippet:-1, max-image-preview:large, max-video-preview:-1\" \/>\n<link rel=\"canonical\" href=\"https:\/\/naturalpar.hu\/de\/beschichtung-und-aromatisierung\/\" \/>\n<meta property=\"og:locale\" content=\"de_DE\" \/>\n<meta property=\"og:type\" content=\"article\" \/>\n<meta property=\"og:title\" content=\"Bevonatol\u00e1s \u00e9s \u00cdzes\u00edt\u00e9s - Naturalp\u00e1r\" \/>\n<meta property=\"og:description\" content=\"A Naturalp\u00e1r REVTECH technol\u00f3gi\u00e1ja lehet\u0151v\u00e9 teszi a term\u00e9kek egyenletes \u00e9s prec\u00edz bevonatol\u00e1s\u00e1t, \u00edzes\u00edt\u00e9s\u00e9t.\" \/>\n<meta property=\"og:url\" content=\"https:\/\/naturalpar.hu\/de\/beschichtung-und-aromatisierung\/\" \/>\n<meta property=\"og:site_name\" content=\"Naturalp\u00e1r\" \/>\n<meta property=\"article:publisher\" content=\"https:\/\/www.facebook.com\/naturalpar\" \/>\n<meta property=\"article:modified_time\" content=\"2025-09-22T20:39:49+00:00\" \/>\n<meta property=\"og:image\" content=\"https:\/\/naturalpar.hu\/wp-content\/uploads\/2025\/08\/Naturalpar-Thumbnail.jpg\" \/>\n\t<meta property=\"og:image:width\" content=\"1280\" \/>\n\t<meta property=\"og:image:height\" content=\"720\" \/>\n\t<meta property=\"og:image:type\" content=\"image\/jpeg\" \/>\n<meta name=\"twitter:card\" content=\"summary_large_image\" \/>\n<meta name=\"twitter:label1\" content=\"Gesch\u00e4tzte Lesezeit\" \/>\n\t<meta name=\"twitter:data1\" content=\"2\u00a0Minuten\" \/>\n<script type=\"application\/ld+json\" class=\"yoast-schema-graph\">{\"@context\":\"https:\/\/schema.org\",\"@graph\":[{\"@type\":\"WebPage\",\"@id\":\"https:\/\/naturalpar.hu\/bevonatolas-es-izesites\/\",\"url\":\"https:\/\/naturalpar.hu\/bevonatolas-es-izesites\/\",\"name\":\"Bevonatol\u00e1s \u00e9s \u00cdzes\u00edt\u00e9s - Naturalp\u00e1r\",\"isPartOf\":{\"@id\":\"https:\/\/naturalpar.hu\/#website\"},\"primaryImageOfPage\":{\"@id\":\"https:\/\/naturalpar.hu\/bevonatolas-es-izesites\/#primaryimage\"},\"image\":{\"@id\":\"https:\/\/naturalpar.hu\/bevonatolas-es-izesites\/#primaryimage\"},\"thumbnailUrl\":\"https:\/\/naturalpar.hu\/wp-content\/uploads\/2025\/08\/Naturalpar-Thumbnail.jpg\",\"datePublished\":\"2025-08-24T19:30:09+00:00\",\"dateModified\":\"2025-09-22T20:39:49+00:00\",\"description\":\"A Naturalp\u00e1r REVTECH technol\u00f3gi\u00e1ja lehet\u0151v\u00e9 teszi a term\u00e9kek egyenletes \u00e9s prec\u00edz bevonatol\u00e1s\u00e1t, \u00edzes\u00edt\u00e9s\u00e9t.\",\"breadcrumb\":{\"@id\":\"https:\/\/naturalpar.hu\/bevonatolas-es-izesites\/#breadcrumb\"},\"inLanguage\":\"de\",\"potentialAction\":[{\"@type\":\"ReadAction\",\"target\":[\"https:\/\/naturalpar.hu\/bevonatolas-es-izesites\/\"]}]},{\"@type\":\"ImageObject\",\"inLanguage\":\"de\",\"@id\":\"https:\/\/naturalpar.hu\/bevonatolas-es-izesites\/#primaryimage\",\"url\":\"https:\/\/naturalpar.hu\/wp-content\/uploads\/2025\/08\/Naturalpar-Thumbnail.jpg\",\"contentUrl\":\"https:\/\/naturalpar.hu\/wp-content\/uploads\/2025\/08\/Naturalpar-Thumbnail.jpg\",\"width\":1280,\"height\":720,\"caption\":\"Naturalpar-Thumbnail\"},{\"@type\":\"BreadcrumbList\",\"@id\":\"https:\/\/naturalpar.hu\/bevonatolas-es-izesites\/#breadcrumb\",\"itemListElement\":[{\"@type\":\"ListItem\",\"position\":1,\"name\":\"Kezd\u0151lap\",\"item\":\"https:\/\/naturalpar.hu\/\"},{\"@type\":\"ListItem\",\"position\":2,\"name\":\"Bevonatol\u00e1s \u00e9s \u00cdzes\u00edt\u00e9s\"}]},{\"@type\":\"WebSite\",\"@id\":\"https:\/\/naturalpar.hu\/#website\",\"url\":\"https:\/\/naturalpar.hu\/\",\"name\":\"Naturalp\u00e1r\",\"description\":\"H\u0151kezel\u00e9s, Steriliz\u00e1l\u00e1s, P\u00f6rk\u00f6l\u00e9s Egyszer\u0171en\",\"publisher\":{\"@id\":\"https:\/\/naturalpar.hu\/#organization\"},\"potentialAction\":[{\"@type\":\"SearchAction\",\"target\":{\"@type\":\"EntryPoint\",\"urlTemplate\":\"https:\/\/naturalpar.hu\/?s={search_term_string}\"},\"query-input\":{\"@type\":\"PropertyValueSpecification\",\"valueRequired\":true,\"valueName\":\"search_term_string\"}}],\"inLanguage\":\"de\"},{\"@type\":\"Organization\",\"@id\":\"https:\/\/naturalpar.hu\/#organization\",\"name\":\"Naturalp\u00e1r Kft.\",\"url\":\"https:\/\/naturalpar.hu\/\",\"logo\":{\"@type\":\"ImageObject\",\"inLanguage\":\"de\",\"@id\":\"https:\/\/naturalpar.hu\/#\/schema\/logo\/image\/\",\"url\":\"https:\/\/naturalpar.hu\/wp-content\/uploads\/2025\/08\/cropped-Naturalpar-logo-300dpi-rgb-scaled-1.png\",\"contentUrl\":\"https:\/\/naturalpar.hu\/wp-content\/uploads\/2025\/08\/cropped-Naturalpar-logo-300dpi-rgb-scaled-1.png\",\"width\":512,\"height\":512,\"caption\":\"Naturalp\u00e1r Kft.\"},\"image\":{\"@id\":\"https:\/\/naturalpar.hu\/#\/schema\/logo\/image\/\"},\"sameAs\":[\"https:\/\/www.facebook.com\/naturalpar\"]}]}<\/script>\n<!-- \/ Yoast SEO plugin. -->","yoast_head_json":{"title":"Beschichtung und Aromatisierung - Naturalp\u00e1r","description":"Die REVTECH-Technologie von Naturalp\u00e1r erm\u00f6glicht eine gleichm\u00e4\u00dfige und pr\u00e4zise Beschichtung und Aromatisierung der Produkte.","robots":{"index":"index","follow":"follow","max-snippet":"max-snippet:-1","max-image-preview":"max-image-preview:large","max-video-preview":"max-video-preview:-1"},"canonical":"https:\/\/naturalpar.hu\/de\/beschichtung-und-aromatisierung\/","og_locale":"de_DE","og_type":"article","og_title":"Bevonatol\u00e1s \u00e9s \u00cdzes\u00edt\u00e9s - Naturalp\u00e1r","og_description":"A Naturalp\u00e1r REVTECH technol\u00f3gi\u00e1ja lehet\u0151v\u00e9 teszi a term\u00e9kek egyenletes \u00e9s prec\u00edz bevonatol\u00e1s\u00e1t, \u00edzes\u00edt\u00e9s\u00e9t.","og_url":"https:\/\/naturalpar.hu\/de\/beschichtung-und-aromatisierung\/","og_site_name":"Naturalp\u00e1r","article_publisher":"https:\/\/www.facebook.com\/naturalpar","article_modified_time":"2025-09-22T20:39:49+00:00","og_image":[{"width":1280,"height":720,"url":"https:\/\/naturalpar.hu\/wp-content\/uploads\/2025\/08\/Naturalpar-Thumbnail.jpg","type":"image\/jpeg"}],"twitter_card":"summary_large_image","twitter_misc":{"Gesch\u00e4tzte Lesezeit":"2\u00a0Minuten"},"schema":{"@context":"https:\/\/schema.org","@graph":[{"@type":"WebPage","@id":"https:\/\/naturalpar.hu\/bevonatolas-es-izesites\/","url":"https:\/\/naturalpar.hu\/bevonatolas-es-izesites\/","name":"Beschichtung und Aromatisierung - Naturalp\u00e1r","isPartOf":{"@id":"https:\/\/naturalpar.hu\/#website"},"primaryImageOfPage":{"@id":"https:\/\/naturalpar.hu\/bevonatolas-es-izesites\/#primaryimage"},"image":{"@id":"https:\/\/naturalpar.hu\/bevonatolas-es-izesites\/#primaryimage"},"thumbnailUrl":"https:\/\/naturalpar.hu\/wp-content\/uploads\/2025\/08\/Naturalpar-Thumbnail.jpg","datePublished":"2025-08-24T19:30:09+00:00","dateModified":"2025-09-22T20:39:49+00:00","description":"Die REVTECH-Technologie von Naturalp\u00e1r erm\u00f6glicht eine gleichm\u00e4\u00dfige und pr\u00e4zise Beschichtung und Aromatisierung der Produkte.","breadcrumb":{"@id":"https:\/\/naturalpar.hu\/bevonatolas-es-izesites\/#breadcrumb"},"inLanguage":"de","potentialAction":[{"@type":"ReadAction","target":["https:\/\/naturalpar.hu\/bevonatolas-es-izesites\/"]}]},{"@type":"ImageObject","inLanguage":"de","@id":"https:\/\/naturalpar.hu\/bevonatolas-es-izesites\/#primaryimage","url":"https:\/\/naturalpar.hu\/wp-content\/uploads\/2025\/08\/Naturalpar-Thumbnail.jpg","contentUrl":"https:\/\/naturalpar.hu\/wp-content\/uploads\/2025\/08\/Naturalpar-Thumbnail.jpg","width":1280,"height":720,"caption":"Naturalpar-Thumbnail"},{"@type":"BreadcrumbList","@id":"https:\/\/naturalpar.hu\/bevonatolas-es-izesites\/#breadcrumb","itemListElement":[{"@type":"ListItem","position":1,"name":"Kezd\u0151lap","item":"https:\/\/naturalpar.hu\/"},{"@type":"ListItem","position":2,"name":"Bevonatol\u00e1s \u00e9s \u00cdzes\u00edt\u00e9s"}]},{"@type":"WebSite","@id":"https:\/\/naturalpar.hu\/#website","url":"https:\/\/naturalpar.hu\/","name":"Naturalp\u00e1r","description":"Hitzebehandlung, Sterilisation, R\u00f6sten \u2013 einfach gemacht","publisher":{"@id":"https:\/\/naturalpar.hu\/#organization"},"potentialAction":[{"@type":"SearchAction","target":{"@type":"EntryPoint","urlTemplate":"https:\/\/naturalpar.hu\/?s={search_term_string}"},"query-input":{"@type":"PropertyValueSpecification","valueRequired":true,"valueName":"search_term_string"}}],"inLanguage":"de"},{"@type":"Organization","@id":"https:\/\/naturalpar.hu\/#organization","name":"Naturalp\u00e1r Kft.","url":"https:\/\/naturalpar.hu\/","logo":{"@type":"ImageObject","inLanguage":"de","@id":"https:\/\/naturalpar.hu\/#\/schema\/logo\/image\/","url":"https:\/\/naturalpar.hu\/wp-content\/uploads\/2025\/08\/cropped-Naturalpar-logo-300dpi-rgb-scaled-1.png","contentUrl":"https:\/\/naturalpar.hu\/wp-content\/uploads\/2025\/08\/cropped-Naturalpar-logo-300dpi-rgb-scaled-1.png","width":512,"height":512,"caption":"Naturalp\u00e1r Kft."},"image":{"@id":"https:\/\/naturalpar.hu\/#\/schema\/logo\/image\/"},"sameAs":["https:\/\/www.facebook.com\/naturalpar"]}]}},"_links":{"self":[{"href":"https:\/\/naturalpar.hu\/de\/wp-json\/wp\/v2\/pages\/699","targetHints":{"allow":["GET"]}}],"collection":[{"href":"https:\/\/naturalpar.hu\/de\/wp-json\/wp\/v2\/pages"}],"about":[{"href":"https:\/\/naturalpar.hu\/de\/wp-json\/wp\/v2\/types\/page"}],"author":[{"embeddable":true,"href":"https:\/\/naturalpar.hu\/de\/wp-json\/wp\/v2\/users\/1"}],"replies":[{"embeddable":true,"href":"https:\/\/naturalpar.hu\/de\/wp-json\/wp\/v2\/comments?post=699"}],"version-history":[{"count":10,"href":"https:\/\/naturalpar.hu\/de\/wp-json\/wp\/v2\/pages\/699\/revisions"}],"predecessor-version":[{"id":976,"href":"https:\/\/naturalpar.hu\/de\/wp-json\/wp\/v2\/pages\/699\/revisions\/976"}],"wp:featuredmedia":[{"embeddable":true,"href":"https:\/\/naturalpar.hu\/de\/wp-json\/wp\/v2\/media\/924"}],"wp:attachment":[{"href":"https:\/\/naturalpar.hu\/de\/wp-json\/wp\/v2\/media?parent=699"}],"curies":[{"name":"wp","href":"https:\/\/api.w.org\/{rel}","templated":true}]}}