{"id":663,"date":"2025-08-24T21:25:35","date_gmt":"2025-08-24T19:25:35","guid":{"rendered":"https:\/\/naturalpar.hu\/?page_id=663"},"modified":"2025-09-01T22:04:26","modified_gmt":"2025-09-01T20:04:26","slug":"heat-treatment-of-teas","status":"publish","type":"page","link":"https:\/\/naturalpar.hu\/en\/heat-treatment-of-teas\/","title":{"rendered":"Teaf\u00e9l\u00e9k H\u0151kezel\u00e9se"},"content":{"rendered":"<div data-elementor-type=\"wp-page\" data-elementor-id=\"663\" class=\"elementor elementor-663\" data-elementor-post-type=\"page\">\n\t\t\t\t<div class=\"elementor-element elementor-element-74cfed3 e-flex e-con-boxed e-con e-parent\" data-id=\"74cfed3\" data-element_type=\"container\">\n\t\t\t\t\t<div class=\"e-con-inner\">\n\t\t<div class=\"elementor-element elementor-element-459e45b e-con-full e-flex e-con e-child\" data-id=\"459e45b\" data-element_type=\"container\">\n\t\t\t\t<div class=\"elementor-element elementor-element-c118a1e elementor-widget elementor-widget-heading\" data-id=\"c118a1e\" data-element_type=\"widget\" data-widget_type=\"heading.default\">\n\t\t\t\t\t<span class=\"elementor-heading-title elementor-size-default\">Heat Treatment of Teas \u2028\u2013 Excellent Quality and Uniform Flavour Profile<\/span>\t\t\t\t<\/div>\n\t\t\t\t<div class=\"elementor-element elementor-element-b3e06a6 elementor-widget elementor-widget-heading\" data-id=\"b3e06a6\" data-element_type=\"widget\" data-widget_type=\"heading.default\">\n\t\t\t\t\t<h1 class=\"elementor-heading-title elementor-size-default\">Special Heat Treatment Technology for Teas and Coffees<\/h1>\t\t\t\t<\/div>\n\t\t\t\t<div class=\"elementor-element elementor-element-a8d995b elementor-widget elementor-widget-text-editor\" data-id=\"a8d995b\" data-element_type=\"widget\" data-widget_type=\"text-editor.default\">\n\t\t\t\t\t\t\t\t\t<p>Naturalp\u00e1r\u2019s REVTECH technology enables gentle and efficient heat treatment of teas, herbal teas, barley and rye teas, as well as coffee varieties. The combination of vibratory conveying, an electrically impedance-heated stainless steel tube surface and a small amount of steam ensures excellent flavour and aroma retention, while guaranteeing the microbiological safety of the product.<br \/>Processable products: Herbal and medicinal teas, barley and rye teas, coffee varieties<\/p>\t\t\t\t\t\t\t\t<\/div>\n\t\t\t\t<div class=\"elementor-element elementor-element-6967f0e elementor-widget elementor-widget-button\" data-id=\"6967f0e\" data-element_type=\"widget\" data-widget_type=\"button.default\">\n\t\t\t\t\t\t\t\t\t\t<a class=\"elementor-button elementor-button-link elementor-size-sm\" href=\"https:\/\/naturalpar.hu\/en\/contact-us\/\">\n\t\t\t\t\t\t<span class=\"elementor-button-content-wrapper\">\n\t\t\t\t\t\t<span class=\"elementor-button-icon\">\n\t\t\t\t<svg aria-hidden=\"true\" class=\"e-font-icon-svg e-fas-chevron-right\" viewbox=\"0 0 320 512\" xmlns=\"http:\/\/www.w3.org\/2000\/svg\"><path d=\"M285.476 272.971L91.132 467.314c-9.373 9.373-24.569 9.373-33.941 0l-22.667-22.667c-9.357-9.357-9.375-24.522-.04-33.901L188.505 256 34.484 101.255c-9.335-9.379-9.317-24.544.04-33.901l22.667-22.667c9.373-9.373 24.569-9.373 33.941 0L285.475 239.03c9.373 9.372 9.373 24.568.001 33.941z\"><\/path><\/svg>\t\t\t<\/span>\n\t\t\t\t\t\t\t\t\t<span class=\"elementor-button-text\">request a quote<\/span>\n\t\t\t\t\t<\/span>\n\t\t\t\t\t<\/a>\n\t\t\t\t\t\t\t\t<\/div>\n\t\t\t\t<\/div>\n\t\t<div class=\"elementor-element elementor-element-40a8bb0 e-con-full e-flex e-con e-child\" data-id=\"40a8bb0\" data-element_type=\"container\">\n\t\t\t\t<div class=\"elementor-element elementor-element-3c46702 elementor-widget elementor-widget-image\" data-id=\"3c46702\" data-element_type=\"widget\" data-widget_type=\"image.default\">\n\t\t\t\t\t\t\t\t\t\t\t\t\t\t\t<img fetchpriority=\"high\" decoding=\"async\" width=\"1200\" height=\"800\" src=\"https:\/\/naturalpar.hu\/wp-content\/uploads\/2025\/08\/tea.jpg\" class=\"attachment-full size-full wp-image-890\" alt=\"\" srcset=\"https:\/\/naturalpar.hu\/wp-content\/uploads\/2025\/08\/tea.jpg 1200w, https:\/\/naturalpar.hu\/wp-content\/uploads\/2025\/08\/tea-700x467.jpg 700w, https:\/\/naturalpar.hu\/wp-content\/uploads\/2025\/08\/tea-1024x683.jpg 1024w, https:\/\/naturalpar.hu\/wp-content\/uploads\/2025\/08\/tea-768x512.jpg 768w\" sizes=\"(max-width: 1200px) 100vw, 1200px\" \/>\t\t\t\t\t\t\t\t\t\t\t\t\t\t\t<\/div>\n\t\t\t\t<\/div>\n\t\t\t\t\t<\/div>\n\t\t\t\t<\/div>\n\t\t<div class=\"elementor-element elementor-element-a3700af e-flex e-con-boxed e-con e-parent\" data-id=\"a3700af\" data-element_type=\"container\">\n\t\t\t\t\t<div class=\"e-con-inner\">\n\t\t\t\t<div class=\"elementor-element elementor-element-8723632 elementor-widget elementor-widget-heading\" data-id=\"8723632\" data-element_type=\"widget\" data-widget_type=\"heading.default\">\n\t\t\t\t\t<h2 class=\"elementor-heading-title elementor-size-default\">Advantages of the Technology<\/h2>\t\t\t\t<\/div>\n\t\t<div class=\"elementor-element elementor-element-debb59f e-con-full e-flex e-con e-child\" data-id=\"debb59f\" data-element_type=\"container\">\n\t\t<div class=\"elementor-element elementor-element-bb7a0fc e-con-full e-flex e-con e-child\" data-id=\"bb7a0fc\" data-element_type=\"container\">\n\t\t\t\t<div class=\"elementor-element elementor-element-cf04615 elementor-position-left elementor-vertical-align-middle elementor-widget elementor-widget-image-box\" data-id=\"cf04615\" data-element_type=\"widget\" data-widget_type=\"image-box.default\">\n\t\t\t\t\t<div class=\"elementor-image-box-wrapper\"><figure class=\"elementor-image-box-img\"><img decoding=\"async\" src=\"https:\/\/naturalpar.hu\/wp-content\/uploads\/2025\/08\/aroma.svg\" class=\"attachment-full size-full wp-image-760\" alt=\"aroma\" \/><\/figure><div class=\"elementor-image-box-content\"><span class=\"elementor-image-box-title\">Wide range of flavours, colours and aromas<\/span><\/div><\/div>\t\t\t\t<\/div>\n\t\t\t\t<div class=\"elementor-element elementor-element-98c6a3d elementor-widget elementor-widget-text-editor\" data-id=\"98c6a3d\" data-element_type=\"widget\" data-widget_type=\"text-editor.default\">\n\t\t\t\t\t\t\t\t\t<p>Thanks to processing in a closed environment and precise heat treatment.<\/p>\t\t\t\t\t\t\t\t<\/div>\n\t\t\t\t<\/div>\n\t\t<div class=\"elementor-element elementor-element-cf449d3 e-con-full e-flex e-con e-child\" data-id=\"cf449d3\" data-element_type=\"container\">\n\t\t\t\t<div class=\"elementor-element elementor-element-c2a7432 elementor-position-left elementor-vertical-align-middle elementor-widget elementor-widget-image-box\" data-id=\"c2a7432\" data-element_type=\"widget\" data-widget_type=\"image-box.default\">\n\t\t\t\t\t<div class=\"elementor-image-box-wrapper\"><figure class=\"elementor-image-box-img\"><img decoding=\"async\" src=\"https:\/\/naturalpar.hu\/wp-content\/uploads\/2025\/08\/Homersekletszabalyozas.svg\" class=\"attachment-full size-full wp-image-779\" alt=\"Temperature control\" \/><\/figure><div class=\"elementor-image-box-content\"><span class=\"elementor-image-box-title\">Direct heat contact<\/span><\/div><\/div>\t\t\t\t<\/div>\n\t\t\t\t<div class=\"elementor-element elementor-element-3716a47 elementor-widget elementor-widget-text-editor\" data-id=\"3716a47\" data-element_type=\"widget\" data-widget_type=\"text-editor.default\">\n\t\t\t\t\t\t\t\t\t<p>The heated tube surface ensures efficient and uniform heat treatment.<\/p>\t\t\t\t\t\t\t\t<\/div>\n\t\t\t\t<\/div>\n\t\t<div class=\"elementor-element elementor-element-48910e1 e-con-full e-flex e-con e-child\" data-id=\"48910e1\" data-element_type=\"container\">\n\t\t\t\t<div class=\"elementor-element elementor-element-559040a elementor-position-left elementor-vertical-align-middle elementor-widget elementor-widget-image-box\" data-id=\"559040a\" data-element_type=\"widget\" data-widget_type=\"image-box.default\">\n\t\t\t\t\t<div class=\"elementor-image-box-wrapper\"><figure class=\"elementor-image-box-img\"><img decoding=\"async\" src=\"https:\/\/naturalpar.hu\/wp-content\/uploads\/2025\/08\/rugalmassag.svg\" class=\"attachment-full size-full wp-image-763\" alt=\"flexibility\" \/><\/figure><div class=\"elementor-image-box-content\"><span class=\"elementor-image-box-title\">Homogeneous treatment<\/span><\/div><\/div>\t\t\t\t<\/div>\n\t\t\t\t<div class=\"elementor-element elementor-element-f9bfb5c elementor-widget elementor-widget-text-editor\" data-id=\"f9bfb5c\" data-element_type=\"widget\" data-widget_type=\"text-editor.default\">\n\t\t\t\t\t\t\t\t\t<p>Vibratory movement results in uniform processing and excellent mixing.<\/p>\t\t\t\t\t\t\t\t<\/div>\n\t\t\t\t<\/div>\n\t\t\t\t<\/div>\n\t\t<div class=\"elementor-element elementor-element-78d95b7 e-con-full e-flex e-con e-child\" data-id=\"78d95b7\" data-element_type=\"container\">\n\t\t<div class=\"elementor-element elementor-element-436d213 e-con-full e-flex e-con e-child\" data-id=\"436d213\" data-element_type=\"container\">\n\t\t\t\t<div class=\"elementor-element elementor-element-3ff81e0 elementor-position-left elementor-vertical-align-middle elementor-widget elementor-widget-image-box\" data-id=\"3ff81e0\" data-element_type=\"widget\" data-widget_type=\"image-box.default\">\n\t\t\t\t\t<div class=\"elementor-image-box-wrapper\"><figure class=\"elementor-image-box-img\"><img decoding=\"async\" src=\"https:\/\/naturalpar.hu\/wp-content\/uploads\/2025\/08\/szakertelem.svg\" class=\"attachment-full size-full wp-image-636\" alt=\"expertise\" \/><\/figure><div class=\"elementor-image-box-content\"><span class=\"elementor-image-box-title\">Precise parameter adjustment<\/span><\/div><\/div>\t\t\t\t<\/div>\n\t\t\t\t<div class=\"elementor-element elementor-element-f00e311 elementor-widget elementor-widget-text-editor\" data-id=\"f00e311\" data-element_type=\"widget\" data-widget_type=\"text-editor.default\">\n\t\t\t\t\t\t\t\t\t<p>Adjusting the parameters of the heat treatment allows for achieving the preferred flavour profile and degree of drying.<\/p>\t\t\t\t\t\t\t\t<\/div>\n\t\t\t\t<\/div>\n\t\t<div class=\"elementor-element elementor-element-979a32b e-con-full e-flex e-con e-child\" data-id=\"979a32b\" data-element_type=\"container\">\n\t\t\t\t<div class=\"elementor-element elementor-element-a8422d9 elementor-position-left elementor-vertical-align-middle elementor-widget elementor-widget-image-box\" data-id=\"a8422d9\" data-element_type=\"widget\" data-widget_type=\"image-box.default\">\n\t\t\t\t\t<div class=\"elementor-image-box-wrapper\"><figure class=\"elementor-image-box-img\"><img decoding=\"async\" src=\"https:\/\/naturalpar.hu\/wp-content\/uploads\/2025\/08\/szetvalogatas.svg\" class=\"attachment-full size-full wp-image-762\" alt=\"sorting\" \/><\/figure><div class=\"elementor-image-box-content\"><span class=\"elementor-image-box-title\">Accurate moisture content control<\/span><\/div><\/div>\t\t\t\t<\/div>\n\t\t\t\t<div class=\"elementor-element elementor-element-61e018b elementor-widget elementor-widget-text-editor\" data-id=\"61e018b\" data-element_type=\"widget\" data-widget_type=\"text-editor.default\">\n\t\t\t\t\t\t\t\t\t<p>Precise adjustment of the internal atmosphere of the pipe system ensures optimisation of the final moisture content.<\/p>\t\t\t\t\t\t\t\t<\/div>\n\t\t\t\t<\/div>\n\t\t<div class=\"elementor-element elementor-element-20e82dd e-con-full e-flex e-con e-child\" data-id=\"20e82dd\" data-element_type=\"container\">\n\t\t\t\t<div class=\"elementor-element elementor-element-014b0c8 elementor-position-left elementor-vertical-align-middle elementor-widget elementor-widget-image-box\" data-id=\"014b0c8\" data-element_type=\"widget\" data-widget_type=\"image-box.default\">\n\t\t\t\t\t<div class=\"elementor-image-box-wrapper\"><figure class=\"elementor-image-box-img\"><img decoding=\"async\" src=\"https:\/\/naturalpar.hu\/wp-content\/uploads\/2025\/08\/rugalmassag.svg\" class=\"attachment-full size-full wp-image-763\" alt=\"flexibility\" \/><\/figure><div class=\"elementor-image-box-content\"><span class=\"elementor-image-box-title\">Guaranteed microbiological quality<\/span><\/div><\/div>\t\t\t\t<\/div>\n\t\t\t\t<div class=\"elementor-element elementor-element-fe7b15b elementor-widget elementor-widget-text-editor\" data-id=\"fe7b15b\" data-element_type=\"widget\" data-widget_type=\"text-editor.default\">\n\t\t\t\t\t\t\t\t\t<p>Complete removal of Salmonella, E. coli, coliforms, yeasts and moulds, with a significant reduction in total germ count.<\/p>\t\t\t\t\t\t\t\t<\/div>\n\t\t\t\t<\/div>\n\t\t\t\t<\/div>\n\t\t\t\t\t<\/div>\n\t\t\t\t<\/div>\n\t\t<div class=\"elementor-element elementor-element-2cf0654 e-flex e-con-boxed e-con e-parent\" data-id=\"2cf0654\" data-element_type=\"container\" data-settings=\"{&quot;background_background&quot;:&quot;classic&quot;}\">\n\t\t\t\t\t<div class=\"e-con-inner\">\n\t\t\t\t<div class=\"elementor-element elementor-element-db9f24a elementor-widget elementor-widget-heading\" data-id=\"db9f24a\" data-element_type=\"widget\" data-widget_type=\"heading.default\">\n\t\t\t\t\t<h2 class=\"elementor-heading-title elementor-size-default\">Contact and Request a Quote<\/h2>\t\t\t\t<\/div>\n\t\t\t\t<div class=\"elementor-element elementor-element-68cd1f3 elementor-widget__width-initial elementor-widget elementor-widget-text-editor\" data-id=\"68cd1f3\" data-element_type=\"widget\" data-widget_type=\"text-editor.default\">\n\t\t\t\t\t\t\t\t\t<p>If you need safe and uniform heat treatment for tea or coffee products, get in touch with us!<br \/><strong>Request a quote now to ensure premium quality for your products!<\/strong><\/p>\t\t\t\t\t\t\t\t<\/div>\n\t\t\t\t<div class=\"elementor-element elementor-element-d297b0c elementor-align-center elementor-widget elementor-widget-button\" data-id=\"d297b0c\" data-element_type=\"widget\" data-widget_type=\"button.default\">\n\t\t\t\t\t\t\t\t\t\t<a class=\"elementor-button elementor-button-link elementor-size-sm\" href=\"https:\/\/naturalpar.hu\/en\/contact-us\/\">\n\t\t\t\t\t\t<span class=\"elementor-button-content-wrapper\">\n\t\t\t\t\t\t<span class=\"elementor-button-icon\">\n\t\t\t\t<svg aria-hidden=\"true\" class=\"e-font-icon-svg e-fas-chevron-right\" viewbox=\"0 0 320 512\" xmlns=\"http:\/\/www.w3.org\/2000\/svg\"><path d=\"M285.476 272.971L91.132 467.314c-9.373 9.373-24.569 9.373-33.941 0l-22.667-22.667c-9.357-9.357-9.375-24.522-.04-33.901L188.505 256 34.484 101.255c-9.335-9.379-9.317-24.544.04-33.901l22.667-22.667c9.373-9.373 24.569-9.373 33.941 0L285.475 239.03c9.373 9.372 9.373 24.568.001 33.941z\"><\/path><\/svg>\t\t\t<\/span>\n\t\t\t\t\t\t\t\t\t<span class=\"elementor-button-text\">Request a quote<\/span>\n\t\t\t\t\t<\/span>\n\t\t\t\t\t<\/a>\n\t\t\t\t\t\t\t\t<\/div>\n\t\t\t\t\t<\/div>\n\t\t\t\t<\/div>\n\t\t\t\t<\/div>","protected":false},"excerpt":{"rendered":"<p>Teaf\u00e9l\u00e9k H\u0151kezel\u00e9se \u2028- Kiv\u00e1l\u00f3 Min\u0151s\u00e9g \u00e9s Egyenletes \u00cdzvil\u00e1g Speci\u00e1lis H\u0151kezel\u00e9si Technol\u00f3gia Te\u00e1k \u00e9s K\u00e1v\u00e9k Sz\u00e1m\u00e1ra A Naturalp\u00e1r REVTECH technol\u00f3gi\u00e1ja lehet\u0151v\u00e9 teszi a teaf\u00e9l\u00e9k, gy\u00f3gyn\u00f6v\u00e9ny te\u00e1k, \u00e1rpa- \u00e9s rozste\u00e1k, valamint k\u00e1v\u00e9f\u00e9l\u00e9k k\u00edm\u00e9letes \u00e9s hat\u00e9kony h\u0151kezel\u00e9s\u00e9t. A vibr\u00e1ci\u00f3s sz\u00e1ll\u00edt\u00e1s, az elektromos impedanci\u00e1val f\u0171t\u00f6tt rozsdamentes cs\u0151fel\u00fclet \u00e9s a kis mennyis\u00e9g\u0171 g\u0151z kombin\u00e1ci\u00f3ja biztos\u00edtja a kiv\u00e1l\u00f3 \u00edz- \u00e9s illatmeg\u0151rz\u00e9st, [&hellip;]<\/p>","protected":false},"author":1,"featured_media":924,"parent":0,"menu_order":0,"comment_status":"closed","ping_status":"closed","template":"","meta":{"footnotes":""},"class_list":["post-663","page","type-page","status-publish","has-post-thumbnail","hentry"],"yoast_head":"<!-- This site is optimized with the Yoast SEO plugin v26.8 - https:\/\/yoast.com\/product\/yoast-seo-wordpress\/ -->\n<title>Teaf\u00e9l\u00e9k H\u0151kezel\u00e9se - Naturalp\u00e1r<\/title>\n<meta name=\"description\" content=\"A Naturalp\u00e1r REVTECH technol\u00f3gi\u00e1ja lehet\u0151v\u00e9 teszi a teaf\u00e9l\u00e9k, gy\u00f3gyn\u00f6v\u00e9ny te\u00e1k, \u00e1rpa- \u00e9s rozste\u00e1k, valamint k\u00e1v\u00e9f\u00e9l\u00e9k k\u00edm\u00e9letes \u00e9s hat\u00e9kony h\u0151kezel\u00e9s\u00e9t.\" \/>\n<meta name=\"robots\" content=\"index, follow, max-snippet:-1, max-image-preview:large, max-video-preview:-1\" \/>\n<link rel=\"canonical\" href=\"https:\/\/naturalpar.hu\/en\/heat-treatment-of-teas\/\" \/>\n<meta property=\"og:locale\" content=\"en_GB\" \/>\n<meta property=\"og:type\" content=\"article\" \/>\n<meta property=\"og:title\" content=\"Teaf\u00e9l\u00e9k H\u0151kezel\u00e9se - Naturalp\u00e1r\" \/>\n<meta property=\"og:description\" content=\"A Naturalp\u00e1r REVTECH technol\u00f3gi\u00e1ja lehet\u0151v\u00e9 teszi a teaf\u00e9l\u00e9k, gy\u00f3gyn\u00f6v\u00e9ny te\u00e1k, \u00e1rpa- \u00e9s rozste\u00e1k, valamint k\u00e1v\u00e9f\u00e9l\u00e9k k\u00edm\u00e9letes \u00e9s hat\u00e9kony h\u0151kezel\u00e9s\u00e9t.\" \/>\n<meta property=\"og:url\" content=\"https:\/\/naturalpar.hu\/en\/heat-treatment-of-teas\/\" \/>\n<meta property=\"og:site_name\" content=\"Naturalp\u00e1r\" \/>\n<meta property=\"article:publisher\" content=\"https:\/\/www.facebook.com\/naturalpar\" \/>\n<meta property=\"article:modified_time\" content=\"2025-09-01T20:04:26+00:00\" \/>\n<meta property=\"og:image\" content=\"https:\/\/naturalpar.hu\/wp-content\/uploads\/2025\/08\/Naturalpar-Thumbnail.jpg\" \/>\n\t<meta property=\"og:image:width\" content=\"1280\" \/>\n\t<meta property=\"og:image:height\" content=\"720\" \/>\n\t<meta property=\"og:image:type\" content=\"image\/jpeg\" \/>\n<meta name=\"twitter:card\" content=\"summary_large_image\" \/>\n<meta name=\"twitter:label1\" content=\"Estimated reading time\" \/>\n\t<meta name=\"twitter:data1\" content=\"3 minutes\" \/>\n<script type=\"application\/ld+json\" class=\"yoast-schema-graph\">{\"@context\":\"https:\/\/schema.org\",\"@graph\":[{\"@type\":\"WebPage\",\"@id\":\"https:\/\/naturalpar.hu\/teafelek-hokezelese\/\",\"url\":\"https:\/\/naturalpar.hu\/teafelek-hokezelese\/\",\"name\":\"Teaf\u00e9l\u00e9k H\u0151kezel\u00e9se - Naturalp\u00e1r\",\"isPartOf\":{\"@id\":\"https:\/\/naturalpar.hu\/#website\"},\"primaryImageOfPage\":{\"@id\":\"https:\/\/naturalpar.hu\/teafelek-hokezelese\/#primaryimage\"},\"image\":{\"@id\":\"https:\/\/naturalpar.hu\/teafelek-hokezelese\/#primaryimage\"},\"thumbnailUrl\":\"https:\/\/naturalpar.hu\/wp-content\/uploads\/2025\/08\/Naturalpar-Thumbnail.jpg\",\"datePublished\":\"2025-08-24T19:25:35+00:00\",\"dateModified\":\"2025-09-01T20:04:26+00:00\",\"description\":\"A Naturalp\u00e1r REVTECH technol\u00f3gi\u00e1ja lehet\u0151v\u00e9 teszi a teaf\u00e9l\u00e9k, gy\u00f3gyn\u00f6v\u00e9ny te\u00e1k, \u00e1rpa- \u00e9s rozste\u00e1k, valamint k\u00e1v\u00e9f\u00e9l\u00e9k k\u00edm\u00e9letes \u00e9s hat\u00e9kony h\u0151kezel\u00e9s\u00e9t.\",\"breadcrumb\":{\"@id\":\"https:\/\/naturalpar.hu\/teafelek-hokezelese\/#breadcrumb\"},\"inLanguage\":\"en-GB\",\"potentialAction\":[{\"@type\":\"ReadAction\",\"target\":[\"https:\/\/naturalpar.hu\/teafelek-hokezelese\/\"]}]},{\"@type\":\"ImageObject\",\"inLanguage\":\"en-GB\",\"@id\":\"https:\/\/naturalpar.hu\/teafelek-hokezelese\/#primaryimage\",\"url\":\"https:\/\/naturalpar.hu\/wp-content\/uploads\/2025\/08\/Naturalpar-Thumbnail.jpg\",\"contentUrl\":\"https:\/\/naturalpar.hu\/wp-content\/uploads\/2025\/08\/Naturalpar-Thumbnail.jpg\",\"width\":1280,\"height\":720,\"caption\":\"Naturalpar-Thumbnail\"},{\"@type\":\"BreadcrumbList\",\"@id\":\"https:\/\/naturalpar.hu\/teafelek-hokezelese\/#breadcrumb\",\"itemListElement\":[{\"@type\":\"ListItem\",\"position\":1,\"name\":\"Kezd\u0151lap\",\"item\":\"https:\/\/naturalpar.hu\/\"},{\"@type\":\"ListItem\",\"position\":2,\"name\":\"Teaf\u00e9l\u00e9k H\u0151kezel\u00e9se\"}]},{\"@type\":\"WebSite\",\"@id\":\"https:\/\/naturalpar.hu\/#website\",\"url\":\"https:\/\/naturalpar.hu\/\",\"name\":\"Naturalp\u00e1r\",\"description\":\"H\u0151kezel\u00e9s, Steriliz\u00e1l\u00e1s, P\u00f6rk\u00f6l\u00e9s Egyszer\u0171en\",\"publisher\":{\"@id\":\"https:\/\/naturalpar.hu\/#organization\"},\"potentialAction\":[{\"@type\":\"SearchAction\",\"target\":{\"@type\":\"EntryPoint\",\"urlTemplate\":\"https:\/\/naturalpar.hu\/?s={search_term_string}\"},\"query-input\":{\"@type\":\"PropertyValueSpecification\",\"valueRequired\":true,\"valueName\":\"search_term_string\"}}],\"inLanguage\":\"en-GB\"},{\"@type\":\"Organization\",\"@id\":\"https:\/\/naturalpar.hu\/#organization\",\"name\":\"Naturalp\u00e1r Kft.\",\"url\":\"https:\/\/naturalpar.hu\/\",\"logo\":{\"@type\":\"ImageObject\",\"inLanguage\":\"en-GB\",\"@id\":\"https:\/\/naturalpar.hu\/#\/schema\/logo\/image\/\",\"url\":\"https:\/\/naturalpar.hu\/wp-content\/uploads\/2025\/08\/cropped-Naturalpar-logo-300dpi-rgb-scaled-1.png\",\"contentUrl\":\"https:\/\/naturalpar.hu\/wp-content\/uploads\/2025\/08\/cropped-Naturalpar-logo-300dpi-rgb-scaled-1.png\",\"width\":512,\"height\":512,\"caption\":\"Naturalp\u00e1r Kft.\"},\"image\":{\"@id\":\"https:\/\/naturalpar.hu\/#\/schema\/logo\/image\/\"},\"sameAs\":[\"https:\/\/www.facebook.com\/naturalpar\"]}]}<\/script>\n<!-- \/ Yoast SEO plugin. -->","yoast_head_json":{"title":"Heat Treatment of Teas - Naturalp\u00e1r","description":"Naturalp\u00e1r\u2019s REVTECH technology enables gentle and efficient heat treatment of teas, herbal teas, barley and rye teas, as well as coffee varieties.","robots":{"index":"index","follow":"follow","max-snippet":"max-snippet:-1","max-image-preview":"max-image-preview:large","max-video-preview":"max-video-preview:-1"},"canonical":"https:\/\/naturalpar.hu\/en\/heat-treatment-of-teas\/","og_locale":"en_GB","og_type":"article","og_title":"Teaf\u00e9l\u00e9k H\u0151kezel\u00e9se - Naturalp\u00e1r","og_description":"A Naturalp\u00e1r REVTECH technol\u00f3gi\u00e1ja lehet\u0151v\u00e9 teszi a teaf\u00e9l\u00e9k, gy\u00f3gyn\u00f6v\u00e9ny te\u00e1k, \u00e1rpa- \u00e9s rozste\u00e1k, valamint k\u00e1v\u00e9f\u00e9l\u00e9k k\u00edm\u00e9letes \u00e9s hat\u00e9kony h\u0151kezel\u00e9s\u00e9t.","og_url":"https:\/\/naturalpar.hu\/en\/heat-treatment-of-teas\/","og_site_name":"Naturalp\u00e1r","article_publisher":"https:\/\/www.facebook.com\/naturalpar","article_modified_time":"2025-09-01T20:04:26+00:00","og_image":[{"width":1280,"height":720,"url":"https:\/\/naturalpar.hu\/wp-content\/uploads\/2025\/08\/Naturalpar-Thumbnail.jpg","type":"image\/jpeg"}],"twitter_card":"summary_large_image","twitter_misc":{"Estimated reading time":"3 minutes"},"schema":{"@context":"https:\/\/schema.org","@graph":[{"@type":"WebPage","@id":"https:\/\/naturalpar.hu\/teafelek-hokezelese\/","url":"https:\/\/naturalpar.hu\/teafelek-hokezelese\/","name":"Heat Treatment of Teas - Naturalp\u00e1r","isPartOf":{"@id":"https:\/\/naturalpar.hu\/#website"},"primaryImageOfPage":{"@id":"https:\/\/naturalpar.hu\/teafelek-hokezelese\/#primaryimage"},"image":{"@id":"https:\/\/naturalpar.hu\/teafelek-hokezelese\/#primaryimage"},"thumbnailUrl":"https:\/\/naturalpar.hu\/wp-content\/uploads\/2025\/08\/Naturalpar-Thumbnail.jpg","datePublished":"2025-08-24T19:25:35+00:00","dateModified":"2025-09-01T20:04:26+00:00","description":"Naturalp\u00e1r\u2019s REVTECH technology enables gentle and efficient heat treatment of teas, herbal teas, barley and rye teas, as well as coffee varieties.","breadcrumb":{"@id":"https:\/\/naturalpar.hu\/teafelek-hokezelese\/#breadcrumb"},"inLanguage":"en-GB","potentialAction":[{"@type":"ReadAction","target":["https:\/\/naturalpar.hu\/teafelek-hokezelese\/"]}]},{"@type":"ImageObject","inLanguage":"en-GB","@id":"https:\/\/naturalpar.hu\/teafelek-hokezelese\/#primaryimage","url":"https:\/\/naturalpar.hu\/wp-content\/uploads\/2025\/08\/Naturalpar-Thumbnail.jpg","contentUrl":"https:\/\/naturalpar.hu\/wp-content\/uploads\/2025\/08\/Naturalpar-Thumbnail.jpg","width":1280,"height":720,"caption":"Naturalpar-Thumbnail"},{"@type":"BreadcrumbList","@id":"https:\/\/naturalpar.hu\/teafelek-hokezelese\/#breadcrumb","itemListElement":[{"@type":"ListItem","position":1,"name":"Kezd\u0151lap","item":"https:\/\/naturalpar.hu\/"},{"@type":"ListItem","position":2,"name":"Teaf\u00e9l\u00e9k H\u0151kezel\u00e9se"}]},{"@type":"WebSite","@id":"https:\/\/naturalpar.hu\/#website","url":"https:\/\/naturalpar.hu\/","name":"Naturalp\u00e1r","description":"Heat treatment, sterilisation, and roasting made simple","publisher":{"@id":"https:\/\/naturalpar.hu\/#organization"},"potentialAction":[{"@type":"SearchAction","target":{"@type":"EntryPoint","urlTemplate":"https:\/\/naturalpar.hu\/?s={search_term_string}"},"query-input":{"@type":"PropertyValueSpecification","valueRequired":true,"valueName":"search_term_string"}}],"inLanguage":"en-GB"},{"@type":"Organization","@id":"https:\/\/naturalpar.hu\/#organization","name":"Naturalp\u00e1r Kft.","url":"https:\/\/naturalpar.hu\/","logo":{"@type":"ImageObject","inLanguage":"en-GB","@id":"https:\/\/naturalpar.hu\/#\/schema\/logo\/image\/","url":"https:\/\/naturalpar.hu\/wp-content\/uploads\/2025\/08\/cropped-Naturalpar-logo-300dpi-rgb-scaled-1.png","contentUrl":"https:\/\/naturalpar.hu\/wp-content\/uploads\/2025\/08\/cropped-Naturalpar-logo-300dpi-rgb-scaled-1.png","width":512,"height":512,"caption":"Naturalp\u00e1r Kft."},"image":{"@id":"https:\/\/naturalpar.hu\/#\/schema\/logo\/image\/"},"sameAs":["https:\/\/www.facebook.com\/naturalpar"]}]}},"_links":{"self":[{"href":"https:\/\/naturalpar.hu\/en\/wp-json\/wp\/v2\/pages\/663","targetHints":{"allow":["GET"]}}],"collection":[{"href":"https:\/\/naturalpar.hu\/en\/wp-json\/wp\/v2\/pages"}],"about":[{"href":"https:\/\/naturalpar.hu\/en\/wp-json\/wp\/v2\/types\/page"}],"author":[{"embeddable":true,"href":"https:\/\/naturalpar.hu\/en\/wp-json\/wp\/v2\/users\/1"}],"replies":[{"embeddable":true,"href":"https:\/\/naturalpar.hu\/en\/wp-json\/wp\/v2\/comments?post=663"}],"version-history":[{"count":7,"href":"https:\/\/naturalpar.hu\/en\/wp-json\/wp\/v2\/pages\/663\/revisions"}],"predecessor-version":[{"id":896,"href":"https:\/\/naturalpar.hu\/en\/wp-json\/wp\/v2\/pages\/663\/revisions\/896"}],"wp:featuredmedia":[{"embeddable":true,"href":"https:\/\/naturalpar.hu\/en\/wp-json\/wp\/v2\/media\/924"}],"wp:attachment":[{"href":"https:\/\/naturalpar.hu\/en\/wp-json\/wp\/v2\/media?parent=663"}],"curies":[{"name":"wp","href":"https:\/\/api.w.org\/{rel}","templated":true}]}}