{"id":665,"date":"2025-08-24T21:25:51","date_gmt":"2025-08-24T19:25:51","guid":{"rendered":"https:\/\/naturalpar.hu\/?page_id=665"},"modified":"2025-09-01T22:04:00","modified_gmt":"2025-09-01T20:04:00","slug":"sorting-and-stone-removal","status":"publish","type":"page","link":"https:\/\/naturalpar.hu\/en\/sorting-and-stone-removal\/","title":{"rendered":"Szelekt\u00e1l\u00e1s \u00e9s K\u0151kiv\u00e1laszt\u00e1s"},"content":{"rendered":"<div data-elementor-type=\"wp-page\" data-elementor-id=\"665\" class=\"elementor elementor-665\" data-elementor-post-type=\"page\">\n\t\t\t\t<div class=\"elementor-element elementor-element-96abb48 e-flex e-con-boxed e-con e-parent\" data-id=\"96abb48\" data-element_type=\"container\">\n\t\t\t\t\t<div class=\"e-con-inner\">\n\t\t<div class=\"elementor-element elementor-element-33dfd0c e-con-full e-flex e-con e-child\" data-id=\"33dfd0c\" data-element_type=\"container\">\n\t\t\t\t<div class=\"elementor-element elementor-element-c57ddac elementor-widget elementor-widget-heading\" data-id=\"c57ddac\" data-element_type=\"widget\" data-widget_type=\"heading.default\">\n\t\t\t\t\t<span class=\"elementor-heading-title elementor-size-default\">Sorting and Stone Removal \u2013 Clean and Safe Raw Materials<\/span>\t\t\t\t<\/div>\n\t\t\t\t<div class=\"elementor-element elementor-element-64add32 elementor-widget elementor-widget-heading\" data-id=\"64add32\" data-element_type=\"widget\" data-widget_type=\"heading.default\">\n\t\t\t\t\t<h1 class=\"elementor-heading-title elementor-size-default\">Precision Sorting and Stone Removal for the Best Quality<\/h1>\t\t\t\t<\/div>\n\t\t\t\t<div class=\"elementor-element elementor-element-84e8684 elementor-widget elementor-widget-text-editor\" data-id=\"84e8684\" data-element_type=\"widget\" data-widget_type=\"text-editor.default\">\n\t\t\t\t\t\t\t\t\t<p>Naturalp\u00e1r\u2019s sorting and stone removal services ensure that raw materials are free from contaminants. With our modern technology, we remove heavy contaminants (such as stones, metals, glass) and dust from the product, guaranteeing cleaner, safer, and more consistent quality.<\/p>\t\t\t\t\t\t\t\t<\/div>\n\t\t\t\t<div class=\"elementor-element elementor-element-ebe4ce1 elementor-widget elementor-widget-button\" data-id=\"ebe4ce1\" data-element_type=\"widget\" data-widget_type=\"button.default\">\n\t\t\t\t\t\t\t\t\t\t<a class=\"elementor-button elementor-button-link elementor-size-sm\" href=\"https:\/\/webdesignthatconverts.hu\/kapcsolat\/\">\n\t\t\t\t\t\t<span class=\"elementor-button-content-wrapper\">\n\t\t\t\t\t\t<span class=\"elementor-button-icon\">\n\t\t\t\t<svg aria-hidden=\"true\" class=\"e-font-icon-svg e-fas-chevron-right\" viewbox=\"0 0 320 512\" xmlns=\"http:\/\/www.w3.org\/2000\/svg\"><path d=\"M285.476 272.971L91.132 467.314c-9.373 9.373-24.569 9.373-33.941 0l-22.667-22.667c-9.357-9.357-9.375-24.522-.04-33.901L188.505 256 34.484 101.255c-9.335-9.379-9.317-24.544.04-33.901l22.667-22.667c9.373-9.373 24.569-9.373 33.941 0L285.475 239.03c9.373 9.372 9.373 24.568.001 33.941z\"><\/path><\/svg>\t\t\t<\/span>\n\t\t\t\t\t\t\t\t\t<span class=\"elementor-button-text\">request a quote<\/span>\n\t\t\t\t\t<\/span>\n\t\t\t\t\t<\/a>\n\t\t\t\t\t\t\t\t<\/div>\n\t\t\t\t<\/div>\n\t\t<div class=\"elementor-element elementor-element-5c08c46 e-con-full e-flex e-con e-child\" data-id=\"5c08c46\" data-element_type=\"container\">\n\t\t\t\t<div class=\"elementor-element elementor-element-4b0b3df elementor-widget elementor-widget-image\" data-id=\"4b0b3df\" data-element_type=\"widget\" data-widget_type=\"image.default\">\n\t\t\t\t\t\t\t\t\t\t\t\t\t\t\t<img decoding=\"async\" src=\"https:\/\/naturalpar.hu\/wp-content\/uploads\/2025\/08\/szelektalas-1.jpg\" title=\"szelektalas-1.jpg\" alt=\"szelektalas-1.jpg\" loading=\"lazy\" \/>\t\t\t\t\t\t\t\t\t\t\t\t\t\t\t<\/div>\n\t\t\t\t<\/div>\n\t\t\t\t\t<\/div>\n\t\t\t\t<\/div>\n\t\t<div class=\"elementor-element elementor-element-b973043 e-flex e-con-boxed e-con e-parent\" data-id=\"b973043\" data-element_type=\"container\">\n\t\t\t\t\t<div class=\"e-con-inner\">\n\t\t\t\t<div class=\"elementor-element elementor-element-b2d3d24 elementor-widget elementor-widget-heading\" data-id=\"b2d3d24\" data-element_type=\"widget\" data-widget_type=\"heading.default\">\n\t\t\t\t\t<h2 class=\"elementor-heading-title elementor-size-default\">Why is sorting and stone removal important?<\/h2>\t\t\t\t<\/div>\n\t\t<div class=\"elementor-element elementor-element-d332b5b e-con-full e-flex e-con e-child\" data-id=\"d332b5b\" data-element_type=\"container\">\n\t\t<div class=\"elementor-element elementor-element-14e760e e-con-full e-flex e-con e-child\" data-id=\"14e760e\" data-element_type=\"container\">\n\t\t\t\t<div class=\"elementor-element elementor-element-faab667 elementor-position-left elementor-vertical-align-middle elementor-widget elementor-widget-image-box\" data-id=\"faab667\" data-element_type=\"widget\" data-widget_type=\"image-box.default\">\n\t\t\t\t\t<div class=\"elementor-image-box-wrapper\"><figure class=\"elementor-image-box-img\"><img decoding=\"async\" src=\"https:\/\/naturalpar.hu\/wp-content\/uploads\/2025\/08\/termekek.svg\" class=\"attachment-full size-full wp-image-785\" alt=\"products\" \/><\/figure><div class=\"elementor-image-box-content\"><span class=\"elementor-image-box-title\">Food safety<\/span><\/div><\/div>\t\t\t\t<\/div>\n\t\t\t\t<div class=\"elementor-element elementor-element-1ac117f elementor-widget elementor-widget-text-editor\" data-id=\"1ac117f\" data-element_type=\"widget\" data-widget_type=\"text-editor.default\">\n\t\t\t\t\t\t\t\t\t<p>Removal of harmful and foreign materials.<\/p>\t\t\t\t\t\t\t\t<\/div>\n\t\t\t\t<\/div>\n\t\t<div class=\"elementor-element elementor-element-a182a2f e-con-full e-flex e-con e-child\" data-id=\"a182a2f\" data-element_type=\"container\">\n\t\t\t\t<div class=\"elementor-element elementor-element-5cb7c1c elementor-position-left elementor-vertical-align-middle elementor-widget elementor-widget-image-box\" data-id=\"5cb7c1c\" data-element_type=\"widget\" data-widget_type=\"image-box.default\">\n\t\t\t\t\t<div class=\"elementor-image-box-wrapper\"><figure class=\"elementor-image-box-img\"><img decoding=\"async\" src=\"https:\/\/naturalpar.hu\/wp-content\/uploads\/2025\/08\/aroma.svg\" class=\"attachment-full size-full wp-image-760\" alt=\"aroma\" \/><\/figure><div class=\"elementor-image-box-content\"><span class=\"elementor-image-box-title\">Improvement of product quality<\/span><\/div><\/div>\t\t\t\t<\/div>\n\t\t\t\t<div class=\"elementor-element elementor-element-1fc189c elementor-widget elementor-widget-text-editor\" data-id=\"1fc189c\" data-element_type=\"widget\" data-widget_type=\"text-editor.default\">\n\t\t\t\t\t\t\t\t\t<p>More consistent and cleaner raw materials.<\/p>\t\t\t\t\t\t\t\t<\/div>\n\t\t\t\t<\/div>\n\t\t<div class=\"elementor-element elementor-element-45d1c80 e-con-full e-flex e-con e-child\" data-id=\"45d1c80\" data-element_type=\"container\">\n\t\t\t\t<div class=\"elementor-element elementor-element-6cef946 elementor-position-left elementor-vertical-align-middle elementor-widget elementor-widget-image-box\" data-id=\"6cef946\" data-element_type=\"widget\" data-widget_type=\"image-box.default\">\n\t\t\t\t\t<div class=\"elementor-image-box-wrapper\"><figure class=\"elementor-image-box-img\"><img decoding=\"async\" src=\"https:\/\/naturalpar.hu\/wp-content\/uploads\/2025\/08\/rugalmassag.svg\" class=\"attachment-full size-full wp-image-763\" alt=\"flexibility\" \/><\/figure><div class=\"elementor-image-box-content\"><span class=\"elementor-image-box-title\">Protection of machinery <\/span><\/div><\/div>\t\t\t\t<\/div>\n\t\t\t\t<div class=\"elementor-element elementor-element-0b9a1a4 elementor-widget elementor-widget-text-editor\" data-id=\"0b9a1a4\" data-element_type=\"widget\" data-widget_type=\"text-editor.default\">\n\t\t\t\t\t\t\t\t\t<p>Prevention of processing machine failures.<\/p>\t\t\t\t\t\t\t\t<\/div>\n\t\t\t\t<\/div>\n\t\t<div class=\"elementor-element elementor-element-147bf0e e-con-full e-flex e-con e-child\" data-id=\"147bf0e\" data-element_type=\"container\">\n\t\t\t\t<div class=\"elementor-element elementor-element-866b113 elementor-position-left elementor-vertical-align-middle elementor-widget elementor-widget-image-box\" data-id=\"866b113\" data-element_type=\"widget\" data-widget_type=\"image-box.default\">\n\t\t\t\t\t<div class=\"elementor-image-box-wrapper\"><figure class=\"elementor-image-box-img\"><img decoding=\"async\" src=\"https:\/\/naturalpar.hu\/wp-content\/uploads\/2025\/08\/ora.svg\" class=\"attachment-full size-full wp-image-634\" alt=\"clock\" \/><\/figure><div class=\"elementor-image-box-content\"><span class=\"elementor-image-box-title\">Efficient and fast process<\/span><\/div><\/div>\t\t\t\t<\/div>\n\t\t\t\t<div class=\"elementor-element elementor-element-ee240cf elementor-widget elementor-widget-text-editor\" data-id=\"ee240cf\" data-element_type=\"widget\" data-widget_type=\"text-editor.default\">\n\t\t\t\t\t\t\t\t\t<p>Fast cleaning of large quantities.<\/p>\t\t\t\t\t\t\t\t<\/div>\n\t\t\t\t<\/div>\n\t\t\t\t<\/div>\n\t\t\t\t\t<\/div>\n\t\t\t\t<\/div>\n\t\t<div class=\"elementor-element elementor-element-1bba5b7 e-flex e-con-boxed e-con e-parent\" data-id=\"1bba5b7\" data-element_type=\"container\">\n\t\t\t\t\t<div class=\"e-con-inner\">\n\t\t<div class=\"elementor-element elementor-element-2926d9f e-con-full e-flex e-con e-child\" data-id=\"2926d9f\" data-element_type=\"container\">\n\t\t<div class=\"elementor-element elementor-element-eee7a1b e-con-full e-flex e-con e-child\" data-id=\"eee7a1b\" data-element_type=\"container\">\n\t\t\t\t<div class=\"elementor-element elementor-element-955bcca elementor-widget elementor-widget-heading\" data-id=\"955bcca\" data-element_type=\"widget\" data-widget_type=\"heading.default\">\n\t\t\t\t\t<h3 class=\"elementor-heading-title elementor-size-default\">Stone Removal Sorting Equipment<\/h3>\t\t\t\t<\/div>\n\t\t\t\t<div class=\"elementor-element elementor-element-b1c97d9 elementor-widget__width-inherit elementor-widget elementor-widget-text-editor\" data-id=\"b1c97d9\" data-element_type=\"widget\" data-widget_type=\"text-editor.default\">\n\t\t\t\t\t\t\t\t\t<p>The stone removal equipment removes the following contaminants:<\/p><ul><li>Stones<\/li><li>Metal particles<\/li><li>Glass fragments<\/li><li>Other heavy contaminants<\/li><li>Removal of most of the dust from the product<\/li><\/ul>\t\t\t\t\t\t\t\t<\/div>\n\t\t\t\t<\/div>\n\t\t<div class=\"elementor-element elementor-element-e92b239 e-con-full e-flex e-con e-child\" data-id=\"e92b239\" data-element_type=\"container\">\n\t\t\t\t<div class=\"elementor-element elementor-element-009a2ab elementor-widget elementor-widget-heading\" data-id=\"009a2ab\" data-element_type=\"widget\" data-widget_type=\"heading.default\">\n\t\t\t\t\t<h3 class=\"elementor-heading-title elementor-size-default\">Metal Removal with Inductive System<\/h3>\t\t\t\t<\/div>\n\t\t\t\t<div class=\"elementor-element elementor-element-c5815c5 elementor-widget__width-inherit elementor-widget elementor-widget-text-editor\" data-id=\"c5815c5\" data-element_type=\"widget\" data-widget_type=\"text-editor.default\">\n\t\t\t\t\t\t\t\t\t<p>Our flow-through metal separator, which operates on the principle of induction, can detect and remove the following metals:<\/p><ul><li>Iron<\/li><li>Zinc<\/li><li>Aluminium<\/li><li>Copper<\/li><li>Stainless steel (inox)<\/li><\/ul><p>If the separator detects the presence of metal in the material flow, it automatically diverts the contaminant in another direction, ensuring clean raw material for further processing.<\/p>\t\t\t\t\t\t\t\t<\/div>\n\t\t\t\t<\/div>\n\t\t\t\t<\/div>\n\t\t\t\t\t<\/div>\n\t\t\t\t<\/div>\n\t\t<div class=\"elementor-element elementor-element-5ad8ed2 e-flex e-con-boxed e-con e-parent\" data-id=\"5ad8ed2\" data-element_type=\"container\" data-settings=\"{&quot;background_background&quot;:&quot;classic&quot;}\">\n\t\t\t\t\t<div class=\"e-con-inner\">\n\t\t\t\t<div class=\"elementor-element elementor-element-4818323 elementor-widget elementor-widget-heading\" data-id=\"4818323\" data-element_type=\"widget\" data-widget_type=\"heading.default\">\n\t\t\t\t\t<h2 class=\"elementor-heading-title elementor-size-default\">Contact and Request a Quote<\/h2>\t\t\t\t<\/div>\n\t\t\t\t<div class=\"elementor-element elementor-element-c64d2ba elementor-widget__width-initial elementor-widget elementor-widget-text-editor\" data-id=\"c64d2ba\" data-element_type=\"widget\" data-widget_type=\"text-editor.default\">\n\t\t\t\t\t\t\t\t\t<p>Contact us to ensure the purity and safety of your raw materials! We offer fast and efficient solutions with our modern equipment.<br \/><strong>Request a quote now to ensure your products are of the highest quality!<\/strong><\/p>\t\t\t\t\t\t\t\t<\/div>\n\t\t\t\t<div class=\"elementor-element elementor-element-9e1e022 elementor-align-center elementor-widget elementor-widget-button\" data-id=\"9e1e022\" data-element_type=\"widget\" data-widget_type=\"button.default\">\n\t\t\t\t\t\t\t\t\t\t<a class=\"elementor-button elementor-button-link elementor-size-sm\" href=\"https:\/\/naturalpar.hu\/en\/contact-us\/\">\n\t\t\t\t\t\t<span class=\"elementor-button-content-wrapper\">\n\t\t\t\t\t\t<span class=\"elementor-button-icon\">\n\t\t\t\t<svg aria-hidden=\"true\" class=\"e-font-icon-svg e-fas-chevron-right\" viewbox=\"0 0 320 512\" xmlns=\"http:\/\/www.w3.org\/2000\/svg\"><path d=\"M285.476 272.971L91.132 467.314c-9.373 9.373-24.569 9.373-33.941 0l-22.667-22.667c-9.357-9.357-9.375-24.522-.04-33.901L188.505 256 34.484 101.255c-9.335-9.379-9.317-24.544.04-33.901l22.667-22.667c9.373-9.373 24.569-9.373 33.941 0L285.475 239.03c9.373 9.372 9.373 24.568.001 33.941z\"><\/path><\/svg>\t\t\t<\/span>\n\t\t\t\t\t\t\t\t\t<span class=\"elementor-button-text\">Request a quote<\/span>\n\t\t\t\t\t<\/span>\n\t\t\t\t\t<\/a>\n\t\t\t\t\t\t\t\t<\/div>\n\t\t\t\t\t<\/div>\n\t\t\t\t<\/div>\n\t\t\t\t<\/div>","protected":false},"excerpt":{"rendered":"<p>Szelekt\u00e1l\u00e1s \u00e9s K\u0151kiv\u00e1laszt\u00e1s &#8211; Tiszta \u00e9s Biztons\u00e1gos Alapanyagok Prec\u00edzi\u00f3s Szelekt\u00e1l\u00e1s \u00e9s K\u0151kiv\u00e1laszt\u00e1s a Legjobb Min\u0151s\u00e9g\u00e9rt A Naturalp\u00e1r szelekt\u00e1l\u00e1si \u00e9s k\u0151kiv\u00e1laszt\u00e1si szolg\u00e1ltat\u00e1sai biztos\u00edtj\u00e1k, hogy az alapanyagok mentesek legyenek a szennyez\u0151d\u00e9sekt\u0151l. Modern technol\u00f3gi\u00e1nk seg\u00edts\u00e9g\u00e9vel elt\u00e1vol\u00edtjuk a neh\u00e9z szennyez\u0151d\u00e9seket (p\u00e9ld\u00e1ul k\u00f6veket, f\u00e9meket, \u00fcveget) \u00e9s a term\u00e9ken l\u00e9v\u0151 port, ezzel garant\u00e1lva a tiszt\u00e1bb, biztons\u00e1gosabb \u00e9s egyenletesebb min\u0151s\u00e9get. aj\u00e1nlatk\u00e9r\u00e9s Mi\u00e9rt [&hellip;]<\/p>","protected":false},"author":1,"featured_media":924,"parent":0,"menu_order":0,"comment_status":"closed","ping_status":"closed","template":"","meta":{"footnotes":""},"class_list":["post-665","page","type-page","status-publish","has-post-thumbnail","hentry"],"yoast_head":"<!-- This site is optimized with the Yoast SEO plugin v26.8 - https:\/\/yoast.com\/product\/yoast-seo-wordpress\/ -->\n<title>Szelekt\u00e1l\u00e1s \u00e9s K\u0151kiv\u00e1laszt\u00e1s - Naturalp\u00e1r<\/title>\n<meta name=\"description\" content=\"A Naturalp\u00e1r szelekt\u00e1l\u00e1si \u00e9s k\u0151kiv\u00e1laszt\u00e1si szolg\u00e1ltat\u00e1sai biztos\u00edtj\u00e1k, hogy az alapanyagok mentesek legyenek a szennyez\u0151d\u00e9sekt\u0151l.\" \/>\n<meta name=\"robots\" content=\"index, follow, max-snippet:-1, max-image-preview:large, max-video-preview:-1\" \/>\n<link rel=\"canonical\" href=\"https:\/\/naturalpar.hu\/en\/sorting-and-stone-removal\/\" \/>\n<meta property=\"og:locale\" content=\"en_GB\" \/>\n<meta property=\"og:type\" content=\"article\" \/>\n<meta property=\"og:title\" content=\"Szelekt\u00e1l\u00e1s \u00e9s K\u0151kiv\u00e1laszt\u00e1s - Naturalp\u00e1r\" \/>\n<meta property=\"og:description\" content=\"A Naturalp\u00e1r szelekt\u00e1l\u00e1si \u00e9s k\u0151kiv\u00e1laszt\u00e1si szolg\u00e1ltat\u00e1sai biztos\u00edtj\u00e1k, hogy az alapanyagok mentesek legyenek a szennyez\u0151d\u00e9sekt\u0151l.\" \/>\n<meta property=\"og:url\" content=\"https:\/\/naturalpar.hu\/en\/sorting-and-stone-removal\/\" \/>\n<meta property=\"og:site_name\" content=\"Naturalp\u00e1r\" \/>\n<meta property=\"article:publisher\" content=\"https:\/\/www.facebook.com\/naturalpar\" \/>\n<meta property=\"article:modified_time\" content=\"2025-09-01T20:04:00+00:00\" \/>\n<meta property=\"og:image\" content=\"https:\/\/naturalpar.hu\/wp-content\/uploads\/2025\/08\/Naturalpar-Thumbnail.jpg\" \/>\n\t<meta property=\"og:image:width\" content=\"1280\" \/>\n\t<meta property=\"og:image:height\" content=\"720\" \/>\n\t<meta property=\"og:image:type\" content=\"image\/jpeg\" \/>\n<meta name=\"twitter:card\" content=\"summary_large_image\" \/>\n<meta name=\"twitter:label1\" content=\"Estimated reading time\" \/>\n\t<meta name=\"twitter:data1\" content=\"3 minutes\" \/>\n<script type=\"application\/ld+json\" class=\"yoast-schema-graph\">{\"@context\":\"https:\/\/schema.org\",\"@graph\":[{\"@type\":\"WebPage\",\"@id\":\"https:\/\/naturalpar.hu\/szelektalas-es-kokivalasztas\/\",\"url\":\"https:\/\/naturalpar.hu\/szelektalas-es-kokivalasztas\/\",\"name\":\"Szelekt\u00e1l\u00e1s \u00e9s K\u0151kiv\u00e1laszt\u00e1s - Naturalp\u00e1r\",\"isPartOf\":{\"@id\":\"https:\/\/naturalpar.hu\/#website\"},\"primaryImageOfPage\":{\"@id\":\"https:\/\/naturalpar.hu\/szelektalas-es-kokivalasztas\/#primaryimage\"},\"image\":{\"@id\":\"https:\/\/naturalpar.hu\/szelektalas-es-kokivalasztas\/#primaryimage\"},\"thumbnailUrl\":\"https:\/\/naturalpar.hu\/wp-content\/uploads\/2025\/08\/Naturalpar-Thumbnail.jpg\",\"datePublished\":\"2025-08-24T19:25:51+00:00\",\"dateModified\":\"2025-09-01T20:04:00+00:00\",\"description\":\"A Naturalp\u00e1r szelekt\u00e1l\u00e1si \u00e9s k\u0151kiv\u00e1laszt\u00e1si szolg\u00e1ltat\u00e1sai biztos\u00edtj\u00e1k, hogy az alapanyagok mentesek legyenek a szennyez\u0151d\u00e9sekt\u0151l.\",\"breadcrumb\":{\"@id\":\"https:\/\/naturalpar.hu\/szelektalas-es-kokivalasztas\/#breadcrumb\"},\"inLanguage\":\"en-GB\",\"potentialAction\":[{\"@type\":\"ReadAction\",\"target\":[\"https:\/\/naturalpar.hu\/szelektalas-es-kokivalasztas\/\"]}]},{\"@type\":\"ImageObject\",\"inLanguage\":\"en-GB\",\"@id\":\"https:\/\/naturalpar.hu\/szelektalas-es-kokivalasztas\/#primaryimage\",\"url\":\"https:\/\/naturalpar.hu\/wp-content\/uploads\/2025\/08\/Naturalpar-Thumbnail.jpg\",\"contentUrl\":\"https:\/\/naturalpar.hu\/wp-content\/uploads\/2025\/08\/Naturalpar-Thumbnail.jpg\",\"width\":1280,\"height\":720,\"caption\":\"Naturalpar-Thumbnail\"},{\"@type\":\"BreadcrumbList\",\"@id\":\"https:\/\/naturalpar.hu\/szelektalas-es-kokivalasztas\/#breadcrumb\",\"itemListElement\":[{\"@type\":\"ListItem\",\"position\":1,\"name\":\"Kezd\u0151lap\",\"item\":\"https:\/\/naturalpar.hu\/\"},{\"@type\":\"ListItem\",\"position\":2,\"name\":\"Szelekt\u00e1l\u00e1s \u00e9s K\u0151kiv\u00e1laszt\u00e1s\"}]},{\"@type\":\"WebSite\",\"@id\":\"https:\/\/naturalpar.hu\/#website\",\"url\":\"https:\/\/naturalpar.hu\/\",\"name\":\"Naturalp\u00e1r\",\"description\":\"H\u0151kezel\u00e9s, Steriliz\u00e1l\u00e1s, P\u00f6rk\u00f6l\u00e9s Egyszer\u0171en\",\"publisher\":{\"@id\":\"https:\/\/naturalpar.hu\/#organization\"},\"potentialAction\":[{\"@type\":\"SearchAction\",\"target\":{\"@type\":\"EntryPoint\",\"urlTemplate\":\"https:\/\/naturalpar.hu\/?s={search_term_string}\"},\"query-input\":{\"@type\":\"PropertyValueSpecification\",\"valueRequired\":true,\"valueName\":\"search_term_string\"}}],\"inLanguage\":\"en-GB\"},{\"@type\":\"Organization\",\"@id\":\"https:\/\/naturalpar.hu\/#organization\",\"name\":\"Naturalp\u00e1r Kft.\",\"url\":\"https:\/\/naturalpar.hu\/\",\"logo\":{\"@type\":\"ImageObject\",\"inLanguage\":\"en-GB\",\"@id\":\"https:\/\/naturalpar.hu\/#\/schema\/logo\/image\/\",\"url\":\"https:\/\/naturalpar.hu\/wp-content\/uploads\/2025\/08\/cropped-Naturalpar-logo-300dpi-rgb-scaled-1.png\",\"contentUrl\":\"https:\/\/naturalpar.hu\/wp-content\/uploads\/2025\/08\/cropped-Naturalpar-logo-300dpi-rgb-scaled-1.png\",\"width\":512,\"height\":512,\"caption\":\"Naturalp\u00e1r Kft.\"},\"image\":{\"@id\":\"https:\/\/naturalpar.hu\/#\/schema\/logo\/image\/\"},\"sameAs\":[\"https:\/\/www.facebook.com\/naturalpar\"]}]}<\/script>\n<!-- \/ Yoast SEO plugin. -->","yoast_head_json":{"title":"Sorting and Stone Removal - Naturalp\u00e1r","description":"Naturalp\u00e1r\u2019s sorting and stone removal services ensure that raw materials are free from contaminants.","robots":{"index":"index","follow":"follow","max-snippet":"max-snippet:-1","max-image-preview":"max-image-preview:large","max-video-preview":"max-video-preview:-1"},"canonical":"https:\/\/naturalpar.hu\/en\/sorting-and-stone-removal\/","og_locale":"en_GB","og_type":"article","og_title":"Szelekt\u00e1l\u00e1s \u00e9s K\u0151kiv\u00e1laszt\u00e1s - Naturalp\u00e1r","og_description":"A Naturalp\u00e1r szelekt\u00e1l\u00e1si \u00e9s k\u0151kiv\u00e1laszt\u00e1si szolg\u00e1ltat\u00e1sai biztos\u00edtj\u00e1k, hogy az alapanyagok mentesek legyenek a szennyez\u0151d\u00e9sekt\u0151l.","og_url":"https:\/\/naturalpar.hu\/en\/sorting-and-stone-removal\/","og_site_name":"Naturalp\u00e1r","article_publisher":"https:\/\/www.facebook.com\/naturalpar","article_modified_time":"2025-09-01T20:04:00+00:00","og_image":[{"width":1280,"height":720,"url":"https:\/\/naturalpar.hu\/wp-content\/uploads\/2025\/08\/Naturalpar-Thumbnail.jpg","type":"image\/jpeg"}],"twitter_card":"summary_large_image","twitter_misc":{"Estimated reading time":"3 minutes"},"schema":{"@context":"https:\/\/schema.org","@graph":[{"@type":"WebPage","@id":"https:\/\/naturalpar.hu\/szelektalas-es-kokivalasztas\/","url":"https:\/\/naturalpar.hu\/szelektalas-es-kokivalasztas\/","name":"Sorting and Stone Removal - Naturalp\u00e1r","isPartOf":{"@id":"https:\/\/naturalpar.hu\/#website"},"primaryImageOfPage":{"@id":"https:\/\/naturalpar.hu\/szelektalas-es-kokivalasztas\/#primaryimage"},"image":{"@id":"https:\/\/naturalpar.hu\/szelektalas-es-kokivalasztas\/#primaryimage"},"thumbnailUrl":"https:\/\/naturalpar.hu\/wp-content\/uploads\/2025\/08\/Naturalpar-Thumbnail.jpg","datePublished":"2025-08-24T19:25:51+00:00","dateModified":"2025-09-01T20:04:00+00:00","description":"Naturalp\u00e1r\u2019s sorting and stone removal services ensure that raw materials are free from contaminants.","breadcrumb":{"@id":"https:\/\/naturalpar.hu\/szelektalas-es-kokivalasztas\/#breadcrumb"},"inLanguage":"en-GB","potentialAction":[{"@type":"ReadAction","target":["https:\/\/naturalpar.hu\/szelektalas-es-kokivalasztas\/"]}]},{"@type":"ImageObject","inLanguage":"en-GB","@id":"https:\/\/naturalpar.hu\/szelektalas-es-kokivalasztas\/#primaryimage","url":"https:\/\/naturalpar.hu\/wp-content\/uploads\/2025\/08\/Naturalpar-Thumbnail.jpg","contentUrl":"https:\/\/naturalpar.hu\/wp-content\/uploads\/2025\/08\/Naturalpar-Thumbnail.jpg","width":1280,"height":720,"caption":"Naturalpar-Thumbnail"},{"@type":"BreadcrumbList","@id":"https:\/\/naturalpar.hu\/szelektalas-es-kokivalasztas\/#breadcrumb","itemListElement":[{"@type":"ListItem","position":1,"name":"Kezd\u0151lap","item":"https:\/\/naturalpar.hu\/"},{"@type":"ListItem","position":2,"name":"Szelekt\u00e1l\u00e1s \u00e9s K\u0151kiv\u00e1laszt\u00e1s"}]},{"@type":"WebSite","@id":"https:\/\/naturalpar.hu\/#website","url":"https:\/\/naturalpar.hu\/","name":"Naturalp\u00e1r","description":"Heat treatment, sterilisation, and roasting made simple","publisher":{"@id":"https:\/\/naturalpar.hu\/#organization"},"potentialAction":[{"@type":"SearchAction","target":{"@type":"EntryPoint","urlTemplate":"https:\/\/naturalpar.hu\/?s={search_term_string}"},"query-input":{"@type":"PropertyValueSpecification","valueRequired":true,"valueName":"search_term_string"}}],"inLanguage":"en-GB"},{"@type":"Organization","@id":"https:\/\/naturalpar.hu\/#organization","name":"Naturalp\u00e1r Kft.","url":"https:\/\/naturalpar.hu\/","logo":{"@type":"ImageObject","inLanguage":"en-GB","@id":"https:\/\/naturalpar.hu\/#\/schema\/logo\/image\/","url":"https:\/\/naturalpar.hu\/wp-content\/uploads\/2025\/08\/cropped-Naturalpar-logo-300dpi-rgb-scaled-1.png","contentUrl":"https:\/\/naturalpar.hu\/wp-content\/uploads\/2025\/08\/cropped-Naturalpar-logo-300dpi-rgb-scaled-1.png","width":512,"height":512,"caption":"Naturalp\u00e1r Kft."},"image":{"@id":"https:\/\/naturalpar.hu\/#\/schema\/logo\/image\/"},"sameAs":["https:\/\/www.facebook.com\/naturalpar"]}]}},"_links":{"self":[{"href":"https:\/\/naturalpar.hu\/en\/wp-json\/wp\/v2\/pages\/665","targetHints":{"allow":["GET"]}}],"collection":[{"href":"https:\/\/naturalpar.hu\/en\/wp-json\/wp\/v2\/pages"}],"about":[{"href":"https:\/\/naturalpar.hu\/en\/wp-json\/wp\/v2\/types\/page"}],"author":[{"embeddable":true,"href":"https:\/\/naturalpar.hu\/en\/wp-json\/wp\/v2\/users\/1"}],"replies":[{"embeddable":true,"href":"https:\/\/naturalpar.hu\/en\/wp-json\/wp\/v2\/comments?post=665"}],"version-history":[{"count":4,"href":"https:\/\/naturalpar.hu\/en\/wp-json\/wp\/v2\/pages\/665\/revisions"}],"predecessor-version":[{"id":889,"href":"https:\/\/naturalpar.hu\/en\/wp-json\/wp\/v2\/pages\/665\/revisions\/889"}],"wp:featuredmedia":[{"embeddable":true,"href":"https:\/\/naturalpar.hu\/en\/wp-json\/wp\/v2\/media\/924"}],"wp:attachment":[{"href":"https:\/\/naturalpar.hu\/en\/wp-json\/wp\/v2\/media?parent=665"}],"curies":[{"name":"wp","href":"https:\/\/api.w.org\/{rel}","templated":true}]}}