{"id":671,"date":"2025-08-24T21:26:51","date_gmt":"2025-08-24T19:26:51","guid":{"rendered":"https:\/\/naturalpar.hu\/?page_id=671"},"modified":"2025-09-01T22:03:03","modified_gmt":"2025-09-01T20:03:03","slug":"heat-treatment-of-puffed-products","status":"publish","type":"page","link":"https:\/\/naturalpar.hu\/en\/heat-treatment-of-puffed-products\/","title":{"rendered":"Puffasztott Term\u00e9kek H\u0151kezel\u00e9se"},"content":{"rendered":"<div data-elementor-type=\"wp-page\" data-elementor-id=\"671\" class=\"elementor elementor-671\" data-elementor-post-type=\"page\">\n\t\t\t\t<div class=\"elementor-element elementor-element-c51b9a2 e-flex e-con-boxed e-con e-parent\" data-id=\"c51b9a2\" data-element_type=\"container\">\n\t\t\t\t\t<div class=\"e-con-inner\">\n\t\t<div class=\"elementor-element elementor-element-72f2b02 e-con-full e-flex e-con e-child\" data-id=\"72f2b02\" data-element_type=\"container\">\n\t\t\t\t<div class=\"elementor-element elementor-element-b4be980 elementor-widget elementor-widget-heading\" data-id=\"b4be980\" data-element_type=\"widget\" data-widget_type=\"heading.default\">\n\t\t\t\t\t<span class=\"elementor-heading-title elementor-size-default\">Heat Treatment of Puffed Products \u2013\nFully Controlled and Precise Processing<\/span>\t\t\t\t<\/div>\n\t\t\t\t<div class=\"elementor-element elementor-element-34acb9e elementor-widget elementor-widget-heading\" data-id=\"34acb9e\" data-element_type=\"widget\" data-widget_type=\"heading.default\">\n\t\t\t\t\t<h1 class=\"elementor-heading-title elementor-size-default\">Special Heat Treatment Technology for Puffed Products<\/h1>\t\t\t\t<\/div>\n\t\t\t\t<div class=\"elementor-element elementor-element-96f2d42 elementor-widget elementor-widget-text-editor\" data-id=\"96f2d42\" data-element_type=\"widget\" data-widget_type=\"text-editor.default\">\n\t\t\t\t\t\t\t\t\t<p>Naturalp\u00e1r\u2019s REVTECH technology enables the safe and efficient heat treatment of various puffed products. The fully controlled operating process and the wide temperature range (from ambient temperature up to 300\u00b0C) ensure that the desired texture and microbiological purity are achieved.<\/p><p>Processable products: Seeds and beans, extrudates, breakfast cereals, snacks<\/p>\t\t\t\t\t\t\t\t<\/div>\n\t\t\t\t<div class=\"elementor-element elementor-element-52f111e elementor-widget elementor-widget-button\" data-id=\"52f111e\" data-element_type=\"widget\" data-widget_type=\"button.default\">\n\t\t\t\t\t\t\t\t\t\t<a class=\"elementor-button elementor-button-link elementor-size-sm\" href=\"https:\/\/naturalpar.hu\/en\/contact-us\/\">\n\t\t\t\t\t\t<span class=\"elementor-button-content-wrapper\">\n\t\t\t\t\t\t<span class=\"elementor-button-icon\">\n\t\t\t\t<svg aria-hidden=\"true\" class=\"e-font-icon-svg e-fas-chevron-right\" viewbox=\"0 0 320 512\" xmlns=\"http:\/\/www.w3.org\/2000\/svg\"><path d=\"M285.476 272.971L91.132 467.314c-9.373 9.373-24.569 9.373-33.941 0l-22.667-22.667c-9.357-9.357-9.375-24.522-.04-33.901L188.505 256 34.484 101.255c-9.335-9.379-9.317-24.544.04-33.901l22.667-22.667c9.373-9.373 24.569-9.373 33.941 0L285.475 239.03c9.373 9.372 9.373 24.568.001 33.941z\"><\/path><\/svg>\t\t\t<\/span>\n\t\t\t\t\t\t\t\t\t<span class=\"elementor-button-text\">request a quote<\/span>\n\t\t\t\t\t<\/span>\n\t\t\t\t\t<\/a>\n\t\t\t\t\t\t\t\t<\/div>\n\t\t\t\t<\/div>\n\t\t<div class=\"elementor-element elementor-element-7c596b7 e-con-full e-flex e-con e-child\" data-id=\"7c596b7\" data-element_type=\"container\">\n\t\t\t\t<div class=\"elementor-element elementor-element-e8f4978 elementor-widget elementor-widget-image\" data-id=\"e8f4978\" data-element_type=\"widget\" data-widget_type=\"image.default\">\n\t\t\t\t\t\t\t\t\t\t\t\t\t\t\t<img fetchpriority=\"high\" decoding=\"async\" width=\"1200\" height=\"800\" src=\"https:\/\/naturalpar.hu\/wp-content\/uploads\/2025\/08\/muzli-1.jpg\" class=\"attachment-full size-full wp-image-860\" alt=\"\" srcset=\"https:\/\/naturalpar.hu\/wp-content\/uploads\/2025\/08\/muzli-1.jpg 1200w, https:\/\/naturalpar.hu\/wp-content\/uploads\/2025\/08\/muzli-1-700x467.jpg 700w, https:\/\/naturalpar.hu\/wp-content\/uploads\/2025\/08\/muzli-1-1024x683.jpg 1024w, https:\/\/naturalpar.hu\/wp-content\/uploads\/2025\/08\/muzli-1-768x512.jpg 768w\" sizes=\"(max-width: 1200px) 100vw, 1200px\" \/>\t\t\t\t\t\t\t\t\t\t\t\t\t\t\t<\/div>\n\t\t\t\t<\/div>\n\t\t\t\t\t<\/div>\n\t\t\t\t<\/div>\n\t\t<div class=\"elementor-element elementor-element-f0601ee e-flex e-con-boxed e-con e-parent\" data-id=\"f0601ee\" data-element_type=\"container\">\n\t\t\t\t\t<div class=\"e-con-inner\">\n\t\t\t\t<div class=\"elementor-element elementor-element-e64dfd4 elementor-widget elementor-widget-heading\" data-id=\"e64dfd4\" data-element_type=\"widget\" data-widget_type=\"heading.default\">\n\t\t\t\t\t<h2 class=\"elementor-heading-title elementor-size-default\">Advantages of the Technology<\/h2>\t\t\t\t<\/div>\n\t\t<div class=\"elementor-element elementor-element-a32a2e2 e-con-full e-flex e-con e-child\" data-id=\"a32a2e2\" data-element_type=\"container\">\n\t\t<div class=\"elementor-element elementor-element-07794c8 e-con-full e-flex e-con e-child\" data-id=\"07794c8\" data-element_type=\"container\">\n\t\t\t\t<div class=\"elementor-element elementor-element-c22b38c elementor-position-left elementor-vertical-align-middle elementor-widget elementor-widget-image-box\" data-id=\"c22b38c\" data-element_type=\"widget\" data-widget_type=\"image-box.default\">\n\t\t\t\t\t<div class=\"elementor-image-box-wrapper\"><figure class=\"elementor-image-box-img\"><img decoding=\"async\" src=\"https:\/\/naturalpar.hu\/wp-content\/uploads\/2025\/08\/szakertelem.svg\" class=\"attachment-full size-full wp-image-636\" alt=\"expertise\" \/><\/figure><div class=\"elementor-image-box-content\"><span class=\"elementor-image-box-title\">Wide range of applications<\/span><\/div><\/div>\t\t\t\t<\/div>\n\t\t\t\t<div class=\"elementor-element elementor-element-97deb0a elementor-widget elementor-widget-text-editor\" data-id=\"97deb0a\" data-element_type=\"widget\" data-widget_type=\"text-editor.default\">\n\t\t\t\t\t\t\t\t\t<p>The heat treatment process can be tailored to the needs of different puffed products.<\/p>\t\t\t\t\t\t\t\t<\/div>\n\t\t\t\t<\/div>\n\t\t<div class=\"elementor-element elementor-element-c422372 e-con-full e-flex e-con e-child\" data-id=\"c422372\" data-element_type=\"container\">\n\t\t\t\t<div class=\"elementor-element elementor-element-c891c93 elementor-position-left elementor-vertical-align-middle elementor-widget elementor-widget-image-box\" data-id=\"c891c93\" data-element_type=\"widget\" data-widget_type=\"image-box.default\">\n\t\t\t\t\t<div class=\"elementor-image-box-wrapper\"><figure class=\"elementor-image-box-img\"><img decoding=\"async\" src=\"https:\/\/naturalpar.hu\/wp-content\/uploads\/2025\/08\/Homersekletszabalyozas.svg\" class=\"attachment-full size-full wp-image-779\" alt=\"Temperature control\" \/><\/figure><div class=\"elementor-image-box-content\"><span class=\"elementor-image-box-title\">Precise temperature control<\/span><\/div><\/div>\t\t\t\t<\/div>\n\t\t\t\t<div class=\"elementor-element elementor-element-00146c1 elementor-widget elementor-widget-text-editor\" data-id=\"00146c1\" data-element_type=\"widget\" data-widget_type=\"text-editor.default\">\n\t\t\t\t\t\t\t\t\t<p>The equipment operates with an adjustable temperature range up to 300\u00b0C.<\/p>\t\t\t\t\t\t\t\t<\/div>\n\t\t\t\t<\/div>\n\t\t<div class=\"elementor-element elementor-element-9dc8a4a e-con-full e-flex e-con e-child\" data-id=\"9dc8a4a\" data-element_type=\"container\">\n\t\t\t\t<div class=\"elementor-element elementor-element-669dbdf elementor-position-left elementor-vertical-align-middle elementor-widget elementor-widget-image-box\" data-id=\"669dbdf\" data-element_type=\"widget\" data-widget_type=\"image-box.default\">\n\t\t\t\t\t<div class=\"elementor-image-box-wrapper\"><figure class=\"elementor-image-box-img\"><img decoding=\"async\" src=\"https:\/\/naturalpar.hu\/wp-content\/uploads\/2025\/08\/rugalmassag.svg\" class=\"attachment-full size-full wp-image-763\" alt=\"flexibility\" \/><\/figure><div class=\"elementor-image-box-content\"><span class=\"elementor-image-box-title\">Uniform treatment<\/span><\/div><\/div>\t\t\t\t<\/div>\n\t\t\t\t<div class=\"elementor-element elementor-element-97c936d elementor-widget elementor-widget-text-editor\" data-id=\"97c936d\" data-element_type=\"widget\" data-widget_type=\"text-editor.default\">\n\t\t\t\t\t\t\t\t\t<p>Vibratory conveying and the electrically impedance-heated pipe system ensure consistent and homogeneous heat treatment.<\/p>\t\t\t\t\t\t\t\t<\/div>\n\t\t\t\t<\/div>\n\t\t\t\t<\/div>\n\t\t<div class=\"elementor-element elementor-element-97dfd4c e-con-full e-flex e-con e-child\" data-id=\"97dfd4c\" data-element_type=\"container\">\n\t\t<div class=\"elementor-element elementor-element-a91ae35 e-con-full e-flex e-con e-child\" data-id=\"a91ae35\" data-element_type=\"container\">\n\t\t\t\t<div class=\"elementor-element elementor-element-9952a74 elementor-position-left elementor-vertical-align-middle elementor-widget elementor-widget-image-box\" data-id=\"9952a74\" data-element_type=\"widget\" data-widget_type=\"image-box.default\">\n\t\t\t\t\t<div class=\"elementor-image-box-wrapper\"><figure class=\"elementor-image-box-img\"><img decoding=\"async\" src=\"https:\/\/naturalpar.hu\/wp-content\/uploads\/2025\/08\/biztonsag.svg\" class=\"attachment-full size-full wp-image-633\" alt=\"safety\" \/><\/figure><div class=\"elementor-image-box-content\"><span class=\"elementor-image-box-title\">Microbiological safety<\/span><\/div><\/div>\t\t\t\t<\/div>\n\t\t\t\t<div class=\"elementor-element elementor-element-da8ac1d elementor-widget elementor-widget-text-editor\" data-id=\"da8ac1d\" data-element_type=\"widget\" data-widget_type=\"text-editor.default\">\n\t\t\t\t\t\t\t\t\t<p>This procedure ensures that the products are free from microbes and have an increased shelf life.<\/p>\t\t\t\t\t\t\t\t<\/div>\n\t\t\t\t<\/div>\n\t\t<div class=\"elementor-element elementor-element-d2ee9d2 e-con-full e-flex e-con e-child\" data-id=\"d2ee9d2\" data-element_type=\"container\">\n\t\t\t\t<div class=\"elementor-element elementor-element-595030a elementor-position-left elementor-vertical-align-middle elementor-widget elementor-widget-image-box\" data-id=\"595030a\" data-element_type=\"widget\" data-widget_type=\"image-box.default\">\n\t\t\t\t\t<div class=\"elementor-image-box-wrapper\"><figure class=\"elementor-image-box-img\"><img decoding=\"async\" src=\"https:\/\/naturalpar.hu\/wp-content\/uploads\/2025\/08\/elelem.svg\" class=\"attachment-full size-full wp-image-824\" alt=\"food\" \/><\/figure><div class=\"elementor-image-box-content\"><span class=\"elementor-image-box-title\">Development of optimal texture and consistency<\/span><\/div><\/div>\t\t\t\t<\/div>\n\t\t\t\t<div class=\"elementor-element elementor-element-990bce2 elementor-widget elementor-widget-text-editor\" data-id=\"990bce2\" data-element_type=\"widget\" data-widget_type=\"text-editor.default\">\n\t\t\t\t\t\t\t\t\t<p>The desired crispness and flavour can be achieved through controlled heat treatment.<\/p>\t\t\t\t\t\t\t\t<\/div>\n\t\t\t\t<\/div>\n\t\t\t\t<\/div>\n\t\t\t\t\t<\/div>\n\t\t\t\t<\/div>\n\t\t<div class=\"elementor-element elementor-element-770bb2c e-flex e-con-boxed e-con e-parent\" data-id=\"770bb2c\" data-element_type=\"container\" data-settings=\"{&quot;background_background&quot;:&quot;classic&quot;}\">\n\t\t\t\t\t<div class=\"e-con-inner\">\n\t\t\t\t<div class=\"elementor-element elementor-element-431b459 elementor-widget elementor-widget-heading\" data-id=\"431b459\" data-element_type=\"widget\" data-widget_type=\"heading.default\">\n\t\t\t\t\t<h2 class=\"elementor-heading-title elementor-size-default\">Contact and Request a Quote<\/h2>\t\t\t\t<\/div>\n\t\t\t\t<div class=\"elementor-element elementor-element-0802ee7 elementor-widget__width-initial elementor-widget elementor-widget-text-editor\" data-id=\"0802ee7\" data-element_type=\"widget\" data-widget_type=\"text-editor.default\">\n\t\t\t\t\t\t\t\t\t<p>If you are looking for a reliable and efficient heat treatment solution for your puffed products, contact us!<br \/><strong>Request a quote now to ensure premium quality and long shelf-life for your products!<\/strong><\/p>\t\t\t\t\t\t\t\t<\/div>\n\t\t\t\t<div class=\"elementor-element elementor-element-889cb98 elementor-align-center elementor-widget elementor-widget-button\" data-id=\"889cb98\" data-element_type=\"widget\" data-widget_type=\"button.default\">\n\t\t\t\t\t\t\t\t\t\t<a class=\"elementor-button elementor-button-link elementor-size-sm\" href=\"https:\/\/naturalpar.hu\/en\/contact-us\/\">\n\t\t\t\t\t\t<span class=\"elementor-button-content-wrapper\">\n\t\t\t\t\t\t<span class=\"elementor-button-icon\">\n\t\t\t\t<svg aria-hidden=\"true\" class=\"e-font-icon-svg e-fas-chevron-right\" viewbox=\"0 0 320 512\" xmlns=\"http:\/\/www.w3.org\/2000\/svg\"><path d=\"M285.476 272.971L91.132 467.314c-9.373 9.373-24.569 9.373-33.941 0l-22.667-22.667c-9.357-9.357-9.375-24.522-.04-33.901L188.505 256 34.484 101.255c-9.335-9.379-9.317-24.544.04-33.901l22.667-22.667c9.373-9.373 24.569-9.373 33.941 0L285.475 239.03c9.373 9.372 9.373 24.568.001 33.941z\"><\/path><\/svg>\t\t\t<\/span>\n\t\t\t\t\t\t\t\t\t<span class=\"elementor-button-text\">Request a quote<\/span>\n\t\t\t\t\t<\/span>\n\t\t\t\t\t<\/a>\n\t\t\t\t\t\t\t\t<\/div>\n\t\t\t\t\t<\/div>\n\t\t\t\t<\/div>\n\t\t\t\t<\/div>","protected":false},"excerpt":{"rendered":"<p>Puffasztott Term\u00e9kek H\u0151kezel\u00e9se &#8211; Teljesen Szab\u00e1lyozott \u00e9s Prec\u00edz Feldolgoz\u00e1s Speci\u00e1lis H\u0151kezel\u00e9si Technol\u00f3gia Puffasztott Term\u00e9kekhez A Naturalp\u00e1r REVTECH technol\u00f3gi\u00e1ja lehet\u0151v\u00e9 teszi a k\u00fcl\u00f6nb\u00f6z\u0151 puffasztott term\u00e9kek biztons\u00e1gos \u00e9s hat\u00e9kony h\u0151kezel\u00e9s\u00e9t. A teljesen szab\u00e1lyozott m\u0171k\u00f6d\u00e9si folyamat \u00e9s a sz\u00e9les h\u0151m\u00e9rs\u00e9klettartom\u00e1ny (k\u00f6rnyezeti h\u0151m\u00e9rs\u00e9klett\u0151l eg\u00e9szen 300\u00b0C-ig) biztos\u00edtja a k\u00edv\u00e1nt \u00e1llag \u00e9s mikrobiol\u00f3giai tisztas\u00e1g el\u00e9r\u00e9s\u00e9t. Kezelhet\u0151 term\u00e9kek: Magvak \u00e9s babok, extrud\u00e1tumok, [&hellip;]<\/p>","protected":false},"author":1,"featured_media":924,"parent":0,"menu_order":0,"comment_status":"closed","ping_status":"closed","template":"","meta":{"footnotes":""},"class_list":["post-671","page","type-page","status-publish","has-post-thumbnail","hentry"],"yoast_head":"<!-- This site is optimized with the Yoast SEO plugin v26.8 - https:\/\/yoast.com\/product\/yoast-seo-wordpress\/ -->\n<title>Puffasztott Term\u00e9kek H\u0151kezel\u00e9se - Naturalp\u00e1r<\/title>\n<meta name=\"description\" content=\"A Naturalp\u00e1r REVTECH technol\u00f3gi\u00e1ja lehet\u0151v\u00e9 teszi a k\u00fcl\u00f6nf\u00e9le pan\u00edroz\u00f3 kever\u00e9kek, hint\u0151- \u00e9s t\u00f6lt\u0151anyagok biztons\u00e1gos \u00e9s egyenletes h\u0151kezel\u00e9s\u00e9t.\" \/>\n<meta name=\"robots\" content=\"index, follow, max-snippet:-1, max-image-preview:large, max-video-preview:-1\" \/>\n<link rel=\"canonical\" href=\"https:\/\/naturalpar.hu\/en\/heat-treatment-of-puffed-products\/\" \/>\n<meta property=\"og:locale\" content=\"en_GB\" \/>\n<meta property=\"og:type\" content=\"article\" \/>\n<meta property=\"og:title\" content=\"Puffasztott Term\u00e9kek H\u0151kezel\u00e9se - Naturalp\u00e1r\" \/>\n<meta property=\"og:description\" content=\"A Naturalp\u00e1r REVTECH technol\u00f3gi\u00e1ja lehet\u0151v\u00e9 teszi a k\u00fcl\u00f6nf\u00e9le pan\u00edroz\u00f3 kever\u00e9kek, hint\u0151- \u00e9s t\u00f6lt\u0151anyagok biztons\u00e1gos \u00e9s egyenletes h\u0151kezel\u00e9s\u00e9t.\" \/>\n<meta property=\"og:url\" content=\"https:\/\/naturalpar.hu\/en\/heat-treatment-of-puffed-products\/\" \/>\n<meta property=\"og:site_name\" content=\"Naturalp\u00e1r\" \/>\n<meta property=\"article:publisher\" content=\"https:\/\/www.facebook.com\/naturalpar\" \/>\n<meta property=\"article:modified_time\" content=\"2025-09-01T20:03:03+00:00\" \/>\n<meta property=\"og:image\" content=\"https:\/\/naturalpar.hu\/wp-content\/uploads\/2025\/08\/Naturalpar-Thumbnail.jpg\" \/>\n\t<meta property=\"og:image:width\" content=\"1280\" \/>\n\t<meta property=\"og:image:height\" content=\"720\" \/>\n\t<meta property=\"og:image:type\" content=\"image\/jpeg\" \/>\n<meta name=\"twitter:card\" content=\"summary_large_image\" \/>\n<meta name=\"twitter:label1\" content=\"Estimated reading time\" \/>\n\t<meta name=\"twitter:data1\" content=\"3 minutes\" \/>\n<script type=\"application\/ld+json\" class=\"yoast-schema-graph\">{\"@context\":\"https:\/\/schema.org\",\"@graph\":[{\"@type\":\"WebPage\",\"@id\":\"https:\/\/naturalpar.hu\/puffasztott-termekek-hokezelese\/\",\"url\":\"https:\/\/naturalpar.hu\/puffasztott-termekek-hokezelese\/\",\"name\":\"Puffasztott Term\u00e9kek H\u0151kezel\u00e9se - Naturalp\u00e1r\",\"isPartOf\":{\"@id\":\"https:\/\/naturalpar.hu\/#website\"},\"primaryImageOfPage\":{\"@id\":\"https:\/\/naturalpar.hu\/puffasztott-termekek-hokezelese\/#primaryimage\"},\"image\":{\"@id\":\"https:\/\/naturalpar.hu\/puffasztott-termekek-hokezelese\/#primaryimage\"},\"thumbnailUrl\":\"https:\/\/naturalpar.hu\/wp-content\/uploads\/2025\/08\/Naturalpar-Thumbnail.jpg\",\"datePublished\":\"2025-08-24T19:26:51+00:00\",\"dateModified\":\"2025-09-01T20:03:03+00:00\",\"description\":\"A Naturalp\u00e1r REVTECH technol\u00f3gi\u00e1ja lehet\u0151v\u00e9 teszi a k\u00fcl\u00f6nf\u00e9le pan\u00edroz\u00f3 kever\u00e9kek, hint\u0151- \u00e9s t\u00f6lt\u0151anyagok biztons\u00e1gos \u00e9s egyenletes h\u0151kezel\u00e9s\u00e9t.\",\"breadcrumb\":{\"@id\":\"https:\/\/naturalpar.hu\/puffasztott-termekek-hokezelese\/#breadcrumb\"},\"inLanguage\":\"en-GB\",\"potentialAction\":[{\"@type\":\"ReadAction\",\"target\":[\"https:\/\/naturalpar.hu\/puffasztott-termekek-hokezelese\/\"]}]},{\"@type\":\"ImageObject\",\"inLanguage\":\"en-GB\",\"@id\":\"https:\/\/naturalpar.hu\/puffasztott-termekek-hokezelese\/#primaryimage\",\"url\":\"https:\/\/naturalpar.hu\/wp-content\/uploads\/2025\/08\/Naturalpar-Thumbnail.jpg\",\"contentUrl\":\"https:\/\/naturalpar.hu\/wp-content\/uploads\/2025\/08\/Naturalpar-Thumbnail.jpg\",\"width\":1280,\"height\":720,\"caption\":\"Naturalpar-Thumbnail\"},{\"@type\":\"BreadcrumbList\",\"@id\":\"https:\/\/naturalpar.hu\/puffasztott-termekek-hokezelese\/#breadcrumb\",\"itemListElement\":[{\"@type\":\"ListItem\",\"position\":1,\"name\":\"Kezd\u0151lap\",\"item\":\"https:\/\/naturalpar.hu\/\"},{\"@type\":\"ListItem\",\"position\":2,\"name\":\"Puffasztott Term\u00e9kek H\u0151kezel\u00e9se\"}]},{\"@type\":\"WebSite\",\"@id\":\"https:\/\/naturalpar.hu\/#website\",\"url\":\"https:\/\/naturalpar.hu\/\",\"name\":\"Naturalp\u00e1r\",\"description\":\"H\u0151kezel\u00e9s, Steriliz\u00e1l\u00e1s, P\u00f6rk\u00f6l\u00e9s Egyszer\u0171en\",\"publisher\":{\"@id\":\"https:\/\/naturalpar.hu\/#organization\"},\"potentialAction\":[{\"@type\":\"SearchAction\",\"target\":{\"@type\":\"EntryPoint\",\"urlTemplate\":\"https:\/\/naturalpar.hu\/?s={search_term_string}\"},\"query-input\":{\"@type\":\"PropertyValueSpecification\",\"valueRequired\":true,\"valueName\":\"search_term_string\"}}],\"inLanguage\":\"en-GB\"},{\"@type\":\"Organization\",\"@id\":\"https:\/\/naturalpar.hu\/#organization\",\"name\":\"Naturalp\u00e1r Kft.\",\"url\":\"https:\/\/naturalpar.hu\/\",\"logo\":{\"@type\":\"ImageObject\",\"inLanguage\":\"en-GB\",\"@id\":\"https:\/\/naturalpar.hu\/#\/schema\/logo\/image\/\",\"url\":\"https:\/\/naturalpar.hu\/wp-content\/uploads\/2025\/08\/cropped-Naturalpar-logo-300dpi-rgb-scaled-1.png\",\"contentUrl\":\"https:\/\/naturalpar.hu\/wp-content\/uploads\/2025\/08\/cropped-Naturalpar-logo-300dpi-rgb-scaled-1.png\",\"width\":512,\"height\":512,\"caption\":\"Naturalp\u00e1r Kft.\"},\"image\":{\"@id\":\"https:\/\/naturalpar.hu\/#\/schema\/logo\/image\/\"},\"sameAs\":[\"https:\/\/www.facebook.com\/naturalpar\"]}]}<\/script>\n<!-- \/ Yoast SEO plugin. -->","yoast_head_json":{"title":"Heat Treatment of Puffed Products - Naturalp\u00e1r","description":"Naturalp\u00e1r\u2019s REVTECH technology enables the safe and uniform heat treatment of various breading mixes, and dusting and filling materials.","robots":{"index":"index","follow":"follow","max-snippet":"max-snippet:-1","max-image-preview":"max-image-preview:large","max-video-preview":"max-video-preview:-1"},"canonical":"https:\/\/naturalpar.hu\/en\/heat-treatment-of-puffed-products\/","og_locale":"en_GB","og_type":"article","og_title":"Puffasztott Term\u00e9kek H\u0151kezel\u00e9se - Naturalp\u00e1r","og_description":"A Naturalp\u00e1r REVTECH technol\u00f3gi\u00e1ja lehet\u0151v\u00e9 teszi a k\u00fcl\u00f6nf\u00e9le pan\u00edroz\u00f3 kever\u00e9kek, hint\u0151- \u00e9s t\u00f6lt\u0151anyagok biztons\u00e1gos \u00e9s egyenletes h\u0151kezel\u00e9s\u00e9t.","og_url":"https:\/\/naturalpar.hu\/en\/heat-treatment-of-puffed-products\/","og_site_name":"Naturalp\u00e1r","article_publisher":"https:\/\/www.facebook.com\/naturalpar","article_modified_time":"2025-09-01T20:03:03+00:00","og_image":[{"width":1280,"height":720,"url":"https:\/\/naturalpar.hu\/wp-content\/uploads\/2025\/08\/Naturalpar-Thumbnail.jpg","type":"image\/jpeg"}],"twitter_card":"summary_large_image","twitter_misc":{"Estimated reading time":"3 minutes"},"schema":{"@context":"https:\/\/schema.org","@graph":[{"@type":"WebPage","@id":"https:\/\/naturalpar.hu\/puffasztott-termekek-hokezelese\/","url":"https:\/\/naturalpar.hu\/puffasztott-termekek-hokezelese\/","name":"Heat Treatment of Puffed Products - Naturalp\u00e1r","isPartOf":{"@id":"https:\/\/naturalpar.hu\/#website"},"primaryImageOfPage":{"@id":"https:\/\/naturalpar.hu\/puffasztott-termekek-hokezelese\/#primaryimage"},"image":{"@id":"https:\/\/naturalpar.hu\/puffasztott-termekek-hokezelese\/#primaryimage"},"thumbnailUrl":"https:\/\/naturalpar.hu\/wp-content\/uploads\/2025\/08\/Naturalpar-Thumbnail.jpg","datePublished":"2025-08-24T19:26:51+00:00","dateModified":"2025-09-01T20:03:03+00:00","description":"Naturalp\u00e1r\u2019s REVTECH technology enables the safe and uniform heat treatment of various breading mixes, and dusting and filling materials.","breadcrumb":{"@id":"https:\/\/naturalpar.hu\/puffasztott-termekek-hokezelese\/#breadcrumb"},"inLanguage":"en-GB","potentialAction":[{"@type":"ReadAction","target":["https:\/\/naturalpar.hu\/puffasztott-termekek-hokezelese\/"]}]},{"@type":"ImageObject","inLanguage":"en-GB","@id":"https:\/\/naturalpar.hu\/puffasztott-termekek-hokezelese\/#primaryimage","url":"https:\/\/naturalpar.hu\/wp-content\/uploads\/2025\/08\/Naturalpar-Thumbnail.jpg","contentUrl":"https:\/\/naturalpar.hu\/wp-content\/uploads\/2025\/08\/Naturalpar-Thumbnail.jpg","width":1280,"height":720,"caption":"Naturalpar-Thumbnail"},{"@type":"BreadcrumbList","@id":"https:\/\/naturalpar.hu\/puffasztott-termekek-hokezelese\/#breadcrumb","itemListElement":[{"@type":"ListItem","position":1,"name":"Kezd\u0151lap","item":"https:\/\/naturalpar.hu\/"},{"@type":"ListItem","position":2,"name":"Puffasztott Term\u00e9kek H\u0151kezel\u00e9se"}]},{"@type":"WebSite","@id":"https:\/\/naturalpar.hu\/#website","url":"https:\/\/naturalpar.hu\/","name":"Naturalp\u00e1r","description":"Heat treatment, sterilisation, and roasting made simple","publisher":{"@id":"https:\/\/naturalpar.hu\/#organization"},"potentialAction":[{"@type":"SearchAction","target":{"@type":"EntryPoint","urlTemplate":"https:\/\/naturalpar.hu\/?s={search_term_string}"},"query-input":{"@type":"PropertyValueSpecification","valueRequired":true,"valueName":"search_term_string"}}],"inLanguage":"en-GB"},{"@type":"Organization","@id":"https:\/\/naturalpar.hu\/#organization","name":"Naturalp\u00e1r Kft.","url":"https:\/\/naturalpar.hu\/","logo":{"@type":"ImageObject","inLanguage":"en-GB","@id":"https:\/\/naturalpar.hu\/#\/schema\/logo\/image\/","url":"https:\/\/naturalpar.hu\/wp-content\/uploads\/2025\/08\/cropped-Naturalpar-logo-300dpi-rgb-scaled-1.png","contentUrl":"https:\/\/naturalpar.hu\/wp-content\/uploads\/2025\/08\/cropped-Naturalpar-logo-300dpi-rgb-scaled-1.png","width":512,"height":512,"caption":"Naturalp\u00e1r Kft."},"image":{"@id":"https:\/\/naturalpar.hu\/#\/schema\/logo\/image\/"},"sameAs":["https:\/\/www.facebook.com\/naturalpar"]}]}},"_links":{"self":[{"href":"https:\/\/naturalpar.hu\/en\/wp-json\/wp\/v2\/pages\/671","targetHints":{"allow":["GET"]}}],"collection":[{"href":"https:\/\/naturalpar.hu\/en\/wp-json\/wp\/v2\/pages"}],"about":[{"href":"https:\/\/naturalpar.hu\/en\/wp-json\/wp\/v2\/types\/page"}],"author":[{"embeddable":true,"href":"https:\/\/naturalpar.hu\/en\/wp-json\/wp\/v2\/users\/1"}],"replies":[{"embeddable":true,"href":"https:\/\/naturalpar.hu\/en\/wp-json\/wp\/v2\/comments?post=671"}],"version-history":[{"count":4,"href":"https:\/\/naturalpar.hu\/en\/wp-json\/wp\/v2\/pages\/671\/revisions"}],"predecessor-version":[{"id":866,"href":"https:\/\/naturalpar.hu\/en\/wp-json\/wp\/v2\/pages\/671\/revisions\/866"}],"wp:featuredmedia":[{"embeddable":true,"href":"https:\/\/naturalpar.hu\/en\/wp-json\/wp\/v2\/media\/924"}],"wp:attachment":[{"href":"https:\/\/naturalpar.hu\/en\/wp-json\/wp\/v2\/media?parent=671"}],"curies":[{"name":"wp","href":"https:\/\/api.w.org\/{rel}","templated":true}]}}