{"id":673,"date":"2025-08-24T21:27:05","date_gmt":"2025-08-24T19:27:05","guid":{"rendered":"https:\/\/naturalpar.hu\/?page_id=673"},"modified":"2025-09-01T22:02:42","modified_gmt":"2025-09-01T20:02:42","slug":"heat-treatment-of-breading-mixes-and-dusting-and-filling-materials","status":"publish","type":"page","link":"https:\/\/naturalpar.hu\/en\/heat-treatment-of-breading-mixes-and-dusting-and-filling-materials\/","title":{"rendered":"Heat Treatment of Breading Mixes and Dusting and Filling Materials"},"content":{"rendered":"<div data-elementor-type=\"wp-page\" data-elementor-id=\"673\" class=\"elementor elementor-673\" data-elementor-post-type=\"page\">\n\t\t\t\t<div class=\"elementor-element elementor-element-b5f5449 e-flex e-con-boxed e-con e-parent\" data-id=\"b5f5449\" data-element_type=\"container\">\n\t\t\t\t\t<div class=\"e-con-inner\">\n\t\t<div class=\"elementor-element elementor-element-130f9a9 e-con-full e-flex e-con e-child\" data-id=\"130f9a9\" data-element_type=\"container\">\n\t\t\t\t<div class=\"elementor-element elementor-element-d85efcf elementor-widget elementor-widget-heading\" data-id=\"d85efcf\" data-element_type=\"widget\" data-widget_type=\"heading.default\">\n\t\t\t\t\t<span class=\"elementor-heading-title elementor-size-default\">Heat Treatment of Breading Mixes and Dusting and Filling Materials<\/span>\t\t\t\t<\/div>\n\t\t\t\t<div class=\"elementor-element elementor-element-a7166ed elementor-widget elementor-widget-heading\" data-id=\"a7166ed\" data-element_type=\"widget\" data-widget_type=\"heading.default\">\n\t\t\t\t\t<h1 class=\"elementor-heading-title elementor-size-default\">Efficient and Uniform Heat Treatment for Breading and Filling Materials<\/h1>\t\t\t\t<\/div>\n\t\t\t\t<div class=\"elementor-element elementor-element-1aed96c elementor-widget elementor-widget-text-editor\" data-id=\"1aed96c\" data-element_type=\"widget\" data-widget_type=\"text-editor.default\">\n\t\t\t\t\t\t\t\t\t<p>Naturalp\u00e1r\u2019s REVTECH technology enables the safe and uniform heat treatment of various breading mixes, and dusting and filling materials. With continuous-operation machinery, we ensure even roasting, toasting, and degermination, delivering top-quality results in the final product.<\/p><p>Processable products: Extrudates, bite-sized bakery goods, bread crumbs, breading mixes, dusting and filling agents<\/p>\t\t\t\t\t\t\t\t<\/div>\n\t\t\t\t<div class=\"elementor-element elementor-element-9642f85 elementor-widget elementor-widget-button\" data-id=\"9642f85\" data-element_type=\"widget\" data-widget_type=\"button.default\">\n\t\t\t\t\t\t\t\t\t\t<a class=\"elementor-button elementor-button-link elementor-size-sm\" href=\"https:\/\/naturalpar.hu\/en\/contact-us\/\">\n\t\t\t\t\t\t<span class=\"elementor-button-content-wrapper\">\n\t\t\t\t\t\t<span class=\"elementor-button-icon\">\n\t\t\t\t<svg aria-hidden=\"true\" class=\"e-font-icon-svg e-fas-chevron-right\" viewbox=\"0 0 320 512\" xmlns=\"http:\/\/www.w3.org\/2000\/svg\"><path d=\"M285.476 272.971L91.132 467.314c-9.373 9.373-24.569 9.373-33.941 0l-22.667-22.667c-9.357-9.357-9.375-24.522-.04-33.901L188.505 256 34.484 101.255c-9.335-9.379-9.317-24.544.04-33.901l22.667-22.667c9.373-9.373 24.569-9.373 33.941 0L285.475 239.03c9.373 9.372 9.373 24.568.001 33.941z\"><\/path><\/svg>\t\t\t<\/span>\n\t\t\t\t\t\t\t\t\t<span class=\"elementor-button-text\">request a quote<\/span>\n\t\t\t\t\t<\/span>\n\t\t\t\t\t<\/a>\n\t\t\t\t\t\t\t\t<\/div>\n\t\t\t\t<\/div>\n\t\t<div class=\"elementor-element elementor-element-5726e9b e-con-full e-flex e-con e-child\" data-id=\"5726e9b\" data-element_type=\"container\">\n\t\t\t\t<div class=\"elementor-element elementor-element-f8a1627 elementor-widget elementor-widget-image\" data-id=\"f8a1627\" data-element_type=\"widget\" data-widget_type=\"image.default\">\n\t\t\t\t\t\t\t\t\t\t\t\t\t\t\t<img fetchpriority=\"high\" decoding=\"async\" width=\"1200\" height=\"800\" src=\"https:\/\/naturalpar.hu\/wp-content\/uploads\/2025\/08\/cheerio-1.jpg\" class=\"attachment-full size-full wp-image-856\" alt=\"\" srcset=\"https:\/\/naturalpar.hu\/wp-content\/uploads\/2025\/08\/cheerio-1.jpg 1200w, https:\/\/naturalpar.hu\/wp-content\/uploads\/2025\/08\/cheerio-1-700x467.jpg 700w, https:\/\/naturalpar.hu\/wp-content\/uploads\/2025\/08\/cheerio-1-1024x683.jpg 1024w, https:\/\/naturalpar.hu\/wp-content\/uploads\/2025\/08\/cheerio-1-768x512.jpg 768w\" sizes=\"(max-width: 1200px) 100vw, 1200px\" \/>\t\t\t\t\t\t\t\t\t\t\t\t\t\t\t<\/div>\n\t\t\t\t<\/div>\n\t\t\t\t\t<\/div>\n\t\t\t\t<\/div>\n\t\t<div class=\"elementor-element elementor-element-15204c4 e-flex e-con-boxed e-con e-parent\" data-id=\"15204c4\" data-element_type=\"container\">\n\t\t\t\t\t<div class=\"e-con-inner\">\n\t\t\t\t<div class=\"elementor-element elementor-element-f7348e1 elementor-widget elementor-widget-heading\" data-id=\"f7348e1\" data-element_type=\"widget\" data-widget_type=\"heading.default\">\n\t\t\t\t\t<h2 class=\"elementor-heading-title elementor-size-default\">Advantages of the Technology<\/h2>\t\t\t\t<\/div>\n\t\t<div class=\"elementor-element elementor-element-e32e5f8 e-con-full e-flex e-con e-child\" data-id=\"e32e5f8\" data-element_type=\"container\">\n\t\t<div class=\"elementor-element elementor-element-21a4346 e-con-full e-flex e-con e-child\" data-id=\"21a4346\" data-element_type=\"container\">\n\t\t\t\t<div class=\"elementor-element elementor-element-5c9deb3 elementor-position-left elementor-vertical-align-middle elementor-widget elementor-widget-image-box\" data-id=\"5c9deb3\" data-element_type=\"widget\" data-widget_type=\"image-box.default\">\n\t\t\t\t\t<div class=\"elementor-image-box-wrapper\"><figure class=\"elementor-image-box-img\"><img decoding=\"async\" src=\"https:\/\/naturalpar.hu\/wp-content\/uploads\/2025\/08\/rugalmassag.svg\" class=\"attachment-full size-full wp-image-763\" alt=\"flexibility\" \/><\/figure><div class=\"elementor-image-box-content\"><span class=\"elementor-image-box-title\">Continuous and automated operation<\/span><\/div><\/div>\t\t\t\t<\/div>\n\t\t\t\t<div class=\"elementor-element elementor-element-9a8665c elementor-widget elementor-widget-text-editor\" data-id=\"9a8665c\" data-element_type=\"widget\" data-widget_type=\"text-editor.default\">\n\t\t\t\t\t\t\t\t\t<p>Uninterrupted processing for high capacity.<\/p>\t\t\t\t\t\t\t\t<\/div>\n\t\t\t\t<\/div>\n\t\t<div class=\"elementor-element elementor-element-b089b2e e-con-full e-flex e-con e-child\" data-id=\"b089b2e\" data-element_type=\"container\">\n\t\t\t\t<div class=\"elementor-element elementor-element-a066ed1 elementor-position-left elementor-vertical-align-middle elementor-widget elementor-widget-image-box\" data-id=\"a066ed1\" data-element_type=\"widget\" data-widget_type=\"image-box.default\">\n\t\t\t\t\t<div class=\"elementor-image-box-wrapper\"><figure class=\"elementor-image-box-img\"><img decoding=\"async\" src=\"https:\/\/naturalpar.hu\/wp-content\/uploads\/2025\/08\/elelem.svg\" class=\"attachment-full size-full wp-image-824\" alt=\"food\" \/><\/figure><div class=\"elementor-image-box-content\"><span class=\"elementor-image-box-title\">Uniform toasting and roasting<\/span><\/div><\/div>\t\t\t\t<\/div>\n\t\t\t\t<div class=\"elementor-element elementor-element-ce25d3b elementor-widget elementor-widget-text-editor\" data-id=\"ce25d3b\" data-element_type=\"widget\" data-widget_type=\"text-editor.default\">\n\t\t\t\t\t\t\t\t\t<p>Precise heat treatment process to achieve the desired colour and texture.<\/p>\t\t\t\t\t\t\t\t<\/div>\n\t\t\t\t<\/div>\n\t\t<div class=\"elementor-element elementor-element-622d761 e-con-full e-flex e-con e-child\" data-id=\"622d761\" data-element_type=\"container\">\n\t\t\t\t<div class=\"elementor-element elementor-element-fa1588a elementor-position-left elementor-vertical-align-middle elementor-widget elementor-widget-image-box\" data-id=\"fa1588a\" data-element_type=\"widget\" data-widget_type=\"image-box.default\">\n\t\t\t\t\t<div class=\"elementor-image-box-wrapper\"><figure class=\"elementor-image-box-img\"><img decoding=\"async\" src=\"https:\/\/naturalpar.hu\/wp-content\/uploads\/2025\/08\/biztonsag.svg\" class=\"attachment-full size-full wp-image-633\" alt=\"safety\" \/><\/figure><div class=\"elementor-image-box-content\"><span class=\"elementor-image-box-title\">Microbiological safety<\/span><\/div><\/div>\t\t\t\t<\/div>\n\t\t\t\t<div class=\"elementor-element elementor-element-c5a9e2b elementor-widget elementor-widget-text-editor\" data-id=\"c5a9e2b\" data-element_type=\"widget\" data-widget_type=\"text-editor.default\">\n\t\t\t\t\t\t\t\t\t<p>The process guarantees germ reduction and extends shelf life.<\/p>\t\t\t\t\t\t\t\t<\/div>\n\t\t\t\t<\/div>\n\t\t\t\t<\/div>\n\t\t<div class=\"elementor-element elementor-element-06347a6 e-con-full e-flex e-con e-child\" data-id=\"06347a6\" data-element_type=\"container\">\n\t\t<div class=\"elementor-element elementor-element-af394ae e-con-full e-flex e-con e-child\" data-id=\"af394ae\" data-element_type=\"container\">\n\t\t\t\t<div class=\"elementor-element elementor-element-18c9396 elementor-position-left elementor-vertical-align-middle elementor-widget elementor-widget-image-box\" data-id=\"18c9396\" data-element_type=\"widget\" data-widget_type=\"image-box.default\">\n\t\t\t\t\t<div class=\"elementor-image-box-wrapper\"><figure class=\"elementor-image-box-img\"><img decoding=\"async\" src=\"https:\/\/naturalpar.hu\/wp-content\/uploads\/2025\/08\/szakertelem.svg\" class=\"attachment-full size-full wp-image-636\" alt=\"expertise\" \/><\/figure><div class=\"elementor-image-box-content\"><span class=\"elementor-image-box-title\">Versatile usability<\/span><\/div><\/div>\t\t\t\t<\/div>\n\t\t\t\t<div class=\"elementor-element elementor-element-5658f9c elementor-widget elementor-widget-text-editor\" data-id=\"5658f9c\" data-element_type=\"widget\" data-widget_type=\"text-editor.default\">\n\t\t\t\t\t\t\t\t\t<p>The equipment is also suitable for processing different types of breading and filling materials.<\/p>\t\t\t\t\t\t\t\t<\/div>\n\t\t\t\t<\/div>\n\t\t<div class=\"elementor-element elementor-element-1fa535c e-con-full e-flex e-con e-child\" data-id=\"1fa535c\" data-element_type=\"container\">\n\t\t\t\t<div class=\"elementor-element elementor-element-6e90215 elementor-position-left elementor-vertical-align-middle elementor-widget elementor-widget-image-box\" data-id=\"6e90215\" data-element_type=\"widget\" data-widget_type=\"image-box.default\">\n\t\t\t\t\t<div class=\"elementor-image-box-wrapper\"><figure class=\"elementor-image-box-img\"><img decoding=\"async\" src=\"https:\/\/naturalpar.hu\/wp-content\/uploads\/2025\/08\/aroma.svg\" class=\"attachment-full size-full wp-image-760\" alt=\"aroma\" \/><\/figure><div class=\"elementor-image-box-content\"><span class=\"elementor-image-box-title\">Quality flavour and texture retention<\/span><\/div><\/div>\t\t\t\t<\/div>\n\t\t\t\t<div class=\"elementor-element elementor-element-26fa80a elementor-widget elementor-widget-text-editor\" data-id=\"26fa80a\" data-element_type=\"widget\" data-widget_type=\"text-editor.default\">\n\t\t\t\t\t\t\t\t\t<p>Gentle heat treatment preserves the original aromas and texture.<\/p>\t\t\t\t\t\t\t\t<\/div>\n\t\t\t\t<\/div>\n\t\t\t\t<\/div>\n\t\t\t\t\t<\/div>\n\t\t\t\t<\/div>\n\t\t<div class=\"elementor-element elementor-element-ff45cb5 e-flex e-con-boxed e-con e-parent\" data-id=\"ff45cb5\" data-element_type=\"container\" data-settings=\"{&quot;background_background&quot;:&quot;classic&quot;}\">\n\t\t\t\t\t<div class=\"e-con-inner\">\n\t\t\t\t<div class=\"elementor-element elementor-element-89859f7 elementor-widget elementor-widget-heading\" data-id=\"89859f7\" data-element_type=\"widget\" data-widget_type=\"heading.default\">\n\t\t\t\t\t<h2 class=\"elementor-heading-title elementor-size-default\">Contact and Request a Quote<\/h2>\t\t\t\t<\/div>\n\t\t\t\t<div class=\"elementor-element elementor-element-897e29f elementor-widget__width-initial elementor-widget elementor-widget-text-editor\" data-id=\"897e29f\" data-element_type=\"widget\" data-widget_type=\"text-editor.default\">\n\t\t\t\t\t\t\t\t\t<p>If you are looking for a reliable solution for the heat treatment of breading mixes or filling materials, contact us!<br \/><strong>Request a quote now to ensure premium quality and long shelf-life for your products!<\/strong><\/p>\t\t\t\t\t\t\t\t<\/div>\n\t\t\t\t<div class=\"elementor-element elementor-element-16046a2 elementor-align-center elementor-widget elementor-widget-button\" data-id=\"16046a2\" data-element_type=\"widget\" data-widget_type=\"button.default\">\n\t\t\t\t\t\t\t\t\t\t<a class=\"elementor-button elementor-button-link elementor-size-sm\" href=\"https:\/\/naturalpar.hu\/en\/contact-us\/\">\n\t\t\t\t\t\t<span class=\"elementor-button-content-wrapper\">\n\t\t\t\t\t\t<span class=\"elementor-button-icon\">\n\t\t\t\t<svg aria-hidden=\"true\" class=\"e-font-icon-svg e-fas-chevron-right\" viewbox=\"0 0 320 512\" xmlns=\"http:\/\/www.w3.org\/2000\/svg\"><path d=\"M285.476 272.971L91.132 467.314c-9.373 9.373-24.569 9.373-33.941 0l-22.667-22.667c-9.357-9.357-9.375-24.522-.04-33.901L188.505 256 34.484 101.255c-9.335-9.379-9.317-24.544.04-33.901l22.667-22.667c9.373-9.373 24.569-9.373 33.941 0L285.475 239.03c9.373 9.372 9.373 24.568.001 33.941z\"><\/path><\/svg>\t\t\t<\/span>\n\t\t\t\t\t\t\t\t\t<span class=\"elementor-button-text\">Request a quote<\/span>\n\t\t\t\t\t<\/span>\n\t\t\t\t\t<\/a>\n\t\t\t\t\t\t\t\t<\/div>\n\t\t\t\t\t<\/div>\n\t\t\t\t<\/div>\n\t\t\t\t<\/div>","protected":false},"excerpt":{"rendered":"<p>Pan\u00edroz\u00f3 Kever\u00e9kek \u00e9s Hint\u0151-T\u00f6lt\u0151 Anyagok H\u0151kezel\u00e9se Hat\u00e9kony \u00e9s Egyenletes H\u0151kezel\u00e9s Pan\u00edroz\u00f3 \u00e9s T\u00f6lt\u0151anyagok Sz\u00e1m\u00e1ra A Naturalp\u00e1r REVTECH technol\u00f3gi\u00e1ja lehet\u0151v\u00e9 teszi a k\u00fcl\u00f6nf\u00e9le pan\u00edroz\u00f3 kever\u00e9kek, hint\u0151- \u00e9s t\u00f6lt\u0151anyagok biztons\u00e1gos \u00e9s egyenletes h\u0151kezel\u00e9s\u00e9t. A folyamatos \u00fczem\u0171 berendez\u00e9s biztos\u00edtja a homog\u00e9n pir\u00edt\u00e1st, p\u00f6rk\u00f6l\u00e9st \u00e9s cs\u00edramentes\u00edt\u00e9st, garant\u00e1lva a v\u00e9gterm\u00e9k kiv\u00e1l\u00f3 min\u0151s\u00e9g\u00e9t. Kezelhet\u0151 term\u00e9kek: Extrud\u00e1tumok, kisebb p\u00e9ks\u00fctem\u00e9ny-darabk\u00e1k, morzs\u00e1k, pan\u00edroz\u00f3 kever\u00e9kek, [&hellip;]<\/p>","protected":false},"author":1,"featured_media":924,"parent":0,"menu_order":0,"comment_status":"closed","ping_status":"closed","template":"","meta":{"footnotes":""},"class_list":["post-673","page","type-page","status-publish","has-post-thumbnail","hentry"],"yoast_head":"<!-- This site is optimized with the Yoast SEO plugin v26.8 - https:\/\/yoast.com\/product\/yoast-seo-wordpress\/ -->\n<title>Pan\u00edroz\u00f3 Kever\u00e9kek \u00e9s Hint\u0151-T\u00f6lt\u0151 Anyagok H\u0151kezel\u00e9se - Naturalp\u00e1r<\/title>\n<meta name=\"description\" content=\"A Naturalp\u00e1r REVTECH technol\u00f3gi\u00e1ja lehet\u0151v\u00e9 teszi a k\u00fcl\u00f6nf\u00e9le pan\u00edroz\u00f3 kever\u00e9kek, hint\u0151- \u00e9s t\u00f6lt\u0151anyagok biztons\u00e1gos \u00e9s egyenletes h\u0151kezel\u00e9s\u00e9t.\" \/>\n<meta name=\"robots\" content=\"index, follow, max-snippet:-1, max-image-preview:large, max-video-preview:-1\" \/>\n<link rel=\"canonical\" href=\"https:\/\/naturalpar.hu\/en\/heat-treatment-of-breading-mixes-and-dusting-and-filling-materials\/\" \/>\n<meta property=\"og:locale\" content=\"en_GB\" \/>\n<meta property=\"og:type\" content=\"article\" \/>\n<meta property=\"og:title\" content=\"Pan\u00edroz\u00f3 Kever\u00e9kek \u00e9s Hint\u0151-T\u00f6lt\u0151 Anyagok H\u0151kezel\u00e9se - Naturalp\u00e1r\" \/>\n<meta property=\"og:description\" content=\"A Naturalp\u00e1r REVTECH technol\u00f3gi\u00e1ja lehet\u0151v\u00e9 teszi a k\u00fcl\u00f6nf\u00e9le pan\u00edroz\u00f3 kever\u00e9kek, hint\u0151- \u00e9s t\u00f6lt\u0151anyagok biztons\u00e1gos \u00e9s egyenletes h\u0151kezel\u00e9s\u00e9t.\" \/>\n<meta property=\"og:url\" content=\"https:\/\/naturalpar.hu\/en\/heat-treatment-of-breading-mixes-and-dusting-and-filling-materials\/\" \/>\n<meta property=\"og:site_name\" content=\"Naturalp\u00e1r\" \/>\n<meta property=\"article:publisher\" content=\"https:\/\/www.facebook.com\/naturalpar\" \/>\n<meta property=\"article:modified_time\" content=\"2025-09-01T20:02:42+00:00\" \/>\n<meta property=\"og:image\" content=\"https:\/\/naturalpar.hu\/wp-content\/uploads\/2025\/08\/Naturalpar-Thumbnail.jpg\" \/>\n\t<meta property=\"og:image:width\" content=\"1280\" \/>\n\t<meta property=\"og:image:height\" content=\"720\" \/>\n\t<meta property=\"og:image:type\" content=\"image\/jpeg\" \/>\n<meta name=\"twitter:card\" content=\"summary_large_image\" \/>\n<meta name=\"twitter:label1\" content=\"Estimated reading time\" \/>\n\t<meta name=\"twitter:data1\" content=\"3 minutes\" \/>\n<script type=\"application\/ld+json\" class=\"yoast-schema-graph\">{\"@context\":\"https:\/\/schema.org\",\"@graph\":[{\"@type\":\"WebPage\",\"@id\":\"https:\/\/naturalpar.hu\/panirozo-keverekek-es-hinto-tolto-anyagok-hokezelese\/\",\"url\":\"https:\/\/naturalpar.hu\/panirozo-keverekek-es-hinto-tolto-anyagok-hokezelese\/\",\"name\":\"Pan\u00edroz\u00f3 Kever\u00e9kek \u00e9s Hint\u0151-T\u00f6lt\u0151 Anyagok H\u0151kezel\u00e9se - Naturalp\u00e1r\",\"isPartOf\":{\"@id\":\"https:\/\/naturalpar.hu\/#website\"},\"primaryImageOfPage\":{\"@id\":\"https:\/\/naturalpar.hu\/panirozo-keverekek-es-hinto-tolto-anyagok-hokezelese\/#primaryimage\"},\"image\":{\"@id\":\"https:\/\/naturalpar.hu\/panirozo-keverekek-es-hinto-tolto-anyagok-hokezelese\/#primaryimage\"},\"thumbnailUrl\":\"https:\/\/naturalpar.hu\/wp-content\/uploads\/2025\/08\/Naturalpar-Thumbnail.jpg\",\"datePublished\":\"2025-08-24T19:27:05+00:00\",\"dateModified\":\"2025-09-01T20:02:42+00:00\",\"description\":\"A Naturalp\u00e1r REVTECH technol\u00f3gi\u00e1ja lehet\u0151v\u00e9 teszi a k\u00fcl\u00f6nf\u00e9le pan\u00edroz\u00f3 kever\u00e9kek, hint\u0151- \u00e9s t\u00f6lt\u0151anyagok biztons\u00e1gos \u00e9s egyenletes h\u0151kezel\u00e9s\u00e9t.\",\"breadcrumb\":{\"@id\":\"https:\/\/naturalpar.hu\/panirozo-keverekek-es-hinto-tolto-anyagok-hokezelese\/#breadcrumb\"},\"inLanguage\":\"en-GB\",\"potentialAction\":[{\"@type\":\"ReadAction\",\"target\":[\"https:\/\/naturalpar.hu\/panirozo-keverekek-es-hinto-tolto-anyagok-hokezelese\/\"]}]},{\"@type\":\"ImageObject\",\"inLanguage\":\"en-GB\",\"@id\":\"https:\/\/naturalpar.hu\/panirozo-keverekek-es-hinto-tolto-anyagok-hokezelese\/#primaryimage\",\"url\":\"https:\/\/naturalpar.hu\/wp-content\/uploads\/2025\/08\/Naturalpar-Thumbnail.jpg\",\"contentUrl\":\"https:\/\/naturalpar.hu\/wp-content\/uploads\/2025\/08\/Naturalpar-Thumbnail.jpg\",\"width\":1280,\"height\":720,\"caption\":\"Naturalpar-Thumbnail\"},{\"@type\":\"BreadcrumbList\",\"@id\":\"https:\/\/naturalpar.hu\/panirozo-keverekek-es-hinto-tolto-anyagok-hokezelese\/#breadcrumb\",\"itemListElement\":[{\"@type\":\"ListItem\",\"position\":1,\"name\":\"Kezd\u0151lap\",\"item\":\"https:\/\/naturalpar.hu\/\"},{\"@type\":\"ListItem\",\"position\":2,\"name\":\"Pan\u00edroz\u00f3 Kever\u00e9kek \u00e9s Hint\u0151-T\u00f6lt\u0151 Anyagok H\u0151kezel\u00e9se\"}]},{\"@type\":\"WebSite\",\"@id\":\"https:\/\/naturalpar.hu\/#website\",\"url\":\"https:\/\/naturalpar.hu\/\",\"name\":\"Naturalp\u00e1r\",\"description\":\"H\u0151kezel\u00e9s, Steriliz\u00e1l\u00e1s, P\u00f6rk\u00f6l\u00e9s Egyszer\u0171en\",\"publisher\":{\"@id\":\"https:\/\/naturalpar.hu\/#organization\"},\"potentialAction\":[{\"@type\":\"SearchAction\",\"target\":{\"@type\":\"EntryPoint\",\"urlTemplate\":\"https:\/\/naturalpar.hu\/?s={search_term_string}\"},\"query-input\":{\"@type\":\"PropertyValueSpecification\",\"valueRequired\":true,\"valueName\":\"search_term_string\"}}],\"inLanguage\":\"en-GB\"},{\"@type\":\"Organization\",\"@id\":\"https:\/\/naturalpar.hu\/#organization\",\"name\":\"Naturalp\u00e1r Kft.\",\"url\":\"https:\/\/naturalpar.hu\/\",\"logo\":{\"@type\":\"ImageObject\",\"inLanguage\":\"en-GB\",\"@id\":\"https:\/\/naturalpar.hu\/#\/schema\/logo\/image\/\",\"url\":\"https:\/\/naturalpar.hu\/wp-content\/uploads\/2025\/08\/cropped-Naturalpar-logo-300dpi-rgb-scaled-1.png\",\"contentUrl\":\"https:\/\/naturalpar.hu\/wp-content\/uploads\/2025\/08\/cropped-Naturalpar-logo-300dpi-rgb-scaled-1.png\",\"width\":512,\"height\":512,\"caption\":\"Naturalp\u00e1r Kft.\"},\"image\":{\"@id\":\"https:\/\/naturalpar.hu\/#\/schema\/logo\/image\/\"},\"sameAs\":[\"https:\/\/www.facebook.com\/naturalpar\"]}]}<\/script>\n<!-- \/ Yoast SEO plugin. -->","yoast_head_json":{"title":"Heat Treatment of Breading Mixes and Dusting and Filling Materials - Naturalp\u00e1r","description":"Naturalp\u00e1r\u2019s REVTECH technology enables the safe and uniform heat treatment of various breading mixes, and dusting and filling materials.","robots":{"index":"index","follow":"follow","max-snippet":"max-snippet:-1","max-image-preview":"max-image-preview:large","max-video-preview":"max-video-preview:-1"},"canonical":"https:\/\/naturalpar.hu\/en\/heat-treatment-of-breading-mixes-and-dusting-and-filling-materials\/","og_locale":"en_GB","og_type":"article","og_title":"Pan\u00edroz\u00f3 Kever\u00e9kek \u00e9s Hint\u0151-T\u00f6lt\u0151 Anyagok H\u0151kezel\u00e9se - Naturalp\u00e1r","og_description":"A Naturalp\u00e1r REVTECH technol\u00f3gi\u00e1ja lehet\u0151v\u00e9 teszi a k\u00fcl\u00f6nf\u00e9le pan\u00edroz\u00f3 kever\u00e9kek, hint\u0151- \u00e9s t\u00f6lt\u0151anyagok biztons\u00e1gos \u00e9s egyenletes h\u0151kezel\u00e9s\u00e9t.","og_url":"https:\/\/naturalpar.hu\/en\/heat-treatment-of-breading-mixes-and-dusting-and-filling-materials\/","og_site_name":"Naturalp\u00e1r","article_publisher":"https:\/\/www.facebook.com\/naturalpar","article_modified_time":"2025-09-01T20:02:42+00:00","og_image":[{"width":1280,"height":720,"url":"https:\/\/naturalpar.hu\/wp-content\/uploads\/2025\/08\/Naturalpar-Thumbnail.jpg","type":"image\/jpeg"}],"twitter_card":"summary_large_image","twitter_misc":{"Estimated reading time":"3 minutes"},"schema":{"@context":"https:\/\/schema.org","@graph":[{"@type":"WebPage","@id":"https:\/\/naturalpar.hu\/panirozo-keverekek-es-hinto-tolto-anyagok-hokezelese\/","url":"https:\/\/naturalpar.hu\/panirozo-keverekek-es-hinto-tolto-anyagok-hokezelese\/","name":"Heat Treatment of Breading Mixes and Dusting and Filling Materials - Naturalp\u00e1r","isPartOf":{"@id":"https:\/\/naturalpar.hu\/#website"},"primaryImageOfPage":{"@id":"https:\/\/naturalpar.hu\/panirozo-keverekek-es-hinto-tolto-anyagok-hokezelese\/#primaryimage"},"image":{"@id":"https:\/\/naturalpar.hu\/panirozo-keverekek-es-hinto-tolto-anyagok-hokezelese\/#primaryimage"},"thumbnailUrl":"https:\/\/naturalpar.hu\/wp-content\/uploads\/2025\/08\/Naturalpar-Thumbnail.jpg","datePublished":"2025-08-24T19:27:05+00:00","dateModified":"2025-09-01T20:02:42+00:00","description":"Naturalp\u00e1r\u2019s REVTECH technology enables the safe and uniform heat treatment of various breading mixes, and dusting and filling materials.","breadcrumb":{"@id":"https:\/\/naturalpar.hu\/panirozo-keverekek-es-hinto-tolto-anyagok-hokezelese\/#breadcrumb"},"inLanguage":"en-GB","potentialAction":[{"@type":"ReadAction","target":["https:\/\/naturalpar.hu\/panirozo-keverekek-es-hinto-tolto-anyagok-hokezelese\/"]}]},{"@type":"ImageObject","inLanguage":"en-GB","@id":"https:\/\/naturalpar.hu\/panirozo-keverekek-es-hinto-tolto-anyagok-hokezelese\/#primaryimage","url":"https:\/\/naturalpar.hu\/wp-content\/uploads\/2025\/08\/Naturalpar-Thumbnail.jpg","contentUrl":"https:\/\/naturalpar.hu\/wp-content\/uploads\/2025\/08\/Naturalpar-Thumbnail.jpg","width":1280,"height":720,"caption":"Naturalpar-Thumbnail"},{"@type":"BreadcrumbList","@id":"https:\/\/naturalpar.hu\/panirozo-keverekek-es-hinto-tolto-anyagok-hokezelese\/#breadcrumb","itemListElement":[{"@type":"ListItem","position":1,"name":"Kezd\u0151lap","item":"https:\/\/naturalpar.hu\/"},{"@type":"ListItem","position":2,"name":"Pan\u00edroz\u00f3 Kever\u00e9kek \u00e9s Hint\u0151-T\u00f6lt\u0151 Anyagok H\u0151kezel\u00e9se"}]},{"@type":"WebSite","@id":"https:\/\/naturalpar.hu\/#website","url":"https:\/\/naturalpar.hu\/","name":"Naturalp\u00e1r","description":"Heat treatment, sterilisation, and roasting made simple","publisher":{"@id":"https:\/\/naturalpar.hu\/#organization"},"potentialAction":[{"@type":"SearchAction","target":{"@type":"EntryPoint","urlTemplate":"https:\/\/naturalpar.hu\/?s={search_term_string}"},"query-input":{"@type":"PropertyValueSpecification","valueRequired":true,"valueName":"search_term_string"}}],"inLanguage":"en-GB"},{"@type":"Organization","@id":"https:\/\/naturalpar.hu\/#organization","name":"Naturalp\u00e1r Kft.","url":"https:\/\/naturalpar.hu\/","logo":{"@type":"ImageObject","inLanguage":"en-GB","@id":"https:\/\/naturalpar.hu\/#\/schema\/logo\/image\/","url":"https:\/\/naturalpar.hu\/wp-content\/uploads\/2025\/08\/cropped-Naturalpar-logo-300dpi-rgb-scaled-1.png","contentUrl":"https:\/\/naturalpar.hu\/wp-content\/uploads\/2025\/08\/cropped-Naturalpar-logo-300dpi-rgb-scaled-1.png","width":512,"height":512,"caption":"Naturalp\u00e1r Kft."},"image":{"@id":"https:\/\/naturalpar.hu\/#\/schema\/logo\/image\/"},"sameAs":["https:\/\/www.facebook.com\/naturalpar"]}]}},"_links":{"self":[{"href":"https:\/\/naturalpar.hu\/en\/wp-json\/wp\/v2\/pages\/673","targetHints":{"allow":["GET"]}}],"collection":[{"href":"https:\/\/naturalpar.hu\/en\/wp-json\/wp\/v2\/pages"}],"about":[{"href":"https:\/\/naturalpar.hu\/en\/wp-json\/wp\/v2\/types\/page"}],"author":[{"embeddable":true,"href":"https:\/\/naturalpar.hu\/en\/wp-json\/wp\/v2\/users\/1"}],"replies":[{"embeddable":true,"href":"https:\/\/naturalpar.hu\/en\/wp-json\/wp\/v2\/comments?post=673"}],"version-history":[{"count":7,"href":"https:\/\/naturalpar.hu\/en\/wp-json\/wp\/v2\/pages\/673\/revisions"}],"predecessor-version":[{"id":863,"href":"https:\/\/naturalpar.hu\/en\/wp-json\/wp\/v2\/pages\/673\/revisions\/863"}],"wp:featuredmedia":[{"embeddable":true,"href":"https:\/\/naturalpar.hu\/en\/wp-json\/wp\/v2\/media\/924"}],"wp:attachment":[{"href":"https:\/\/naturalpar.hu\/en\/wp-json\/wp\/v2\/media?parent=673"}],"curies":[{"name":"wp","href":"https:\/\/api.w.org\/{rel}","templated":true}]}}