{"id":693,"date":"2025-08-24T21:29:26","date_gmt":"2025-08-24T19:29:26","guid":{"rendered":"https:\/\/naturalpar.hu\/?page_id=693"},"modified":"2025-09-01T21:56:51","modified_gmt":"2025-09-01T19:56:51","slug":"herbs-and-medicinal-plants","status":"publish","type":"page","link":"https:\/\/naturalpar.hu\/en\/herbs-and-medicinal-plants\/","title":{"rendered":"F\u0171szern\u00f6v\u00e9nyek \u00e9s Gy\u00f3gyn\u00f6v\u00e9nyek"},"content":{"rendered":"<div data-elementor-type=\"wp-page\" data-elementor-id=\"693\" class=\"elementor elementor-693\" data-elementor-post-type=\"page\">\n\t\t\t\t<div class=\"elementor-element elementor-element-3a8611a e-flex e-con-boxed e-con e-parent\" data-id=\"3a8611a\" data-element_type=\"container\">\n\t\t\t\t\t<div class=\"e-con-inner\">\n\t\t<div class=\"elementor-element elementor-element-1e055cf e-con-full e-flex e-con e-child\" data-id=\"1e055cf\" data-element_type=\"container\">\n\t\t\t\t<div class=\"elementor-element elementor-element-81f36f4 elementor-widget elementor-widget-heading\" data-id=\"81f36f4\" data-element_type=\"widget\" data-widget_type=\"heading.default\">\n\t\t\t\t\t<span class=\"elementor-heading-title elementor-size-default\">Herbs and Medicinal Plants \u2013 Safe and Quality Processing<\/span>\t\t\t\t<\/div>\n\t\t\t\t<div class=\"elementor-element elementor-element-c30736b elementor-widget elementor-widget-heading\" data-id=\"c30736b\" data-element_type=\"widget\" data-widget_type=\"heading.default\">\n\t\t\t\t\t<h1 class=\"elementor-heading-title elementor-size-default\">Revolutionary Heat Treatment Technology for Herbs and Medicinal Plants<\/h1>\t\t\t\t<\/div>\n\t\t\t\t<div class=\"elementor-element elementor-element-0808ca9 elementor-widget elementor-widget-text-editor\" data-id=\"0808ca9\" data-element_type=\"widget\" data-widget_type=\"text-editor.default\">\n\t\t\t\t\t\t\t\t\t<p>Naturalp\u00e1r ensures the microbiological purity of herbs and medicinal plants using REVTECH technology, while preserving their natural properties. Vibratory conveying, a stainless steel tube surface heated by electric impedance, and treatment with a small amount of steam guarantee effective, gentle, and homogeneous degermination.<\/p><p>Applicable for herbs and medicinal plants, including pepper, coriander, paprika, parsley, basil, mint, Jerusalem artichoke, oregano, ginger, thyme, etc\u2026<\/p>\t\t\t\t\t\t\t\t<\/div>\n\t\t\t\t<div class=\"elementor-element elementor-element-f1fc127 elementor-widget elementor-widget-button\" data-id=\"f1fc127\" data-element_type=\"widget\" data-widget_type=\"button.default\">\n\t\t\t\t\t\t\t\t\t\t<a class=\"elementor-button elementor-button-link elementor-size-sm\" href=\"https:\/\/naturalpar.hu\/en\/contact-us\/\">\n\t\t\t\t\t\t<span class=\"elementor-button-content-wrapper\">\n\t\t\t\t\t\t<span class=\"elementor-button-icon\">\n\t\t\t\t<svg aria-hidden=\"true\" class=\"e-font-icon-svg e-fas-chevron-right\" viewbox=\"0 0 320 512\" xmlns=\"http:\/\/www.w3.org\/2000\/svg\"><path d=\"M285.476 272.971L91.132 467.314c-9.373 9.373-24.569 9.373-33.941 0l-22.667-22.667c-9.357-9.357-9.375-24.522-.04-33.901L188.505 256 34.484 101.255c-9.335-9.379-9.317-24.544.04-33.901l22.667-22.667c9.373-9.373 24.569-9.373 33.941 0L285.475 239.03c9.373 9.372 9.373 24.568.001 33.941z\"><\/path><\/svg>\t\t\t<\/span>\n\t\t\t\t\t\t\t\t\t<span class=\"elementor-button-text\">request a quote<\/span>\n\t\t\t\t\t<\/span>\n\t\t\t\t\t<\/a>\n\t\t\t\t\t\t\t\t<\/div>\n\t\t\t\t<\/div>\n\t\t<div class=\"elementor-element elementor-element-f3c5d61 e-con-full e-flex e-con e-child\" data-id=\"f3c5d61\" data-element_type=\"container\">\n\t\t\t\t<div class=\"elementor-element elementor-element-0641d60 elementor-widget elementor-widget-image\" data-id=\"0641d60\" data-element_type=\"widget\" data-widget_type=\"image.default\">\n\t\t\t\t\t\t\t\t\t\t\t\t\t\t\t<img fetchpriority=\"high\" decoding=\"async\" width=\"1200\" height=\"900\" src=\"https:\/\/naturalpar.hu\/wp-content\/uploads\/2025\/08\/Fuszernovenyek-es-Gyogynovenyek.jpg\" class=\"attachment-full size-full wp-image-791\" alt=\"\" srcset=\"https:\/\/naturalpar.hu\/wp-content\/uploads\/2025\/08\/Fuszernovenyek-es-Gyogynovenyek.jpg 1200w, https:\/\/naturalpar.hu\/wp-content\/uploads\/2025\/08\/Fuszernovenyek-es-Gyogynovenyek-700x525.jpg 700w, https:\/\/naturalpar.hu\/wp-content\/uploads\/2025\/08\/Fuszernovenyek-es-Gyogynovenyek-1024x768.jpg 1024w, https:\/\/naturalpar.hu\/wp-content\/uploads\/2025\/08\/Fuszernovenyek-es-Gyogynovenyek-768x576.jpg 768w\" sizes=\"(max-width: 1200px) 100vw, 1200px\" \/>\t\t\t\t\t\t\t\t\t\t\t\t\t\t\t<\/div>\n\t\t\t\t<\/div>\n\t\t\t\t\t<\/div>\n\t\t\t\t<\/div>\n\t\t<div class=\"elementor-element elementor-element-452e345 e-flex e-con-boxed e-con e-parent\" data-id=\"452e345\" data-element_type=\"container\">\n\t\t\t\t\t<div class=\"e-con-inner\">\n\t\t\t\t<div class=\"elementor-element elementor-element-75e563f elementor-widget elementor-widget-heading\" data-id=\"75e563f\" data-element_type=\"widget\" data-widget_type=\"heading.default\">\n\t\t\t\t\t<h2 class=\"elementor-heading-title elementor-size-default\">Advantages of REVTECH Technology<\/h2>\t\t\t\t<\/div>\n\t\t<div class=\"elementor-element elementor-element-8570b04 e-con-full e-flex e-con e-child\" data-id=\"8570b04\" data-element_type=\"container\">\n\t\t<div class=\"elementor-element elementor-element-40de456 e-con-full e-flex e-con e-child\" data-id=\"40de456\" data-element_type=\"container\">\n\t\t\t\t<div class=\"elementor-element elementor-element-9b7e84b elementor-position-left elementor-vertical-align-middle elementor-widget elementor-widget-image-box\" data-id=\"9b7e84b\" data-element_type=\"widget\" data-widget_type=\"image-box.default\">\n\t\t\t\t\t<div class=\"elementor-image-box-wrapper\"><figure class=\"elementor-image-box-img\"><img decoding=\"async\" src=\"https:\/\/naturalpar.hu\/wp-content\/uploads\/2025\/08\/rugalmassag.svg\" class=\"attachment-full size-full wp-image-763\" alt=\"flexibility\" \/><\/figure><div class=\"elementor-image-box-content\"><span class=\"elementor-image-box-title\">Continuous and fully automated processing <\/span><\/div><\/div>\t\t\t\t<\/div>\n\t\t\t\t<div class=\"elementor-element elementor-element-0552cbb elementor-widget elementor-widget-text-editor\" data-id=\"0552cbb\" data-element_type=\"widget\" data-widget_type=\"text-editor.default\">\n\t\t\t\t\t\t\t\t\t<p>Uninterrupted production for maximum efficiency.<\/p>\t\t\t\t\t\t\t\t<\/div>\n\t\t\t\t<\/div>\n\t\t<div class=\"elementor-element elementor-element-a845e86 e-con-full e-flex e-con e-child\" data-id=\"a845e86\" data-element_type=\"container\">\n\t\t\t\t<div class=\"elementor-element elementor-element-76c31bb elementor-position-left elementor-vertical-align-middle elementor-widget elementor-widget-image-box\" data-id=\"76c31bb\" data-element_type=\"widget\" data-widget_type=\"image-box.default\">\n\t\t\t\t\t<div class=\"elementor-image-box-wrapper\"><figure class=\"elementor-image-box-img\"><img decoding=\"async\" src=\"https:\/\/naturalpar.hu\/wp-content\/uploads\/2025\/08\/biztonsag.svg\" class=\"attachment-full size-full wp-image-633\" alt=\"safety\" \/><\/figure><div class=\"elementor-image-box-content\"><span class=\"elementor-image-box-title\">Guaranteed microbiological quality<\/span><\/div><\/div>\t\t\t\t<\/div>\n\t\t\t\t<div class=\"elementor-element elementor-element-c9f4182 elementor-widget elementor-widget-text-editor\" data-id=\"c9f4182\" data-element_type=\"widget\" data-widget_type=\"text-editor.default\">\n\t\t\t\t\t\t\t\t\t<p>Complete elimination of pathogens (Salmonella, E. coli, Coliforms, yeasts and moulds).<\/p>\t\t\t\t\t\t\t\t<\/div>\n\t\t\t\t<\/div>\n\t\t<div class=\"elementor-element elementor-element-0065797 e-con-full e-flex e-con e-child\" data-id=\"0065797\" data-element_type=\"container\">\n\t\t\t\t<div class=\"elementor-element elementor-element-7be12d6 elementor-position-left elementor-vertical-align-middle elementor-widget elementor-widget-image-box\" data-id=\"7be12d6\" data-element_type=\"widget\" data-widget_type=\"image-box.default\">\n\t\t\t\t\t<div class=\"elementor-image-box-wrapper\"><figure class=\"elementor-image-box-img\"><img decoding=\"async\" src=\"https:\/\/naturalpar.hu\/wp-content\/uploads\/2025\/08\/csokkenes.svg\" class=\"attachment-full size-full wp-image-792\" alt=\"\" \/><\/figure><div class=\"elementor-image-box-content\"><span class=\"elementor-image-box-title\">Significant reduction in germ count<\/span><\/div><\/div>\t\t\t\t<\/div>\n\t\t\t\t<div class=\"elementor-element elementor-element-4698707 elementor-widget elementor-widget-text-editor\" data-id=\"4698707\" data-element_type=\"widget\" data-widget_type=\"text-editor.default\">\n\t\t\t\t\t\t\t\t\t<p>Minimisation of total germ count for product safety.<\/p>\t\t\t\t\t\t\t\t<\/div>\n\t\t\t\t<\/div>\n\t\t\t\t<\/div>\n\t\t<div class=\"elementor-element elementor-element-3884d00 e-con-full e-flex e-con e-child\" data-id=\"3884d00\" data-element_type=\"container\">\n\t\t<div class=\"elementor-element elementor-element-f18cd31 e-con-full e-flex e-con e-child\" data-id=\"f18cd31\" data-element_type=\"container\">\n\t\t\t\t<div class=\"elementor-element elementor-element-5480893 elementor-position-left elementor-vertical-align-middle elementor-widget elementor-widget-image-box\" data-id=\"5480893\" data-element_type=\"widget\" data-widget_type=\"image-box.default\">\n\t\t\t\t\t<div class=\"elementor-image-box-wrapper\"><figure class=\"elementor-image-box-img\"><img decoding=\"async\" src=\"https:\/\/naturalpar.hu\/wp-content\/uploads\/2025\/08\/szakertelem.svg\" class=\"attachment-full size-full wp-image-636\" alt=\"expertise\" \/><\/figure><div class=\"elementor-image-box-content\"><span class=\"elementor-image-box-title\">Preservation of natural properties<\/span><\/div><\/div>\t\t\t\t<\/div>\n\t\t\t\t<div class=\"elementor-element elementor-element-f31bd6a elementor-widget elementor-widget-text-editor\" data-id=\"f31bd6a\" data-element_type=\"widget\" data-widget_type=\"text-editor.default\">\n\t\t\t\t\t\t\t\t\t<p>During treatment, the product\u2019s colour, texture and flavour remain unchanged.<\/p>\t\t\t\t\t\t\t\t<\/div>\n\t\t\t\t<\/div>\n\t\t<div class=\"elementor-element elementor-element-77e25fa e-con-full e-flex e-con e-child\" data-id=\"77e25fa\" data-element_type=\"container\">\n\t\t\t\t<div class=\"elementor-element elementor-element-9ecad63 elementor-position-left elementor-vertical-align-middle elementor-widget elementor-widget-image-box\" data-id=\"9ecad63\" data-element_type=\"widget\" data-widget_type=\"image-box.default\">\n\t\t\t\t\t<div class=\"elementor-image-box-wrapper\"><figure class=\"elementor-image-box-img\"><img decoding=\"async\" src=\"https:\/\/naturalpar.hu\/wp-content\/uploads\/2025\/08\/szetvalogatas.svg\" class=\"attachment-full size-full wp-image-762\" alt=\"sorting\" \/><\/figure><div class=\"elementor-image-box-content\"><span class=\"elementor-image-box-title\">Uniform treatment and perfect homogeneity<\/span><\/div><\/div>\t\t\t\t<\/div>\n\t\t\t\t<div class=\"elementor-element elementor-element-bd40a0a elementor-widget elementor-widget-text-editor\" data-id=\"bd40a0a\" data-element_type=\"widget\" data-widget_type=\"text-editor.default\">\n\t\t\t\t\t\t\t\t\t<p>In the spiral system, the particles make up to 4,000 jumps as they progress, ensuring comprehensive degermination.<\/p>\t\t\t\t\t\t\t\t<\/div>\n\t\t\t\t<\/div>\n\t\t<div class=\"elementor-element elementor-element-23d8ae0 e-con-full e-flex e-con e-child\" data-id=\"23d8ae0\" data-element_type=\"container\">\n\t\t\t\t<div class=\"elementor-element elementor-element-60413bf elementor-position-left elementor-vertical-align-middle elementor-widget elementor-widget-image-box\" data-id=\"60413bf\" data-element_type=\"widget\" data-widget_type=\"image-box.default\">\n\t\t\t\t\t<div class=\"elementor-image-box-wrapper\"><figure class=\"elementor-image-box-img\"><img decoding=\"async\" src=\"https:\/\/naturalpar.hu\/wp-content\/uploads\/2025\/08\/minimalis.svg\" class=\"attachment-full size-full wp-image-761\" alt=\"minimal\" \/><\/figure><div class=\"elementor-image-box-content\"><span class=\"elementor-image-box-title\">Minimal steam usage<\/span><\/div><\/div>\t\t\t\t<\/div>\n\t\t\t\t<div class=\"elementor-element elementor-element-60bb6a4 elementor-widget elementor-widget-text-editor\" data-id=\"60bb6a4\" data-element_type=\"widget\" data-widget_type=\"text-editor.default\">\n\t\t\t\t\t\t\t\t\t<p>The heated spiral tube preheats the material, then pasteurisation is completed with a pre-set amount of steam.<\/p>\t\t\t\t\t\t\t\t<\/div>\n\t\t\t\t<\/div>\n\t\t\t\t<\/div>\n\t\t\t\t\t<\/div>\n\t\t\t\t<\/div>\n\t\t<div class=\"elementor-element elementor-element-3332f5f e-flex e-con-boxed e-con e-parent\" data-id=\"3332f5f\" data-element_type=\"container\" data-settings=\"{&quot;background_background&quot;:&quot;classic&quot;}\">\n\t\t\t\t\t<div class=\"e-con-inner\">\n\t\t\t\t<div class=\"elementor-element elementor-element-e1f27ef elementor-widget elementor-widget-heading\" data-id=\"e1f27ef\" data-element_type=\"widget\" data-widget_type=\"heading.default\">\n\t\t\t\t\t<h2 class=\"elementor-heading-title elementor-size-default\">Contact and Request a Quote<\/h2>\t\t\t\t<\/div>\n\t\t\t\t<div class=\"elementor-element elementor-element-e94a067 elementor-widget__width-initial elementor-widget elementor-widget-text-editor\" data-id=\"e94a067\" data-element_type=\"widget\" data-widget_type=\"text-editor.default\">\n\t\t\t\t\t\t\t\t\t<p>Contact us \u2028to ensure microbiological purity and long-lasting freshness for your spices and herbs!<br \/><strong>Request a quote now and take advantage of the benefits of REVTECH technology!<\/strong><\/p>\t\t\t\t\t\t\t\t<\/div>\n\t\t\t\t<div class=\"elementor-element elementor-element-771dc8f elementor-align-center elementor-widget elementor-widget-button\" data-id=\"771dc8f\" data-element_type=\"widget\" data-widget_type=\"button.default\">\n\t\t\t\t\t\t\t\t\t\t<a class=\"elementor-button elementor-button-link elementor-size-sm\" href=\"https:\/\/naturalpar.hu\/en\/contact-us\/\">\n\t\t\t\t\t\t<span class=\"elementor-button-content-wrapper\">\n\t\t\t\t\t\t<span class=\"elementor-button-icon\">\n\t\t\t\t<svg aria-hidden=\"true\" class=\"e-font-icon-svg e-fas-chevron-right\" viewbox=\"0 0 320 512\" xmlns=\"http:\/\/www.w3.org\/2000\/svg\"><path d=\"M285.476 272.971L91.132 467.314c-9.373 9.373-24.569 9.373-33.941 0l-22.667-22.667c-9.357-9.357-9.375-24.522-.04-33.901L188.505 256 34.484 101.255c-9.335-9.379-9.317-24.544.04-33.901l22.667-22.667c9.373-9.373 24.569-9.373 33.941 0L285.475 239.03c9.373 9.372 9.373 24.568.001 33.941z\"><\/path><\/svg>\t\t\t<\/span>\n\t\t\t\t\t\t\t\t\t<span class=\"elementor-button-text\">Request a quote<\/span>\n\t\t\t\t\t<\/span>\n\t\t\t\t\t<\/a>\n\t\t\t\t\t\t\t\t<\/div>\n\t\t\t\t\t<\/div>\n\t\t\t\t<\/div>\n\t\t\t\t<\/div>","protected":false},"excerpt":{"rendered":"<p>F\u0171szern\u00f6v\u00e9nyek \u00e9s Gy\u00f3gyn\u00f6v\u00e9nyek &#8211; Biztons\u00e1gos \u00e9s Min\u0151s\u00e9gi Feldolgoz\u00e1s Forradalmi H\u0151kezel\u00e9si Technol\u00f3gia F\u0171szerek \u00e9s Gy\u00f3gyn\u00f6v\u00e9nyek Sz\u00e1m\u00e1ra A Naturalp\u00e1r a REVTECH technol\u00f3gia alkalmaz\u00e1s\u00e1val biztos\u00edtja a f\u0171szern\u00f6v\u00e9nyek \u00e9s gy\u00f3gyn\u00f6v\u00e9nyek mikrobiol\u00f3giai tisztas\u00e1g\u00e1t, mik\u00f6zben meg\u0151rzi azok term\u00e9szetes tulajdons\u00e1gait. A vibr\u00e1ci\u00f3s sz\u00e1ll\u00edt\u00e1s, az elektromos impedanci\u00e1val f\u0171t\u00f6tt rozsdamentes cs\u0151fel\u00fclet \u00e9s a kis mennyis\u00e9g\u0171 g\u0151zzel t\u00f6rt\u00e9n\u0151 kezel\u00e9s garant\u00e1lja a hat\u00e9kony, k\u00edm\u00e9letes \u00e9s homog\u00e9n [&hellip;]<\/p>","protected":false},"author":1,"featured_media":924,"parent":0,"menu_order":0,"comment_status":"closed","ping_status":"closed","template":"","meta":{"footnotes":""},"class_list":["post-693","page","type-page","status-publish","has-post-thumbnail","hentry"],"yoast_head":"<!-- This site is optimized with the Yoast SEO plugin v26.8 - https:\/\/yoast.com\/product\/yoast-seo-wordpress\/ -->\n<title>F\u0171szern\u00f6v\u00e9nyek \u00e9s Gy\u00f3gyn\u00f6v\u00e9nyek - Naturalp\u00e1r<\/title>\n<meta name=\"description\" content=\"A Naturalp\u00e1r a REVTECH technol\u00f3gia alkalmaz\u00e1s\u00e1val biztos\u00edtja a f\u0171szern\u00f6v\u00e9nyek \u00e9s gy\u00f3gyn\u00f6v\u00e9nyek mikrobiol\u00f3giai tisztas\u00e1g\u00e1t\" \/>\n<meta name=\"robots\" content=\"index, follow, max-snippet:-1, max-image-preview:large, max-video-preview:-1\" \/>\n<link rel=\"canonical\" href=\"https:\/\/naturalpar.hu\/en\/herbs-and-medicinal-plants\/\" \/>\n<meta property=\"og:locale\" content=\"en_GB\" \/>\n<meta property=\"og:type\" content=\"article\" \/>\n<meta property=\"og:title\" content=\"F\u0171szern\u00f6v\u00e9nyek \u00e9s Gy\u00f3gyn\u00f6v\u00e9nyek - Naturalp\u00e1r\" \/>\n<meta property=\"og:description\" content=\"A Naturalp\u00e1r a REVTECH technol\u00f3gia alkalmaz\u00e1s\u00e1val biztos\u00edtja a f\u0171szern\u00f6v\u00e9nyek \u00e9s gy\u00f3gyn\u00f6v\u00e9nyek mikrobiol\u00f3giai tisztas\u00e1g\u00e1t\" \/>\n<meta property=\"og:url\" content=\"https:\/\/naturalpar.hu\/en\/herbs-and-medicinal-plants\/\" \/>\n<meta property=\"og:site_name\" content=\"Naturalp\u00e1r\" \/>\n<meta property=\"article:publisher\" content=\"https:\/\/www.facebook.com\/naturalpar\" \/>\n<meta property=\"article:modified_time\" content=\"2025-09-01T19:56:51+00:00\" \/>\n<meta property=\"og:image\" content=\"https:\/\/naturalpar.hu\/wp-content\/uploads\/2025\/08\/Naturalpar-Thumbnail.jpg\" \/>\n\t<meta property=\"og:image:width\" content=\"1280\" \/>\n\t<meta property=\"og:image:height\" content=\"720\" \/>\n\t<meta property=\"og:image:type\" content=\"image\/jpeg\" \/>\n<meta name=\"twitter:card\" content=\"summary_large_image\" \/>\n<meta name=\"twitter:label1\" content=\"Estimated reading time\" \/>\n\t<meta name=\"twitter:data1\" content=\"3 minutes\" \/>\n<script type=\"application\/ld+json\" class=\"yoast-schema-graph\">{\"@context\":\"https:\/\/schema.org\",\"@graph\":[{\"@type\":\"WebPage\",\"@id\":\"https:\/\/naturalpar.hu\/fuszernovenyek-es-gyogynovenyek\/\",\"url\":\"https:\/\/naturalpar.hu\/fuszernovenyek-es-gyogynovenyek\/\",\"name\":\"F\u0171szern\u00f6v\u00e9nyek \u00e9s Gy\u00f3gyn\u00f6v\u00e9nyek - Naturalp\u00e1r\",\"isPartOf\":{\"@id\":\"https:\/\/naturalpar.hu\/#website\"},\"primaryImageOfPage\":{\"@id\":\"https:\/\/naturalpar.hu\/fuszernovenyek-es-gyogynovenyek\/#primaryimage\"},\"image\":{\"@id\":\"https:\/\/naturalpar.hu\/fuszernovenyek-es-gyogynovenyek\/#primaryimage\"},\"thumbnailUrl\":\"https:\/\/naturalpar.hu\/wp-content\/uploads\/2025\/08\/Naturalpar-Thumbnail.jpg\",\"datePublished\":\"2025-08-24T19:29:26+00:00\",\"dateModified\":\"2025-09-01T19:56:51+00:00\",\"description\":\"A Naturalp\u00e1r a REVTECH technol\u00f3gia alkalmaz\u00e1s\u00e1val biztos\u00edtja a f\u0171szern\u00f6v\u00e9nyek \u00e9s gy\u00f3gyn\u00f6v\u00e9nyek mikrobiol\u00f3giai tisztas\u00e1g\u00e1t\",\"breadcrumb\":{\"@id\":\"https:\/\/naturalpar.hu\/fuszernovenyek-es-gyogynovenyek\/#breadcrumb\"},\"inLanguage\":\"en-GB\",\"potentialAction\":[{\"@type\":\"ReadAction\",\"target\":[\"https:\/\/naturalpar.hu\/fuszernovenyek-es-gyogynovenyek\/\"]}]},{\"@type\":\"ImageObject\",\"inLanguage\":\"en-GB\",\"@id\":\"https:\/\/naturalpar.hu\/fuszernovenyek-es-gyogynovenyek\/#primaryimage\",\"url\":\"https:\/\/naturalpar.hu\/wp-content\/uploads\/2025\/08\/Naturalpar-Thumbnail.jpg\",\"contentUrl\":\"https:\/\/naturalpar.hu\/wp-content\/uploads\/2025\/08\/Naturalpar-Thumbnail.jpg\",\"width\":1280,\"height\":720,\"caption\":\"Naturalpar-Thumbnail\"},{\"@type\":\"BreadcrumbList\",\"@id\":\"https:\/\/naturalpar.hu\/fuszernovenyek-es-gyogynovenyek\/#breadcrumb\",\"itemListElement\":[{\"@type\":\"ListItem\",\"position\":1,\"name\":\"Kezd\u0151lap\",\"item\":\"https:\/\/naturalpar.hu\/\"},{\"@type\":\"ListItem\",\"position\":2,\"name\":\"F\u0171szern\u00f6v\u00e9nyek \u00e9s Gy\u00f3gyn\u00f6v\u00e9nyek\"}]},{\"@type\":\"WebSite\",\"@id\":\"https:\/\/naturalpar.hu\/#website\",\"url\":\"https:\/\/naturalpar.hu\/\",\"name\":\"Naturalp\u00e1r\",\"description\":\"H\u0151kezel\u00e9s, Steriliz\u00e1l\u00e1s, P\u00f6rk\u00f6l\u00e9s Egyszer\u0171en\",\"publisher\":{\"@id\":\"https:\/\/naturalpar.hu\/#organization\"},\"potentialAction\":[{\"@type\":\"SearchAction\",\"target\":{\"@type\":\"EntryPoint\",\"urlTemplate\":\"https:\/\/naturalpar.hu\/?s={search_term_string}\"},\"query-input\":{\"@type\":\"PropertyValueSpecification\",\"valueRequired\":true,\"valueName\":\"search_term_string\"}}],\"inLanguage\":\"en-GB\"},{\"@type\":\"Organization\",\"@id\":\"https:\/\/naturalpar.hu\/#organization\",\"name\":\"Naturalp\u00e1r Kft.\",\"url\":\"https:\/\/naturalpar.hu\/\",\"logo\":{\"@type\":\"ImageObject\",\"inLanguage\":\"en-GB\",\"@id\":\"https:\/\/naturalpar.hu\/#\/schema\/logo\/image\/\",\"url\":\"https:\/\/naturalpar.hu\/wp-content\/uploads\/2025\/08\/cropped-Naturalpar-logo-300dpi-rgb-scaled-1.png\",\"contentUrl\":\"https:\/\/naturalpar.hu\/wp-content\/uploads\/2025\/08\/cropped-Naturalpar-logo-300dpi-rgb-scaled-1.png\",\"width\":512,\"height\":512,\"caption\":\"Naturalp\u00e1r Kft.\"},\"image\":{\"@id\":\"https:\/\/naturalpar.hu\/#\/schema\/logo\/image\/\"},\"sameAs\":[\"https:\/\/www.facebook.com\/naturalpar\"]}]}<\/script>\n<!-- \/ Yoast SEO plugin. -->","yoast_head_json":{"title":"Herbs and Medicinal Plants - Naturalp\u00e1r","description":"Naturalp\u00e1r ensures the microbiological purity of herbs and medicinal plants using REVTECH technology, while preserving their natural properties.","robots":{"index":"index","follow":"follow","max-snippet":"max-snippet:-1","max-image-preview":"max-image-preview:large","max-video-preview":"max-video-preview:-1"},"canonical":"https:\/\/naturalpar.hu\/en\/herbs-and-medicinal-plants\/","og_locale":"en_GB","og_type":"article","og_title":"F\u0171szern\u00f6v\u00e9nyek \u00e9s Gy\u00f3gyn\u00f6v\u00e9nyek - Naturalp\u00e1r","og_description":"A Naturalp\u00e1r a REVTECH technol\u00f3gia alkalmaz\u00e1s\u00e1val biztos\u00edtja a f\u0171szern\u00f6v\u00e9nyek \u00e9s gy\u00f3gyn\u00f6v\u00e9nyek mikrobiol\u00f3giai tisztas\u00e1g\u00e1t","og_url":"https:\/\/naturalpar.hu\/en\/herbs-and-medicinal-plants\/","og_site_name":"Naturalp\u00e1r","article_publisher":"https:\/\/www.facebook.com\/naturalpar","article_modified_time":"2025-09-01T19:56:51+00:00","og_image":[{"width":1280,"height":720,"url":"https:\/\/naturalpar.hu\/wp-content\/uploads\/2025\/08\/Naturalpar-Thumbnail.jpg","type":"image\/jpeg"}],"twitter_card":"summary_large_image","twitter_misc":{"Estimated reading time":"3 minutes"},"schema":{"@context":"https:\/\/schema.org","@graph":[{"@type":"WebPage","@id":"https:\/\/naturalpar.hu\/fuszernovenyek-es-gyogynovenyek\/","url":"https:\/\/naturalpar.hu\/fuszernovenyek-es-gyogynovenyek\/","name":"Herbs and Medicinal Plants - Naturalp\u00e1r","isPartOf":{"@id":"https:\/\/naturalpar.hu\/#website"},"primaryImageOfPage":{"@id":"https:\/\/naturalpar.hu\/fuszernovenyek-es-gyogynovenyek\/#primaryimage"},"image":{"@id":"https:\/\/naturalpar.hu\/fuszernovenyek-es-gyogynovenyek\/#primaryimage"},"thumbnailUrl":"https:\/\/naturalpar.hu\/wp-content\/uploads\/2025\/08\/Naturalpar-Thumbnail.jpg","datePublished":"2025-08-24T19:29:26+00:00","dateModified":"2025-09-01T19:56:51+00:00","description":"Naturalp\u00e1r ensures the microbiological purity of herbs and medicinal plants using REVTECH technology, while preserving their natural properties.","breadcrumb":{"@id":"https:\/\/naturalpar.hu\/fuszernovenyek-es-gyogynovenyek\/#breadcrumb"},"inLanguage":"en-GB","potentialAction":[{"@type":"ReadAction","target":["https:\/\/naturalpar.hu\/fuszernovenyek-es-gyogynovenyek\/"]}]},{"@type":"ImageObject","inLanguage":"en-GB","@id":"https:\/\/naturalpar.hu\/fuszernovenyek-es-gyogynovenyek\/#primaryimage","url":"https:\/\/naturalpar.hu\/wp-content\/uploads\/2025\/08\/Naturalpar-Thumbnail.jpg","contentUrl":"https:\/\/naturalpar.hu\/wp-content\/uploads\/2025\/08\/Naturalpar-Thumbnail.jpg","width":1280,"height":720,"caption":"Naturalpar-Thumbnail"},{"@type":"BreadcrumbList","@id":"https:\/\/naturalpar.hu\/fuszernovenyek-es-gyogynovenyek\/#breadcrumb","itemListElement":[{"@type":"ListItem","position":1,"name":"Kezd\u0151lap","item":"https:\/\/naturalpar.hu\/"},{"@type":"ListItem","position":2,"name":"F\u0171szern\u00f6v\u00e9nyek \u00e9s Gy\u00f3gyn\u00f6v\u00e9nyek"}]},{"@type":"WebSite","@id":"https:\/\/naturalpar.hu\/#website","url":"https:\/\/naturalpar.hu\/","name":"Naturalp\u00e1r","description":"Heat treatment, sterilisation, and roasting made simple","publisher":{"@id":"https:\/\/naturalpar.hu\/#organization"},"potentialAction":[{"@type":"SearchAction","target":{"@type":"EntryPoint","urlTemplate":"https:\/\/naturalpar.hu\/?s={search_term_string}"},"query-input":{"@type":"PropertyValueSpecification","valueRequired":true,"valueName":"search_term_string"}}],"inLanguage":"en-GB"},{"@type":"Organization","@id":"https:\/\/naturalpar.hu\/#organization","name":"Naturalp\u00e1r Kft.","url":"https:\/\/naturalpar.hu\/","logo":{"@type":"ImageObject","inLanguage":"en-GB","@id":"https:\/\/naturalpar.hu\/#\/schema\/logo\/image\/","url":"https:\/\/naturalpar.hu\/wp-content\/uploads\/2025\/08\/cropped-Naturalpar-logo-300dpi-rgb-scaled-1.png","contentUrl":"https:\/\/naturalpar.hu\/wp-content\/uploads\/2025\/08\/cropped-Naturalpar-logo-300dpi-rgb-scaled-1.png","width":512,"height":512,"caption":"Naturalp\u00e1r Kft."},"image":{"@id":"https:\/\/naturalpar.hu\/#\/schema\/logo\/image\/"},"sameAs":["https:\/\/www.facebook.com\/naturalpar"]}]}},"_links":{"self":[{"href":"https:\/\/naturalpar.hu\/en\/wp-json\/wp\/v2\/pages\/693","targetHints":{"allow":["GET"]}}],"collection":[{"href":"https:\/\/naturalpar.hu\/en\/wp-json\/wp\/v2\/pages"}],"about":[{"href":"https:\/\/naturalpar.hu\/en\/wp-json\/wp\/v2\/types\/page"}],"author":[{"embeddable":true,"href":"https:\/\/naturalpar.hu\/en\/wp-json\/wp\/v2\/users\/1"}],"replies":[{"embeddable":true,"href":"https:\/\/naturalpar.hu\/en\/wp-json\/wp\/v2\/comments?post=693"}],"version-history":[{"count":4,"href":"https:\/\/naturalpar.hu\/en\/wp-json\/wp\/v2\/pages\/693\/revisions"}],"predecessor-version":[{"id":795,"href":"https:\/\/naturalpar.hu\/en\/wp-json\/wp\/v2\/pages\/693\/revisions\/795"}],"wp:featuredmedia":[{"embeddable":true,"href":"https:\/\/naturalpar.hu\/en\/wp-json\/wp\/v2\/media\/924"}],"wp:attachment":[{"href":"https:\/\/naturalpar.hu\/en\/wp-json\/wp\/v2\/media?parent=693"}],"curies":[{"name":"wp","href":"https:\/\/api.w.org\/{rel}","templated":true}]}}