{"id":694,"date":"2025-08-24T21:29:39","date_gmt":"2025-08-24T19:29:39","guid":{"rendered":"https:\/\/naturalpar.hu\/?page_id=694"},"modified":"2025-09-01T21:56:19","modified_gmt":"2025-09-01T19:56:19","slug":"packaging","status":"publish","type":"page","link":"https:\/\/naturalpar.hu\/en\/packaging\/","title":{"rendered":"Packaging"},"content":{"rendered":"<div data-elementor-type=\"wp-page\" data-elementor-id=\"694\" class=\"elementor elementor-694\" data-elementor-post-type=\"page\">\n\t\t\t\t<div class=\"elementor-element elementor-element-4e64ef6 e-flex e-con-boxed e-con e-parent\" data-id=\"4e64ef6\" data-element_type=\"container\">\n\t\t\t\t\t<div class=\"e-con-inner\">\n\t\t<div class=\"elementor-element elementor-element-3acb429 e-con-full e-flex e-con e-child\" data-id=\"3acb429\" data-element_type=\"container\">\n\t\t\t\t<div class=\"elementor-element elementor-element-3df2869 elementor-widget elementor-widget-heading\" data-id=\"3df2869\" data-element_type=\"widget\" data-widget_type=\"heading.default\">\n\t\t\t\t\t<span class=\"elementor-heading-title elementor-size-default\">Packaging \u2013 Flexible and Efficient Packaging Solutions<\/span>\t\t\t\t<\/div>\n\t\t\t\t<div class=\"elementor-element elementor-element-473e0a8 elementor-widget elementor-widget-heading\" data-id=\"473e0a8\" data-element_type=\"widget\" data-widget_type=\"heading.default\">\n\t\t\t\t\t<h1 class=\"elementor-heading-title elementor-size-default\">Professional Packaging Services<\/h1>\t\t\t\t<\/div>\n\t\t\t\t<div class=\"elementor-element elementor-element-d5bfb55 elementor-widget elementor-widget-text-editor\" data-id=\"d5bfb55\" data-element_type=\"widget\" data-widget_type=\"text-editor.default\">\n\t\t\t\t\t\t\t\t\t<p>Naturalp\u00e1r\u2019s packaging plant offers a comprehensive solution for packaging spice paprika and other spices. To meet our clients\u2019 needs, we provide both machine and manual packaging options, and we also offer bulk packaging. Whether it is retail or larger-scale industrial packaging, flexibility and quality are guaranteed with us.<\/p>\t\t\t\t\t\t\t\t<\/div>\n\t\t\t\t<div class=\"elementor-element elementor-element-6d26a3f elementor-widget elementor-widget-button\" data-id=\"6d26a3f\" data-element_type=\"widget\" data-widget_type=\"button.default\">\n\t\t\t\t\t\t\t\t\t\t<a class=\"elementor-button elementor-button-link elementor-size-sm\" href=\"https:\/\/naturalpar.hu\/en\/contact-us\/\">\n\t\t\t\t\t\t<span class=\"elementor-button-content-wrapper\">\n\t\t\t\t\t\t<span class=\"elementor-button-icon\">\n\t\t\t\t<svg aria-hidden=\"true\" class=\"e-font-icon-svg e-fas-chevron-right\" viewbox=\"0 0 320 512\" xmlns=\"http:\/\/www.w3.org\/2000\/svg\"><path d=\"M285.476 272.971L91.132 467.314c-9.373 9.373-24.569 9.373-33.941 0l-22.667-22.667c-9.357-9.357-9.375-24.522-.04-33.901L188.505 256 34.484 101.255c-9.335-9.379-9.317-24.544.04-33.901l22.667-22.667c9.373-9.373 24.569-9.373 33.941 0L285.475 239.03c9.373 9.372 9.373 24.568.001 33.941z\"><\/path><\/svg>\t\t\t<\/span>\n\t\t\t\t\t\t\t\t\t<span class=\"elementor-button-text\">request a quote<\/span>\n\t\t\t\t\t<\/span>\n\t\t\t\t\t<\/a>\n\t\t\t\t\t\t\t\t<\/div>\n\t\t\t\t<\/div>\n\t\t<div class=\"elementor-element elementor-element-833a327 e-con-full e-flex e-con e-child\" data-id=\"833a327\" data-element_type=\"container\">\n\t\t\t\t<div class=\"elementor-element elementor-element-a61a649 elementor-widget elementor-widget-image\" data-id=\"a61a649\" data-element_type=\"widget\" data-widget_type=\"image.default\">\n\t\t\t\t\t\t\t\t\t\t\t\t\t\t\t<img decoding=\"async\" src=\"https:\/\/naturalpar.hu\/wp-content\/uploads\/2025\/08\/csomagolas-1.jpg\" title=\"csomagolas.jpg\" alt=\"csomagolas.jpg\" loading=\"lazy\" \/>\t\t\t\t\t\t\t\t\t\t\t\t\t\t\t<\/div>\n\t\t\t\t<\/div>\n\t\t\t\t\t<\/div>\n\t\t\t\t<\/div>\n\t\t<div class=\"elementor-element elementor-element-d3160c5 e-flex e-con-boxed e-con e-parent\" data-id=\"d3160c5\" data-element_type=\"container\">\n\t\t\t\t\t<div class=\"e-con-inner\">\n\t\t\t\t<div class=\"elementor-element elementor-element-71f67b3 elementor-widget elementor-widget-heading\" data-id=\"71f67b3\" data-element_type=\"widget\" data-widget_type=\"heading.default\">\n\t\t\t\t\t<h2 class=\"elementor-heading-title elementor-size-default\">Advantages of the Technology<\/h2>\t\t\t\t<\/div>\n\t\t<div class=\"elementor-element elementor-element-45dabdc e-con-full e-flex e-con e-child\" data-id=\"45dabdc\" data-element_type=\"container\">\n\t\t<div class=\"elementor-element elementor-element-d6a8c5c e-con-full e-flex e-con e-child\" data-id=\"d6a8c5c\" data-element_type=\"container\">\n\t\t\t\t<div class=\"elementor-element elementor-element-88bbca3 elementor-position-left elementor-vertical-align-middle elementor-widget elementor-widget-image-box\" data-id=\"88bbca3\" data-element_type=\"widget\" data-widget_type=\"image-box.default\">\n\t\t\t\t\t<div class=\"elementor-image-box-wrapper\"><figure class=\"elementor-image-box-img\"><img decoding=\"async\" src=\"https:\/\/naturalpar.hu\/wp-content\/uploads\/2025\/08\/termekek.svg\" class=\"attachment-full size-full wp-image-785\" alt=\"products\" \/><\/figure><div class=\"elementor-image-box-content\"><span class=\"elementor-image-box-title\">Versatile packaging options<\/span><\/div><\/div>\t\t\t\t<\/div>\n\t\t\t\t<div class=\"elementor-element elementor-element-f5644d5 elementor-widget elementor-widget-text-editor\" data-id=\"f5644d5\" data-element_type=\"widget\" data-widget_type=\"text-editor.default\">\n\t\t\t\t\t\t\t\t\t<p>Various sizes and packaging methods tailored to individual requirements.<\/p>\t\t\t\t\t\t\t\t<\/div>\n\t\t\t\t<\/div>\n\t\t<div class=\"elementor-element elementor-element-119a0ad e-con-full e-flex e-con e-child\" data-id=\"119a0ad\" data-element_type=\"container\">\n\t\t\t\t<div class=\"elementor-element elementor-element-629ed70 elementor-position-left elementor-vertical-align-middle elementor-widget elementor-widget-image-box\" data-id=\"629ed70\" data-element_type=\"widget\" data-widget_type=\"image-box.default\">\n\t\t\t\t\t<div class=\"elementor-image-box-wrapper\"><figure class=\"elementor-image-box-img\"><img decoding=\"async\" src=\"https:\/\/naturalpar.hu\/wp-content\/uploads\/2025\/08\/ora.svg\" class=\"attachment-full size-full wp-image-634\" alt=\"clock\" \/><\/figure><div class=\"elementor-image-box-content\"><span class=\"elementor-image-box-title\">Reliable and fast processing<\/span><\/div><\/div>\t\t\t\t<\/div>\n\t\t\t\t<div class=\"elementor-element elementor-element-3e34bc9 elementor-widget elementor-widget-text-editor\" data-id=\"3e34bc9\" data-element_type=\"widget\" data-widget_type=\"text-editor.default\">\n\t\t\t\t\t\t\t\t\t<p>Efficient packaging solutions with short lead times.<\/p>\t\t\t\t\t\t\t\t<\/div>\n\t\t\t\t<\/div>\n\t\t<div class=\"elementor-element elementor-element-e44f5b7 e-con-full e-flex e-con e-child\" data-id=\"e44f5b7\" data-element_type=\"container\">\n\t\t\t\t<div class=\"elementor-element elementor-element-c1c11c3 elementor-position-left elementor-vertical-align-middle elementor-widget elementor-widget-image-box\" data-id=\"c1c11c3\" data-element_type=\"widget\" data-widget_type=\"image-box.default\">\n\t\t\t\t\t<div class=\"elementor-image-box-wrapper\"><figure class=\"elementor-image-box-img\"><img decoding=\"async\" src=\"https:\/\/naturalpar.hu\/wp-content\/uploads\/2025\/08\/biztonsag.svg\" class=\"attachment-full size-full wp-image-633\" alt=\"safety\" \/><\/figure><div class=\"elementor-image-box-content\"><span class=\"elementor-image-box-title\">Quality-preserving technologies<\/span><\/div><\/div>\t\t\t\t<\/div>\n\t\t\t\t<div class=\"elementor-element elementor-element-305cd22 elementor-widget elementor-widget-text-editor\" data-id=\"305cd22\" data-element_type=\"widget\" data-widget_type=\"text-editor.default\">\n\t\t\t\t\t\t\t\t\t<p>Our packaging process guarantees that the products remain fresh and have a long shelf life.<\/p>\t\t\t\t\t\t\t\t<\/div>\n\t\t\t\t<\/div>\n\t\t<div class=\"elementor-element elementor-element-8179d93 e-con-full e-flex e-con e-child\" data-id=\"8179d93\" data-element_type=\"container\">\n\t\t\t\t<div class=\"elementor-element elementor-element-16d59a7 elementor-position-left elementor-vertical-align-middle elementor-widget elementor-widget-image-box\" data-id=\"16d59a7\" data-element_type=\"widget\" data-widget_type=\"image-box.default\">\n\t\t\t\t\t<div class=\"elementor-image-box-wrapper\"><figure class=\"elementor-image-box-img\"><img decoding=\"async\" src=\"https:\/\/naturalpar.hu\/wp-content\/uploads\/2025\/08\/versenykepes-arak.svg\" class=\"attachment-full size-full wp-image-786\" alt=\"competitive prices\" \/><\/figure><div class=\"elementor-image-box-content\"><span class=\"elementor-image-box-title\">Cost-effective solutions<\/span><\/div><\/div>\t\t\t\t<\/div>\n\t\t\t\t<div class=\"elementor-element elementor-element-2c28e77 elementor-widget elementor-widget-text-editor\" data-id=\"2c28e77\" data-element_type=\"widget\" data-widget_type=\"text-editor.default\">\n\t\t\t\t\t\t\t\t\t<p>We offer competitive prices for both small and large batches.<\/p>\t\t\t\t\t\t\t\t<\/div>\n\t\t\t\t<\/div>\n\t\t\t\t<\/div>\n\t\t\t\t\t<\/div>\n\t\t\t\t<\/div>\n\t\t<div class=\"elementor-element elementor-element-953e9ce e-flex e-con-boxed e-con e-parent\" data-id=\"953e9ce\" data-element_type=\"container\" data-settings=\"{&quot;background_background&quot;:&quot;classic&quot;}\">\n\t\t\t\t\t<div class=\"e-con-inner\">\n\t\t\t\t<div class=\"elementor-element elementor-element-9ba7c0a elementor-widget elementor-widget-heading\" data-id=\"9ba7c0a\" data-element_type=\"widget\" data-widget_type=\"heading.default\">\n\t\t\t\t\t<h2 class=\"elementor-heading-title elementor-size-default\">Packaging Methods<\/h2>\t\t\t\t<\/div>\n\t\t<div class=\"elementor-element elementor-element-ba076d6 e-con-full e-flex e-con e-child\" data-id=\"ba076d6\" data-element_type=\"container\">\n\t\t<div class=\"elementor-element elementor-element-4078cac e-con-full e-flex e-con e-child\" data-id=\"4078cac\" data-element_type=\"container\" data-settings=\"{&quot;background_background&quot;:&quot;classic&quot;}\">\n\t\t\t\t<div class=\"elementor-element elementor-element-67e7233 elementor-widget elementor-widget-heading\" data-id=\"67e7233\" data-element_type=\"widget\" data-widget_type=\"heading.default\">\n\t\t\t\t\t<div class=\"elementor-heading-title elementor-size-default\">Machine packaging<\/div>\t\t\t\t<\/div>\n\t\t\t\t<div class=\"elementor-element elementor-element-f6b81ba elementor-widget__width-inherit elementor-widget elementor-widget-text-editor\" data-id=\"f6b81ba\" data-element_type=\"widget\" data-widget_type=\"text-editor.default\">\n\t\t\t\t\t\t\t\t\t<p>Our machine packaging equipment ensures fast and precise packaging. We package spice paprika in the following sizes:<\/p><p>50 g &#8211; 100 g &#8211; 250 g &#8211; 500 g &#8211; 1000 g<\/p><p>Products are delivered in master cartons, ensuring proper storage and transportability.<\/p>\t\t\t\t\t\t\t\t<\/div>\n\t\t\t\t<\/div>\n\t\t<div class=\"elementor-element elementor-element-5a8be99 e-con-full e-flex e-con e-child\" data-id=\"5a8be99\" data-element_type=\"container\" data-settings=\"{&quot;background_background&quot;:&quot;classic&quot;}\">\n\t\t\t\t<div class=\"elementor-element elementor-element-72c56fb elementor-widget elementor-widget-heading\" data-id=\"72c56fb\" data-element_type=\"widget\" data-widget_type=\"heading.default\">\n\t\t\t\t\t<div class=\"elementor-heading-title elementor-size-default\">Manual packaging<\/div>\t\t\t\t<\/div>\n\t\t\t\t<div class=\"elementor-element elementor-element-e10da99 elementor-widget__width-inherit elementor-widget elementor-widget-text-editor\" data-id=\"e10da99\" data-element_type=\"widget\" data-widget_type=\"text-editor.default\">\n\t\t\t\t\t\t\t\t\t<p>For certain spices and spice blends, we also offer manual packaging as contract work.<\/p><p>Sealing with a manual sealer ensures proper closure and durability of the packages. We also fulfil unique bagging requirements.<\/p>\t\t\t\t\t\t\t\t<\/div>\n\t\t\t\t<\/div>\n\t\t<div class=\"elementor-element elementor-element-9c99b61 e-con-full e-flex e-con e-child\" data-id=\"9c99b61\" data-element_type=\"container\" data-settings=\"{&quot;background_background&quot;:&quot;classic&quot;}\">\n\t\t\t\t<div class=\"elementor-element elementor-element-b9d78d8 elementor-widget elementor-widget-heading\" data-id=\"b9d78d8\" data-element_type=\"widget\" data-widget_type=\"heading.default\">\n\t\t\t\t\t<div class=\"elementor-heading-title elementor-size-default\">Big-bag packaging<\/div>\t\t\t\t<\/div>\n\t\t\t\t<div class=\"elementor-element elementor-element-18c0ca7 elementor-widget__width-inherit elementor-widget elementor-widget-text-editor\" data-id=\"18c0ca7\" data-element_type=\"widget\" data-widget_type=\"text-editor.default\">\n\t\t\t\t\t\t\t\t\t<p>For large-volume, industrial-use products, we use big-bag packaging. Uniform quality is ensured by homogenisation with a coil feeder:<\/p><ul><li>Big-bag packaging of spice paprika<\/li><li>Big-bag packaging of heat-treated products<\/li><\/ul>\t\t\t\t\t\t\t\t<\/div>\n\t\t\t\t<\/div>\n\t\t\t\t<\/div>\n\t\t\t\t\t<\/div>\n\t\t\t\t<\/div>\n\t\t<div class=\"elementor-element elementor-element-82b2424 e-flex e-con-boxed e-con e-parent\" data-id=\"82b2424\" data-element_type=\"container\" data-settings=\"{&quot;background_background&quot;:&quot;classic&quot;}\">\n\t\t\t\t\t<div class=\"e-con-inner\">\n\t\t\t\t<div class=\"elementor-element elementor-element-d678abd elementor-widget elementor-widget-heading\" data-id=\"d678abd\" data-element_type=\"widget\" data-widget_type=\"heading.default\">\n\t\t\t\t\t<h2 class=\"elementor-heading-title elementor-size-default\">Contact and Request a Quote<\/h2>\t\t\t\t<\/div>\n\t\t\t\t<div class=\"elementor-element elementor-element-f7b7c94 elementor-widget__width-initial elementor-widget elementor-widget-text-editor\" data-id=\"f7b7c94\" data-element_type=\"widget\" data-widget_type=\"text-editor.default\">\n\t\t\t\t\t\t\t\t\t<p>If you are looking for professional and flexible packaging solutions, contact us! \u2028We will help you find the packaging method that best suits your needs.<br \/><strong>Request a quote now and ensure your products\u2019 quality with the appropriate packaging!<\/strong><\/p>\t\t\t\t\t\t\t\t<\/div>\n\t\t\t\t<div class=\"elementor-element elementor-element-1e8cfa7 elementor-align-center elementor-widget elementor-widget-button\" data-id=\"1e8cfa7\" data-element_type=\"widget\" data-widget_type=\"button.default\">\n\t\t\t\t\t\t\t\t\t\t<a class=\"elementor-button elementor-button-link elementor-size-sm\" href=\"https:\/\/naturalpar.hu\/en\/contact-us\/\">\n\t\t\t\t\t\t<span class=\"elementor-button-content-wrapper\">\n\t\t\t\t\t\t<span class=\"elementor-button-icon\">\n\t\t\t\t<svg aria-hidden=\"true\" class=\"e-font-icon-svg e-fas-chevron-right\" viewbox=\"0 0 320 512\" xmlns=\"http:\/\/www.w3.org\/2000\/svg\"><path d=\"M285.476 272.971L91.132 467.314c-9.373 9.373-24.569 9.373-33.941 0l-22.667-22.667c-9.357-9.357-9.375-24.522-.04-33.901L188.505 256 34.484 101.255c-9.335-9.379-9.317-24.544.04-33.901l22.667-22.667c9.373-9.373 24.569-9.373 33.941 0L285.475 239.03c9.373 9.372 9.373 24.568.001 33.941z\"><\/path><\/svg>\t\t\t<\/span>\n\t\t\t\t\t\t\t\t\t<span class=\"elementor-button-text\">Request a quote<\/span>\n\t\t\t\t\t<\/span>\n\t\t\t\t\t<\/a>\n\t\t\t\t\t\t\t\t<\/div>\n\t\t\t\t\t<\/div>\n\t\t\t\t<\/div>\n\t\t\t\t<\/div>","protected":false},"excerpt":{"rendered":"<p>Csomagol\u00e1s &#8211; Rugalmas \u00e9s Hat\u00e9kony Kiszerel\u00e9si Megold\u00e1sok Professzion\u00e1lis Csomagol\u00e1si Szolg\u00e1ltat\u00e1sok A Naturalp\u00e1r csomagol\u00e1si \u00fczeme teljes k\u00f6r\u0171 megold\u00e1st k\u00edn\u00e1l a f\u0171szerpaprika \u00e9s egy\u00e9b f\u0171szerek kiszerel\u00e9s\u00e9re. \u00dcgyfeleink ig\u00e9nyeihez igazodva g\u00e9pi \u00e9s k\u00e9zi csomagol\u00e1si lehet\u0151s\u00e9geket biztos\u00edtunk, valamint l\u00e9dig kiszerel\u00e9st is v\u00e1llalunk. Legyen sz\u00f3 kiskereskedelmi vagy nagyobb volumen\u0171 ipari csomagol\u00e1sr\u00f3l, n\u00e1lunk a rugalmass\u00e1g \u00e9s a min\u0151s\u00e9g garant\u00e1lt. aj\u00e1nlatk\u00e9r\u00e9s A [&hellip;]<\/p>","protected":false},"author":1,"featured_media":924,"parent":0,"menu_order":0,"comment_status":"closed","ping_status":"closed","template":"","meta":{"footnotes":""},"class_list":["post-694","page","type-page","status-publish","has-post-thumbnail","hentry"],"yoast_head":"<!-- This site is optimized with the Yoast SEO plugin v26.8 - https:\/\/yoast.com\/product\/yoast-seo-wordpress\/ -->\n<title>Csomagol\u00e1s - Naturalp\u00e1r<\/title>\n<meta name=\"description\" content=\"A Naturalp\u00e1r csomagol\u00e1si \u00fczeme teljes k\u00f6r\u0171 megold\u00e1st k\u00edn\u00e1l a f\u0171szerpaprika \u00e9s egy\u00e9b f\u0171szerek kiszerel\u00e9s\u00e9re.\" \/>\n<meta name=\"robots\" content=\"index, follow, max-snippet:-1, max-image-preview:large, max-video-preview:-1\" \/>\n<link rel=\"canonical\" href=\"https:\/\/naturalpar.hu\/en\/packaging\/\" \/>\n<meta property=\"og:locale\" content=\"en_GB\" \/>\n<meta property=\"og:type\" content=\"article\" \/>\n<meta property=\"og:title\" content=\"Csomagol\u00e1s - Naturalp\u00e1r\" \/>\n<meta property=\"og:description\" content=\"A Naturalp\u00e1r csomagol\u00e1si \u00fczeme teljes k\u00f6r\u0171 megold\u00e1st k\u00edn\u00e1l a f\u0171szerpaprika \u00e9s egy\u00e9b f\u0171szerek kiszerel\u00e9s\u00e9re.\" \/>\n<meta property=\"og:url\" content=\"https:\/\/naturalpar.hu\/en\/packaging\/\" \/>\n<meta property=\"og:site_name\" content=\"Naturalp\u00e1r\" \/>\n<meta property=\"article:publisher\" content=\"https:\/\/www.facebook.com\/naturalpar\" \/>\n<meta property=\"article:modified_time\" content=\"2025-09-01T19:56:19+00:00\" \/>\n<meta property=\"og:image\" content=\"https:\/\/naturalpar.hu\/wp-content\/uploads\/2025\/08\/Naturalpar-Thumbnail.jpg\" \/>\n\t<meta property=\"og:image:width\" content=\"1280\" \/>\n\t<meta property=\"og:image:height\" content=\"720\" \/>\n\t<meta property=\"og:image:type\" content=\"image\/jpeg\" \/>\n<meta name=\"twitter:card\" content=\"summary_large_image\" \/>\n<meta name=\"twitter:label1\" content=\"Estimated reading time\" \/>\n\t<meta name=\"twitter:data1\" content=\"3 minutes\" \/>\n<script type=\"application\/ld+json\" class=\"yoast-schema-graph\">{\"@context\":\"https:\/\/schema.org\",\"@graph\":[{\"@type\":\"WebPage\",\"@id\":\"https:\/\/naturalpar.hu\/csomagolas\/\",\"url\":\"https:\/\/naturalpar.hu\/csomagolas\/\",\"name\":\"Csomagol\u00e1s - Naturalp\u00e1r\",\"isPartOf\":{\"@id\":\"https:\/\/naturalpar.hu\/#website\"},\"primaryImageOfPage\":{\"@id\":\"https:\/\/naturalpar.hu\/csomagolas\/#primaryimage\"},\"image\":{\"@id\":\"https:\/\/naturalpar.hu\/csomagolas\/#primaryimage\"},\"thumbnailUrl\":\"https:\/\/naturalpar.hu\/wp-content\/uploads\/2025\/08\/Naturalpar-Thumbnail.jpg\",\"datePublished\":\"2025-08-24T19:29:39+00:00\",\"dateModified\":\"2025-09-01T19:56:19+00:00\",\"description\":\"A Naturalp\u00e1r csomagol\u00e1si \u00fczeme teljes k\u00f6r\u0171 megold\u00e1st k\u00edn\u00e1l a f\u0171szerpaprika \u00e9s egy\u00e9b f\u0171szerek kiszerel\u00e9s\u00e9re.\",\"breadcrumb\":{\"@id\":\"https:\/\/naturalpar.hu\/csomagolas\/#breadcrumb\"},\"inLanguage\":\"en-GB\",\"potentialAction\":[{\"@type\":\"ReadAction\",\"target\":[\"https:\/\/naturalpar.hu\/csomagolas\/\"]}]},{\"@type\":\"ImageObject\",\"inLanguage\":\"en-GB\",\"@id\":\"https:\/\/naturalpar.hu\/csomagolas\/#primaryimage\",\"url\":\"https:\/\/naturalpar.hu\/wp-content\/uploads\/2025\/08\/Naturalpar-Thumbnail.jpg\",\"contentUrl\":\"https:\/\/naturalpar.hu\/wp-content\/uploads\/2025\/08\/Naturalpar-Thumbnail.jpg\",\"width\":1280,\"height\":720,\"caption\":\"Naturalpar-Thumbnail\"},{\"@type\":\"BreadcrumbList\",\"@id\":\"https:\/\/naturalpar.hu\/csomagolas\/#breadcrumb\",\"itemListElement\":[{\"@type\":\"ListItem\",\"position\":1,\"name\":\"Kezd\u0151lap\",\"item\":\"https:\/\/naturalpar.hu\/\"},{\"@type\":\"ListItem\",\"position\":2,\"name\":\"Csomagol\u00e1s\"}]},{\"@type\":\"WebSite\",\"@id\":\"https:\/\/naturalpar.hu\/#website\",\"url\":\"https:\/\/naturalpar.hu\/\",\"name\":\"Naturalp\u00e1r\",\"description\":\"H\u0151kezel\u00e9s, Steriliz\u00e1l\u00e1s, P\u00f6rk\u00f6l\u00e9s Egyszer\u0171en\",\"publisher\":{\"@id\":\"https:\/\/naturalpar.hu\/#organization\"},\"potentialAction\":[{\"@type\":\"SearchAction\",\"target\":{\"@type\":\"EntryPoint\",\"urlTemplate\":\"https:\/\/naturalpar.hu\/?s={search_term_string}\"},\"query-input\":{\"@type\":\"PropertyValueSpecification\",\"valueRequired\":true,\"valueName\":\"search_term_string\"}}],\"inLanguage\":\"en-GB\"},{\"@type\":\"Organization\",\"@id\":\"https:\/\/naturalpar.hu\/#organization\",\"name\":\"Naturalp\u00e1r Kft.\",\"url\":\"https:\/\/naturalpar.hu\/\",\"logo\":{\"@type\":\"ImageObject\",\"inLanguage\":\"en-GB\",\"@id\":\"https:\/\/naturalpar.hu\/#\/schema\/logo\/image\/\",\"url\":\"https:\/\/naturalpar.hu\/wp-content\/uploads\/2025\/08\/cropped-Naturalpar-logo-300dpi-rgb-scaled-1.png\",\"contentUrl\":\"https:\/\/naturalpar.hu\/wp-content\/uploads\/2025\/08\/cropped-Naturalpar-logo-300dpi-rgb-scaled-1.png\",\"width\":512,\"height\":512,\"caption\":\"Naturalp\u00e1r Kft.\"},\"image\":{\"@id\":\"https:\/\/naturalpar.hu\/#\/schema\/logo\/image\/\"},\"sameAs\":[\"https:\/\/www.facebook.com\/naturalpar\"]}]}<\/script>\n<!-- \/ Yoast SEO plugin. -->","yoast_head_json":{"title":"Packaging - Naturalp\u00e1r","description":"Naturalp\u00e1r\u2019s packaging plant offers a comprehensive solution for packaging spice paprika and other spices.","robots":{"index":"index","follow":"follow","max-snippet":"max-snippet:-1","max-image-preview":"max-image-preview:large","max-video-preview":"max-video-preview:-1"},"canonical":"https:\/\/naturalpar.hu\/en\/packaging\/","og_locale":"en_GB","og_type":"article","og_title":"Csomagol\u00e1s - Naturalp\u00e1r","og_description":"A Naturalp\u00e1r csomagol\u00e1si \u00fczeme teljes k\u00f6r\u0171 megold\u00e1st k\u00edn\u00e1l a f\u0171szerpaprika \u00e9s egy\u00e9b f\u0171szerek kiszerel\u00e9s\u00e9re.","og_url":"https:\/\/naturalpar.hu\/en\/packaging\/","og_site_name":"Naturalp\u00e1r","article_publisher":"https:\/\/www.facebook.com\/naturalpar","article_modified_time":"2025-09-01T19:56:19+00:00","og_image":[{"width":1280,"height":720,"url":"https:\/\/naturalpar.hu\/wp-content\/uploads\/2025\/08\/Naturalpar-Thumbnail.jpg","type":"image\/jpeg"}],"twitter_card":"summary_large_image","twitter_misc":{"Estimated reading time":"3 minutes"},"schema":{"@context":"https:\/\/schema.org","@graph":[{"@type":"WebPage","@id":"https:\/\/naturalpar.hu\/csomagolas\/","url":"https:\/\/naturalpar.hu\/csomagolas\/","name":"Packaging - Naturalp\u00e1r","isPartOf":{"@id":"https:\/\/naturalpar.hu\/#website"},"primaryImageOfPage":{"@id":"https:\/\/naturalpar.hu\/csomagolas\/#primaryimage"},"image":{"@id":"https:\/\/naturalpar.hu\/csomagolas\/#primaryimage"},"thumbnailUrl":"https:\/\/naturalpar.hu\/wp-content\/uploads\/2025\/08\/Naturalpar-Thumbnail.jpg","datePublished":"2025-08-24T19:29:39+00:00","dateModified":"2025-09-01T19:56:19+00:00","description":"Naturalp\u00e1r\u2019s packaging plant offers a comprehensive solution for packaging spice paprika and other spices.","breadcrumb":{"@id":"https:\/\/naturalpar.hu\/csomagolas\/#breadcrumb"},"inLanguage":"en-GB","potentialAction":[{"@type":"ReadAction","target":["https:\/\/naturalpar.hu\/csomagolas\/"]}]},{"@type":"ImageObject","inLanguage":"en-GB","@id":"https:\/\/naturalpar.hu\/csomagolas\/#primaryimage","url":"https:\/\/naturalpar.hu\/wp-content\/uploads\/2025\/08\/Naturalpar-Thumbnail.jpg","contentUrl":"https:\/\/naturalpar.hu\/wp-content\/uploads\/2025\/08\/Naturalpar-Thumbnail.jpg","width":1280,"height":720,"caption":"Naturalpar-Thumbnail"},{"@type":"BreadcrumbList","@id":"https:\/\/naturalpar.hu\/csomagolas\/#breadcrumb","itemListElement":[{"@type":"ListItem","position":1,"name":"Kezd\u0151lap","item":"https:\/\/naturalpar.hu\/"},{"@type":"ListItem","position":2,"name":"Csomagol\u00e1s"}]},{"@type":"WebSite","@id":"https:\/\/naturalpar.hu\/#website","url":"https:\/\/naturalpar.hu\/","name":"Naturalp\u00e1r","description":"Heat treatment, sterilisation, and roasting made simple","publisher":{"@id":"https:\/\/naturalpar.hu\/#organization"},"potentialAction":[{"@type":"SearchAction","target":{"@type":"EntryPoint","urlTemplate":"https:\/\/naturalpar.hu\/?s={search_term_string}"},"query-input":{"@type":"PropertyValueSpecification","valueRequired":true,"valueName":"search_term_string"}}],"inLanguage":"en-GB"},{"@type":"Organization","@id":"https:\/\/naturalpar.hu\/#organization","name":"Naturalp\u00e1r Kft.","url":"https:\/\/naturalpar.hu\/","logo":{"@type":"ImageObject","inLanguage":"en-GB","@id":"https:\/\/naturalpar.hu\/#\/schema\/logo\/image\/","url":"https:\/\/naturalpar.hu\/wp-content\/uploads\/2025\/08\/cropped-Naturalpar-logo-300dpi-rgb-scaled-1.png","contentUrl":"https:\/\/naturalpar.hu\/wp-content\/uploads\/2025\/08\/cropped-Naturalpar-logo-300dpi-rgb-scaled-1.png","width":512,"height":512,"caption":"Naturalp\u00e1r Kft."},"image":{"@id":"https:\/\/naturalpar.hu\/#\/schema\/logo\/image\/"},"sameAs":["https:\/\/www.facebook.com\/naturalpar"]}]}},"_links":{"self":[{"href":"https:\/\/naturalpar.hu\/en\/wp-json\/wp\/v2\/pages\/694","targetHints":{"allow":["GET"]}}],"collection":[{"href":"https:\/\/naturalpar.hu\/en\/wp-json\/wp\/v2\/pages"}],"about":[{"href":"https:\/\/naturalpar.hu\/en\/wp-json\/wp\/v2\/types\/page"}],"author":[{"embeddable":true,"href":"https:\/\/naturalpar.hu\/en\/wp-json\/wp\/v2\/users\/1"}],"replies":[{"embeddable":true,"href":"https:\/\/naturalpar.hu\/en\/wp-json\/wp\/v2\/comments?post=694"}],"version-history":[{"count":7,"href":"https:\/\/naturalpar.hu\/en\/wp-json\/wp\/v2\/pages\/694\/revisions"}],"predecessor-version":[{"id":807,"href":"https:\/\/naturalpar.hu\/en\/wp-json\/wp\/v2\/pages\/694\/revisions\/807"}],"wp:featuredmedia":[{"embeddable":true,"href":"https:\/\/naturalpar.hu\/en\/wp-json\/wp\/v2\/media\/924"}],"wp:attachment":[{"href":"https:\/\/naturalpar.hu\/en\/wp-json\/wp\/v2\/media?parent=694"}],"curies":[{"name":"wp","href":"https:\/\/api.w.org\/{rel}","templated":true}]}}