{"id":700,"date":"2025-08-24T21:30:19","date_gmt":"2025-08-24T19:30:19","guid":{"rendered":"https:\/\/naturalpar.hu\/?page_id=700"},"modified":"2025-09-01T21:55:00","modified_gmt":"2025-09-01T19:55:00","slug":"roasting-of-barley-and-malt","status":"publish","type":"page","link":"https:\/\/naturalpar.hu\/en\/roasting-of-barley-and-malt\/","title":{"rendered":"\u00c1rpa \u00e9s Mal\u00e1ta P\u00f6rk\u00f6l\u00e9s"},"content":{"rendered":"<div data-elementor-type=\"wp-page\" data-elementor-id=\"700\" class=\"elementor elementor-700\" data-elementor-post-type=\"page\">\n\t\t\t\t<div class=\"elementor-element elementor-element-f33f17f e-flex e-con-boxed e-con e-parent\" data-id=\"f33f17f\" data-element_type=\"container\">\n\t\t\t\t\t<div class=\"e-con-inner\">\n\t\t<div class=\"elementor-element elementor-element-b706d96 e-con-full e-flex e-con e-child\" data-id=\"b706d96\" data-element_type=\"container\">\n\t\t\t\t<div class=\"elementor-element elementor-element-61d9164 elementor-widget elementor-widget-heading\" data-id=\"61d9164\" data-element_type=\"widget\" data-widget_type=\"heading.default\">\n\t\t\t\t\t<span class=\"elementor-heading-title elementor-size-default\">Roasting of Barley and Malt \u2013 Unique Technology for Rich Flavours<\/span>\t\t\t\t<\/div>\n\t\t\t\t<div class=\"elementor-element elementor-element-3e5ae3d elementor-widget elementor-widget-heading\" data-id=\"3e5ae3d\" data-element_type=\"widget\" data-widget_type=\"heading.default\">\n\t\t\t\t\t<h1 class=\"elementor-heading-title elementor-size-default\">Special Roasting Process for an Intense Flavour Experience<\/h1>\t\t\t\t<\/div>\n\t\t\t\t<div class=\"elementor-element elementor-element-6c122e6 elementor-widget elementor-widget-text-editor\" data-id=\"6c122e6\" data-element_type=\"widget\" data-widget_type=\"text-editor.default\">\n\t\t\t\t\t\t\t\t\t<p>Naturalp\u00e1r\u2019s unique REVTECH technology takes the roasting of barley and malt to a new level. Unlike traditional hot air technologies, the grains come into direct contact with the surface of an electrically heated tube, ensuring precise and uniform heat treatment.<\/p><p>Applicable products: barley, dry malt, green malt<\/p>\t\t\t\t\t\t\t\t<\/div>\n\t\t\t\t<div class=\"elementor-element elementor-element-0091b0a elementor-widget elementor-widget-button\" data-id=\"0091b0a\" data-element_type=\"widget\" data-widget_type=\"button.default\">\n\t\t\t\t\t\t\t\t\t\t<a class=\"elementor-button elementor-button-link elementor-size-sm\" href=\"https:\/\/naturalpar.hu\/en\/contact-us\/\">\n\t\t\t\t\t\t<span class=\"elementor-button-content-wrapper\">\n\t\t\t\t\t\t<span class=\"elementor-button-icon\">\n\t\t\t\t<svg aria-hidden=\"true\" class=\"e-font-icon-svg e-fas-chevron-right\" viewbox=\"0 0 320 512\" xmlns=\"http:\/\/www.w3.org\/2000\/svg\"><path d=\"M285.476 272.971L91.132 467.314c-9.373 9.373-24.569 9.373-33.941 0l-22.667-22.667c-9.357-9.357-9.375-24.522-.04-33.901L188.505 256 34.484 101.255c-9.335-9.379-9.317-24.544.04-33.901l22.667-22.667c9.373-9.373 24.569-9.373 33.941 0L285.475 239.03c9.373 9.372 9.373 24.568.001 33.941z\"><\/path><\/svg>\t\t\t<\/span>\n\t\t\t\t\t\t\t\t\t<span class=\"elementor-button-text\">request a quote<\/span>\n\t\t\t\t\t<\/span>\n\t\t\t\t\t<\/a>\n\t\t\t\t\t\t\t\t<\/div>\n\t\t\t\t<\/div>\n\t\t<div class=\"elementor-element elementor-element-44fa9e5 e-con-full e-flex e-con e-child\" data-id=\"44fa9e5\" data-element_type=\"container\">\n\t\t\t\t<div class=\"elementor-element elementor-element-8926499 elementor-widget elementor-widget-image\" data-id=\"8926499\" data-element_type=\"widget\" data-widget_type=\"image.default\">\n\t\t\t\t\t\t\t\t\t\t\t\t\t\t\t<img fetchpriority=\"high\" decoding=\"async\" width=\"1200\" height=\"798\" src=\"https:\/\/naturalpar.hu\/wp-content\/uploads\/2025\/08\/Arpa-es-Malata-Porkoles.jpg\" class=\"attachment-full size-full wp-image-755\" alt=\"\" srcset=\"https:\/\/naturalpar.hu\/wp-content\/uploads\/2025\/08\/Arpa-es-Malata-Porkoles.jpg 1200w, https:\/\/naturalpar.hu\/wp-content\/uploads\/2025\/08\/Arpa-es-Malata-Porkoles-700x466.jpg 700w, https:\/\/naturalpar.hu\/wp-content\/uploads\/2025\/08\/Arpa-es-Malata-Porkoles-1024x681.jpg 1024w, https:\/\/naturalpar.hu\/wp-content\/uploads\/2025\/08\/Arpa-es-Malata-Porkoles-768x511.jpg 768w\" sizes=\"(max-width: 1200px) 100vw, 1200px\" \/>\t\t\t\t\t\t\t\t\t\t\t\t\t\t\t<\/div>\n\t\t\t\t<\/div>\n\t\t\t\t\t<\/div>\n\t\t\t\t<\/div>\n\t\t<div class=\"elementor-element elementor-element-acd6d70 e-flex e-con-boxed e-con e-parent\" data-id=\"acd6d70\" data-element_type=\"container\">\n\t\t\t\t\t<div class=\"e-con-inner\">\n\t\t\t\t<div class=\"elementor-element elementor-element-9fa0272 elementor-widget elementor-widget-heading\" data-id=\"9fa0272\" data-element_type=\"widget\" data-widget_type=\"heading.default\">\n\t\t\t\t\t<h2 class=\"elementor-heading-title elementor-size-default\">Advantages of the Technology<\/h2>\t\t\t\t<\/div>\n\t\t<div class=\"elementor-element elementor-element-9156cf4 e-con-full e-flex e-con e-child\" data-id=\"9156cf4\" data-element_type=\"container\">\n\t\t<div class=\"elementor-element elementor-element-8b38d90 e-con-full e-flex e-con e-child\" data-id=\"8b38d90\" data-element_type=\"container\">\n\t\t\t\t<div class=\"elementor-element elementor-element-0554463 elementor-position-left elementor-vertical-align-middle elementor-widget elementor-widget-image-box\" data-id=\"0554463\" data-element_type=\"widget\" data-widget_type=\"image-box.default\">\n\t\t\t\t\t<div class=\"elementor-image-box-wrapper\"><figure class=\"elementor-image-box-img\"><img decoding=\"async\" src=\"https:\/\/naturalpar.hu\/wp-content\/uploads\/2025\/08\/aroma.svg\" class=\"attachment-full size-full wp-image-760\" alt=\"aroma\" \/><\/figure><div class=\"elementor-image-box-content\"><span class=\"elementor-image-box-title\">More intense flavour impact<\/span><\/div><\/div>\t\t\t\t<\/div>\n\t\t\t\t<div class=\"elementor-element elementor-element-19473b2 elementor-widget elementor-widget-text-editor\" data-id=\"19473b2\" data-element_type=\"widget\" data-widget_type=\"text-editor.default\">\n\t\t\t\t\t\t\t\t\t<p>Treated in their own steam, the products develop deeper, more distinctive flavours.<\/p>\t\t\t\t\t\t\t\t<\/div>\n\t\t\t\t<\/div>\n\t\t<div class=\"elementor-element elementor-element-fc02adc e-con-full e-flex e-con e-child\" data-id=\"fc02adc\" data-element_type=\"container\">\n\t\t\t\t<div class=\"elementor-element elementor-element-89eed0d elementor-position-left elementor-vertical-align-middle elementor-widget elementor-widget-image-box\" data-id=\"89eed0d\" data-element_type=\"widget\" data-widget_type=\"image-box.default\">\n\t\t\t\t\t<div class=\"elementor-image-box-wrapper\"><figure class=\"elementor-image-box-img\"><img decoding=\"async\" src=\"https:\/\/naturalpar.hu\/wp-content\/uploads\/2025\/08\/minimalis.svg\" class=\"attachment-full size-full wp-image-761\" alt=\"minimal\" \/><\/figure><div class=\"elementor-image-box-content\"><span class=\"elementor-image-box-title\">Minimal steam generation<\/span><\/div><\/div>\t\t\t\t<\/div>\n\t\t\t\t<div class=\"elementor-element elementor-element-01c304e elementor-widget elementor-widget-text-editor\" data-id=\"01c304e\" data-element_type=\"widget\" data-widget_type=\"text-editor.default\">\n\t\t\t\t\t\t\t\t\t<p>During roasting, less water evaporates, so the nutritional value of the product is better preserved.<\/p>\t\t\t\t\t\t\t\t<\/div>\n\t\t\t\t<\/div>\n\t\t<div class=\"elementor-element elementor-element-e4a60ed e-con-full e-flex e-con e-child\" data-id=\"e4a60ed\" data-element_type=\"container\">\n\t\t\t\t<div class=\"elementor-element elementor-element-e3fc8a0 elementor-position-left elementor-vertical-align-middle elementor-widget elementor-widget-image-box\" data-id=\"e3fc8a0\" data-element_type=\"widget\" data-widget_type=\"image-box.default\">\n\t\t\t\t\t<div class=\"elementor-image-box-wrapper\"><figure class=\"elementor-image-box-img\"><img decoding=\"async\" src=\"https:\/\/naturalpar.hu\/wp-content\/uploads\/2025\/08\/rugalmassag.svg\" class=\"attachment-full size-full wp-image-763\" alt=\"flexibility\" \/><\/figure><div class=\"elementor-image-box-content\"><span class=\"elementor-image-box-title\">Uniform treatment and mixing<\/span><\/div><\/div>\t\t\t\t<\/div>\n\t\t\t\t<div class=\"elementor-element elementor-element-10eaaa2 elementor-widget elementor-widget-text-editor\" data-id=\"10eaaa2\" data-element_type=\"widget\" data-widget_type=\"text-editor.default\">\n\t\t\t\t\t\t\t\t\t<p>The vibrating spiral tube ensures perfect homogeneity and uniform roasting of the grains.<\/p>\t\t\t\t\t\t\t\t<\/div>\n\t\t\t\t<\/div>\n\t\t\t\t<\/div>\n\t\t<div class=\"elementor-element elementor-element-1a61353 e-con-full e-flex e-con e-child\" data-id=\"1a61353\" data-element_type=\"container\">\n\t\t<div class=\"elementor-element elementor-element-b6a1890 e-con-full e-flex e-con e-child\" data-id=\"b6a1890\" data-element_type=\"container\">\n\t\t\t\t<div class=\"elementor-element elementor-element-21bd8f1 elementor-position-left elementor-vertical-align-middle elementor-widget elementor-widget-image-box\" data-id=\"21bd8f1\" data-element_type=\"widget\" data-widget_type=\"image-box.default\">\n\t\t\t\t\t<div class=\"elementor-image-box-wrapper\"><figure class=\"elementor-image-box-img\"><img decoding=\"async\" src=\"https:\/\/naturalpar.hu\/wp-content\/uploads\/2025\/08\/szakertelem.svg\" class=\"attachment-full size-full wp-image-636\" alt=\"expertise\" \/><\/figure><div class=\"elementor-image-box-content\"><span class=\"elementor-image-box-title\">Flexible flavour and colour adjustment options<\/span><\/div><\/div>\t\t\t\t<\/div>\n\t\t\t\t<div class=\"elementor-element elementor-element-4570b9a elementor-widget elementor-widget-text-editor\" data-id=\"4570b9a\" data-element_type=\"widget\" data-widget_type=\"text-editor.default\">\n\t\t\t\t\t\t\t\t\t<p>With precise adjustment of roasting parameters, the flavour profile and colour depth can be controlled over a wide range.<\/p>\t\t\t\t\t\t\t\t<\/div>\n\t\t\t\t<\/div>\n\t\t<div class=\"elementor-element elementor-element-0f3cf0d e-con-full e-flex e-con e-child\" data-id=\"0f3cf0d\" data-element_type=\"container\">\n\t\t\t\t<div class=\"elementor-element elementor-element-a7d3a7d elementor-position-left elementor-vertical-align-middle elementor-widget elementor-widget-image-box\" data-id=\"a7d3a7d\" data-element_type=\"widget\" data-widget_type=\"image-box.default\">\n\t\t\t\t\t<div class=\"elementor-image-box-wrapper\"><figure class=\"elementor-image-box-img\"><img decoding=\"async\" src=\"https:\/\/naturalpar.hu\/wp-content\/uploads\/2025\/08\/szetvalogatas.svg\" class=\"attachment-full size-full wp-image-762\" alt=\"sorting\" \/><\/figure><div class=\"elementor-image-box-content\"><span class=\"elementor-image-box-title\">Gentle processing<\/span><\/div><\/div>\t\t\t\t<\/div>\n\t\t\t\t<div class=\"elementor-element elementor-element-e0de9c9 elementor-widget elementor-widget-text-editor\" data-id=\"e0de9c9\" data-element_type=\"widget\" data-widget_type=\"text-editor.default\">\n\t\t\t\t\t\t\t\t\t<p>Vibration ensures that the grains are not damaged and are roasted evenly.<\/p>\t\t\t\t\t\t\t\t<\/div>\n\t\t\t\t<\/div>\n\t\t<div class=\"elementor-element elementor-element-6f8d625 e-con-full e-flex e-con e-child\" data-id=\"6f8d625\" data-element_type=\"container\">\n\t\t\t\t<div class=\"elementor-element elementor-element-cb7e2c8 elementor-position-left elementor-vertical-align-middle elementor-widget elementor-widget-image-box\" data-id=\"cb7e2c8\" data-element_type=\"widget\" data-widget_type=\"image-box.default\">\n\t\t\t\t\t<div class=\"elementor-image-box-wrapper\"><figure class=\"elementor-image-box-img\"><img decoding=\"async\" src=\"https:\/\/naturalpar.hu\/wp-content\/uploads\/2025\/08\/biztonsag.svg\" class=\"attachment-full size-full wp-image-633\" alt=\"safety\" \/><\/figure><div class=\"elementor-image-box-content\"><span class=\"elementor-image-box-title\">Versatile usability<\/span><\/div><\/div>\t\t\t\t<\/div>\n\t\t\t\t<div class=\"elementor-element elementor-element-cbc052d elementor-widget elementor-widget-text-editor\" data-id=\"cbc052d\" data-element_type=\"widget\" data-widget_type=\"text-editor.default\">\n\t\t\t\t\t\t\t\t\t<p>Suitable for roasting barley, dry malt and green malt as well.<\/p>\t\t\t\t\t\t\t\t<\/div>\n\t\t\t\t<\/div>\n\t\t\t\t<\/div>\n\t\t\t\t\t<\/div>\n\t\t\t\t<\/div>\n\t\t<div class=\"elementor-element elementor-element-bc3c32e e-flex e-con-boxed e-con e-parent\" data-id=\"bc3c32e\" data-element_type=\"container\" data-settings=\"{&quot;background_background&quot;:&quot;classic&quot;}\">\n\t\t\t\t\t<div class=\"e-con-inner\">\n\t\t\t\t<div class=\"elementor-element elementor-element-d7af374 elementor-widget elementor-widget-heading\" data-id=\"d7af374\" data-element_type=\"widget\" data-widget_type=\"heading.default\">\n\t\t\t\t\t<h2 class=\"elementor-heading-title elementor-size-default\">Contact and Request a Quote<\/h2>\t\t\t\t<\/div>\n\t\t\t\t<div class=\"elementor-element elementor-element-a206f19 elementor-widget__width-initial elementor-widget elementor-widget-text-editor\" data-id=\"a206f19\" data-element_type=\"widget\" data-widget_type=\"text-editor.default\">\n\t\t\t\t\t\t\t\t\t<p>If you require high-quality and uniformly roasted barley or malt, \u2028contact us!<br \/><strong>Request a quote now and make the most of barley and malt roasting!<\/strong><\/p>\t\t\t\t\t\t\t\t<\/div>\n\t\t\t\t<div class=\"elementor-element elementor-element-4fbc1e7 elementor-align-center elementor-widget elementor-widget-button\" data-id=\"4fbc1e7\" data-element_type=\"widget\" data-widget_type=\"button.default\">\n\t\t\t\t\t\t\t\t\t\t<a class=\"elementor-button elementor-button-link elementor-size-sm\" href=\"https:\/\/naturalpar.hu\/en\/contact-us\/\">\n\t\t\t\t\t\t<span class=\"elementor-button-content-wrapper\">\n\t\t\t\t\t\t<span class=\"elementor-button-icon\">\n\t\t\t\t<svg aria-hidden=\"true\" class=\"e-font-icon-svg e-fas-chevron-right\" viewbox=\"0 0 320 512\" xmlns=\"http:\/\/www.w3.org\/2000\/svg\"><path d=\"M285.476 272.971L91.132 467.314c-9.373 9.373-24.569 9.373-33.941 0l-22.667-22.667c-9.357-9.357-9.375-24.522-.04-33.901L188.505 256 34.484 101.255c-9.335-9.379-9.317-24.544.04-33.901l22.667-22.667c9.373-9.373 24.569-9.373 33.941 0L285.475 239.03c9.373 9.372 9.373 24.568.001 33.941z\"><\/path><\/svg>\t\t\t<\/span>\n\t\t\t\t\t\t\t\t\t<span class=\"elementor-button-text\">Request a quote<\/span>\n\t\t\t\t\t<\/span>\n\t\t\t\t\t<\/a>\n\t\t\t\t\t\t\t\t<\/div>\n\t\t\t\t\t<\/div>\n\t\t\t\t<\/div>\n\t\t\t\t<\/div>","protected":false},"excerpt":{"rendered":"<p>\u00c1rpa \u00e9s Mal\u00e1ta P\u00f6rk\u00f6l\u00e9s &#8211; Egyed\u00fcl\u00e1ll\u00f3 Technol\u00f3gia a Gazdag \u00cdzek\u00e9rt Speci\u00e1lis P\u00f6rk\u00f6l\u00e9si Elj\u00e1r\u00e1s az Intenz\u00edv \u00cdz\u00e9lm\u00e9ny\u00e9rt A Naturalp\u00e1r egyed\u00fcl\u00e1ll\u00f3 REVTECH technol\u00f3gi\u00e1ja \u00faj szintre emeli az \u00e1rpa \u00e9s mal\u00e1ta p\u00f6rk\u00f6l\u00e9s\u00e9t. A hagyom\u00e1nyos forr\u00f3 leveg\u0151s technol\u00f3gi\u00e1kkal szemben a szemek k\u00f6zvetlen\u00fcl \u00e9rintkeznek egy elektromosan f\u0171t\u00f6tt cs\u0151 fel\u00fclet\u00e9vel, amely prec\u00edz \u00e9s egyenletes h\u0151kezel\u00e9st biztos\u00edt. Alkalmazhat\u00f3 term\u00e9kek: \u00e1rpa, sz\u00e1raz mal\u00e1ta, [&hellip;]<\/p>","protected":false},"author":1,"featured_media":924,"parent":0,"menu_order":0,"comment_status":"closed","ping_status":"closed","template":"","meta":{"footnotes":""},"class_list":["post-700","page","type-page","status-publish","has-post-thumbnail","hentry"],"yoast_head":"<!-- This site is optimized with the Yoast SEO plugin v26.8 - https:\/\/yoast.com\/product\/yoast-seo-wordpress\/ -->\n<title>\u00c1rpa \u00e9s Mal\u00e1ta P\u00f6rk\u00f6l\u00e9s - Naturalp\u00e1r<\/title>\n<meta name=\"description\" content=\"A Naturalp\u00e1r egyed\u00fcl\u00e1ll\u00f3 REVTECH technol\u00f3gi\u00e1ja \u00faj szintre emeli az \u00e1rpa \u00e9s mal\u00e1ta p\u00f6rk\u00f6l\u00e9s\u00e9t.\" \/>\n<meta name=\"robots\" content=\"index, follow, max-snippet:-1, max-image-preview:large, max-video-preview:-1\" \/>\n<link rel=\"canonical\" href=\"https:\/\/naturalpar.hu\/en\/roasting-of-barley-and-malt\/\" \/>\n<meta property=\"og:locale\" content=\"en_GB\" \/>\n<meta property=\"og:type\" content=\"article\" \/>\n<meta property=\"og:title\" content=\"\u00c1rpa \u00e9s Mal\u00e1ta P\u00f6rk\u00f6l\u00e9s - Naturalp\u00e1r\" \/>\n<meta property=\"og:description\" content=\"A Naturalp\u00e1r egyed\u00fcl\u00e1ll\u00f3 REVTECH technol\u00f3gi\u00e1ja \u00faj szintre emeli az \u00e1rpa \u00e9s mal\u00e1ta p\u00f6rk\u00f6l\u00e9s\u00e9t.\" \/>\n<meta property=\"og:url\" content=\"https:\/\/naturalpar.hu\/en\/roasting-of-barley-and-malt\/\" \/>\n<meta property=\"og:site_name\" content=\"Naturalp\u00e1r\" \/>\n<meta property=\"article:publisher\" content=\"https:\/\/www.facebook.com\/naturalpar\" \/>\n<meta property=\"article:modified_time\" content=\"2025-09-01T19:55:00+00:00\" \/>\n<meta property=\"og:image\" content=\"https:\/\/naturalpar.hu\/wp-content\/uploads\/2025\/08\/Naturalpar-Thumbnail.jpg\" \/>\n\t<meta property=\"og:image:width\" content=\"1280\" \/>\n\t<meta property=\"og:image:height\" content=\"720\" \/>\n\t<meta property=\"og:image:type\" content=\"image\/jpeg\" \/>\n<meta name=\"twitter:card\" content=\"summary_large_image\" \/>\n<meta name=\"twitter:label1\" content=\"Estimated reading time\" \/>\n\t<meta name=\"twitter:data1\" content=\"3 minutes\" \/>\n<script type=\"application\/ld+json\" class=\"yoast-schema-graph\">{\"@context\":\"https:\/\/schema.org\",\"@graph\":[{\"@type\":\"WebPage\",\"@id\":\"https:\/\/naturalpar.hu\/arpa-es-malata-porkoles\/\",\"url\":\"https:\/\/naturalpar.hu\/arpa-es-malata-porkoles\/\",\"name\":\"\u00c1rpa \u00e9s Mal\u00e1ta P\u00f6rk\u00f6l\u00e9s - Naturalp\u00e1r\",\"isPartOf\":{\"@id\":\"https:\/\/naturalpar.hu\/#website\"},\"primaryImageOfPage\":{\"@id\":\"https:\/\/naturalpar.hu\/arpa-es-malata-porkoles\/#primaryimage\"},\"image\":{\"@id\":\"https:\/\/naturalpar.hu\/arpa-es-malata-porkoles\/#primaryimage\"},\"thumbnailUrl\":\"https:\/\/naturalpar.hu\/wp-content\/uploads\/2025\/08\/Naturalpar-Thumbnail.jpg\",\"datePublished\":\"2025-08-24T19:30:19+00:00\",\"dateModified\":\"2025-09-01T19:55:00+00:00\",\"description\":\"A Naturalp\u00e1r egyed\u00fcl\u00e1ll\u00f3 REVTECH technol\u00f3gi\u00e1ja \u00faj szintre emeli az \u00e1rpa \u00e9s mal\u00e1ta p\u00f6rk\u00f6l\u00e9s\u00e9t.\",\"breadcrumb\":{\"@id\":\"https:\/\/naturalpar.hu\/arpa-es-malata-porkoles\/#breadcrumb\"},\"inLanguage\":\"en-GB\",\"potentialAction\":[{\"@type\":\"ReadAction\",\"target\":[\"https:\/\/naturalpar.hu\/arpa-es-malata-porkoles\/\"]}]},{\"@type\":\"ImageObject\",\"inLanguage\":\"en-GB\",\"@id\":\"https:\/\/naturalpar.hu\/arpa-es-malata-porkoles\/#primaryimage\",\"url\":\"https:\/\/naturalpar.hu\/wp-content\/uploads\/2025\/08\/Naturalpar-Thumbnail.jpg\",\"contentUrl\":\"https:\/\/naturalpar.hu\/wp-content\/uploads\/2025\/08\/Naturalpar-Thumbnail.jpg\",\"width\":1280,\"height\":720,\"caption\":\"Naturalpar-Thumbnail\"},{\"@type\":\"BreadcrumbList\",\"@id\":\"https:\/\/naturalpar.hu\/arpa-es-malata-porkoles\/#breadcrumb\",\"itemListElement\":[{\"@type\":\"ListItem\",\"position\":1,\"name\":\"Kezd\u0151lap\",\"item\":\"https:\/\/naturalpar.hu\/\"},{\"@type\":\"ListItem\",\"position\":2,\"name\":\"\u00c1rpa \u00e9s Mal\u00e1ta P\u00f6rk\u00f6l\u00e9s\"}]},{\"@type\":\"WebSite\",\"@id\":\"https:\/\/naturalpar.hu\/#website\",\"url\":\"https:\/\/naturalpar.hu\/\",\"name\":\"Naturalp\u00e1r\",\"description\":\"H\u0151kezel\u00e9s, Steriliz\u00e1l\u00e1s, P\u00f6rk\u00f6l\u00e9s Egyszer\u0171en\",\"publisher\":{\"@id\":\"https:\/\/naturalpar.hu\/#organization\"},\"potentialAction\":[{\"@type\":\"SearchAction\",\"target\":{\"@type\":\"EntryPoint\",\"urlTemplate\":\"https:\/\/naturalpar.hu\/?s={search_term_string}\"},\"query-input\":{\"@type\":\"PropertyValueSpecification\",\"valueRequired\":true,\"valueName\":\"search_term_string\"}}],\"inLanguage\":\"en-GB\"},{\"@type\":\"Organization\",\"@id\":\"https:\/\/naturalpar.hu\/#organization\",\"name\":\"Naturalp\u00e1r Kft.\",\"url\":\"https:\/\/naturalpar.hu\/\",\"logo\":{\"@type\":\"ImageObject\",\"inLanguage\":\"en-GB\",\"@id\":\"https:\/\/naturalpar.hu\/#\/schema\/logo\/image\/\",\"url\":\"https:\/\/naturalpar.hu\/wp-content\/uploads\/2025\/08\/cropped-Naturalpar-logo-300dpi-rgb-scaled-1.png\",\"contentUrl\":\"https:\/\/naturalpar.hu\/wp-content\/uploads\/2025\/08\/cropped-Naturalpar-logo-300dpi-rgb-scaled-1.png\",\"width\":512,\"height\":512,\"caption\":\"Naturalp\u00e1r Kft.\"},\"image\":{\"@id\":\"https:\/\/naturalpar.hu\/#\/schema\/logo\/image\/\"},\"sameAs\":[\"https:\/\/www.facebook.com\/naturalpar\"]}]}<\/script>\n<!-- \/ Yoast SEO plugin. -->","yoast_head_json":{"title":"Roasting of Barley and Malt - Naturalp\u00e1r","description":"Naturalp\u00e1r\u2019s unique REVTECH technology takes the roasting of barley and malt to a new level.","robots":{"index":"index","follow":"follow","max-snippet":"max-snippet:-1","max-image-preview":"max-image-preview:large","max-video-preview":"max-video-preview:-1"},"canonical":"https:\/\/naturalpar.hu\/en\/roasting-of-barley-and-malt\/","og_locale":"en_GB","og_type":"article","og_title":"\u00c1rpa \u00e9s Mal\u00e1ta P\u00f6rk\u00f6l\u00e9s - Naturalp\u00e1r","og_description":"A Naturalp\u00e1r egyed\u00fcl\u00e1ll\u00f3 REVTECH technol\u00f3gi\u00e1ja \u00faj szintre emeli az \u00e1rpa \u00e9s mal\u00e1ta p\u00f6rk\u00f6l\u00e9s\u00e9t.","og_url":"https:\/\/naturalpar.hu\/en\/roasting-of-barley-and-malt\/","og_site_name":"Naturalp\u00e1r","article_publisher":"https:\/\/www.facebook.com\/naturalpar","article_modified_time":"2025-09-01T19:55:00+00:00","og_image":[{"width":1280,"height":720,"url":"https:\/\/naturalpar.hu\/wp-content\/uploads\/2025\/08\/Naturalpar-Thumbnail.jpg","type":"image\/jpeg"}],"twitter_card":"summary_large_image","twitter_misc":{"Estimated reading time":"3 minutes"},"schema":{"@context":"https:\/\/schema.org","@graph":[{"@type":"WebPage","@id":"https:\/\/naturalpar.hu\/arpa-es-malata-porkoles\/","url":"https:\/\/naturalpar.hu\/arpa-es-malata-porkoles\/","name":"Roasting of Barley and Malt - Naturalp\u00e1r","isPartOf":{"@id":"https:\/\/naturalpar.hu\/#website"},"primaryImageOfPage":{"@id":"https:\/\/naturalpar.hu\/arpa-es-malata-porkoles\/#primaryimage"},"image":{"@id":"https:\/\/naturalpar.hu\/arpa-es-malata-porkoles\/#primaryimage"},"thumbnailUrl":"https:\/\/naturalpar.hu\/wp-content\/uploads\/2025\/08\/Naturalpar-Thumbnail.jpg","datePublished":"2025-08-24T19:30:19+00:00","dateModified":"2025-09-01T19:55:00+00:00","description":"Naturalp\u00e1r\u2019s unique REVTECH technology takes the roasting of barley and malt to a new level.","breadcrumb":{"@id":"https:\/\/naturalpar.hu\/arpa-es-malata-porkoles\/#breadcrumb"},"inLanguage":"en-GB","potentialAction":[{"@type":"ReadAction","target":["https:\/\/naturalpar.hu\/arpa-es-malata-porkoles\/"]}]},{"@type":"ImageObject","inLanguage":"en-GB","@id":"https:\/\/naturalpar.hu\/arpa-es-malata-porkoles\/#primaryimage","url":"https:\/\/naturalpar.hu\/wp-content\/uploads\/2025\/08\/Naturalpar-Thumbnail.jpg","contentUrl":"https:\/\/naturalpar.hu\/wp-content\/uploads\/2025\/08\/Naturalpar-Thumbnail.jpg","width":1280,"height":720,"caption":"Naturalpar-Thumbnail"},{"@type":"BreadcrumbList","@id":"https:\/\/naturalpar.hu\/arpa-es-malata-porkoles\/#breadcrumb","itemListElement":[{"@type":"ListItem","position":1,"name":"Kezd\u0151lap","item":"https:\/\/naturalpar.hu\/"},{"@type":"ListItem","position":2,"name":"\u00c1rpa \u00e9s Mal\u00e1ta P\u00f6rk\u00f6l\u00e9s"}]},{"@type":"WebSite","@id":"https:\/\/naturalpar.hu\/#website","url":"https:\/\/naturalpar.hu\/","name":"Naturalp\u00e1r","description":"Heat treatment, sterilisation, and roasting made simple","publisher":{"@id":"https:\/\/naturalpar.hu\/#organization"},"potentialAction":[{"@type":"SearchAction","target":{"@type":"EntryPoint","urlTemplate":"https:\/\/naturalpar.hu\/?s={search_term_string}"},"query-input":{"@type":"PropertyValueSpecification","valueRequired":true,"valueName":"search_term_string"}}],"inLanguage":"en-GB"},{"@type":"Organization","@id":"https:\/\/naturalpar.hu\/#organization","name":"Naturalp\u00e1r Kft.","url":"https:\/\/naturalpar.hu\/","logo":{"@type":"ImageObject","inLanguage":"en-GB","@id":"https:\/\/naturalpar.hu\/#\/schema\/logo\/image\/","url":"https:\/\/naturalpar.hu\/wp-content\/uploads\/2025\/08\/cropped-Naturalpar-logo-300dpi-rgb-scaled-1.png","contentUrl":"https:\/\/naturalpar.hu\/wp-content\/uploads\/2025\/08\/cropped-Naturalpar-logo-300dpi-rgb-scaled-1.png","width":512,"height":512,"caption":"Naturalp\u00e1r Kft."},"image":{"@id":"https:\/\/naturalpar.hu\/#\/schema\/logo\/image\/"},"sameAs":["https:\/\/www.facebook.com\/naturalpar"]}]}},"_links":{"self":[{"href":"https:\/\/naturalpar.hu\/en\/wp-json\/wp\/v2\/pages\/700","targetHints":{"allow":["GET"]}}],"collection":[{"href":"https:\/\/naturalpar.hu\/en\/wp-json\/wp\/v2\/pages"}],"about":[{"href":"https:\/\/naturalpar.hu\/en\/wp-json\/wp\/v2\/types\/page"}],"author":[{"embeddable":true,"href":"https:\/\/naturalpar.hu\/en\/wp-json\/wp\/v2\/users\/1"}],"replies":[{"embeddable":true,"href":"https:\/\/naturalpar.hu\/en\/wp-json\/wp\/v2\/comments?post=700"}],"version-history":[{"count":16,"href":"https:\/\/naturalpar.hu\/en\/wp-json\/wp\/v2\/pages\/700\/revisions"}],"predecessor-version":[{"id":801,"href":"https:\/\/naturalpar.hu\/en\/wp-json\/wp\/v2\/pages\/700\/revisions\/801"}],"wp:featuredmedia":[{"embeddable":true,"href":"https:\/\/naturalpar.hu\/en\/wp-json\/wp\/v2\/media\/924"}],"wp:attachment":[{"href":"https:\/\/naturalpar.hu\/en\/wp-json\/wp\/v2\/media?parent=700"}],"curies":[{"name":"wp","href":"https:\/\/api.w.org\/{rel}","templated":true}]}}